{"id":116017,"date":"2022-05-02T16:10:44","date_gmt":"2022-05-02T14:10:44","guid":{"rendered":"https:\/\/www.fortuny.shop\/?page_id=116017"},"modified":"2022-05-03T11:23:44","modified_gmt":"2022-05-03T09:23:44","slug":"fortuny-day-2022-de","status":"publish","type":"page","link":"https:\/\/www.delphos.com\/de\/fortuny-day-2022-de\/","title":{"rendered":"Fortuny Day 2022"},"content":{"rendered":"\n  <div class=\"banner has-hover has-parallax\" id=\"banner-1627660168\">\n          <div class=\"banner-inner fill\">\n        <div class=\"banner-bg fill\" data-parallax=\"-1\" data-parallax-container=\".banner\" data-parallax-background>\n            <img loading=\"lazy\" decoding=\"async\" width=\"2560\" height=\"1096\" src=\"https:\/\/www.delphos.com\/wp-content\/uploads\/2022\/05\/mariano-seppia-header4.jpg\" class=\"bg attachment-original size-original\" alt=\"\" \/>                                    \n                    <\/div>\n\t\t\n        <div class=\"banner-layers container\">\n            <div class=\"fill banner-link\"><\/div>             \t<div class=\"img has-hover x50 md-x5 lg-x0 y15 md-y15 lg-y15\" id=\"image_1030617302\">\n\t\t\t\t\t\t\t\t<div class=\"img-inner dark\" >\n\t\t\t<img loading=\"lazy\" decoding=\"async\" width=\"640\" height=\"315\" src=\"https:\/\/www.delphos.com\/wp-content\/uploads\/2022\/05\/day-22-logo.png\" class=\"attachment-large size-large\" alt=\"Day logo\" \/>\t\t\t\t\t\t\n\t\t\t\t\t<\/div>\n\t\t\t\t\t\t\t\t\n<style>\n#image_1030617302 {\n  width: 66%;\n}\n@media (min-width:550px) {\n  #image_1030617302 {\n    width: 34%;\n  }\n}\n<\/style>\n\t<\/div>\n\t \t<div class=\"img has-hover x15 md-x5 lg-x0 y50 md-y60 lg-y70\" id=\"image_319393112\">\n\t\t\t\t\t\t\t\t<div class=\"img-inner dark\" >\n\t\t\t<img loading=\"lazy\" decoding=\"async\" width=\"192\" height=\"122\" src=\"https:\/\/www.delphos.com\/wp-content\/uploads\/2022\/05\/day-22-logo-may11.png\" class=\"attachment-large size-large\" alt=\"May 11th  Day\" \/>\t\t\t\t\t\t\n\t\t\t\t\t<\/div>\n\t\t\t\t\t\t\t\t\n<style>\n#image_319393112 {\n  width: 27%;\n}\n@media (min-width:550px) {\n  #image_319393112 {\n    width: 12%;\n  }\n}\n<\/style>\n\t<\/div>\n\t    <div id=\"text-box-1510764376\" class=\"text-box banner-layer x50 md-x5 lg-x0 y85 md-y90 lg-y90 res-text\">\n                                <div class=\"text-box-content text dark\">\n              \n              <div class=\"text-inner text-center\">\n                   \t<div id=\"text-3959222228\" class=\"text\">\n\t\t\n<p>Mariano Fortuny wurde am 11. Mai 1871 in Granada geboren.<br \/>\n1889 zog er nach Venedig, wo er den Rest seiner k\u00fcnstlerischen Laufbahn verbrachte.<\/p>\n\t\t\n<style>\n#text-3959222228 {\n  font-size: 1.15rem;\n  text-align: left;\n}\n<\/style>\n\t<\/div>\n\t               <\/div>\n           <\/div>\n                            \n<style>\n#text-box-1510764376 {\n  width: 69%;\n}\n#text-box-1510764376 .text-box-content {\n  font-size: 100%;\n}\n@media (min-width:550px) {\n  #text-box-1510764376 {\n    width: 58%;\n  }\n}\n<\/style>\n    <\/div>\n          <\/div>\n      <\/div>\n\n            \n<style>\n#banner-1627660168 {\n  padding-top: 650px;\n}\n#banner-1627660168 .banner-bg img {\n  object-position: 70% 39%;\n}\n@media (min-width:550px) {\n  #banner-1627660168 {\n    padding-top: 600px;\n  }\n}\n<\/style>\n  <\/div>\n\n <div class=\"row align-center\"  id=\"row-2057910889\"> \n\t<div id=\"col-1642505655\" class=\"col small-12 large-12\"  >\n\t\t\t\t<div class=\"col-inner\"  >\n\t\t\t\n\t\t\t \t<div id=\"text-590029735\" class=\"text\">\n\t\t\n<h1 style=\"text-align: center; font-size: 2.5rem; color: #857657; margin-bottom: 2rem;\">K\u00fcnstler, Fotograf, Designer<\/h1>\n<p><strong>Mario Fortuny<\/strong>, Sohn des gleichnamigen K\u00fcnstlers und Cecilia de Madrazo y Garreta, erbte die Leidenschaft f\u00fcr das Malen von seinem Vater, doch es war in den angewandten K\u00fcnsten, in denen sich seine vielf\u00e4ltigen Talente manifestierten.<\/p>\n<p class=\"p1\">Nach einer Kindheit, die von dem fr\u00fchzeitigen Tod des Vaters \u00fcberschattet war und die er zwischen Paris, Biarritz und Madrid verbrachte, lie\u00df er sich dauerhaft in Venedig, im Palazzo Martinengo, zusammen mit seiner Mutter und seiner Schwester nieder. Zwischen 1898 und 1906 kaufte er den\u00a0<strong>Palazzo Pesaro degli Orfei<\/strong>\u00a0in San Beneto. Im obersten Stockwerk dieses Wohnhauses, in dem er mit<strong>\u00a0Henriette Negrin<\/strong>, die ihn 1902 in Paris traf und dazu bestimmt war, seine Muse und Frau zu werden, lebte, begann sein Abenteuer in der Textilbranche. Henriette teilte die Leidenschaften und \u00e4sthetischen Regeln ihres Ehemannes und experimentierte als Erste mit Holzschablonendruck f\u00fcr den Entwurf des Knossos Schals. In einer autographischen Randnotiz auf dem Patent hat Fortuny selbst seine Frau als die wahre Designerin des\u00a0<strong>Delphos<\/strong>\u00a0Kleids, zu dem sie der ionische Chiton der Auriga inspiriert hatte, anerkannt. Palazzo Orfei wurde das Atelier, die Werkstatt, in der revolution\u00e4re Sch\u00f6pfungen, Meilensteine der Geschichte des Designs und der Mode, geboren wurden und in dem Freunde und Kunden ein- und ausgingen.<\/p>\n<p class=\"p1\">Der\u00a0<strong>plissierte Stoff<\/strong>, die\u00a0<strong>Faltkuppel<\/strong>, die\u00a0<strong>Seidenleuchten<\/strong>, ein\u00a0<strong>Vielfarbendrucksystem<\/strong>, ein\u00a0<strong>Ger\u00e4t<\/strong>, um die Intensit\u00e4t der Lichtquellen zu \u00e4ndern \u2013 der erste\u00a0<strong>Dimmerschalter<\/strong>\u00a0\u2013 und eine neue\u00a0<strong>Methode zum Gravieren von Fotoplatten<\/strong>: Die Kreativit\u00e4t der beiden K\u00fcnstler nahm \u00fcber die Jahre unterschiedliche Formen an, aber sie war immer der Ausdruck einer grenzenlosen Wissbegierde, die sie ermutigte, konstant neue L\u00f6sungen zu suchen, um neue Resultate zu erzielen.<\/p>\n<p class=\"p1\">Mariano Fortuny starb 1949. Allein gelassen und nicht in der Lage, die Fabrik auf der Giudecca-Insel, in der Baumwollstoffe mit von Mariano entworfenen Maschinen bedruckt wurden, zu leiten, verkaufte Henriette die Fabrik zusammen mit den Handelsmarkenrechten \u00fcber Baumwollstoffe und Tapeten. Doch sie behielt f\u00fcr sich alle Rechte f\u00fcr die Bearbeitung der Samt- und Seidenstoffe in ihrem Atelier im Palazzo Orfei, wo sie zusammen mit ihren Angestellte noch f\u00fcr einige Jahre weiter produzierte.<\/p>\n<p class=\"p1\">Es war die Reise eines Lebens, von\u00a0<strong>Granada nach Venedig<\/strong>. Das sch\u00f6pferische Verm\u00e4chtnis der K\u00fcnstler schien verloren, doch ein wissbegieriger junger Venezianer, der oft den Palazzo Fortuny besuchte, der in ein Museum gewandelt worden war, brachte die Geheimnisse seiner Wunder ans Licht: Stoffe, Leuchten, Projektorleuchten, Kleider, Samt\u2026<\/p>\n<p class=\"p1\">Diese magischen Gegenst\u00e4nde, die ihn so sehr fasziniert hatten, mussten von jedem bewundert werden, sie konnten nicht mit ihren Sch\u00f6pfern einfach f\u00fcr immer verschwinden. In der Gegenwart eines solchen Schatzes wurde die Entdeckungslust des jungen Mannes immer gr\u00f6\u00dfer. Monatelang bl\u00e4tterte er zusammen mit einigen Mitarbeitern, die \u201e\u201cmagischen\u201c\u201c Notizen durch, analysierte die Stoffe, betrachtete sorgf\u00e4ltig die Plissierfalten auf der Suche nach ihren innersten Geheimnissen, um wieder eine Werkstatt zu bauen, die diese Techniken und Methoden bewahrte. 1984 waren das Plissierverfahren und das Handdrucksystem auf Seide und Samt endlich perfektioniert und die Kreation von Accessoires und Kleidung konnte beginnen. So gr\u00fcndete<strong>\u00a0Lino Lando das Atelier vom Palazzo Orfei in Venedig<\/strong>\u00a0neu und setzte die Produktion von handgefertigten Seiden- und Samtstoffen, Leuchten, Kleidern, Accessoires und Parf\u00fcms weiter fort.<\/p>\n<p class=\"p1\">Zu den angebotenen Artikeln z\u00e4hlt die\u00a0<strong>Studio 1907<\/strong>\u00a0Kollektion der Projektorleuchten von Mariano Fortuny. Diese Designobjekte, die von Architekten und Raumausstattern \u00fcberall auf der Welt gew\u00e4hlt werden, sind die ersten Beispiele f\u00fcr Leuchten mit Streulicht, die bis heute nicht in der Technik und Eleganz \u00fcberholt worden und passend f\u00fcr klassische, moderne und avantgardistische Innenr\u00e4ume sind.<\/p>\n<p class=\"p1\">Zu guter Letzt produziert das Unternehmen Einrichtungsartikel wie Kissen und Tapisseriewaren unter der Marke\u00a0<strong>Delphos<\/strong>.<\/p>\n<p class=\"p1\">Jedes Produkt ist ein Meisterst\u00fcck der Handwerkskunst. Die ber\u00fchmten Seidenleuchten und griechisch-inspirierten Kleider werden weiterhin entworfen und mit der Hand bemalt und bedruckt, mit der gleichen Sorgfalt wie Mariano Fortuny und Henriette, deren kostbares k\u00fcnstlerisches Erbe heute vom Atelier Fortuny Venezia erhalten wird, damit es lebendig bleibt.<\/p>\n\t\t\n<style>\n#text-590029735 {\n  color: rgb(50, 50, 50);\n}\n#text-590029735 > * {\n  color: rgb(50, 50, 50);\n}\n<\/style>\n\t<\/div>\n\t \t\t<\/div>\n\t\t\t\t\t<\/div>\n\n\t \n<style>\n#row-2057910889 > .col > .col-inner {\n  padding: 30px 0px 30px 0px;\n}\n<\/style>\n<\/div> <div class=\"row row-collapse row-full-width\"  id=\"row-99929846\"> \n\t<div id=\"col-221208598\" class=\"col small-12 large-12\"  >\n\t\t\t\t<div class=\"col-inner\"  >\n\t\t\t\n\t\t\t \t<div id=\"text-1004563003\" class=\"text\">\n\t\t\n<h1 style=\"color: #857657;\">Mehr \u00fcber Mariano Fortuny aus dem Blog<\/h1>\n\t\t\n<style>\n#text-1004563003 {\n  text-align: center;\n}\n<\/style>\n\t<\/div>\n\t <div class=\"text-center\"><div class=\"is-divider divider clearfix\" ><\/div><\/div> \t\t<\/div>\n\t\t\t\t\t<\/div>\n\n\t <\/div>\n<div class=\"row row-collapse row-full-width\"  id=\"row-1592936603\"> \n\t<div id=\"col-1136166022\" class=\"col small-12 large-12\"  >\n\t\t\t\t<div class=\"col-inner\"  >\n\t\t\t\n\t\t\t   <style>\n    #row-2127476537 .grid-col-1{height: 600px}\n    #row-2127476537 .grid-col-1-2{height: 300px}\n    #row-2127476537 .grid-col-1-3{height:200px}\n    #row-2127476537 .grid-col-2-3{height: 400px}\n    #row-2127476537 .grid-col-1-4{height: 150px}\n    #row-2127476537 .grid-col-3-4{height: 450px}\n\n\n        \/* Tablet *\/\n    @media (max-width: 850px){\n      #row-2127476537 .grid-col-1{height: 400px}\n      #row-2127476537 .grid-col-1-2{height: 200px}\n      #row-2127476537 .grid-col-1-3{height:133.33333333333px}\n      #row-2127476537 .grid-col-2-3{height: 266.66666666667px}\n      #row-2127476537 .grid-col-1-4{height: 100px}\n      #row-2127476537 .grid-col-3-4{height: 300px}\n    }\n    \n        \/* Mobile *\/\n    @media (max-width: 550px){\n      #row-2127476537 .grid-col-1{height: 400px}\n      #row-2127476537 .grid-col-1-2{height: 200px}\n      #row-2127476537 .grid-col-1-3{height:133.33333333333px}\n      #row-2127476537 .grid-col-2-3{height: 266.66666666667px}\n      #row-2127476537 .grid-col-1-4{height: 100px}\n      #row-2127476537 .grid-col-3-4{height: 300px}\n    }\n    \n\n  <\/style>\n  \n  \n    <div id=\"row-2127476537\" class=\"row row-full-width has-shadow row-box-shadow-1 row-grid\" data-packery-options='{\"itemSelector\": \".col\", \"gutter\": 0, \"presentageWidth\" : true}'>\n\n  <\/div> \t\t<\/div>\n\t\t\t\t\t<\/div>\n\n\t \n<style>\n#row-1592936603 > .col > .col-inner {\n  background-color: rgb(0,0,0);\n}\n<\/style>\n<\/div>\n","protected":false},"excerpt":{"rendered":"","protected":false},"author":337,"featured_media":0,"parent":0,"menu_order":0,"comment_status":"closed","ping_status":"closed","template":"page-blank.php","meta":{"_acf_changed":false,"footnotes":""},"class_list":["post-116017","page","type-page","status-publish","hentry"],"acf":[],"_links":{"self":[{"href":"https:\/\/www.delphos.com\/de\/wp-json\/wp\/v2\/pages\/116017","targetHints":{"allow":["GET"]}}],"collection":[{"href":"https:\/\/www.delphos.com\/de\/wp-json\/wp\/v2\/pages"}],"about":[{"href":"https:\/\/www.delphos.com\/de\/wp-json\/wp\/v2\/types\/page"}],"author":[{"embeddable":true,"href":"https:\/\/www.delphos.com\/de\/wp-json\/wp\/v2\/users\/337"}],"replies":[{"embeddable":true,"href":"https:\/\/www.delphos.com\/de\/wp-json\/wp\/v2\/comments?post=116017"}],"version-history":[{"count":3,"href":"https:\/\/www.delphos.com\/de\/wp-json\/wp\/v2\/pages\/116017\/revisions"}],"predecessor-version":[{"id":116167,"href":"https:\/\/www.delphos.com\/de\/wp-json\/wp\/v2\/pages\/116017\/revisions\/116167"}],"wp:attachment":[{"href":"https:\/\/www.delphos.com\/de\/wp-json\/wp\/v2\/media?parent=116017"}],"curies":[{"name":"wp","href":"https:\/\/api.w.org\/{rel}","templated":true}]}}