{"id":11689,"date":"2019-07-29T14:39:57","date_gmt":"2019-07-29T12:39:57","guid":{"rendered":"https:\/\/www.fortuny.shop\/?page_id=11689"},"modified":"2020-03-12T15:20:50","modified_gmt":"2020-03-12T14:20:50","slug":"versand-und-ruecknahme","status":"publish","type":"page","link":"https:\/\/www.delphos.com\/de\/versand-und-ruecknahme\/","title":{"rendered":"Versand und R\u00fccknahme"},"content":{"rendered":"<h2><\/h2>\r\n<h1 class=\"wp-block-heading\"><span lang=\"EN-US\">Versand<\/span><\/h1>\r\n<p>Wir versenden weltweit. Alle Zollgeb\u00fchren auf internationale Bestellungen werden vom Kunden getragen werden. Wir versenden weltweit. Alle Zollgeb\u00fchren auf internationale Bestellungen werden vom Kunden getragen werden. <br \/>Die Versandkosten werden zu Ihrer Bestellung beim Checkout hinzugef\u00fcgt und gem\u00e4\u00df dem Land, in das die Bestellung gesendet wird, festgelegt. F\u00fcr bestimmte Betr\u00e4ge und L\u00e4nder k\u00f6nnen die Versandkosten entfallen.<\/p>\r\n<h1><span lang=\"EN-US\">Zoll, Z\u00f6lle und Steuern<\/span><\/h1>\r\n<p>Wenn Sie bei fortuny.shop, fortuny.uk, fortuny.it, fortuny.fr, fortuny.com.es, fortuny.de bestellen, sind Sie daf\u00fcr verantwortlich, dass das Produkt rechtm\u00e4\u00dfig an den Bestimmungsort importiert werden kann.<br \/>Der Empf\u00e4nger ist der eingetragene Importeur und muss alle Gesetze und Vorschriften des Bestimmungsortes einhalten. F\u00fcr Bestellungen au\u00dferhalb der Europ\u00e4ischen Wirtschaftsgemeinschaft k\u00f6nnen Einfuhrsteuern, Z\u00f6lle und Geb\u00fchren erhoben werden, die vom Zielland erhoben werden. Der Empf\u00e4nger einer internationalen Sendung kann solchen Einfuhrsteuern, Z\u00f6llen und Geb\u00fchren unterliegen, die erhoben werden, sobald eine Sendung das Land des Empf\u00e4ngers erreicht. Zus\u00e4tzliche Geb\u00fchren f\u00fcr die Zollabfertigung sind vom Empf\u00e4nger zu tragen; Delphos Srl hat keine Kontrolle \u00fcber diese Anklagen und kann auch nicht vorhersagen, um welche es sich handelt.<\/p>\r\n<h1>Sch\u00e4den<\/h1>\r\n<p>Bitte untersuche die Ware sofort, wenn sie geliefert wird, und melde UNS jeden Schaden innerhalb von 24 Stunden nach der Entgegennahme. Der Kunde tr\u00e4gt die volle Verantwortung f\u00fcr Sch\u00e4den, die nicht innerhalb von 24 Stunden gemeldet worden sind. Wir empfehlen, die Leuchtausstattungen von einem Fachelektriker installieren zu lassen. Delphos srl haftet nicht f\u00fcr Sch\u00e4den oder Defekte durch eine fehlerhafte Installation.<\/p>\r\n<h1><span lang=\"EN-US\">R\u00fccknahme-Richtlinien<\/span><\/h1>\r\n<p><span lang=\"EN-US\">Waren werden mit einer g\u00fcltigen Genehmigung, die beim Kundendienst \u00fcber eine E-Mail an shop@fortuny.shop eingeholt werden muss, zur\u00fcckgenommen. In der E-Mail m\u00fcssen angegeben werden: <\/span><span lang=\"EN-US\"><a href=\"mailto:info@fortuny.shop\">info@fortuny.shop<\/a><\/span><\/p>\r\n<ol>\r\n<li>Der Name &amp; die vollst\u00e4ndige Adresse<\/li>\r\n<li>Bestellnummer<\/li>\r\n<li>Artikel, die zur\u00fcckgeschickt werden<\/li>\r\n<li>Grund der R\u00fccksendung<\/li>\r\n<\/ol>\r\n<p>Achte bitte besonders darauf:<\/p>\r\n<ul>\r\n<li>Alle Kisten, sobald du sie erh\u00e4ltst, zu kontrollieren. Delphos haftet nicht f\u00fcr fehlende oder besch\u00e4digte Teile, wenn wir nicht innerhalb von 24 Stunden nach dem Empfang der Ware \u00fcber das Fehlen von Artikeln oder Sch\u00e4den benachrichtigt worden sind.<\/li>\r\n<li>Verkaufsartikel k\u00f6nnen nicht zur\u00fcckgegeben werden. Fehlerhafte Verkaufsartikel werden nach Ermessen des Unternehmens repariert oder ersetzt werden.<\/li>\r\n<li>Artikel, die bereits installiert worden sind oder nicht mehr originalverpackt sind, k\u00f6nnen nicht zur\u00fcckgegeben werden.<\/li>\r\n<li>Wir werden den Betrag der zur\u00fcckgesendeten Ware, sobald sie kontrolliert und die R\u00fccksendung rechtens erachtet wurde, auf ihr Konto gutschreiben<\/li>\r\n<\/ul>","protected":false},"excerpt":{"rendered":"<p>Versand Wir versenden weltweit. Alle Zollgeb\u00fchren auf internationale Bestellungen werden vom Kunden getragen werden. Wir versenden weltweit. Alle Zollgeb\u00fchren auf internationale Bestellungen werden vom Kunden getragen werden. Die Versandkosten werden zu Ihrer Bestellung beim Checkout hinzugef\u00fcgt und gem\u00e4\u00df dem Land, in das die Bestellung gesendet wird, festgelegt. F\u00fcr bestimmte Betr\u00e4ge und L\u00e4nder k\u00f6nnen die Versandkosten [&#8230;]\n","protected":false},"author":337,"featured_media":0,"parent":0,"menu_order":0,"comment_status":"closed","ping_status":"closed","template":"page-blank-title-center.php","meta":{"_acf_changed":false,"footnotes":""},"class_list":["post-11689","page","type-page","status-publish","hentry"],"acf":[],"_links":{"self":[{"href":"https:\/\/www.delphos.com\/de\/wp-json\/wp\/v2\/pages\/11689","targetHints":{"allow":["GET"]}}],"collection":[{"href":"https:\/\/www.delphos.com\/de\/wp-json\/wp\/v2\/pages"}],"about":[{"href":"https:\/\/www.delphos.com\/de\/wp-json\/wp\/v2\/types\/page"}],"author":[{"embeddable":true,"href":"https:\/\/www.delphos.com\/de\/wp-json\/wp\/v2\/users\/337"}],"replies":[{"embeddable":true,"href":"https:\/\/www.delphos.com\/de\/wp-json\/wp\/v2\/comments?post=11689"}],"version-history":[{"count":0,"href":"https:\/\/www.delphos.com\/de\/wp-json\/wp\/v2\/pages\/11689\/revisions"}],"wp:attachment":[{"href":"https:\/\/www.delphos.com\/de\/wp-json\/wp\/v2\/media?parent=11689"}],"curies":[{"name":"wp","href":"https:\/\/api.w.org\/{rel}","templated":true}]}}