{"id":3865,"date":"2019-05-21T14:58:28","date_gmt":"2019-05-21T12:58:28","guid":{"rendered":"\/uber-uns\/"},"modified":"2020-03-12T11:19:32","modified_gmt":"2020-03-12T10:19:32","slug":"uber-uns","status":"publish","type":"page","link":"https:\/\/www.delphos.com\/de\/uber-uns\/","title":{"rendered":"\u00dcber uns"},"content":{"rendered":"\r\n\r\n\n  <div class=\"banner has-hover has-parallax\" id=\"banner-613738285\">\n          <div class=\"banner-inner fill\">\n        <div class=\"banner-bg fill\" data-parallax=\"-1\" data-parallax-container=\".banner\" data-parallax-background>\n            <img loading=\"lazy\" decoding=\"async\" width=\"2000\" height=\"2000\" src=\"https:\/\/www.delphos.com\/wp-content\/uploads\/2019\/07\/atelier-venice-book.jpg\" class=\"bg attachment-original size-original\" alt=\"Atelier Venice book\" \/>                        <div class=\"overlay\"><\/div>            \n                    <\/div>\n\t\t\n        <div class=\"banner-layers container\">\n            <div class=\"fill banner-link\"><\/div>                <div id=\"text-box-386011145\" class=\"text-box banner-layer x50 md-x50 lg-x50 y30 md-y30 lg-y30 res-text\">\n                                <div class=\"text-box-content text dark\">\n              \n              <div class=\"text-inner text-center\">\n                  \r\n<h1>\u00dcber uns<\/h1>\r\n<p class=\"lead\">Eine Geschichte \u00fcber kreatives Talent und handwerkliches K\u00f6nnen, die vor mehr als 100 Jahren begann.<\/p>\r\n              <\/div>\n           <\/div>\n                            \n<style>\n#text-box-386011145 {\n  width: 90%;\n}\n#text-box-386011145 .text-box-content {\n  font-size: 130%;\n}\n@media (min-width:550px) {\n  #text-box-386011145 {\n    width: 60%;\n  }\n  #text-box-386011145 .text-box-content {\n    font-size: 100%;\n  }\n}\n<\/style>\n    <\/div>\n          <\/div>\n      <\/div>\n\n            \n<style>\n#banner-613738285 {\n  padding-top: 500px;\n}\n#banner-613738285 .overlay {\n  background-color: rgba(0, 0, 0, 0.49);\n}\n#banner-613738285 .banner-bg img {\n  object-position: 0% 73%;\n}\n<\/style>\n  <\/div>\n\n <div class=\"row align-center\"  id=\"row-12428306\"> \n\t<div id=\"col-488277502\" class=\"col medium-6 small-12 large-6\"  >\n\t\t\t\t<div class=\"col-inner\"  >\n\t\t\t\n\t\t\t\r\n<blockquote><span style=\"font-size: 80%; line-height: 0.8em; color: #66542a;\">Das Fortuny-Kleid, das Albertine an jenem Abend trug, erschien mir wie ein verf\u00fchrerisches Phantom aus jenem unsichtbaren Venedig. Es wimmelte von arabischen Ornamenten auf dem Stoff, wie die venezianischen Pal\u00e4ste, versteckt wie Sultaninen hinter einem orientalischen Paravent, wie die Einb\u00e4nde in der Bibliothek von Ambrosius von Mailand, wie die S\u00e4ulen, auf denen die orientalischen V\u00f6gel, die abwechselnd Leben und Tod symbolisierten, im Spiegel des Stoffs sich wiederholten, von einem intensiven Blau, das, als mein Blick dar\u00fcber schweifte, zu schmiedbarem Gold wechselte durch dieselbe Wandlung, die vor dem Vorbeigleiten der Gondeln das Azurblau des Canale Grande in ein flammendes Metall verwandelt. Und die \u00c4rmel waren eingefasst in einem Kirschrosa, das so eigent\u00fcmlich venezianisch ist und Tiepolo Rosa genannt wird.<\/span><\/blockquote>\r\n<p style=\"text-align: right;\">Auf der Suche nach der verlorenen Zeit <strong><span style=\"color: #66542a;\">Marcel Proust<\/span><\/strong><\/p>\r\n\t\t<\/div>\n\t\t\t\t\t<\/div>\n\n\t \n\t<div id=\"col-2095248029\" class=\"col medium-6 small-12 large-6\"  data-animate=\"fadeInUp\">\n\t\t\t\t<div class=\"col-inner\"  >\n\t\t\t\n\t\t\t \n  <div class=\"banner has-hover bg-overlay-remove-50\" id=\"banner-2058643146\">\n          <div class=\"banner-inner fill\">\n        <div class=\"banner-bg fill\" >\n            <img loading=\"lazy\" decoding=\"async\" width=\"723\" height=\"1000\" src=\"https:\/\/www.delphos.com\/wp-content\/uploads\/2019\/05\/mariano-1.jpg\" class=\"bg attachment-original size-original\" alt=\"Mariano\" \/>                        <div class=\"overlay\"><\/div>            \n                    <\/div>\n\t\t\n        <div class=\"banner-layers container\">\n            <a class=\"fill\" href=\"\/?page_id=15956\"><div class=\"fill banner-link\"><\/div><\/a>                <div id=\"text-box-433602917\" class=\"text-box banner-layer x50 md-x50 lg-x50 y50 md-y50 lg-y50 res-text\">\n                                <div class=\"text-box-content text dark\">\n              \n              <div class=\"text-inner text-center\">\n                  \r\n<h3 class=\"uppercase\">\u00dcber Mariano Fortuny<\/h3>\r\n<a href=\"\/about\/mariano-fortuny\" class=\"button primary is-outline is-larger\" style=\"border-radius:99px;\">\n\t\t<span>Entdecke ihn<\/span>\n\t<\/a>\n               <\/div>\n           <\/div>\n                            \n<style>\n#text-box-433602917 {\n  width: 60%;\n}\n#text-box-433602917 .text-box-content {\n  font-size: 100%;\n}\n<\/style>\n    <\/div>\n          <\/div>\n      <\/div>\n\n            \n<style>\n#banner-2058643146 {\n  padding-top: 60%;\n}\n#banner-2058643146 .overlay {\n  background-color: rgba(0, 0, 0, 0.4);\n}\n@media (min-width:550px) {\n  #banner-2058643146 {\n    padding-top: 580px;\n  }\n}\n@media (min-width:850px) {\n  #banner-2058643146 {\n    padding-top: 500px;\n  }\n}\n<\/style>\n  <\/div>\n\n \t\t<\/div>\n\t\t\t\t\t<\/div>\n\n\t <\/div> <div class=\"row align-center\"  id=\"row-331006683\"> \n\t<div id=\"col-1471742018\" class=\"col small-12 large-12\"  >\n\t\t\t\t<div class=\"col-inner\"  >\n\t\t\t\n\t\t\t Unsere ist eine Geschichte \u00fcber Wissbegier und Sch\u00f6pfergeist, die 1871 in Spanien, genauer in Granada begann. Der<strong> Leonardo Da Vinci<\/strong> des zwanzigsten Jahrhunderts wurde in der andalusischen Stadt, die seit der muslimischen Herrschaft von orientalischen Atmosph\u00e4ren gepr\u00e4gt ist, geboren. <strong>Mario Fortuny<\/strong>, Sohn des gleichnamigen K\u00fcnstlers und Cecilia de Madrazo y Garreta, erbte die Leidenschaft f\u00fcr das Malen von seinem Vater, doch es war in den angewandten K\u00fcnsten, in denen sich seine vielf\u00e4ltigen Talente manifestierten.\r\n<p class=\"p1\">Nach einer Kindheit, die von dem fr\u00fchzeitigen Tod des Vaters \u00fcberschattet war und die er zwischen Paris, Biarritz und Madrid verbrachte, lie\u00df er sich dauerhaft in Venedig, im Palazzo Martinengo, zusammen mit seiner Mutter und seiner Schwester nieder. Zwischen 1898 und 1906 kaufte er den <strong>Palazzo Pesaro degli Orfei<\/strong> in San Beneto. Im obersten Stockwerk dieses Wohnhauses, in dem er mit<strong> Henriette Negrin<\/strong>, die ihn 1902 in Paris traf und dazu bestimmt war, seine Muse und Frau zu werden, lebte, begann sein Abenteuer in der Textilbranche. Henriette teilte die Leidenschaften und \u00e4sthetischen Regeln ihres Ehemannes und experimentierte als Erste mit Holzschablonendruck f\u00fcr den Entwurf des Knossos Schals. In einer autographischen Randnotiz auf dem Patent hat Fortuny selbst seine Frau als die wahre Designerin des <strong>Delphos<\/strong> Kleids, zu dem sie der ionische Chiton der Auriga inspiriert hatte, anerkannt. Palazzo Orfei wurde das Atelier, die Werkstatt, in der revolution\u00e4re Sch\u00f6pfungen, Meilensteine der Geschichte des Designs und der Mode, geboren wurden und in dem Freunde und Kunden ein- und ausgingen.<\/p>\r\n<p class=\"p1\">Der <strong>plissierte Stoff<\/strong>, die <strong>Faltkuppel<\/strong>, die <strong>Seidenleuchten<\/strong>, ein <strong>Vielfarbendrucksystem<\/strong>, ein <strong>Ger\u00e4t<\/strong>, um die Intensit\u00e4t der Lichtquellen zu \u00e4ndern &#8211; der erste <strong>Dimmerschalter<\/strong> &#8211; und eine neue <strong>Methode zum Gravieren von Fotoplatten<\/strong>: Die Kreativit\u00e4t der beiden K\u00fcnstler nahm \u00fcber die Jahre unterschiedliche Formen an, aber sie war immer der Ausdruck einer grenzenlosen Wissbegierde, die sie ermutigte, konstant neue L\u00f6sungen zu suchen, um neue Resultate zu erzielen.<\/p>\r\n\t\t<\/div>\n\t\t\t\t\t<\/div>\n\n\t <\/div> \n  <div class=\"banner has-hover has-parallax\" id=\"banner-2087231253\">\n          <div class=\"banner-inner fill\">\n        <div class=\"banner-bg fill\" data-parallax=\"-1\" data-parallax-container=\".banner\" data-parallax-background>\n            <img loading=\"lazy\" decoding=\"async\" width=\"1900\" height=\"792\" src=\"https:\/\/www.delphos.com\/wp-content\/uploads\/2019\/05\/production.jpg\" class=\"bg attachment-original size-original\" alt=\"Silk  lamps production\" \/>                                    \n                    <\/div>\n\t\t\n        <div class=\"banner-layers container\">\n            <div class=\"fill banner-link\"><\/div>                     <\/div>\n      <\/div>\n\n            \n<style>\n#banner-2087231253 {\n  padding-top: 120%;\n}\n#banner-2087231253 .banner-bg img {\n  object-position: 92% 44%;\n}\n@media (min-width:550px) {\n  #banner-2087231253 {\n    padding-top: 40%;\n  }\n}\n<\/style>\n  <\/div>\n\n <div class=\"row align-center\"  id=\"row-2081287663\"> \n\t<div id=\"col-621649317\" class=\"col small-12 large-12\"  >\n\t\t\t\t<div class=\"col-inner\"  >\n\t\t\t\n\t\t\t\r\n<p class=\"p1\">Mariano Fortuny starb 1949. Allein gelassen und nicht in der Lage, die Fabrik auf der Giudecca-Insel, in der Baumwollstoffe mit von Mariano entworfenen Maschinen bedruckt wurden, zu leiten, verkaufte Henriette die Fabrik zusammen mit den Handelsmarkenrechten \u00fcber Baumwollstoffe und Tapeten. Doch sie behielt f\u00fcr sich alle Rechte f\u00fcr die Bearbeitung der Samt- und Seidenstoffe in ihrem Atelier im Palazzo Orfei, wo sie zusammen mit ihren Angestellte noch f\u00fcr einige Jahre weiter produzierte.<\/p>\r\n<p class=\"p1\">Es war die Reise eines Lebens, von <strong>Granada nach Venedig<\/strong>. Das sch\u00f6pferische Verm\u00e4chtnis der K\u00fcnstler schien verloren, doch ein wissbegieriger junger Venezianer, der oft den Palazzo Fortuny besuchte, der in ein Museum gewandelt worden war, brachte die Geheimnisse seiner Wunder ans Licht: Stoffe, Leuchten, Projektorleuchten, Kleider, Samt&#8230;<\/p>\r\n<p class=\"p1\">Diese magischen Gegenst\u00e4nde, die ihn so sehr fasziniert hatten, mussten von jedem bewundert werden, sie konnten nicht mit ihren Sch\u00f6pfern einfach f\u00fcr immer verschwinden. In der Gegenwart eines solchen Schatzes wurde die Entdeckungslust des jungen Mannes immer gr\u00f6\u00dfer. Monatelang bl\u00e4tterte er zusammen mit einigen Mitarbeitern, die &#8222;&#8220;magischen&#8220;&#8220; Notizen durch, analysierte die Stoffe, betrachtete sorgf\u00e4ltig die Plissierfalten auf der Suche nach ihren innersten Geheimnissen, um wieder eine Werkstatt zu bauen, die diese Techniken und Methoden bewahrte. 1984 waren das Plissierverfahren und das Handdrucksystem auf Seide und Samt endlich perfektioniert und die Kreation von Accessoires und Kleidung konnte beginnen. So gr\u00fcndete<strong> Lino Lando das Atelier vom Palazzo Orfei in Venedig<\/strong> neu und setzte die Produktion von handgefertigten Seiden- und Samtstoffen, Leuchten, Kleidern, Accessoires und Parf\u00fcms weiter fort.<\/p>\r\n<p class=\"p1\">Zu den angebotenen Artikeln z\u00e4hlt die <strong>Studio 1907<\/strong> Kollektion der Projektorleuchten von Mariano Fortuny. Diese Designobjekte, die von Architekten und Raumausstattern \u00fcberall auf der Welt gew\u00e4hlt werden, sind die ersten Beispiele f\u00fcr Leuchten mit Streulicht, die bis heute nicht in der Technik und Eleganz \u00fcberholt worden und passend f\u00fcr klassische, moderne und avantgardistische Innenr\u00e4ume sind.<\/p>\r\n<p class=\"p1\">Zu guter Letzt produziert das Unternehmen Einrichtungsartikel wie Kissen und Tapisseriewaren unter der Marke <strong>Delphos<\/strong>.<\/p>\r\n<p class=\"p1\">Jedes Produkt ist ein Meisterst\u00fcck der Handwerkskunst. Die ber\u00fchmten Seidenleuchten und griechisch-inspirierten Kleider werden weiterhin entworfen und mit der Hand bemalt und bedruckt, mit der gleichen Sorgfalt wie Mariano Fortuny und Henriette, deren kostbares k\u00fcnstlerisches Erbe heute vom Atelier Fortuny Venezia erhalten wird, damit es lebendig bleibt.<\/p>\r\n\t\t<\/div>\n\t\t\t\t\t<\/div>\n\n\t <\/div> <div class=\"row row-small\" style=\"max-width:400px\" id=\"row-982987346\"> \n\t<div id=\"col-740684516\" class=\"col medium-6 small-6 large-6\"  >\n\t\t\t\t<div class=\"col-inner\"  >\n\t\t\t\n\t\t\t \t<div class=\"img has-hover x md-x lg-x y md-y lg-y\" id=\"image_680878135\">\n\t\t\t\t\t\t\t\t<div class=\"img-inner dark\" >\n\t\t\t<img loading=\"lazy\" decoding=\"async\" width=\"500\" height=\"500\" src=\"https:\/\/www.delphos.com\/wp-content\/uploads\/2019\/09\/logo-atelier-venezia.png\" class=\"attachment-large size-large\" alt=\"Logo Atelier  Venezia\" srcset=\"https:\/\/www.delphos.com\/wp-content\/uploads\/2019\/09\/logo-atelier-venezia.png 500w, https:\/\/www.delphos.com\/wp-content\/uploads\/2019\/09\/logo-atelier-venezia-100x100.png 100w\" sizes=\"auto, (max-width: 500px) 100vw, 500px\" \/>\t\t\t\t\t\t\n\t\t\t\t\t<\/div>\n\t\t\t\t\t\t\t\t\n<style>\n#image_680878135 {\n  width: 98%;\n}\n<\/style>\n\t<\/div>\n\t \t\t<\/div>\n\t\t\t\t\t<\/div>\n\n\t \n\t<div id=\"col-314144313\" class=\"col medium-6 small-6 large-6\"  >\n\t\t\t\t<div class=\"col-inner\"  >\n\t\t\t\n\t\t\t \t<div class=\"img has-hover x md-x lg-x y md-y lg-y\" id=\"image_616562127\">\n\t\t\t\t\t\t\t\t<div class=\"img-inner dark\" >\n\t\t\t<img loading=\"lazy\" decoding=\"async\" width=\"400\" height=\"395\" src=\"https:\/\/www.delphos.com\/wp-content\/uploads\/2019\/09\/logo-delphos.jpg\" class=\"attachment-large size-large\" alt=\"Logo Delphos\" srcset=\"https:\/\/www.delphos.com\/wp-content\/uploads\/2019\/09\/logo-delphos.jpg 400w, https:\/\/www.delphos.com\/wp-content\/uploads\/2019\/09\/logo-delphos-100x100.jpg 100w, https:\/\/www.delphos.com\/wp-content\/uploads\/2019\/09\/logo-delphos-30x30.jpg 30w\" sizes=\"auto, (max-width: 400px) 100vw, 400px\" \/>\t\t\t\t\t\t\n\t\t\t\t\t<\/div>\n\t\t\t\t\t\t\t\t\n<style>\n#image_616562127 {\n  width: 100%;\n}\n<\/style>\n\t<\/div>\n\t \t\t<\/div>\n\t\t\t\t\t<\/div>\n\n\t <\/div>","protected":false},"excerpt":{"rendered":"","protected":false},"author":337,"featured_media":0,"parent":0,"menu_order":0,"comment_status":"closed","ping_status":"closed","template":"page-blank.php","meta":{"_acf_changed":false,"footnotes":""},"class_list":["post-3865","page","type-page","status-publish","hentry"],"acf":[],"_links":{"self":[{"href":"https:\/\/www.delphos.com\/de\/wp-json\/wp\/v2\/pages\/3865","targetHints":{"allow":["GET"]}}],"collection":[{"href":"https:\/\/www.delphos.com\/de\/wp-json\/wp\/v2\/pages"}],"about":[{"href":"https:\/\/www.delphos.com\/de\/wp-json\/wp\/v2\/types\/page"}],"author":[{"embeddable":true,"href":"https:\/\/www.delphos.com\/de\/wp-json\/wp\/v2\/users\/337"}],"replies":[{"embeddable":true,"href":"https:\/\/www.delphos.com\/de\/wp-json\/wp\/v2\/comments?post=3865"}],"version-history":[{"count":0,"href":"https:\/\/www.delphos.com\/de\/wp-json\/wp\/v2\/pages\/3865\/revisions"}],"wp:attachment":[{"href":"https:\/\/www.delphos.com\/de\/wp-json\/wp\/v2\/media?parent=3865"}],"curies":[{"name":"wp","href":"https:\/\/api.w.org\/{rel}","templated":true}]}}