{"id":53573,"date":"2019-11-11T14:17:58","date_gmt":"2019-11-11T13:17:58","guid":{"rendered":"https:\/\/www.fortuny.shop\/?page_id=53573"},"modified":"2022-03-03T18:05:09","modified_gmt":"2022-03-03T17:05:09","slug":"fortuny-palace-werkstatt-museum","status":"publish","type":"page","link":"https:\/\/www.delphos.com\/de\/uber-uns\/fortuny-palace-werkstatt-museum\/","title":{"rendered":"Der Fortuny Palace: Von der Werkstatt zum Museum"},"content":{"rendered":"\n  <div class=\"banner has-hover has-parallax\" id=\"banner-1228153502\">\n          <div class=\"banner-inner fill\">\n        <div class=\"banner-bg fill\" data-parallax=\"-1\" data-parallax-container=\".banner\" data-parallax-background>\n            <img loading=\"lazy\" decoding=\"async\" width=\"1600\" height=\"1000\" src=\"https:\/\/www.delphos.com\/wp-content\/uploads\/2019\/11\/palace-museum.jpg\" class=\"bg attachment-original size-original\" alt=\"The  Palace museum\" \/>                                    \n                    <\/div>\n\t\t\n        <div class=\"banner-layers container\">\n            <div class=\"fill banner-link\"><\/div>            \n   <div id=\"text-box-1467998440\" class=\"text-box banner-layer x50 md-x50 lg-x50 y30 md-y30 lg-y30 res-text\">\n                                <div class=\"text-box-content text dark\">\n              \n              <div class=\"text-inner text-center\">\n                  \n<h1>Palazzo Fortuny<\/h1>\n<p class=\"lead\">Von der Werkstatt zum Museum<\/p>\n              <\/div>\n           <\/div>\n                            \n<style>\n#text-box-1467998440 {\n  width: 90%;\n}\n#text-box-1467998440 .text-box-content {\n  font-size: 130%;\n}\n@media (min-width:550px) {\n  #text-box-1467998440 {\n    width: 60%;\n  }\n  #text-box-1467998440 .text-box-content {\n    font-size: 100%;\n  }\n}\n<\/style>\n    <\/div>\n \n        <\/div>\n      <\/div>\n\n            \n<style>\n#banner-1228153502 {\n  padding-top: 500px;\n}\n#banner-1228153502 .banner-bg img {\n  object-position: 0% 73%;\n}\n<\/style>\n  <\/div>\n\n\n<div class=\"row align-center\"  id=\"row-1906798997\">\n\n\t<div id=\"col-200543699\" class=\"col medium-6 small-12 large-6\"  >\n\t\t\t\t<div class=\"col-inner\"  >\n\t\t\t\n\t\t\t\n<h2>Wiederer\u00f6ffnung des Fortuny-Museums<\/h2>\n<p><strong>Museum ab 9. M\u00e4rz 2022 ge\u00f6ffnet &#8211; von 10 bis 17 Uhr<\/strong><\/p>\n<p>Der <strong>Palazzo Pesaro degli Orfei Palace<\/strong>, urspr\u00fcnglich im Besitz der gleichnamigen venezianischen Familie, wurde von Mariano Fortuny und seiner Ehefrau Henriette in ein Atelier gewandelt. Die Mansarde im obersten Geschoss wurde zu einer richtigen Werkstatt, in der das Paar Stoffe und Kleidungsst\u00fccke mit der Hand fertigte und in der Fortuny sich den vielen Disziplinen widmete, die ihn faszinierten: Von der Fotografie bis zur Malerei, Theater- und Wohnraumbeleuchtung.<\/p>\n<p>Eine kleine Schatzkiste im Herzen Venedigs, dessen Wunder dazu bestimmt schienen, in Vergessenheit zugeraten, wenn Henriette den Palazzo nicht 1956, nach dem Tod ihres Mannes der Stadt geschenkt h\u00e4tte. Heute ist der Fortuny Palast eines der sinntr\u00e4chtigsten Museen in Venedig, im Campo San Beneto, das regelm\u00e4\u00dfig Ausstellungen und Installationen beherbergt.<\/p>\n<p>F\u00fcr einen Besuch auf der offiziellen Internetseite nachsehen: <strong><a href=\"https:\/\/fortuny.visitmuve.it\/en\/home\/\" target=\"_blank\" rel=\"noopener noreferrer\">https:\/\/fortuny.visitmuve.it\/en\/home\/<\/a><\/strong><\/p>\n\t\t<\/div>\n\t\t\t\t\t<\/div>\n\n\t\n\n\t<div id=\"col-494334606\" class=\"col medium-6 small-12 large-6\"  >\n\t\t\t\t<div class=\"col-inner\"  >\n\t\t\t\n\t\t\t\n<h3 style=\"text-align: center;\">Neueste Ausstellung<\/h3>\n\t<div class=\"img has-hover x md-x lg-x y md-y lg-y\" id=\"image_948486519\">\n\t\t<a class=\"\" href=\"https:\/\/fortuny.visitmuve.it\/en\/mostre-en\/mostre-in-corso-en\/the-fortuny-a-family-story\/2019\/03\/18045\/exhibition-2\/\" target=\"_blank\" rel=\"noopener\" >\t\t\t\t\t\t<div class=\"img-inner image-glow dark\" >\n\t\t\t<img loading=\"lazy\" decoding=\"async\" width=\"878\" height=\"608\" src=\"https:\/\/www.delphos.com\/wp-content\/uploads\/2019\/11\/banner-exhibition-museum.jpg\" class=\"attachment-large size-large\" alt=\"Exhibition  Museum\" srcset=\"https:\/\/www.delphos.com\/wp-content\/uploads\/2019\/11\/banner-exhibition-museum.jpg 878w, https:\/\/www.delphos.com\/wp-content\/uploads\/2019\/11\/banner-exhibition-museum-800x554.jpg 800w, https:\/\/www.delphos.com\/wp-content\/uploads\/2019\/11\/banner-exhibition-museum-768x532.jpg 768w\" sizes=\"auto, (max-width: 878px) 100vw, 878px\" \/>\t\t\t\t\t\t\n\t\t\t\t\t<\/div>\n\t\t\t\t\t\t<\/a>\t\t\n<style>\n#image_948486519 {\n  width: 100%;\n}\n<\/style>\n\t<\/div>\n\t\n\t\t<\/div>\n\t\t\t\t\t<\/div>\n\n\t\n<\/div>\n\n  <div class=\"banner has-hover has-parallax\" id=\"banner-324259576\">\n          <div class=\"banner-inner fill\">\n        <div class=\"banner-bg fill\" data-parallax=\"-1\" data-parallax-container=\".banner\" data-parallax-background>\n            <img loading=\"lazy\" decoding=\"async\" width=\"1020\" height=\"638\" src=\"https:\/\/www.delphos.com\/wp-content\/uploads\/2019\/11\/palace-museum-painting.jpg\" class=\"bg attachment-large size-large\" alt=\"The  Palace museum painting\" \/>                                    \n                    <\/div>\n\t\t\n        <div class=\"banner-layers container\">\n            <div class=\"fill banner-link\"><\/div>            \n        <\/div>\n      <\/div>\n\n            \n<style>\n#banner-324259576 {\n  padding-top: 120%;\n}\n#banner-324259576 .banner-bg img {\n  object-position: 92% 44%;\n}\n@media (min-width:550px) {\n  #banner-324259576 {\n    padding-top: 40%;\n  }\n}\n<\/style>\n  <\/div>\n\n\n","protected":false},"excerpt":{"rendered":"","protected":false},"author":337,"featured_media":0,"parent":3865,"menu_order":0,"comment_status":"closed","ping_status":"closed","template":"page-blank.php","meta":{"_acf_changed":false,"footnotes":""},"class_list":["post-53573","page","type-page","status-publish","hentry"],"acf":[],"_links":{"self":[{"href":"https:\/\/www.delphos.com\/de\/wp-json\/wp\/v2\/pages\/53573","targetHints":{"allow":["GET"]}}],"collection":[{"href":"https:\/\/www.delphos.com\/de\/wp-json\/wp\/v2\/pages"}],"about":[{"href":"https:\/\/www.delphos.com\/de\/wp-json\/wp\/v2\/types\/page"}],"author":[{"embeddable":true,"href":"https:\/\/www.delphos.com\/de\/wp-json\/wp\/v2\/users\/337"}],"replies":[{"embeddable":true,"href":"https:\/\/www.delphos.com\/de\/wp-json\/wp\/v2\/comments?post=53573"}],"version-history":[{"count":4,"href":"https:\/\/www.delphos.com\/de\/wp-json\/wp\/v2\/pages\/53573\/revisions"}],"predecessor-version":[{"id":113069,"href":"https:\/\/www.delphos.com\/de\/wp-json\/wp\/v2\/pages\/53573\/revisions\/113069"}],"up":[{"embeddable":true,"href":"https:\/\/www.delphos.com\/de\/wp-json\/wp\/v2\/pages\/3865"}],"wp:attachment":[{"href":"https:\/\/www.delphos.com\/de\/wp-json\/wp\/v2\/media?parent=53573"}],"curies":[{"name":"wp","href":"https:\/\/api.w.org\/{rel}","templated":true}]}}