{"id":83264,"date":"2020-11-18T10:57:57","date_gmt":"2020-11-18T09:57:57","guid":{"rendered":"https:\/\/www.fortuny.shop\/delphos-silk-gown-an-iconic-dress\/"},"modified":"2025-12-10T15:43:43","modified_gmt":"2025-12-10T14:43:43","slug":"delphos-ein-ikonisches-kleid","status":"publish","type":"page","link":"https:\/\/www.delphos.com\/de\/delphos-ein-ikonisches-kleid\/","title":{"rendered":"Delphos, ein ikonisches Kleid"},"content":{"rendered":"\n  <div class=\"banner has-hover bg-overlay-remove\" id=\"banner-1111664019\">\n          <div class=\"banner-inner fill\">\n        <div class=\"banner-bg fill\" >\n            <img loading=\"lazy\" decoding=\"async\" width=\"1920\" height=\"1492\" src=\"https:\/\/www.delphos.com\/wp-content\/uploads\/2023\/04\/delphos-dress.jpg\" class=\"bg attachment-original size-original\" alt=\"\" \/>                        <div class=\"overlay\"><\/div>            \n                    <\/div>\n\t\t\n        <div class=\"banner-layers container\">\n            <div class=\"fill banner-link\"><\/div>            \n   <div id=\"text-box-1459530466\" class=\"text-box banner-layer x50 md-x50 lg-x50 y50 md-y50 lg-y50 res-text\">\n                                <div class=\"text-box-content text dark\">\n              \n              <div class=\"text-inner text-center\">\n                  \n<h2 class=\"uppercase\">Delphos, ein ikonisches Kleid<\/h2>\n<p style=\"text-align: center;\"><strong>Das elegante und ikonische Delphos-Kleid wird exklusiv in <a style=\"text-decoration: underline;\" href=\"\/?page_id=3467\">unseren Filialen in Venedig, Paris oder M\u00fcnchen verkauft.<\/a><\/strong><\/p>\n              <\/div>\n           <\/div>\n                            \n<style>\n#text-box-1459530466 {\n  width: 43%;\n}\n#text-box-1459530466 .text-box-content {\n  font-size: 100%;\n}\n<\/style>\n    <\/div>\n \n        <\/div>\n      <\/div>\n\n            \n<style>\n#banner-1111664019 {\n  padding-top: 700px;\n}\n#banner-1111664019 .overlay {\n  background-color: rgba(0, 0, 0, 0.2);\n}\n#banner-1111664019 .banner-bg img {\n  object-position: 54% 36%;\n}\n<\/style>\n  <\/div>\n\n\n\n\t<section class=\"section dark\" id=\"section_397838813\">\n\t\t<div class=\"section-bg fill\" >\n\t\t\t\t\t\t\t\t\t\n\t\t\t\n\n\t\t<\/div>\n\n\t\t\n\n\t\t<div class=\"section-content relative\">\n\t\t\t\n<div class=\"row row-collapse row-full-width align-middle\"  id=\"row-1217176064\">\n\n\t<div id=\"col-2016600480\" class=\"col medium-6 small-12 large-6\"  >\n\t\t\t\t<div class=\"col-inner\"  >\n\t\t\t\n\t\t\t\n\t<div class=\"img has-hover x md-x lg-x y md-y lg-y\" id=\"image_2007688133\">\n\t\t\t\t\t\t\t\t<div class=\"img-inner dark\" >\n\t\t\t<img loading=\"lazy\" decoding=\"async\" width=\"1000\" height=\"1000\" src=\"https:\/\/www.delphos.com\/wp-content\/uploads\/2023\/04\/palace-museum-delphos-square.jpg\" class=\"attachment-original size-original\" alt=\"\" srcset=\"https:\/\/www.delphos.com\/wp-content\/uploads\/2023\/04\/palace-museum-delphos-square.jpg 1000w, https:\/\/www.delphos.com\/wp-content\/uploads\/2023\/04\/palace-museum-delphos-square-800x800.jpg 800w, https:\/\/www.delphos.com\/wp-content\/uploads\/2023\/04\/palace-museum-delphos-square-768x768.jpg 768w, https:\/\/www.delphos.com\/wp-content\/uploads\/2023\/04\/palace-museum-delphos-square-100x100.jpg 100w\" sizes=\"auto, (max-width: 1000px) 100vw, 1000px\" \/>\t\t\t\t\t\t\n\t\t\t\t\t<\/div>\n\t\t\t\t\t\t\t\t\n<style>\n#image_2007688133 {\n  width: 100%;\n}\n<\/style>\n\t<\/div>\n\t\n\t\t<\/div>\n\t\t\t\t\t<\/div>\n\n\t\n\n\t<div id=\"col-133191835\" class=\"col medium-6 small-12 large-6\"  >\n\t\t\t\t<div class=\"col-inner text-left\"  >\n\t\t\t\n\t\t\t\n\t<div id=\"text-489798095\" class=\"text\">\n\t\t\n<h1 class=\"alt-font\">Der gr\u00f6\u00dfte Erfolg des von Mariano Fortuny und Henriette Negrin im Palazzo Pesaro degli Orfei in Venedig gegr\u00fcndeten Ateliers war die Kreation des Delphos-Kleides im Jahr 1909, eines ikonischen Kleides, das als Meilenstein in der Geschichte der Mode gilt.<\/h1>\n\t\t\n<style>\n#text-489798095 {\n  font-size: 1.3rem;\n}\n<\/style>\n\t<\/div>\n\t\n\t\t<\/div>\n\t\t\t\t\n<style>\n#col-133191835 > .col-inner {\n  padding: 20px 20px 20px 20px;\n}\n<\/style>\n\t<\/div>\n\n\t\n<\/div>\n<div class=\"is-divider divider clearfix\" style=\"margin-top:2em;margin-bottom:2em;height:0px;\"><\/div>\n<div class=\"row align-middle\"  id=\"row-865378187\">\n\n\t<div id=\"col-438503748\" class=\"col medium-6 small-12 large-6\"  >\n\t\t\t\t<div class=\"col-inner text-left\"  >\n\t\t\t\n\t\t\t\n\t<div id=\"text-369680687\" class=\"text\">\n\t\t\n<p>Die Inspiration f\u00fcr dieses Kleid gab der ionische Chiton von Auriga, eine griechischen Statue, die 1898 in Delphi gefunden wurde. Das Kleid f\u00e4llt auf durch seine essentielle Form, die den Frauenk\u00f6rper sanft umh\u00fcllt und wurde aus vier oder f\u00fcnf sehr fein plissierten T\u00fcchern aus Seidensatin oder Taft hergestellt. Diese verwendete Plissiertechnik wird noch heute in einem handwerklichen Verfahren angewandt, mit dem man bis zu vierhundertundf\u00fcnfzig Falten f\u00fcr jedes Tuch erreicht.<\/p>\n\t\t\n<style>\n#text-369680687 {\n  line-height: 2;\n}\n<\/style>\n\t<\/div>\n\t\n\t\t<\/div>\n\t\t\t\t\n<style>\n#col-438503748 > .col-inner {\n  padding: 20px 0px 20px 0px;\n}\n<\/style>\n\t<\/div>\n\n\t\n\n\t<div id=\"col-2054272722\" class=\"col medium-6 small-12 large-6\"  >\n\t\t\t\t<div class=\"col-inner\"  >\n\t\t\t\n\t\t\t\n\t<div class=\"img has-hover x md-x lg-x y md-y lg-y\" id=\"image_249465655\">\n\t\t\t\t\t\t\t\t<div class=\"img-inner dark\" >\n\t\t\t<img loading=\"lazy\" decoding=\"async\" width=\"1200\" height=\"1200\" src=\"https:\/\/www.delphos.com\/wp-content\/uploads\/2023\/04\/delphos-dress-plisse-1200x1200.jpg\" class=\"attachment-medium size-medium\" alt=\"\" srcset=\"https:\/\/www.delphos.com\/wp-content\/uploads\/2023\/04\/delphos-dress-plisse-1200x1200.jpg 1200w, https:\/\/www.delphos.com\/wp-content\/uploads\/2023\/04\/delphos-dress-plisse-800x800.jpg 800w, https:\/\/www.delphos.com\/wp-content\/uploads\/2023\/04\/delphos-dress-plisse-768x768.jpg 768w, https:\/\/www.delphos.com\/wp-content\/uploads\/2023\/04\/delphos-dress-plisse-100x100.jpg 100w, https:\/\/www.delphos.com\/wp-content\/uploads\/2023\/04\/delphos-dress-plisse.jpg 1519w\" sizes=\"auto, (max-width: 1200px) 100vw, 1200px\" \/>\t\t\t\t\t\t\n\t\t\t\t\t<\/div>\n\t\t\t\t\t\t\t\t\n<style>\n#image_249465655 {\n  width: 100%;\n}\n<\/style>\n\t<\/div>\n\t\n\t\t<\/div>\n\t\t\t\t\t<\/div>\n\n\t\n<\/div>\n<div class=\"row align-middle\"  id=\"row-1874217834\">\n\n\t<div id=\"col-1612500851\" class=\"col medium-6 small-12 large-6\"  >\n\t\t\t\t<div class=\"col-inner\"  >\n\t\t\t\n\t\t\t\n\t<div class=\"img has-hover x md-x lg-x y md-y lg-y\" id=\"image_254159915\">\n\t\t\t\t\t\t\t\t<div class=\"img-inner dark\" >\n\t\t\t<img loading=\"lazy\" decoding=\"async\" width=\"1004\" height=\"1024\" src=\"https:\/\/www.delphos.com\/wp-content\/uploads\/2023\/04\/delphos-dress-plisse-details.jpg\" class=\"attachment-medium size-medium\" alt=\"\" srcset=\"https:\/\/www.delphos.com\/wp-content\/uploads\/2023\/04\/delphos-dress-plisse-details.jpg 1004w, https:\/\/www.delphos.com\/wp-content\/uploads\/2023\/04\/delphos-dress-plisse-details-784x800.jpg 784w, https:\/\/www.delphos.com\/wp-content\/uploads\/2023\/04\/delphos-dress-plisse-details-768x783.jpg 768w, https:\/\/www.delphos.com\/wp-content\/uploads\/2023\/04\/delphos-dress-plisse-details-800x816.jpg 800w\" sizes=\"auto, (max-width: 1004px) 100vw, 1004px\" \/>\t\t\t\t\t\t\n\t\t\t\t\t<\/div>\n\t\t\t\t\t\t\t\t\n<style>\n#image_254159915 {\n  width: 100%;\n}\n<\/style>\n\t<\/div>\n\t\n\t\t<\/div>\n\t\t\t\t\t<\/div>\n\n\t\n\n\t<div id=\"col-421426287\" class=\"col medium-6 small-12 large-6\"  >\n\t\t\t\t<div class=\"col-inner text-left\"  >\n\t\t\t\n\t\t\t\n\t<div id=\"text-569016715\" class=\"text\">\n\t\t\n<p>Der Halsauschnitt und die \u00c4rmel k\u00f6nnen mit einer Seidenkordel, die mit Glasperlen verziert ist, angepasst werden. Auch wenn Mariano Fortuny allgemein als der Designer des Kleides gilt, hat er seine Frau und Muse Henriette als wahre Sch\u00f6pferin des Delphos Kleides mit einer authentischen Randnote auf dem Patent anerkannt.<\/p>\n\t\t\n<style>\n#text-569016715 {\n  line-height: 2;\n}\n<\/style>\n\t<\/div>\n\t\n\t\t<\/div>\n\t\t\t\t\n<style>\n#col-421426287 > .col-inner {\n  padding: 20px 0px 20px 0px;\n}\n<\/style>\n\t<\/div>\n\n\t\n<\/div>\n<div class=\"is-divider divider clearfix\" style=\"margin-top:2em;margin-bottom:2em;height:0px;\"><\/div>\n\t\t<\/div>\n\n\t\t\n<style>\n#section_397838813 {\n  padding-top: 0px;\n  padding-bottom: 0px;\n  background-color: rgb(0,0,0);\n}\n<\/style>\n\t<\/section>\n\t\n\n  <div class=\"banner has-hover bg-overlay-remove\" id=\"banner-536570765\">\n          <div class=\"banner-inner fill\">\n        <div class=\"banner-bg fill\" >\n            <img loading=\"lazy\" decoding=\"async\" width=\"1600\" height=\"795\" src=\"https:\/\/www.delphos.com\/wp-content\/uploads\/2023\/04\/delphos-dress-plisse-detail.jpg\" class=\"bg attachment-original size-original\" alt=\"\" \/>                        <div class=\"overlay\"><\/div>            \n                    <\/div>\n\t\t\n        <div class=\"banner-layers container\">\n            <div class=\"fill banner-link\"><\/div>            \n        <\/div>\n      <\/div>\n\n            \n<style>\n#banner-536570765 {\n  padding-top: 500px;\n}\n#banner-536570765 .overlay {\n  background-color: rgba(0, 0, 0, 0.2);\n}\n#banner-536570765 .banner-bg img {\n  object-position: 51% 81%;\n}\n<\/style>\n  <\/div>\n\n\n","protected":false},"excerpt":{"rendered":"","protected":false},"author":337,"featured_media":88892,"parent":0,"menu_order":0,"comment_status":"closed","ping_status":"closed","template":"page-blank.php","meta":{"_acf_changed":false,"footnotes":""},"class_list":["post-83264","page","type-page","status-publish","has-post-thumbnail","hentry"],"acf":[],"_links":{"self":[{"href":"https:\/\/www.delphos.com\/de\/wp-json\/wp\/v2\/pages\/83264","targetHints":{"allow":["GET"]}}],"collection":[{"href":"https:\/\/www.delphos.com\/de\/wp-json\/wp\/v2\/pages"}],"about":[{"href":"https:\/\/www.delphos.com\/de\/wp-json\/wp\/v2\/types\/page"}],"author":[{"embeddable":true,"href":"https:\/\/www.delphos.com\/de\/wp-json\/wp\/v2\/users\/337"}],"replies":[{"embeddable":true,"href":"https:\/\/www.delphos.com\/de\/wp-json\/wp\/v2\/comments?post=83264"}],"version-history":[{"count":4,"href":"https:\/\/www.delphos.com\/de\/wp-json\/wp\/v2\/pages\/83264\/revisions"}],"predecessor-version":[{"id":137020,"href":"https:\/\/www.delphos.com\/de\/wp-json\/wp\/v2\/pages\/83264\/revisions\/137020"}],"wp:featuredmedia":[{"embeddable":true,"href":"https:\/\/www.delphos.com\/de\/wp-json\/wp\/v2\/media\/88892"}],"wp:attachment":[{"href":"https:\/\/www.delphos.com\/de\/wp-json\/wp\/v2\/media?parent=83264"}],"curies":[{"name":"wp","href":"https:\/\/api.w.org\/{rel}","templated":true}]}}