{"id":90649,"date":"2021-03-31T12:34:59","date_gmt":"2021-03-31T10:34:59","guid":{"rendered":"https:\/\/www.fortuny.shop\/?page_id=90649"},"modified":"2022-02-09T16:31:00","modified_gmt":"2022-02-09T15:31:00","slug":"massgefertigter-tagesdecke-fordern-sie-ein-angebot-an","status":"publish","type":"page","link":"https:\/\/www.delphos.com\/de\/massgefertigter-tagesdecke-fordern-sie-ein-angebot-an\/","title":{"rendered":"Massgefertigter Tagesdecke: Fordern Sie ein Angebot an"},"content":{"rendered":"<div class=\"row\"  id=\"row-365533429\">\n\n\t<div id=\"col-1224259602\" class=\"col small-12 large-12\"  >\n\t\t\t\t<div class=\"col-inner\"  >\n\t\t\t\n\t\t\t\n<a href=\"\/?product_cat=furnishing\" class=\"button primary is-outline is-small\" style=\"border-radius:99px;padding:0px 5px 0px 14px;\">\n\t<i class=\"icon-angle-left\" aria-hidden=\"true\"><\/i>\t<span><\/span>\n\t<\/a>\n\n<h1 style=\"text-align: center; font-size: 2.5em; margin-bottom: 0.1em; margin-top: -60px;\">Massgefertigter Tagesdecke<\/h1>\n<h3 style=\"text-align: center;\">Fordern Sie ein Angebot an<\/h3>\n<hr>\n\t\t<\/div>\n\t\t\t\t\t<\/div>\n\n\t\n<\/div>\n<div class=\"row\"  id=\"row-104073038\">\n\n\t<div id=\"col-1212602404\" class=\"col medium-6 small-12 large-6\"  >\n\t\t\t\t<div class=\"col-inner\"  >\n\t\t\t\n\t\t\t\n<p>F\u00fcllen Sie das Formular mit den erforderlichen Informationen aus, um ein kostenloses Angebot zu erhalten.<\/p>\n\n<div class=\"wpcf7 no-js\" id=\"wpcf7-f90784-o1\" lang=\"de-DE\" dir=\"ltr\" data-wpcf7-id=\"90784\">\n<div class=\"screen-reader-response\"><p role=\"status\" aria-live=\"polite\" aria-atomic=\"true\"><\/p> <ul><\/ul><\/div>\n<form action=\"\/de\/wp-json\/wp\/v2\/pages\/90649#wpcf7-f90784-o1\" method=\"post\" class=\"wpcf7-form init\" aria-label=\"Kontaktformular\" enctype=\"multipart\/form-data\" novalidate=\"novalidate\" data-status=\"init\">\n<fieldset class=\"hidden-fields-container\"><input type=\"hidden\" name=\"_wpcf7\" value=\"90784\" \/><input type=\"hidden\" name=\"_wpcf7_version\" value=\"6.1.5\" \/><input type=\"hidden\" name=\"_wpcf7_locale\" value=\"de_DE\" \/><input type=\"hidden\" name=\"_wpcf7_unit_tag\" value=\"wpcf7-f90784-o1\" \/><input type=\"hidden\" name=\"_wpcf7_container_post\" value=\"0\" \/><input type=\"hidden\" name=\"_wpcf7_posted_data_hash\" value=\"\" \/>\n<\/fieldset>\n<div class=\"form-flat\">\n\t<p><span class=\"wpcf7-form-control-wrap\" data-name=\"bedcovers-name\"><input size=\"40\" maxlength=\"400\" class=\"wpcf7-form-control wpcf7-text wpcf7-validates-as-required\" aria-required=\"true\" aria-invalid=\"false\" placeholder=\"Name*\" value=\"\" type=\"text\" name=\"bedcovers-name\" \/><\/span>\n\t<\/p>\n\t<p><span class=\"wpcf7-form-control-wrap\" data-name=\"bedcovers-email\"><input size=\"40\" maxlength=\"400\" class=\"wpcf7-form-control wpcf7-email wpcf7-validates-as-required wpcf7-text wpcf7-validates-as-email\" aria-required=\"true\" aria-invalid=\"false\" placeholder=\"Email*\" value=\"\" type=\"email\" name=\"bedcovers-email\" \/><\/span>\n\t<\/p>\n\t<p><span class=\"wpcf7-form-control-wrap\" data-name=\"bedcovers-tel\"><input size=\"40\" maxlength=\"400\" class=\"wpcf7-form-control wpcf7-tel wpcf7-validates-as-required wpcf7-text wpcf7-validates-as-tel\" aria-required=\"true\" aria-invalid=\"false\" placeholder=\"Tel.*\" value=\"\" type=\"tel\" name=\"bedcovers-tel\" \/><\/span>\n\t<\/p>\n\t<p><span class=\"wpcf7-form-control-wrap\" data-name=\"bedcovers-country\"><input size=\"40\" maxlength=\"400\" class=\"wpcf7-form-control wpcf7-text wpcf7-validates-as-required\" aria-required=\"true\" aria-invalid=\"false\" placeholder=\"Land*\" value=\"\" type=\"text\" name=\"bedcovers-country\" \/><\/span>\n\t<\/p>\n\t<p><span class=\"wpcf7-form-control-wrap\" data-name=\"contact-type\"><select class=\"wpcf7-form-control wpcf7-select\" aria-invalid=\"false\" name=\"contact-type\"><option value=\"Art des Kontakts*\">Art des Kontakts*<\/option><option value=\"Privat\">Privat<\/option><option value=\"Innenarchitekt\">Innenarchitekt<\/option><option value=\"Architekt\">Architekt<\/option><option value=\"Wiederverk\u00e4ufer\">Wiederverk\u00e4ufer<\/option><option value=\"Andere\">Andere<\/option><\/select><\/span>\n\t<\/p>\n\t<p><label style=\"margin-top: 30px;\">Art des Tagesdecke:<\/label><br \/>\n<span class=\"wpcf7-form-control-wrap\" data-name=\"radio-bedcovers-bands\"><span class=\"wpcf7-form-control wpcf7-radio\"><span class=\"wpcf7-list-item first\"><input type=\"radio\" name=\"radio-bedcovers-bands\" value=\"Einzelmuster\" \/><span class=\"wpcf7-list-item-label\">Einzelmuster<\/span><\/span><span class=\"wpcf7-list-item last\"><input type=\"radio\" name=\"radio-bedcovers-bands\" value=\"Zentrales Muster + R\u00e4nder\" \/><span class=\"wpcf7-list-item-label\">Zentrales Muster + R\u00e4nder<\/span><\/span><\/span><\/span>\n\t<\/p>\n\t<div style=\"width: 48%; float: left;\">\n\t\t<p><label style=\"margin-top: 30px;\">Totale Breite:<\/label>\n\t\t<\/p>\n\t\t<div style=\"width: 48%; float: left;\">\n\t\t\t<p><span class=\"wpcf7-form-control-wrap\" data-name=\"bedcovers-width\"><input class=\"wpcf7-form-control wpcf7-number wpcf7-validates-as-number\" aria-invalid=\"false\" value=\"\" type=\"number\" name=\"bedcovers-width\" \/><\/span>\n\t\t\t<\/p>\n\t\t<\/div>\n\t\t<div style=\"width: 48%; float: right;\">\n\t\t\t<p><span class=\"wpcf7-form-control-wrap\" data-name=\"bedcovers-cm-inches1\"><select class=\"wpcf7-form-control wpcf7-select\" aria-invalid=\"false\" name=\"bedcovers-cm-inches1\"><option value=\"cm\">cm<\/option><option value=\"Zoll\">Zoll<\/option><\/select><\/span>\n\t\t\t<\/p>\n\t\t<\/div>\n\t<\/div>\n\t<div style=\"width: 48%; float: right;\">\n\t\t<p><label style=\"margin-top: 30px;\">Gesamth\u00f6he:<\/label>\n\t\t<\/p>\n\t\t<div style=\"width: 47%; float: left;\">\n\t\t\t<p><span class=\"wpcf7-form-control-wrap\" data-name=\"bedcovers-height\"><input class=\"wpcf7-form-control wpcf7-number wpcf7-validates-as-number\" aria-invalid=\"false\" value=\"\" type=\"number\" name=\"bedcovers-height\" \/><\/span>\n\t\t\t<\/p>\n\t\t<\/div>\n\t\t<div style=\"width: 48%; float: right;\">\n\t\t\t<p><span class=\"wpcf7-form-control-wrap\" data-name=\"bedcovers-cm-inches2\"><select class=\"wpcf7-form-control wpcf7-select\" aria-invalid=\"false\" name=\"bedcovers-cm-inches2\"><option value=\"cm\">cm<\/option><option value=\"Zoll\">Zoll<\/option><\/select><\/span>\n\t\t\t<\/p>\n\t\t<\/div>\n\t<\/div>\n\t<p><label style=\"margin-top: 30px;\">Laden Sie ein Bild oder eine Zeichnung hoch (optional):<\/label><br \/>\n<span class=\"wpcf7-form-control-wrap\" data-name=\"bedcovers-file\"><input size=\"40\" class=\"wpcf7-form-control wpcf7-file\" accept=\".pdf,.jpg,.gif,.png,.docx,.doc\" aria-invalid=\"false\" type=\"file\" name=\"bedcovers-file\" \/><\/span>\n\t<\/p>\n\t<p><label style=\"margin-top: 30px;\">Botschaft:<\/label><br \/>\n<span class=\"wpcf7-form-control-wrap\" data-name=\"bedcovers-message\"><textarea cols=\"40\" rows=\"10\" maxlength=\"2000\" class=\"wpcf7-form-control wpcf7-textarea\" aria-invalid=\"false\" placeholder=\"Einige zus\u00e4tzliche Informationen, die wir m\u00f6glicherweise n\u00fctzlich finden....\" name=\"bedcovers-message\"><\/textarea><\/span>\n\t<\/p>\n\t<div class=\"smaller-txt\" style=\"color: #666; margin-bottom: 10px; text-align: center;\">\n\t\t<p>Durch Klicken auf die Schaltfl\u00e4che \"Senden\" stimmen Sie unseren <a href=\"https:\/\/www.iubenda.com\/privacy-policy\/65899639\" target=\"_blank\" title=\"Datenschutz-Bestimmungen\" style=\"text-decoration: underline\">Datenschutzbestimmungen<\/a>und den <a href=\"https:\/\/policies.google.com\/terms\" target=\"_blank\" title=\"Nutzungsbedingungen von Google\" style=\"text-decoration: underline\">Nutzungsbedingungen<\/a>der Google reCAPTCHA-APIs zu.\n\t\t<\/p>\n\t<\/div>\n\t<p><div class=\"cf7-cf-turnstile\" style=\"margin-top: 0px; margin-bottom: -15px;\"> <div id=\"cf-turnstile-cf7-1706530740\" class=\"cf-turnstile\" data-callback=\"turnstileCF7Callback\" data-sitekey=\"0x4AAAAAAAj16Qj2x-3D7U1Q\" data-theme=\"light\" data-language=\"auto\" data-size=\"normal\" data-retry=\"auto\" data-retry-interval=\"1000\" data-refresh-expired=\"auto\" data-action=\"contact-form-7\" data-appearance=\"always\"><\/div> <style>.wpcf7-submit { pointer-events: none; opacity: 0.5; }<\/style> <script>document.addEventListener(\"DOMContentLoaded\", function() { setTimeout(function(){ var e=document.getElementById(\"cf-turnstile-cf7-1706530740\"); e&&!e.innerHTML.trim()&&(turnstile.remove(\"#cf-turnstile-cf7-1706530740\"), turnstile.render(\"#cf-turnstile-cf7-1706530740\", {sitekey:\"0x4AAAAAAAj16Qj2x-3D7U1Q\"})); }, 100); });<\/script> <br class=\"cf-turnstile-br cf-turnstile-br-cf7-1706530740\"> <style>#cf-turnstile-cf7-1706530740 { margin-left: -15px; }<\/style> <script>document.addEventListener(\"DOMContentLoaded\",function(){document.querySelectorAll('.wpcf7-form').forEach(function(e){e.addEventListener('submit',function(){if(document.getElementById('cf-turnstile-cf7-1706530740')){setTimeout(function(){turnstile.reset('#cf-turnstile-cf7-1706530740');},1000)}})})});<\/script> <\/div><br\/><input class=\"wpcf7-form-control wpcf7-submit has-spinner button\" type=\"submit\" value=\"Einreichen\" \/>\n\t<\/p>\n<\/div><div class=\"wpcf7-response-output\" aria-hidden=\"true\"><\/div>\n<\/form>\n<\/div>\n\n\t\t<\/div>\n\t\t\t\t\t<\/div>\n\n\t\n\n\t<div id=\"col-220674958\" class=\"col medium-6 small-12 large-6\"  >\n\t\t\t\t<div class=\"col-inner\"  >\n\t\t\t\n\t\t\t\n\n\t<section class=\"section\" id=\"section_327022609\">\n\t\t<div class=\"section-bg fill\" >\n\t\t\t\t\t\t\t\t\t\n\t\t\t\n\n\t\t<\/div>\n\n\t\t\n\n\t\t<div class=\"section-content relative\">\n\t\t\t\n<div class=\"slider-wrapper relative\" id=\"slider-2122184553\" >\n    <div class=\"slider slider-type-fade slider-nav-circle slider-nav-large slider-nav-light slider-style-normal\"\n        data-flickity-options='{\n            \"cellAlign\": \"center\",\n            \"imagesLoaded\": true,\n            \"lazyLoad\": 1,\n            \"freeScroll\": false,\n            \"wrapAround\": true,\n            \"autoPlay\": 3000,\n            \"pauseAutoPlayOnHover\" : false,\n            \"prevNextButtons\": false,\n            \"contain\" : true,\n            \"adaptiveHeight\" : true,\n            \"dragThreshold\" : 10,\n            \"percentPosition\": true,\n            \"pageDots\": false,\n            \"rightToLeft\": false,\n            \"draggable\": false,\n            \"selectedAttraction\": 0.1,\n            \"parallax\" : 0,\n            \"friction\": 0.6        }'\n        >\n        \n\n  <div class=\"banner has-hover\" id=\"banner-1254697345\">\n          <div class=\"banner-inner fill\">\n        <div class=\"banner-bg fill\" >\n            <img loading=\"lazy\" decoding=\"async\" width=\"586\" height=\"800\" src=\"https:\/\/www.delphos.com\/wp-content\/uploads\/2021\/05\/red-bucintoro-bed-covers-and-bedspreads.jpg\" class=\"bg attachment-original size-original\" alt=\"Red Bucintoro bed covers and bedspreads\" \/>                                    \n                    <\/div>\n\t\t\n        <div class=\"banner-layers container\">\n            <div class=\"fill banner-link\"><\/div>            \n        <\/div>\n      <\/div>\n\n            \n<style>\n#banner-1254697345 {\n  padding-top: 500px;\n}\n#banner-1254697345 .banner-bg img {\n  object-position: 45% 76%;\n}\n@media (min-width:550px) {\n  #banner-1254697345 {\n    padding-top: 1000px;\n  }\n}\n<\/style>\n  <\/div>\n\n\n\n  <div class=\"banner has-hover\" id=\"banner-2117778694\">\n          <div class=\"banner-inner fill\">\n        <div class=\"banner-bg fill\" >\n            <img loading=\"lazy\" decoding=\"async\" width=\"587\" height=\"800\" src=\"https:\/\/www.delphos.com\/wp-content\/uploads\/2021\/05\/green-barbarigo-bed-covers-and-bedspreads.jpg\" class=\"bg attachment-original size-original\" alt=\"Green Barbarigo bed covers and bedspreads\" \/>                                    \n                    <\/div>\n\t\t\n        <div class=\"banner-layers container\">\n            <div class=\"fill banner-link\"><\/div>            \n        <\/div>\n      <\/div>\n\n            \n<style>\n#banner-2117778694 {\n  padding-top: 500px;\n}\n#banner-2117778694 .banner-bg img {\n  object-position: 45% 76%;\n}\n@media (min-width:550px) {\n  #banner-2117778694 {\n    padding-top: 1000px;\n  }\n}\n<\/style>\n  <\/div>\n\n\n\n  <div class=\"banner has-hover\" id=\"banner-522544628\">\n          <div class=\"banner-inner fill\">\n        <div class=\"banner-bg fill\" >\n            <img loading=\"lazy\" decoding=\"async\" width=\"589\" height=\"886\" src=\"https:\/\/www.delphos.com\/wp-content\/uploads\/2021\/03\/bedcover-custom-made-web.jpg\" class=\"bg attachment-original size-original\" alt=\"bed covers\" \/>                                    \n                    <\/div>\n\t\t\n        <div class=\"banner-layers container\">\n            <div class=\"fill banner-link\"><\/div>            \n        <\/div>\n      <\/div>\n\n            \n<style>\n#banner-522544628 {\n  padding-top: 500px;\n}\n#banner-522544628 .banner-bg img {\n  object-position: 20% 79%;\n}\n@media (min-width:550px) {\n  #banner-522544628 {\n    padding-top: 1000px;\n  }\n}\n<\/style>\n  <\/div>\n\n\n     <\/div>\n\n     <div class=\"loading-spin dark large centered\"><\/div>\n\n\t<\/div>\n\n\n\t\t<\/div>\n\n\t\t\n<style>\n#section_327022609 {\n  padding-top: 0px;\n  padding-bottom: 0px;\n  min-height: 400px;\n}\n@media (min-width:550px) {\n  #section_327022609 {\n    min-height: 1000px;\n  }\n}\n<\/style>\n\t<\/section>\n\t\n\t<div id=\"text-4207297111\" class=\"text\">\n\t\t\n<p>Dies sind keine Produkte der Marke Fortuny.<\/p>\n\t\t\n<style>\n#text-4207297111 {\n  text-align: center;\n}\n<\/style>\n\t<\/div>\n\t\n\t\t<\/div>\n\t\t\t\t\t<\/div>\n\n\t\n<\/div>\n","protected":false},"excerpt":{"rendered":"","protected":false},"author":337,"featured_media":0,"parent":0,"menu_order":0,"comment_status":"closed","ping_status":"closed","template":"","meta":{"_acf_changed":false,"footnotes":""},"class_list":["post-90649","page","type-page","status-publish","hentry"],"acf":[],"_links":{"self":[{"href":"https:\/\/www.delphos.com\/de\/wp-json\/wp\/v2\/pages\/90649","targetHints":{"allow":["GET"]}}],"collection":[{"href":"https:\/\/www.delphos.com\/de\/wp-json\/wp\/v2\/pages"}],"about":[{"href":"https:\/\/www.delphos.com\/de\/wp-json\/wp\/v2\/types\/page"}],"author":[{"embeddable":true,"href":"https:\/\/www.delphos.com\/de\/wp-json\/wp\/v2\/users\/337"}],"replies":[{"embeddable":true,"href":"https:\/\/www.delphos.com\/de\/wp-json\/wp\/v2\/comments?post=90649"}],"version-history":[{"count":3,"href":"https:\/\/www.delphos.com\/de\/wp-json\/wp\/v2\/pages\/90649\/revisions"}],"predecessor-version":[{"id":112459,"href":"https:\/\/www.delphos.com\/de\/wp-json\/wp\/v2\/pages\/90649\/revisions\/112459"}],"wp:attachment":[{"href":"https:\/\/www.delphos.com\/de\/wp-json\/wp\/v2\/media?parent=90649"}],"curies":[{"name":"wp","href":"https:\/\/api.w.org\/{rel}","templated":true}]}}