{"id":121479,"date":"2023-02-13T16:24:56","date_gmt":"2023-02-13T15:24:56","guid":{"rendered":"https:\/\/www.venetiastudium.com\/?post_type=product&#038;p=121479"},"modified":"2024-08-07T10:10:49","modified_gmt":"2024-08-07T08:10:49","slug":"blue-13c55lab-61k","status":"publish","type":"product","link":"https:\/\/www.delphos.com\/de\/shop\/kissen\/labirinto-samtkissen\/blue-13c55lab-61k\/","title":{"rendered":"Printed velvet square cushion | Labirinto Blau"},"content":{"rendered":"<p>Das Labirinto-Kissen von Delphos wird in Venedig mit einer sorgf\u00e4ltigen Auswahl von hochwertigen Materialien handgefertigt. Diese Kissen eignen sich perfekt als Einrichtungselemente f\u00fcr klassische oder moderne Innenr\u00e4ume.<\/p>\n","protected":false},"excerpt":{"rendered":"<p>Die Labirinto-Kissen von Delphos werden in Venedig mit einer sorgf\u00e4ltigen Auswahl von hochwertigen Materialien handgefertigt.<\/p>\n","protected":false},"featured_media":128375,"comment_status":"open","ping_status":"closed","template":"","meta":{"_acf_changed":false},"product_brand":[],"product_cat":[397,6941],"product_tag":[],"class_list":{"0":"post-121479","1":"product","2":"type-product","3":"status-publish","4":"has-post-thumbnail","6":"product_cat-kissen","7":"product_cat-labirinto-samtkissen","8":"product_shipping_class-standard-de","9":"pa_color-blau","10":"pa_material-samt-viskose-59-baumwolle-41","11":"pa_print-style-labirinto-de","12":"yith_product_brand-delphos-de","14":"first","15":"instock","16":"taxable","17":"shipping-taxable","18":"purchasable","19":"product-type-variable"},"acf":[],"_links":{"self":[{"href":"https:\/\/www.delphos.com\/de\/wp-json\/wp\/v2\/product\/121479","targetHints":{"allow":["GET"]}}],"collection":[{"href":"https:\/\/www.delphos.com\/de\/wp-json\/wp\/v2\/product"}],"about":[{"href":"https:\/\/www.delphos.com\/de\/wp-json\/wp\/v2\/types\/product"}],"replies":[{"embeddable":true,"href":"https:\/\/www.delphos.com\/de\/wp-json\/wp\/v2\/comments?post=121479"}],"wp:featuredmedia":[{"embeddable":true,"href":"https:\/\/www.delphos.com\/de\/wp-json\/wp\/v2\/media\/128375"}],"wp:attachment":[{"href":"https:\/\/www.delphos.com\/de\/wp-json\/wp\/v2\/media?parent=121479"}],"wp:term":[{"taxonomy":"product_brand","embeddable":true,"href":"https:\/\/www.delphos.com\/de\/wp-json\/wp\/v2\/product_brand?post=121479"},{"taxonomy":"product_cat","embeddable":true,"href":"https:\/\/www.delphos.com\/de\/wp-json\/wp\/v2\/product_cat?post=121479"},{"taxonomy":"product_tag","embeddable":true,"href":"https:\/\/www.delphos.com\/de\/wp-json\/wp\/v2\/product_tag?post=121479"}],"curies":[{"name":"wp","href":"https:\/\/api.w.org\/{rel}","templated":true}]}}