{"id":122218,"date":"2023-02-20T17:04:48","date_gmt":"2023-02-20T16:04:48","guid":{"rendered":"https:\/\/www.venetiastudium.com\/?post_type=product&#038;p=122218"},"modified":"2024-09-26T11:19:40","modified_gmt":"2024-09-26T09:19:40","slug":"smoke-brown-13c55-gli-39k","status":"publish","type":"product","link":"https:\/\/www.delphos.com\/de\/shop\/kissen\/glicine-samtkissen\/smoke-brown-13c55-gli-39k\/","title":{"rendered":"Printed velvet square cushion | Glicine Taupe"},"content":{"rendered":"<p>Das Kissen Glicine von Delphos wird in Venedig mit einer sorgf\u00e4ltigen Auswahl an hochwertigen Materialien handgefertigt. Diese Kissen eignen sich perfekt als Einrichtungselemente f\u00fcr klassische oder moderne Innenr\u00e4ume.<\/p>\n","protected":false},"excerpt":{"rendered":"<p>Die Kollektion der Glicine-Kissen von Delphos wird in Venedig mit einer sorgf\u00e4ltigen Auswahl an hochwertigen Materialien handgefertigt. <strong>Size: Medium 52 x 52cm (20.5 x 20.5\u2033)<\/strong><\/p>\n","protected":false},"featured_media":128195,"comment_status":"open","ping_status":"closed","template":"","meta":{"_acf_changed":false},"product_brand":[],"product_cat":[6924,397],"product_tag":[],"class_list":{"0":"post-122218","1":"product","2":"type-product","3":"status-publish","4":"has-post-thumbnail","6":"product_cat-glicine-samtkissen","7":"product_cat-kissen","8":"product_shipping_class-standard-de","9":"pa_color-taupe-de","10":"pa_material-samt-viskose-59-baumwolle-41","11":"pa_print-style-glicine-de","12":"yith_product_brand-delphos-de","14":"first","15":"instock","16":"taxable","17":"shipping-taxable","18":"purchasable","19":"product-type-variable"},"acf":[],"_links":{"self":[{"href":"https:\/\/www.delphos.com\/de\/wp-json\/wp\/v2\/product\/122218","targetHints":{"allow":["GET"]}}],"collection":[{"href":"https:\/\/www.delphos.com\/de\/wp-json\/wp\/v2\/product"}],"about":[{"href":"https:\/\/www.delphos.com\/de\/wp-json\/wp\/v2\/types\/product"}],"replies":[{"embeddable":true,"href":"https:\/\/www.delphos.com\/de\/wp-json\/wp\/v2\/comments?post=122218"}],"wp:featuredmedia":[{"embeddable":true,"href":"https:\/\/www.delphos.com\/de\/wp-json\/wp\/v2\/media\/128195"}],"wp:attachment":[{"href":"https:\/\/www.delphos.com\/de\/wp-json\/wp\/v2\/media?parent=122218"}],"wp:term":[{"taxonomy":"product_brand","embeddable":true,"href":"https:\/\/www.delphos.com\/de\/wp-json\/wp\/v2\/product_brand?post=122218"},{"taxonomy":"product_cat","embeddable":true,"href":"https:\/\/www.delphos.com\/de\/wp-json\/wp\/v2\/product_cat?post=122218"},{"taxonomy":"product_tag","embeddable":true,"href":"https:\/\/www.delphos.com\/de\/wp-json\/wp\/v2\/product_tag?post=122218"}],"curies":[{"name":"wp","href":"https:\/\/api.w.org\/{rel}","templated":true}]}}