{"id":124135,"date":"2023-04-12T16:45:30","date_gmt":"2023-04-12T14:45:30","guid":{"rendered":"https:\/\/www.venetiastudium.com\/?post_type=product&#038;p=124135"},"modified":"2024-09-26T11:13:49","modified_gmt":"2024-09-26T09:13:49","slug":"ivory-13c55gli-24k","status":"publish","type":"product","link":"https:\/\/www.delphos.com\/de\/shop\/kissen\/glicine-samtkissen\/ivory-13c55gli-24k\/","title":{"rendered":"Quadratisches Kissen aus bedrucktem Samt | Glicine Elfenbein"},"content":{"rendered":"<p>Das Kissen Glicine von Delphos wird in Venedig mit einer sorgf\u00e4ltigen Auswahl an hochwertigen Materialien handgefertigt. Diese Kissen eignen sich perfekt als Einrichtungselemente f\u00fcr klassische oder moderne Innenr\u00e4ume.<\/p>\n","protected":false},"excerpt":{"rendered":"<p>Die Kollektion der Glicine-Kissen von Delphos wird in Venedig mit einer sorgf\u00e4ltigen Auswahl an hochwertigen Materialien handgefertigt.<\/p>\n","protected":false},"featured_media":128146,"comment_status":"open","ping_status":"closed","template":"","meta":{"_acf_changed":false},"product_brand":[],"product_cat":[6924,397],"product_tag":[],"class_list":{"0":"post-124135","1":"product","2":"type-product","3":"status-publish","4":"has-post-thumbnail","6":"product_cat-glicine-samtkissen","7":"product_cat-kissen","8":"product_shipping_class-standard-de","9":"pa_color-elfenbein","10":"pa_material-samt-viskose-59-baumwolle-41","11":"pa_print-style-glicine-de","12":"yith_product_brand-delphos-de","14":"first","15":"instock","16":"taxable","17":"shipping-taxable","18":"purchasable","19":"product-type-variable"},"acf":[],"_links":{"self":[{"href":"https:\/\/www.delphos.com\/de\/wp-json\/wp\/v2\/product\/124135","targetHints":{"allow":["GET"]}}],"collection":[{"href":"https:\/\/www.delphos.com\/de\/wp-json\/wp\/v2\/product"}],"about":[{"href":"https:\/\/www.delphos.com\/de\/wp-json\/wp\/v2\/types\/product"}],"replies":[{"embeddable":true,"href":"https:\/\/www.delphos.com\/de\/wp-json\/wp\/v2\/comments?post=124135"}],"wp:featuredmedia":[{"embeddable":true,"href":"https:\/\/www.delphos.com\/de\/wp-json\/wp\/v2\/media\/128146"}],"wp:attachment":[{"href":"https:\/\/www.delphos.com\/de\/wp-json\/wp\/v2\/media?parent=124135"}],"wp:term":[{"taxonomy":"product_brand","embeddable":true,"href":"https:\/\/www.delphos.com\/de\/wp-json\/wp\/v2\/product_brand?post=124135"},{"taxonomy":"product_cat","embeddable":true,"href":"https:\/\/www.delphos.com\/de\/wp-json\/wp\/v2\/product_cat?post=124135"},{"taxonomy":"product_tag","embeddable":true,"href":"https:\/\/www.delphos.com\/de\/wp-json\/wp\/v2\/product_tag?post=124135"}],"curies":[{"name":"wp","href":"https:\/\/api.w.org\/{rel}","templated":true}]}}