{"id":124820,"date":"2023-04-14T14:52:09","date_gmt":"2023-04-14T12:52:09","guid":{"rendered":"https:\/\/www.venetiastudium.com\/?post_type=product&#038;p=124820"},"modified":"2024-08-07T10:02:48","modified_gmt":"2024-08-07T08:02:48","slug":"smoke-brown-13c55lab-39k","status":"publish","type":"product","link":"https:\/\/www.delphos.com\/de\/shop\/kissen\/labirinto-samtkissen\/smoke-brown-13c55lab-39k\/","title":{"rendered":"Quadratisches Kissen aus bedrucktem Samt | Labirinto Taupe"},"content":{"rendered":"<p>Das Labirinto-Kissen von Delphos wird in Venedig mit einer sorgf\u00e4ltigen Auswahl von hochwertigen Materialien handgefertigt. Diese Kissen sind perfekt als Einrichtungselemente f\u00fcr klassische oder moderne Innenr\u00e4ume. <\/p>\n","protected":false},"excerpt":{"rendered":"<p>Die Labirinto-Kissen von Delphos werden in Venedig mit einer sorgf\u00e4ltigen Auswahl von hochwertigen Materialien handgefertigt.<\/p>\n","protected":false},"featured_media":128327,"comment_status":"open","ping_status":"closed","template":"","meta":{"_acf_changed":false},"product_brand":[],"product_cat":[397,6941],"product_tag":[],"class_list":{"0":"post-124820","1":"product","2":"type-product","3":"status-publish","4":"has-post-thumbnail","6":"product_cat-kissen","7":"product_cat-labirinto-samtkissen","8":"product_shipping_class-standard-de","9":"pa_color-taupe-de","10":"pa_material-samt-viskose-59-baumwolle-41","11":"pa_print-style-labirinto-de","12":"yith_product_brand-delphos-de","14":"first","15":"instock","16":"taxable","17":"shipping-taxable","18":"purchasable","19":"product-type-variable"},"acf":[],"_links":{"self":[{"href":"https:\/\/www.delphos.com\/de\/wp-json\/wp\/v2\/product\/124820","targetHints":{"allow":["GET"]}}],"collection":[{"href":"https:\/\/www.delphos.com\/de\/wp-json\/wp\/v2\/product"}],"about":[{"href":"https:\/\/www.delphos.com\/de\/wp-json\/wp\/v2\/types\/product"}],"replies":[{"embeddable":true,"href":"https:\/\/www.delphos.com\/de\/wp-json\/wp\/v2\/comments?post=124820"}],"wp:featuredmedia":[{"embeddable":true,"href":"https:\/\/www.delphos.com\/de\/wp-json\/wp\/v2\/media\/128327"}],"wp:attachment":[{"href":"https:\/\/www.delphos.com\/de\/wp-json\/wp\/v2\/media?parent=124820"}],"wp:term":[{"taxonomy":"product_brand","embeddable":true,"href":"https:\/\/www.delphos.com\/de\/wp-json\/wp\/v2\/product_brand?post=124820"},{"taxonomy":"product_cat","embeddable":true,"href":"https:\/\/www.delphos.com\/de\/wp-json\/wp\/v2\/product_cat?post=124820"},{"taxonomy":"product_tag","embeddable":true,"href":"https:\/\/www.delphos.com\/de\/wp-json\/wp\/v2\/product_tag?post=124820"}],"curies":[{"name":"wp","href":"https:\/\/api.w.org\/{rel}","templated":true}]}}