{"id":131545,"date":"2023-10-26T12:29:31","date_gmt":"2023-10-26T10:29:31","guid":{"rendered":"https:\/\/www.delphos.com\/shop\/uncategorized\/furrowed-velvet-rounded-tobacco-brown-cushion\/"},"modified":"2024-09-26T14:26:26","modified_gmt":"2024-09-26T12:26:26","slug":"furrowed-velvet-rounded-tobacco-brown-cushion","status":"publish","type":"product","link":"https:\/\/www.delphos.com\/de\/shop\/kissen\/runde-kissen\/furrowed-velvet-rounded-tobacco-brown-cushion\/","title":{"rendered":"Gekr\u00e4uselter Samt rundes tabakbraunes Kissen"},"content":{"rendered":"<p>Dieses runde, gefurchte Samtkissen hat einen Durchmesser von 40 cm, besteht aus Seidensamt und hat eine F\u00fcllung aus 100% nat\u00fcrlicher Gans.<\/p>\n","protected":false},"excerpt":{"rendered":"<p>Dieses Kissen hat einen Durchmesser von 40cm, ist aus 100% Seidensamtstoff, 100% nat\u00fcrliche G\u00e4nsefederf\u00fcllung.<\/p>\n","protected":false},"featured_media":128976,"comment_status":"closed","ping_status":"closed","template":"","meta":{"_acf_changed":false},"product_brand":[],"product_cat":[397,8980],"product_tag":[],"class_list":{"0":"post-131545","1":"product","2":"type-product","3":"status-publish","4":"has-post-thumbnail","6":"product_cat-kissen","7":"product_cat-runde-kissen","8":"pa_color-tabakbraun","9":"pa_material-seidensamt-80-viskose-20-seide","10":"yith_product_brand-delphos-de","12":"first","13":"instock","14":"taxable","15":"shipping-taxable","16":"purchasable","17":"product-type-simple"},"acf":[],"_links":{"self":[{"href":"https:\/\/www.delphos.com\/de\/wp-json\/wp\/v2\/product\/131545","targetHints":{"allow":["GET"]}}],"collection":[{"href":"https:\/\/www.delphos.com\/de\/wp-json\/wp\/v2\/product"}],"about":[{"href":"https:\/\/www.delphos.com\/de\/wp-json\/wp\/v2\/types\/product"}],"replies":[{"embeddable":true,"href":"https:\/\/www.delphos.com\/de\/wp-json\/wp\/v2\/comments?post=131545"}],"wp:featuredmedia":[{"embeddable":true,"href":"https:\/\/www.delphos.com\/de\/wp-json\/wp\/v2\/media\/128976"}],"wp:attachment":[{"href":"https:\/\/www.delphos.com\/de\/wp-json\/wp\/v2\/media?parent=131545"}],"wp:term":[{"taxonomy":"product_brand","embeddable":true,"href":"https:\/\/www.delphos.com\/de\/wp-json\/wp\/v2\/product_brand?post=131545"},{"taxonomy":"product_cat","embeddable":true,"href":"https:\/\/www.delphos.com\/de\/wp-json\/wp\/v2\/product_cat?post=131545"},{"taxonomy":"product_tag","embeddable":true,"href":"https:\/\/www.delphos.com\/de\/wp-json\/wp\/v2\/product_tag?post=131545"}],"curies":[{"name":"wp","href":"https:\/\/api.w.org\/{rel}","templated":true}]}}