{"id":53036,"date":"2019-08-01T17:58:22","date_gmt":"2019-08-01T15:58:22","guid":{"rendered":"https:\/\/www.fortuny.shop\/shop\/unkategorisiert\/rundes-geriffeltes-samtkissen-in-schwarz\/"},"modified":"2024-09-26T14:51:47","modified_gmt":"2024-09-26T12:51:47","slug":"schwarz-6c40-72","status":"publish","type":"product","link":"https:\/\/www.delphos.com\/de\/shop\/kissen\/runde-kissen\/schwarz-6c40-72\/","title":{"rendered":"Schwarzes rundes Kissen aus gefurchtem Samt"},"content":{"rendered":"<p>Dieses runde, schwarze, gefurchte Samtkissen hat einen Durchmesser von 40 cm, ist aus Seidensamt gefertigt und mit 100% nat\u00fcrlicher G\u00e4nsef\u00fcllung.<\/p>\n","protected":false},"excerpt":{"rendered":"<p>Dieses Kissen hat einen Durchmesser von 40cm, ist aus 100% Seidensamtstoff, 100% nat\u00fcrliche G\u00e4nsefederf\u00fcllung.<\/p>\n","protected":false},"featured_media":128990,"comment_status":"open","ping_status":"closed","template":"","meta":{"_acf_changed":false},"product_brand":[],"product_cat":[397,8980],"product_tag":[],"class_list":{"0":"post-53036","1":"product","2":"type-product","3":"status-publish","4":"has-post-thumbnail","6":"product_cat-kissen","7":"product_cat-runde-kissen","8":"pa_color-schwarz","9":"pa_material-seidensamt-80-viskose-20-seide","10":"yith_product_brand-delphos-de","12":"first","13":"instock","14":"taxable","15":"shipping-taxable","16":"purchasable","17":"product-type-simple"},"acf":[],"_links":{"self":[{"href":"https:\/\/www.delphos.com\/de\/wp-json\/wp\/v2\/product\/53036","targetHints":{"allow":["GET"]}}],"collection":[{"href":"https:\/\/www.delphos.com\/de\/wp-json\/wp\/v2\/product"}],"about":[{"href":"https:\/\/www.delphos.com\/de\/wp-json\/wp\/v2\/types\/product"}],"replies":[{"embeddable":true,"href":"https:\/\/www.delphos.com\/de\/wp-json\/wp\/v2\/comments?post=53036"}],"wp:featuredmedia":[{"embeddable":true,"href":"https:\/\/www.delphos.com\/de\/wp-json\/wp\/v2\/media\/128990"}],"wp:attachment":[{"href":"https:\/\/www.delphos.com\/de\/wp-json\/wp\/v2\/media?parent=53036"}],"wp:term":[{"taxonomy":"product_brand","embeddable":true,"href":"https:\/\/www.delphos.com\/de\/wp-json\/wp\/v2\/product_brand?post=53036"},{"taxonomy":"product_cat","embeddable":true,"href":"https:\/\/www.delphos.com\/de\/wp-json\/wp\/v2\/product_cat?post=53036"},{"taxonomy":"product_tag","embeddable":true,"href":"https:\/\/www.delphos.com\/de\/wp-json\/wp\/v2\/product_tag?post=53036"}],"curies":[{"name":"wp","href":"https:\/\/api.w.org\/{rel}","templated":true}]}}