{"id":137193,"date":"2026-02-02T11:55:53","date_gmt":"2026-02-02T10:55:53","guid":{"rendered":"https:\/\/www.delphos.com\/?post_type=product&#038;p=137193"},"modified":"2026-02-02T14:12:44","modified_gmt":"2026-02-02T13:12:44","slug":"riassunto-powder-pink-7p3-74-ria","status":"publish","type":"product","link":"https:\/\/www.delphos.com\/en_us\/shop\/clothing-and-accessories-en_us\/handbags-en_us\/riassunto-powder-pink-7p3-74-ria\/","title":{"rendered":"Cl\u00e9o | Riassunto Powder Pink"},"content":{"rendered":"<p>Cl\u00e9o is a slim, flat pochette designed to hold the essentials with quiet elegance. Rectangular in shape and crafted in Venetian velvet, it is defined by its clean lines and soft texture, finished with a tassel placed at the top. Lightweight and understated, Cl\u00e9o is conceived as a discreet companion, designed to slip easily under the arm or be carried by hand.<br \/>\nThe bag is named after Cl\u00e9o de M\u00e9rode, the iconic French ballerina and model of the Belle \u00c9poque, contemporary to Mariano Fortuny. Celebrated for her distinctive style and refined silhouette, she embodied a modern idea of elegance at the turn of the 20th century. Her famous smooth, flat hairstyle framing the face resonates with the slender, linear character of the Cl\u00e9o pochette, a tribute to an era where grace, form and individuality were inseparable.<\/p>\n","protected":false},"excerpt":{"rendered":"<p>Cl\u00e9o is a slim, flat velvet pochette defined by clean lines and a discreet tassel placed at the top.<br \/>\nIt was named after Cl\u00e9o de M\u00e9rode, the iconic ballerina and fashion figure of the Belle \u00c9poque, contemporary to Mariano Fortuny.<\/p>\n","protected":false},"featured_media":137196,"comment_status":"open","ping_status":"closed","template":"","meta":{"_acf_changed":false},"product_brand":[],"product_cat":[9266,9227],"product_tag":[],"class_list":{"0":"post-137193","1":"product","2":"type-product","3":"status-publish","4":"has-post-thumbnail","6":"product_cat-cleo","7":"product_cat-handbags-en_us","8":"product_shipping_class-standard-en_us","9":"pa_material-silk-velvet-80-viscose-20-silk-en_us","10":"yith_product_brand-delphos-us","12":"first","13":"instock","14":"taxable","15":"shipping-taxable","16":"purchasable","17":"product-type-simple"},"acf":[],"_links":{"self":[{"href":"https:\/\/www.delphos.com\/en_us\/wp-json\/wp\/v2\/product\/137193","targetHints":{"allow":["GET"]}}],"collection":[{"href":"https:\/\/www.delphos.com\/en_us\/wp-json\/wp\/v2\/product"}],"about":[{"href":"https:\/\/www.delphos.com\/en_us\/wp-json\/wp\/v2\/types\/product"}],"replies":[{"embeddable":true,"href":"https:\/\/www.delphos.com\/en_us\/wp-json\/wp\/v2\/comments?post=137193"}],"wp:featuredmedia":[{"embeddable":true,"href":"https:\/\/www.delphos.com\/en_us\/wp-json\/wp\/v2\/media\/137196"}],"wp:attachment":[{"href":"https:\/\/www.delphos.com\/en_us\/wp-json\/wp\/v2\/media?parent=137193"}],"wp:term":[{"taxonomy":"product_brand","embeddable":true,"href":"https:\/\/www.delphos.com\/en_us\/wp-json\/wp\/v2\/product_brand?post=137193"},{"taxonomy":"product_cat","embeddable":true,"href":"https:\/\/www.delphos.com\/en_us\/wp-json\/wp\/v2\/product_cat?post=137193"},{"taxonomy":"product_tag","embeddable":true,"href":"https:\/\/www.delphos.com\/en_us\/wp-json\/wp\/v2\/product_tag?post=137193"}],"curies":[{"name":"wp","href":"https:\/\/api.w.org\/{rel}","templated":true}]}}