{"id":116020,"date":"2022-05-02T16:10:44","date_gmt":"2022-05-02T14:10:44","guid":{"rendered":"https:\/\/www.fortuny.shop\/?page_id=116020"},"modified":"2022-05-03T11:29:32","modified_gmt":"2022-05-03T09:29:32","slug":"fortuny-day-2022-es","status":"publish","type":"page","link":"https:\/\/www.delphos.com\/es\/fortuny-day-2022-es\/","title":{"rendered":"Fortuny Day 2022"},"content":{"rendered":"\n  <div class=\"banner has-hover has-parallax\" id=\"banner-1480785328\">\n          <div class=\"banner-inner fill\">\n        <div class=\"banner-bg fill\" data-parallax=\"-1\" data-parallax-container=\".banner\" data-parallax-background>\n            <img loading=\"lazy\" decoding=\"async\" width=\"2560\" height=\"1096\" src=\"https:\/\/www.delphos.com\/wp-content\/uploads\/2022\/05\/mariano-seppia-header4.jpg\" class=\"bg attachment-original size-original\" alt=\"\" \/>                                    \n                    <\/div>\n\t\t\n        <div class=\"banner-layers container\">\n            <div class=\"fill banner-link\"><\/div>             \t<div class=\"img has-hover x50 md-x5 lg-x0 y15 md-y15 lg-y15\" id=\"image_431640820\">\n\t\t\t\t\t\t\t\t<div class=\"img-inner dark\" >\n\t\t\t<img loading=\"lazy\" decoding=\"async\" width=\"640\" height=\"315\" src=\"https:\/\/www.delphos.com\/wp-content\/uploads\/2022\/05\/day-22-logo.png\" class=\"attachment-large size-large\" alt=\"Day logo\" \/>\t\t\t\t\t\t\n\t\t\t\t\t<\/div>\n\t\t\t\t\t\t\t\t\n<style>\n#image_431640820 {\n  width: 66%;\n}\n@media (min-width:550px) {\n  #image_431640820 {\n    width: 34%;\n  }\n}\n<\/style>\n\t<\/div>\n\t \t<div class=\"img has-hover x15 md-x5 lg-x0 y50 md-y60 lg-y70\" id=\"image_555564412\">\n\t\t\t\t\t\t\t\t<div class=\"img-inner dark\" >\n\t\t\t<img loading=\"lazy\" decoding=\"async\" width=\"192\" height=\"122\" src=\"https:\/\/www.delphos.com\/wp-content\/uploads\/2022\/05\/day-22-logo-may11.png\" class=\"attachment-large size-large\" alt=\"May 11th  Day\" \/>\t\t\t\t\t\t\n\t\t\t\t\t<\/div>\n\t\t\t\t\t\t\t\t\n<style>\n#image_555564412 {\n  width: 27%;\n}\n@media (min-width:550px) {\n  #image_555564412 {\n    width: 12%;\n  }\n}\n<\/style>\n\t<\/div>\n\t    <div id=\"text-box-1915444450\" class=\"text-box banner-layer x50 md-x5 lg-x0 y85 md-y90 lg-y90 res-text\">\n                                <div class=\"text-box-content text dark\">\n              \n              <div class=\"text-inner text-center\">\n                   \t<div id=\"text-3996842323\" class=\"text\">\n\t\t\n<p>Mariano Fortuny naci\u00f3 en Granada el 11 de mayo de 1871.<br \/>Se mud\u00f3 a Venecia en 1889, donde pas\u00f3 el resto de su carrera art\u00edstica.<\/p>\n\t\t\n<style>\n#text-3996842323 {\n  font-size: 1.15rem;\n  text-align: left;\n}\n<\/style>\n\t<\/div>\n\t               <\/div>\n           <\/div>\n                            \n<style>\n#text-box-1915444450 {\n  width: 69%;\n}\n#text-box-1915444450 .text-box-content {\n  font-size: 100%;\n}\n@media (min-width:550px) {\n  #text-box-1915444450 {\n    width: 58%;\n  }\n}\n<\/style>\n    <\/div>\n          <\/div>\n      <\/div>\n\n            \n<style>\n#banner-1480785328 {\n  padding-top: 650px;\n}\n#banner-1480785328 .banner-bg img {\n  object-position: 70% 39%;\n}\n@media (min-width:550px) {\n  #banner-1480785328 {\n    padding-top: 600px;\n  }\n}\n<\/style>\n  <\/div>\n\n <div class=\"row align-center\"  id=\"row-1568052555\"> \n\t<div id=\"col-436700634\" class=\"col small-12 large-12\"  >\n\t\t\t\t<div class=\"col-inner\"  >\n\t\t\t\n\t\t\t \t<div id=\"text-1340893591\" class=\"text\">\n\t\t\n<h1 style=\"text-align: center; font-size: 2.5rem; color: #857657; margin-bottom: 2rem;\">Artista, fot\u00f3grafo, dise\u00f1ador<\/h1>\n<p><strong>Mariano Fortuny<\/strong>, hijo del artista hom\u00f3nimo y de Cecilia de Madrazo y Garreta, hered\u00f3 de su padre la pasi\u00f3n por la pintura, pero sus m\u00faltiples talentos se manifestaron en las artes aplicadas.<\/p>\n<p class=\"p1\">Despu\u00e9s de una infancia marcada por la muerte prematura de su padre y en la que vivi\u00f3 en Par\u00eds, Biarritz y Madrid, se instal\u00f3 permanentemente en Venecia, en el palacio Martinengo, con su madre y su hermana Luisa. Entre 1898 y 1906 compr\u00f3 el\u00a0<strong>palacio Pesaro degli Orfei<\/strong>\u00a0en San Beneto. Fue precisamente en la planta superior de este edificio, donde vivi\u00f3 con\u00a0<strong>Henriette Negrin<\/strong>, a la que conoci\u00f3 en Par\u00eds en 1902 y que estaba destinada a convertirse en su musa y esposa, donde inici\u00f3 su aventura en el campo textil. Henriette compart\u00eda los c\u00e1nones est\u00e9ticos y las pasiones de su esposo y realiz\u00f3 los primeros experimentos estampando con matrices de madera para crear el chal\u00a0<strong>Knossos<\/strong>. Seg\u00fan aparece en la nota al margen manuscrita que figura en la patente, Fortuny reconoci\u00f3 que su esposa era la aut\u00e9ntica dise\u00f1adora de la t\u00fanica\u00a0<strong>Delphos<\/strong>, inspirada en el chit\u00f3n i\u00f3nico de la Auriga. El palacio Orfei se convirti\u00f3 en su taller, el lugar donde nacieron sus revolucionarias creaciones, piedras angulares de la historia del dise\u00f1o y la moda, y donde sus amigos y clientes se reun\u00edan.<\/p>\n<p class=\"p1\">La\u00a0<strong>tela plisada<\/strong>, la\u00a0<strong>b\u00f3veda plegable<\/strong>, las<strong>\u00a0l\u00e1mparas de seda<\/strong>, un\u00a0<strong>sistema de estampado multicolor<\/strong>, un dispositivo que var\u00eda la intensidad de las fuentes de iluminaci\u00f3n \u2013 el primer\u00a0<strong>interruptor de regulaci\u00f3n de la luz<\/strong>\u00a0\u2013 y un nuevo m\u00e9todo para\u00a0<strong>grabar placas fotogr\u00e1ficas<\/strong>: la creatividad de los dos artistas se manifest\u00f3 de diferentes formas a lo largo de los a\u00f1os, pero siempre fue expresi\u00f3n de una curiosidad ilimitada que los animaba a buscar sin cesar nuevas soluciones para obtener nuevos resultados.<\/p>\n<p class=\"p1\">Mariano Fortuny muri\u00f3 en 1949. Sola e incapaz de dirigir la f\u00e1brica de la isla de Giudecca, donde se estampaban las telas de algod\u00f3n con las m\u00e1quinas que hab\u00eda dise\u00f1ado Mariano, Henriette la vendi\u00f3, al igual que los derechos de la marca relativos al algod\u00f3n y a los papeles pintados. No obstante, conserv\u00f3 los derechos para la elaboraci\u00f3n de los terciopelos y sedas que se realizaban en su taller del palacio Orfei, donde sigui\u00f3 produciendo varios a\u00f1os con sus trabajadores.<\/p>\n<p class=\"p1\">Fue el viaje de una vida,\u00a0<strong>de Granada a Venecia<\/strong>. El legado creativo de los artistas parec\u00eda haberse perdido, pero un joven veneciano curioso, que visitaba con frecuencia el palacio Fortuny, convertido ya en museo, saco a la luz los secretos de sus maravillas: telas, l\u00e1mparas difusores, vestidos, terciopelos\u2026<\/p>\n<p class=\"p1\">Estos m\u00e1gicos objetos, que lo hab\u00edan dejado fascinado, deb\u00edan ser admirados por todos, no pod\u00edan desaparecer con sus creadores. A la vista de un tesoro semejante, el entusiasmo por el descubrimiento aument\u00f3. Durante meses, este joven y varios colaboradores hojearon las notas del \u00abmago\u00bb, analizaron las telas y observaron cuidadosamente los pliegues de las prendas buscando sus secretos m\u00e1s rec\u00f3nditos para poder reconstruir un taller que conservara sus tecnolog\u00edas y m\u00e9todos. En 1984 se perfeccion\u00f3 por fin el procedimiento de plisado y el sistema de estampado manual de la seda y el terciopelo, de forma que fue posible volver a crear complementos y prendas.\u00a0<strong>As\u00ed fue como Lino Lando volvi\u00f3 a fundar el taller del palacio Orfei de Venecia<\/strong>\u00a0y retom\u00f3 la producci\u00f3n artesanal de sedas, terciopelos, l\u00e1mparas, ropa, complementos y perfumes.<\/p>\n<p class=\"p1\">La colecci\u00f3n\u00a0<strong>Studio 1907<\/strong>, integrada por los famosos difusores que dise\u00f1\u00f3 Mariano Fortuny, es uno de los productos que se proponen. Estos objetos de dise\u00f1o, elegidos por los arquitectos y los decoradores de interiores de todo el mundo, son los primeros ejemplos de l\u00e1mparas con luz difusa, que a\u00fan no han sido superadas en tecnolog\u00eda y elegancia, y que son adecuadas para interiores cl\u00e1sicos, modernos o de vanguardia.<\/p>\n<p class=\"p1\">Por \u00faltimo, aunque no menos importante, la empresa produce art\u00edculos de decoraci\u00f3n como cojines y tapices con la marca\u00a0<strong>Delphos<\/strong>.<\/p>\n<p class=\"p1\">Cada producto es una obra maestra de artesan\u00eda. Las famosas l\u00e1mparas de seda y los vestidos de inspiraci\u00f3n griega siguen dise\u00f1\u00e1ndose, pint\u00e1ndose y estamp\u00e1ndose a mano con el mismo cuidado con el que lo hac\u00edan Mariano Fortuny y Henriette, cuya valiosa herencia art\u00edstica sigue viva gracias al\u00a0<strong>Atelier Fortuny Venezia<\/strong>.<\/p>\n\t\t\n<style>\n#text-1340893591 {\n  color: rgb(50, 50, 50);\n}\n#text-1340893591 > * {\n  color: rgb(50, 50, 50);\n}\n<\/style>\n\t<\/div>\n\t \t\t<\/div>\n\t\t\t\t\t<\/div>\n\n\t \n<style>\n#row-1568052555 > .col > .col-inner {\n  padding: 30px 0px 30px 0px;\n}\n<\/style>\n<\/div> <div class=\"row row-collapse row-full-width\"  id=\"row-491829167\"> \n\t<div id=\"col-1708991132\" class=\"col small-12 large-12\"  >\n\t\t\t\t<div class=\"col-inner\"  >\n\t\t\t\n\t\t\t \t<div id=\"text-3123194348\" class=\"text\">\n\t\t\n<h1 style=\"color: #857657;\">M\u00e1s sobre Mariano Fortuny del blog<\/h1>\n\t\t\n<style>\n#text-3123194348 {\n  text-align: center;\n}\n<\/style>\n\t<\/div>\n\t <div class=\"text-center\"><div class=\"is-divider divider clearfix\" ><\/div><\/div> \t\t<\/div>\n\t\t\t\t\t<\/div>\n\n\t <\/div>\n<div class=\"row row-collapse row-full-width\"  id=\"row-1155985578\"> \n\t<div id=\"col-1965497676\" class=\"col small-12 large-12\"  >\n\t\t\t\t<div class=\"col-inner\"  >\n\t\t\t\n\t\t\t   <style>\n    #row-1899514467 .grid-col-1{height: 600px}\n    #row-1899514467 .grid-col-1-2{height: 300px}\n    #row-1899514467 .grid-col-1-3{height:200px}\n    #row-1899514467 .grid-col-2-3{height: 400px}\n    #row-1899514467 .grid-col-1-4{height: 150px}\n    #row-1899514467 .grid-col-3-4{height: 450px}\n\n\n        \/* Tablet *\/\n    @media (max-width: 850px){\n      #row-1899514467 .grid-col-1{height: 400px}\n      #row-1899514467 .grid-col-1-2{height: 200px}\n      #row-1899514467 .grid-col-1-3{height:133.33333333333px}\n      #row-1899514467 .grid-col-2-3{height: 266.66666666667px}\n      #row-1899514467 .grid-col-1-4{height: 100px}\n      #row-1899514467 .grid-col-3-4{height: 300px}\n    }\n    \n        \/* Mobile *\/\n    @media (max-width: 550px){\n      #row-1899514467 .grid-col-1{height: 400px}\n      #row-1899514467 .grid-col-1-2{height: 200px}\n      #row-1899514467 .grid-col-1-3{height:133.33333333333px}\n      #row-1899514467 .grid-col-2-3{height: 266.66666666667px}\n      #row-1899514467 .grid-col-1-4{height: 100px}\n      #row-1899514467 .grid-col-3-4{height: 300px}\n    }\n    \n\n  <\/style>\n  \n  \n    <div id=\"row-1899514467\" class=\"row row-full-width has-shadow row-box-shadow-1 row-grid\" data-packery-options='{\"itemSelector\": \".col\", \"gutter\": 0, \"presentageWidth\" : true}'>\n\n  <\/div> \t\t<\/div>\n\t\t\t\t\t<\/div>\n\n\t \n<style>\n#row-1155985578 > .col > .col-inner {\n  background-color: rgb(0,0,0);\n}\n<\/style>\n<\/div>\n","protected":false},"excerpt":{"rendered":"","protected":false},"author":337,"featured_media":0,"parent":0,"menu_order":0,"comment_status":"closed","ping_status":"closed","template":"page-blank.php","meta":{"_acf_changed":false,"footnotes":""},"class_list":["post-116020","page","type-page","status-publish","hentry"],"acf":[],"_links":{"self":[{"href":"https:\/\/www.delphos.com\/es\/wp-json\/wp\/v2\/pages\/116020","targetHints":{"allow":["GET"]}}],"collection":[{"href":"https:\/\/www.delphos.com\/es\/wp-json\/wp\/v2\/pages"}],"about":[{"href":"https:\/\/www.delphos.com\/es\/wp-json\/wp\/v2\/types\/page"}],"author":[{"embeddable":true,"href":"https:\/\/www.delphos.com\/es\/wp-json\/wp\/v2\/users\/337"}],"replies":[{"embeddable":true,"href":"https:\/\/www.delphos.com\/es\/wp-json\/wp\/v2\/comments?post=116020"}],"version-history":[{"count":3,"href":"https:\/\/www.delphos.com\/es\/wp-json\/wp\/v2\/pages\/116020\/revisions"}],"predecessor-version":[{"id":116171,"href":"https:\/\/www.delphos.com\/es\/wp-json\/wp\/v2\/pages\/116020\/revisions\/116171"}],"wp:attachment":[{"href":"https:\/\/www.delphos.com\/es\/wp-json\/wp\/v2\/media?parent=116020"}],"curies":[{"name":"wp","href":"https:\/\/api.w.org\/{rel}","templated":true}]}}