{"id":11692,"date":"2019-07-29T14:39:57","date_gmt":"2019-07-29T12:39:57","guid":{"rendered":"https:\/\/www.fortuny.shop\/?page_id=11692"},"modified":"2020-02-28T09:56:31","modified_gmt":"2020-02-28T08:56:31","slug":"envios-y-devoluciones","status":"publish","type":"page","link":"https:\/\/www.delphos.com\/es\/envios-y-devoluciones\/","title":{"rendered":"Env\u00edos y devoluciones"},"content":{"rendered":"\r\n<h2 class=\"wp-block-heading\"><\/h2>\r\n<h1 class=\"wp-block-heading\"><span lang=\"EN-US\">Env\u00edos<\/span><\/h1>\r\n<p>Hacemos env\u00edos internacionales. Los aranceles correspondientes a los pedidos internacionales corren a cargo del cliente. Los gastos de env\u00edo se a\u00f1adir\u00e1n a tu pedido mientras realizas la compra y depender\u00e1n del pa\u00eds al que quieres que te lo enviemos. Para ciertos importes y pa\u00edses el env\u00edo es gratuito.<\/p>\r\n<h1><span lang=\"EN-US\">Derechos de aduanas, aranceles e impuestos<\/span><\/h1>\r\n<div>Al realizar un pedido en fortuny.shop, fortuny.uk, fortuny.it, fortuny.fr, fortuny.com.es, fortuny.de, usted es responsable de garantizar que el producto pueda importarse legalmente al destino.<\/div>\r\n<div>El destinatario es el importador registrado y debe cumplir con todas las leyes y regulaciones del destino. Los pedidos enviados fuera de la Comunidad Econ\u00f3mica Europea pueden estar sujetos a impuestos de importaci\u00f3n, derechos de aduana y tasas recaudados por el pa\u00eds de destino. El destinatario de un env\u00edo internacional puede estar sujeto a dichos impuestos de importaci\u00f3n, derechos de aduana y tarifas, que se cobran una vez que un env\u00edo llega al pa\u00eds del destinatario. El destinatario debe pagar los cargos adicionales por el despacho de aduana; Delphos Srl no tiene control sobre estos cargos, ni puede predecir cu\u00e1les pueden ser.<\/div>\r\n<h1>Da\u00f1os<\/h1>\r\n<p>Inspecciona inmediatamente el producto cuando lo recibas y comunica cualquier da\u00f1o a la empresa en un plazo de 24 horas. El cliente es totalmente responsable de los da\u00f1os que no haya comunicado en las 24 horas siguientes a la recepci\u00f3n. Te aconsejamos recurrir a un electricista para instalar los elementos de iluminaci\u00f3n. Delphos Srl se exime de toda responsabilidad por los da\u00f1os o defectos debidos a una instalaci\u00f3n incorrecta.<\/p>\r\n<h1><span lang=\"EN-US\">Pol\u00edtica de devoluciones<\/span><\/h1>\r\n<p><span lang=\"EN-US\">Es posible devolver los art\u00edculos, pero para ello es necesaria una autorizaci\u00f3n v\u00e1lida que puede solicitarse escribiendo el servicio de atenci\u00f3n al cliente,a la direcci\u00f3n <\/span><span lang=\"EN-US\"><a href=\"mailto:info@fortuny.shop\">info@fortuny.shop<\/a><\/span><\/p>\r\n<ol>\r\n<li>Nombre y direcci\u00f3n completa<\/li>\r\n<li>N\u00famero de pedido<\/li>\r\n<li>Art\u00edculos devueltos<\/li>\r\n<li>Raz\u00f3n de la devoluci\u00f3n<\/li>\r\n<\/ol>\r\n<p><span lang=\"EN-US\">Presta mucha atenci\u00f3n a los siguientes puntos:<\/span><\/p>\r\n<ul>\r\n<li>Controla los paquetes nada m\u00e1s recibirlos. Delphos Srl no ser\u00e1 responsable de los productos perdidos o da\u00f1ados si esta circunstancia no se notifica en las 24 horas siguientes a la recepci\u00f3n.<\/li>\r\n<li>Los productos rebajados no se pueden devolver. Los productos rebajados defectuosos se reparar\u00e1n o cambiar\u00e1n a discreci\u00f3n de la empresa.<\/li>\r\n<li>Los productos ya instalados o que ya no se encuentren en su cart\u00f3n o embalaje original no se pueden devolver.<\/li>\r\n<li>Te acreditaremos en tu cuenta cuando hayamos examinado la devoluci\u00f3n y hayamos comprobado que es v\u00e1lida.<\/li>\r\n<\/ul>\r\n\r\n\r\n","protected":false},"excerpt":{"rendered":"<p>Env\u00edos Hacemos env\u00edos internacionales. Los aranceles correspondientes a los pedidos internacionales corren a cargo del cliente. Los gastos de env\u00edo se a\u00f1adir\u00e1n a tu pedido mientras realizas la compra y depender\u00e1n del pa\u00eds al que quieres que te lo enviemos. Para ciertos importes y pa\u00edses el env\u00edo es gratuito. Derechos de aduanas, aranceles e impuestos [&#8230;]\n","protected":false},"author":337,"featured_media":0,"parent":0,"menu_order":0,"comment_status":"closed","ping_status":"closed","template":"page-blank-title-center.php","meta":{"_acf_changed":false,"footnotes":""},"class_list":["post-11692","page","type-page","status-publish","hentry"],"acf":[],"_links":{"self":[{"href":"https:\/\/www.delphos.com\/es\/wp-json\/wp\/v2\/pages\/11692","targetHints":{"allow":["GET"]}}],"collection":[{"href":"https:\/\/www.delphos.com\/es\/wp-json\/wp\/v2\/pages"}],"about":[{"href":"https:\/\/www.delphos.com\/es\/wp-json\/wp\/v2\/types\/page"}],"author":[{"embeddable":true,"href":"https:\/\/www.delphos.com\/es\/wp-json\/wp\/v2\/users\/337"}],"replies":[{"embeddable":true,"href":"https:\/\/www.delphos.com\/es\/wp-json\/wp\/v2\/comments?post=11692"}],"version-history":[{"count":0,"href":"https:\/\/www.delphos.com\/es\/wp-json\/wp\/v2\/pages\/11692\/revisions"}],"wp:attachment":[{"href":"https:\/\/www.delphos.com\/es\/wp-json\/wp\/v2\/media?parent=11692"}],"curies":[{"name":"wp","href":"https:\/\/api.w.org\/{rel}","templated":true}]}}