{"id":3867,"date":"2019-05-21T14:58:28","date_gmt":"2019-05-21T12:58:28","guid":{"rendered":"\/sobre-nosotros\/"},"modified":"2020-03-02T15:51:59","modified_gmt":"2020-03-02T14:51:59","slug":"sobre-nosotros","status":"publish","type":"page","link":"https:\/\/www.delphos.com\/es\/sobre-nosotros\/","title":{"rendered":"Sobre nosotros"},"content":{"rendered":"\r\n\n  <div class=\"banner has-hover has-parallax\" id=\"banner-295500117\">\n          <div class=\"banner-inner fill\">\n        <div class=\"banner-bg fill\" data-parallax=\"-1\" data-parallax-container=\".banner\" data-parallax-background>\n            <img loading=\"lazy\" decoding=\"async\" width=\"2000\" height=\"2000\" src=\"https:\/\/www.delphos.com\/wp-content\/uploads\/2019\/07\/atelier-venice-book.jpg\" class=\"bg attachment-original size-original\" alt=\"Atelier Venice book\" \/>                        <div class=\"overlay\"><\/div>            \n                    <\/div>\n\t\t\n        <div class=\"banner-layers container\">\n            <div class=\"fill banner-link\"><\/div>                <div id=\"text-box-1363700655\" class=\"text-box banner-layer x50 md-x50 lg-x50 y30 md-y30 lg-y30 res-text\">\n                                <div class=\"text-box-content text dark\">\n              \n              <div class=\"text-inner text-center\">\n                  \r\n<h1>Sobre nosotros<\/h1>\r\n<p class=\"lead\">Una historia de talento creativo y artesan\u00eda que inici\u00f3 hace m\u00e1s de 100 a\u00f1os.<\/p>\r\n              <\/div>\n           <\/div>\n                            \n<style>\n#text-box-1363700655 {\n  width: 90%;\n}\n#text-box-1363700655 .text-box-content {\n  font-size: 130%;\n}\n@media (min-width:550px) {\n  #text-box-1363700655 {\n    width: 60%;\n  }\n  #text-box-1363700655 .text-box-content {\n    font-size: 100%;\n  }\n}\n<\/style>\n    <\/div>\n          <\/div>\n      <\/div>\n\n            \n<style>\n#banner-295500117 {\n  padding-top: 500px;\n}\n#banner-295500117 .overlay {\n  background-color: rgba(0, 0, 0, 0.49);\n}\n#banner-295500117 .banner-bg img {\n  object-position: 0% 73%;\n}\n<\/style>\n  <\/div>\n\n\r\n<div class=\"row align-center\"  id=\"row-598830034\"> \n\t<div id=\"col-1735102057\" class=\"col medium-6 small-12 large-6\"  >\n\t\t\t\t<div class=\"col-inner\"  >\n\t\t\t\n\t\t\t\r\n<blockquote><span style=\"font-size: 80%; line-height: 0.8em; color: #66542a;\">El vestido Fortuny que Albertine luc\u00eda esa noche me pareci\u00f3 la sombra tentadora de esa invisible Venecia. Estaba totalmente cubierto de motivos arabescos, como Venecia, como los palacios ocultos de Venecia, como las maneras de las sultanas tras un velo perforado de piedra, como las encuadernaciones de la Biblioteca Ambrosiana, como las columnas cuyos p\u00e1jaros orientales que simbolizan alternativamente la muerte y la vida, se repet\u00edan en el brillo de la tela, de color azul intenso, que, a medida que mis ojos la penetraban se transformaba en oro maleable, con las mismas transmutaciones que, al pasar las g\u00f3ndolas, cambian el metal ardiente en el azul del Gran Canal. Las mangas estaban forradas del rosa cereza tan t\u00edpicamente veneciano, que se denomina rosa Tiepolo.<\/span><\/blockquote>\r\n<p style=\"text-align: right;\"><span style=\"color: #66542a;\"><em>A la b\u00fasqueda del tiempo perdido<\/em><\/span> <strong><span style=\"color: #66542a;\">Marcel Proust<\/span><\/strong><\/p>\r\n\t\t<\/div>\n\t\t\t\t\t<\/div>\n\n\t \n\t<div id=\"col-2146537632\" class=\"col medium-6 small-12 large-6\"  data-animate=\"fadeInUp\">\n\t\t\t\t<div class=\"col-inner\"  >\n\t\t\t\n\t\t\t \n  <div class=\"banner has-hover bg-overlay-remove-50\" id=\"banner-1572088651\">\n          <div class=\"banner-inner fill\">\n        <div class=\"banner-bg fill\" >\n            <img loading=\"lazy\" decoding=\"async\" width=\"723\" height=\"1000\" src=\"https:\/\/www.delphos.com\/wp-content\/uploads\/2019\/05\/mariano-1.jpg\" class=\"bg attachment-original size-original\" alt=\"Mariano\" \/>                        <div class=\"overlay\"><\/div>            \n                    <\/div>\n\t\t\n        <div class=\"banner-layers container\">\n            <a class=\"fill\" href=\"\/sobre-nosotros\/mariano-fortuny\"><div class=\"fill banner-link\"><\/div><\/a>                <div id=\"text-box-1648929265\" class=\"text-box banner-layer x50 md-x50 lg-x50 y50 md-y50 lg-y50 res-text\">\n                                <div class=\"text-box-content text dark\">\n              \n              <div class=\"text-inner text-center\">\n                  \r\n<h3 class=\"uppercase\">SOBRE MARIANO FORTUNY<\/h3>\r\n<a href=\"\/sobre-nosotros\/mariano-fortuny\" class=\"button primary is-outline is-larger\" style=\"border-radius:99px;\">\n\t\t<span>Descubre<\/span>\n\t<\/a>\n               <\/div>\n           <\/div>\n                            \n<style>\n#text-box-1648929265 {\n  width: 60%;\n}\n#text-box-1648929265 .text-box-content {\n  font-size: 100%;\n}\n<\/style>\n    <\/div>\n          <\/div>\n      <\/div>\n\n            \n<style>\n#banner-1572088651 {\n  padding-top: 60%;\n}\n#banner-1572088651 .overlay {\n  background-color: rgba(0, 0, 0, 0.4);\n}\n@media (min-width:550px) {\n  #banner-1572088651 {\n    padding-top: 580px;\n  }\n}\n@media (min-width:850px) {\n  #banner-1572088651 {\n    padding-top: 500px;\n  }\n}\n<\/style>\n  <\/div>\n\n \t\t<\/div>\n\t\t\t\t\t<\/div>\n\n\t <\/div>\r\n<div class=\"row align-center\"  id=\"row-153068456\"> \n\t<div id=\"col-151187842\" class=\"col small-12 large-12\"  >\n\t\t\t\t<div class=\"col-inner\"  >\n\t\t\t\n\t\t\t La nuestra es una historia de curiosidad y genio creativo que inici\u00f3 en 1871 en Espa\u00f1a, en Granada. En esta ciudad andaluza de atm\u00f3sferas orientales, que se remontan a la \u00e9poca de la dominaci\u00f3n \u00e1rabe, naci\u00f3 el que despu\u00e9s ser\u00eda conocido como el <strong>Leonardo da Vinci del siglo XX<\/strong>. <strong>Mariano Fortuny<\/strong>, hijo del artista hom\u00f3nimo y de Cecilia de Madrazo y Garreta, hered\u00f3 de su padre la pasi\u00f3n por la pintura, pero sus m\u00faltiples talentos se manifestaron en las artes aplicadas.<\/p>\r\n<p class=\"p1\">Despu\u00e9s de una infancia marcada por la muerte prematura de su padre y en la que vivi\u00f3 en Par\u00eds, Biarritz y Madrid, se instal\u00f3 permanentemente en Venecia, en el palacio Martinengo, con su madre y su hermana Luisa. Entre 1898 y 1906 compr\u00f3 el <strong>palacio Pesaro degli Orfei<\/strong> en San Beneto. Fue precisamente en la planta superior de este edificio, donde vivi\u00f3 con <strong>Henriette Negrin<\/strong>, a la que conoci\u00f3 en Par\u00eds en 1902 y que estaba destinada a convertirse en su musa y esposa, donde inici\u00f3 su aventura en el campo textil. Henriette compart\u00eda los c\u00e1nones est\u00e9ticos y las pasiones de su esposo y realiz\u00f3 los primeros experimentos estampando con matrices de madera para crear el chal <strong>Knossos<\/strong>. Seg\u00fan aparece en la nota al margen manuscrita que figura en la patente, Fortuny reconoci\u00f3 que su esposa era la aut\u00e9ntica dise\u00f1adora de la t\u00fanica <strong>Delphos<\/strong>, inspirada en el chit\u00f3n i\u00f3nico de la Auriga. El palacio Orfei se convirti\u00f3 en su taller, el lugar donde nacieron sus revolucionarias creaciones, piedras angulares de la historia del dise\u00f1o y la moda, y donde sus amigos y clientes se reun\u00edan.<\/p>\r\n<p class=\"p1\">La <strong>tela plisada<\/strong>, la <strong>b\u00f3veda plegable<\/strong>, las<strong> l\u00e1mparas de seda<\/strong>, un <strong>sistema de estampado multicolor<\/strong>, un dispositivo que var\u00eda la intensidad de las fuentes de iluminaci\u00f3n &#8211; el primer <strong>interruptor de regulaci\u00f3n de la luz<\/strong> &#8211; y un nuevo m\u00e9todo para <strong>grabar placas fotogr\u00e1ficas<\/strong>: la creatividad de los dos artistas se manifest\u00f3 de diferentes formas a lo largo de los a\u00f1os, pero siempre fue expresi\u00f3n de una curiosidad ilimitada que los animaba a buscar sin cesar nuevas soluciones para obtener nuevos resultados.<\/p>\r\n\t\t<\/div>\n\t\t\t\t\t<\/div>\n\n\t <\/div> \n  <div class=\"banner has-hover has-parallax\" id=\"banner-1479703883\">\n          <div class=\"banner-inner fill\">\n        <div class=\"banner-bg fill\" data-parallax=\"-1\" data-parallax-container=\".banner\" data-parallax-background>\n            <img loading=\"lazy\" decoding=\"async\" width=\"1900\" height=\"792\" src=\"https:\/\/www.delphos.com\/wp-content\/uploads\/2019\/05\/production.jpg\" class=\"bg attachment-original size-original\" alt=\"Silk  lamps production\" \/>                                    \n                    <\/div>\n\t\t\n        <div class=\"banner-layers container\">\n            <div class=\"fill banner-link\"><\/div>                     <\/div>\n      <\/div>\n\n            \n<style>\n#banner-1479703883 {\n  padding-top: 120%;\n}\n#banner-1479703883 .banner-bg img {\n  object-position: 92% 44%;\n}\n@media (min-width:550px) {\n  #banner-1479703883 {\n    padding-top: 40%;\n  }\n}\n<\/style>\n  <\/div>\n\n <div class=\"row align-center\"  id=\"row-68346406\"> \n\t<div id=\"col-91566491\" class=\"col small-12 large-12\"  >\n\t\t\t\t<div class=\"col-inner\"  >\n\t\t\t\n\t\t\t\r\n<p class=\"p1\">Mariano Fortuny muri\u00f3 en 1949. Sola e incapaz de dirigir la f\u00e1brica de la isla de Giudecca, donde se estampaban las telas de algod\u00f3n con las m\u00e1quinas que hab\u00eda dise\u00f1ado Mariano, Henriette la vendi\u00f3, al igual que los derechos de la marca relativos al algod\u00f3n y a los papeles pintados. No obstante, conserv\u00f3 los derechos para la elaboraci\u00f3n de los terciopelos y sedas que se realizaban en su taller del palacio Orfei, donde sigui\u00f3 produciendo varios a\u00f1os con sus trabajadores.<\/p>\r\n<p class=\"p1\">Fue el viaje de una vida, <strong>de Granada a Venecia<\/strong>. El legado creativo de los artistas parec\u00eda haberse perdido, pero un joven veneciano curioso, que visitaba con frecuencia el palacio Fortuny, convertido ya en museo, saco a la luz los secretos de sus maravillas: telas, l\u00e1mparas difusores, vestidos, terciopelos&#8230;<\/p>\r\n<p class=\"p1\">Estos m\u00e1gicos objetos, que lo hab\u00edan dejado fascinado, deb\u00edan ser admirados por todos, no pod\u00edan desaparecer con sus creadores. A la vista de un tesoro semejante, el entusiasmo por el descubrimiento aument\u00f3. Durante meses, este joven y varios colaboradores hojearon las notas del \u00abmago\u00bb, analizaron las telas y observaron cuidadosamente los pliegues de las prendas buscando sus secretos m\u00e1s rec\u00f3nditos para poder reconstruir un taller que conservara sus tecnolog\u00edas y m\u00e9todos. En 1984 se perfeccion\u00f3 por fin el procedimiento de plisado y el sistema de estampado manual de la seda y el terciopelo, de forma que fue posible volver a crear complementos y prendas. <strong>As\u00ed fue como Lino Lando volvi\u00f3 a fundar el taller del palacio Orfei de Venecia<\/strong> y retom\u00f3 la producci\u00f3n artesanal de sedas, terciopelos, l\u00e1mparas, ropa, complementos y perfumes.<\/p>\r\n<p class=\"p1\">La colecci\u00f3n <strong>Studio 1907<\/strong>, integrada por los famosos difusores que dise\u00f1\u00f3 Mariano Fortuny, es uno de los productos que se proponen. Estos objetos de dise\u00f1o, elegidos por los arquitectos y los decoradores de interiores de todo el mundo, son los primeros ejemplos de l\u00e1mparas con luz difusa, que a\u00fan no han sido superadas en tecnolog\u00eda y elegancia, y que son adecuadas para interiores cl\u00e1sicos, modernos o de vanguardia.<\/p>\r\n<p class=\"p1\">Por \u00faltimo, aunque no menos importante, la empresa produce art\u00edculos de decoraci\u00f3n como cojines y tapices con la marca <strong>Delphos<\/strong>.<\/p>\r\n<p class=\"p1\">Cada producto es una obra maestra de artesan\u00eda. Las famosas l\u00e1mparas de seda y los vestidos de inspiraci\u00f3n griega siguen dise\u00f1\u00e1ndose, pint\u00e1ndose y estamp\u00e1ndose a mano con el mismo cuidado con el que lo hac\u00edan Mariano Fortuny y Henriette, cuya valiosa herencia art\u00edstica sigue viva gracias al <strong>Atelier Fortuny Venezia<\/strong>.<\/p>\r\n\t\t<\/div>\n\t\t\t\t\t<\/div>\n\n\t <\/div> <div class=\"row row-small\" style=\"max-width:400px\" id=\"row-1579041252\"> \n\t<div id=\"col-428893064\" class=\"col medium-6 small-6 large-6\"  >\n\t\t\t\t<div class=\"col-inner\"  >\n\t\t\t\n\t\t\t \t<div class=\"img has-hover x md-x lg-x y md-y lg-y\" id=\"image_1439422837\">\n\t\t\t\t\t\t\t\t<div class=\"img-inner dark\" >\n\t\t\t<img loading=\"lazy\" decoding=\"async\" width=\"500\" height=\"500\" src=\"https:\/\/www.delphos.com\/wp-content\/uploads\/2019\/09\/logo-atelier-venezia.png\" class=\"attachment-large size-large\" alt=\"Logo Atelier  Venezia\" srcset=\"https:\/\/www.delphos.com\/wp-content\/uploads\/2019\/09\/logo-atelier-venezia.png 500w, https:\/\/www.delphos.com\/wp-content\/uploads\/2019\/09\/logo-atelier-venezia-100x100.png 100w\" sizes=\"auto, (max-width: 500px) 100vw, 500px\" \/>\t\t\t\t\t\t\n\t\t\t\t\t<\/div>\n\t\t\t\t\t\t\t\t\n<style>\n#image_1439422837 {\n  width: 98%;\n}\n<\/style>\n\t<\/div>\n\t \t\t<\/div>\n\t\t\t\t\t<\/div>\n\n\t \n\t<div id=\"col-1925520376\" class=\"col medium-6 small-6 large-6\"  >\n\t\t\t\t<div class=\"col-inner\"  >\n\t\t\t\n\t\t\t \t<div class=\"img has-hover x md-x lg-x y md-y lg-y\" id=\"image_506247254\">\n\t\t\t\t\t\t\t\t<div class=\"img-inner dark\" >\n\t\t\t<img loading=\"lazy\" decoding=\"async\" width=\"400\" height=\"395\" src=\"https:\/\/www.delphos.com\/wp-content\/uploads\/2019\/09\/logo-delphos.jpg\" class=\"attachment-large size-large\" alt=\"Logo Delphos\" srcset=\"https:\/\/www.delphos.com\/wp-content\/uploads\/2019\/09\/logo-delphos.jpg 400w, https:\/\/www.delphos.com\/wp-content\/uploads\/2019\/09\/logo-delphos-100x100.jpg 100w, https:\/\/www.delphos.com\/wp-content\/uploads\/2019\/09\/logo-delphos-30x30.jpg 30w\" sizes=\"auto, (max-width: 400px) 100vw, 400px\" \/>\t\t\t\t\t\t\n\t\t\t\t\t<\/div>\n\t\t\t\t\t\t\t\t\n<style>\n#image_506247254 {\n  width: 100%;\n}\n<\/style>\n\t<\/div>\n\t \t\t<\/div>\n\t\t\t\t\t<\/div>\n\n\t <\/div>\r\n","protected":false},"excerpt":{"rendered":"","protected":false},"author":337,"featured_media":0,"parent":0,"menu_order":0,"comment_status":"closed","ping_status":"closed","template":"page-blank.php","meta":{"_acf_changed":false,"footnotes":""},"class_list":["post-3867","page","type-page","status-publish","hentry"],"acf":[],"_links":{"self":[{"href":"https:\/\/www.delphos.com\/es\/wp-json\/wp\/v2\/pages\/3867","targetHints":{"allow":["GET"]}}],"collection":[{"href":"https:\/\/www.delphos.com\/es\/wp-json\/wp\/v2\/pages"}],"about":[{"href":"https:\/\/www.delphos.com\/es\/wp-json\/wp\/v2\/types\/page"}],"author":[{"embeddable":true,"href":"https:\/\/www.delphos.com\/es\/wp-json\/wp\/v2\/users\/337"}],"replies":[{"embeddable":true,"href":"https:\/\/www.delphos.com\/es\/wp-json\/wp\/v2\/comments?post=3867"}],"version-history":[{"count":0,"href":"https:\/\/www.delphos.com\/es\/wp-json\/wp\/v2\/pages\/3867\/revisions"}],"wp:attachment":[{"href":"https:\/\/www.delphos.com\/es\/wp-json\/wp\/v2\/media?parent=3867"}],"curies":[{"name":"wp","href":"https:\/\/api.w.org\/{rel}","templated":true}]}}