{"id":3976,"date":"2019-05-23T15:29:28","date_gmt":"2019-05-23T13:29:28","guid":{"rendered":"https:\/\/www.fortuny.it\/?page_id=3976"},"modified":"2025-10-27T14:26:08","modified_gmt":"2025-10-27T13:26:08","slug":"terminos-y-condiciones-de-venta","status":"publish","type":"page","link":"https:\/\/www.delphos.com\/es\/terminos-y-condiciones-de-venta\/","title":{"rendered":"T\u00e9rminos y condiciones de venta"},"content":{"rendered":"<header class=\"entry-header text-center\">\n<header class=\"entry-header text-center\">\n<h1 class=\"entry-title\">Terms and conditions<\/h1>\n<div class=\"is-divider medium\"><\/div>\n<\/header>\n<h3><strong>1 DEFINICIONES<\/strong><\/h3>\n<p>1.1 \u00abComprador\u00bb significa la persona u organizaci\u00f3n que compra o acuerda comprar los bienes y\/o servicios al proveedor;<br \/>\n1.2 \u00abConsumidor\u00bb se refiere a una persona que compra bienes y servicios para uso personal.<br \/>\n1.3 \u00abContrato\u00bb significa el contrato entre el proveedor y el comprador para la compraventa de bienes y\/o servicios que incluye estos t\u00e9rminos y condiciones;<br \/>\n1.4 \u00abBienes\u00bb son los art\u00edculos que el comprador adquiere del proveedor;<br \/>\n1.5 \u00abServicios\u00bb son los servicios que el comprador adquiere del proveedor;<br \/>\n1.6 \u00abProveedor\u00bb significa Fortuny Srl de San Marco 2425, Venecia (Italia) que es titular y opera DELPHOS.COM y todos sus subdominios;<br \/>\n1.7 \u00abT\u00e9rminos y condiciones\u00bb son los t\u00e9rminos y condiciones de venta establecidos en este acuerdo y los t\u00e9rminos y condiciones especiales aceptados por escrito por el proveedor;<br \/>\n1.8 \u00abSitio web\u00bb significa DELPHOS.COM y todos sus subdominios.<\/p>\n<h3><strong>2 CONDICIONES<\/strong><\/h3>\n<p>2.1 Ninguna disposici\u00f3n de estos t\u00e9rminos y condiciones afectar\u00e1 a los derechos legales del comprador en cuanto consumidor.<br \/>\n2.2 Estos t\u00e9rminos y condiciones se aplican a todos los contratos de venta de productos y\/o servicios entre el proveedor y el comprador y prevalecen sobre cualquier otra documentaci\u00f3n o comunicaci\u00f3n del comprador.<br \/>\n2.3 La aceptaci\u00f3n de la entrega de los productos se considera prueba concluyente de la aceptaci\u00f3n de estos t\u00e9rminos y condiciones por parte del comprador.<br \/>\n2.4 Estos t\u00e9rminos y condiciones (incluidos los t\u00e9rminos y condiciones especiales acordados entre las partes) no se podr\u00e1n modificar a menos que as\u00ed lo autorice por escrito el proveedor.<br \/>\n2.5 Las eventuales condiciones especiales aplicables a la prestaci\u00f3n de servicios figuran en el programa de este acuerdo.<br \/>\n2.6 Las reclamaciones deben dirigirse a la direcci\u00f3n del proveedor determinada en la cl\u00e1usula 1.6.<\/p>\n<h3><strong>3 PEDIDOS<\/strong><\/h3>\n<p>3.1 Todos los pedidos de bienes y servicios se considerar\u00e1n una oferta del comprador para comprar bienes y\/o servicios de acuerdo con estos t\u00e9rminos y condiciones y estar\u00e1n sujetos a la aceptaci\u00f3n del proveedor. El proveedor puede rechazar un pedido por cualquier motivo.<br \/>\n3.2 Si los productos solicitados por el comprador no est\u00e1n disponibles en el almac\u00e9n, el comprador deber\u00e1 ser avisado y deber\u00e1 tener la posibilidad de esperar hasta que los productos est\u00e9n disponibles en el almac\u00e9n o de anular el pedido y recibir un reembolso completo en un plazo de 28 d\u00edas.<\/p>\n<h3><strong>4 PRECIO Y PAGO<\/strong><\/h3>\n<p>4.1 El precio de los bienes y\/o servicios debe ser el estipulado en el sitio web. El precio no incluye el IVA. El precio tampoco incluye los gastos de entrega, en caso de que sean aplicables.<br \/>\n4.2 El precio total de compra, incluidos el IVA y los gastos de entrega, si existen,aparecer\u00e1 en el carrito de la compra antes de confirmar el pedido.<br \/>\n4.3 Despu\u00e9s de recibir el pedido, el proveedor confirmar\u00e1 a los detalles, la descripci\u00f3n y el precio de los bienes y\/o servicios mediante e-mail y adem\u00e1s informar\u00e1 sobre el derecho de cancelaci\u00f3n si el comprador es un consumidor.<br \/>\n4.4 El pago del precio m\u00e1s IVA y gastos de entrega, si son aplicables, de realizarse mediante tarjeta de cr\u00e9dito.<br \/>\n4.5 Si es aplicable y un pago no se efect\u00faa a tiempo o se rechaza, el importe debido se considerar\u00e1 vencido y el proveedor tendr\u00e1 derecho inmediato a cesar o suspender la prestaci\u00f3n de cualquier servicio o de efectuar ulteriores entregas de bienes hasta recibir el importe debido<\/p>\n<h3><strong>5 PRESTACI\u00d3N DE LOS SERVICIOS<\/strong><\/h3>\n<p>5.1 El proveedor empezar\u00e1 a prestar los servicios inmediatamente despu\u00e9s de haber aceptado el pedido.<br \/>\n5.2 El proveedor prestar\u00e1 los servicios con una habilidad y un cuidado razonables. No obstante, si es aplicable, el proveedor no garantiza que los servicios sean ininterrumpidos, seguros o correctos ni que todos los datos generados, archivados, transmitidos, utilizados mediante o en conexi\u00f3n con los servicios sean completos, precisos, seguros, actualizados, exhibidos o entregados correctamente. Puede suceder que el proveedor tenga que suspender los servicios de reparaci\u00f3n, mantenimiento o mejora. En tal caso, el proveedor los restablecer\u00e1 lo antes posible.<\/p>\n<h3><strong>6 DERECHOS DEL PROVEEDOR<\/strong><\/h3>\n<p>6.1 El proveedor se reserva el derecho a actualizar peri\u00f3dicamente los precios en el sitio web y estos no pueden garantizarse por ning\u00fan periodo de tiempo. El proveedor har\u00e1 todo lo posible para asegurar que los precios son correctos en el momento en que el comprador efect\u00faa un pedido.<br \/>\n6.2 El proveedor se reserva el derecho de retirar cualquier bien y\/o servicio del sitio web en cualquier momento..<br \/>\n6.3 El proveedor no ser\u00e1 responsable ante nadie por la retirada de bienes y\/o servicios del sitio web o por rechazar un pedido.<\/p>\n<h3><strong>7 EDAD DE AUTORIZACI\u00d3N<\/strong><\/h3>\n<p>.1 Si los bienes y\/o servicios solo pueden ser adquiridos por personas de cierta edad, cuando haga un pedido, el comprador deber\u00e1 declarar que tiene la edad legal adecuada para comprar los bienes y\/o servicios.<br \/>\n7.2 Si el proveedor descubre que el comprador no est\u00e1 legalmente titulado para pedir ciertos bienes y\/o servicios, el proveedor tendr\u00e1 derecho a cancelar de inmediato el pedido, sin previo aviso.<\/p>\n<h3><strong>8 ENTREGA<\/strong><\/h3>\n<p>8.1 Los bienes suministrados en Italia se entregar\u00e1n normalmente en un plazo de 30 d\u00edas a contar desde la aceptaci\u00f3n del pedido.<br \/>\n8.2 Los bienes suministrados fuera de Italia se entregar\u00e1n normalmente en un plazo de 30 d\u00edas a contar desde la aceptaci\u00f3n del pedido.<br \/>\n8.3 Si se ha acordado una fecha espec\u00edfica de entrega y no se puede respetar, el comprador recibir\u00e1 la correspondiente notificaci\u00f3n y tendr\u00e1 la posibilidad de acordar una nueva fecha de entrega u optar por un reembolso completo.<br \/>\n8.4 El proveedor har\u00e1 todo lo posible para cumplir con la fecha de entrega acordada. Sea cual sea el momento de la entrega, este no se considerar\u00e1 vinculante y el proveedor no ser\u00e1 responsable de las p\u00e9rdidas, costes, da\u00f1os o gastos en los que haya incurrido el comprador o cualquier tercero derivados directa o indirectamente de cualquier incumplimiento de la fecha de entrega estimada.<br \/>\n8.5 La entrega de los bienes se efectuar\u00e1 en la direcci\u00f3n que el comprador haya especificado en el pedido y el comprador tomar\u00e1 todas las medidas necesarias para entregar los bienes cuando estos deban ponerse a disposici\u00f3n para la entrega.<br \/>\n8.6 El riesgo correspondiente a los bienes pasar\u00e1 al comprador en el momento de la entrega o cuando el comprador no los reciba en el momento acordado, en el momento en que se intent\u00f3 la entrega.<br \/>\n8.7 La propiedad de los bienes no se transmitir\u00e1 al comprador hasta que se haya pagado el precio en su totalidad.<\/p>\n<h3><strong>9 CANCELACI\u00d3N Y DEVOLUCI\u00d3N<\/strong><\/h3>\n<p>Aceptamos devoluciones, pero te rogamos que solicites la autorizaci\u00f3n de nuestro departamento de asistencia al cliente antes de devolvernos alg\u00fan art\u00edculo.<br \/>\nCont\u00e1ctanos en\u00a0<a href=\"mailto:info@delphos.com\">info@delphos.com<\/a>\u00a0incluyendo tu:<\/p>\n<ul>\n<li>Nombre &amp; direcci\u00f3n completa<\/li>\n<li>N\u00famero de pedido<\/li>\n<li>Art\u00edculos que se devuelven<\/li>\n<li>Razones de la devoluci\u00f3n.<\/li>\n<\/ul>\n<p>Tenga en cuenta que:<\/p>\n<ul>\n<li>No nos responsabilizamos de los objetos perdidos o da\u00f1ados si no recibimos ninguna notificaci\u00f3n en un plazo de 24 horas a contar desde el momento en que recibiste el pedido. Controla los paquetes nada m\u00e1s recibirlos.<\/li>\n<li>Las l\u00e1mparas se fabrican por encargo y no se pueden devolver.<\/li>\n<li>Los art\u00edculos rebajados no pueden devolverse. Repararemos o cambiaremos los productos rebajados defectuoso a nuestra discreci\u00f3n.<\/li>\n<li>Los art\u00edculos instalados o los que ya no est\u00e1n en su embalaje original no se pueden devolver.<\/li>\n<li>Te acreditaremos en tu cuenta despu\u00e9s de haber inspeccionado el art\u00edculo y validaremos tu devoluci\u00f3n.<\/li>\n<\/ul>\n<h3><strong>10 CUPONES REGALO<\/strong><\/h3>\n<p>Adem\u00e1s de los t\u00e9rminos y condiciones, a la venta de cupones regalos se aplicar\u00e1n las siguientes condiciones:<br \/>\n10.1 Los cupones regalo se expedir\u00e1n en un plazo de una semana a contar desde la aceptaci\u00f3n del pedido y se entregar\u00e1n mediante e-mail. El pago debe realizarse mediante tarjeta de cr\u00e9dito.<br \/>\n10.2 El comprador debe notificar al proveedor cualquier discrepancia en la entrega de los cupones tan pronto como sea posible, pero, en cualquier caso, en un plazo de 7 d\u00edas a contar desde dicha entrega.<br \/>\n10.3 El riesgo de p\u00e9rdida, destrucci\u00f3n o da\u00f1o de los cupones corresponde al proveedor hasta la entrega al comprador, momento en el que pasa a este.<br \/>\n10.4 Los cupones regalo se pueden intercambiar por bienes en www.delphos.com. Los cupones no se pueden rescatar a cambio de dinero en efectivo, ni parcial ni totalmente. Los cupones no se venden en caso de descuentos o devoluciones y no se permitir\u00e1 ninguna devoluci\u00f3n a menos que se pueda demostrar que el proveedor ha cometido un error en la ejecuci\u00f3n del pedido del comprador.<br \/>\n10.5 Los cupones regalo tienen una validez de 1 a\u00f1o a contar desde la fecha de compra y no se pueden renovar una vez caducados. Los cupones no se pueden cambiar en caso de p\u00e9rdida o da\u00f1o.<\/p>\n<h3><strong>11 LIMITACI\u00d3N DE LA RESPONSABILIDAD<\/strong><\/h3>\n<p>11.1 Salvo lo previsto por la ley para los casos en los que el comprador es un consumidor, si el proveedor incumple los t\u00e9rminos y condiciones, las soluciones del comprador se limitar\u00e1n a los da\u00f1os, que en ning\u00fan caso podr\u00e1n superar el precio de los productos y\/o servicios y el proveedor no ser\u00e1 en ning\u00fan caso responsable de las eventuales p\u00e9rdidas o da\u00f1os indirectos, accidentales o consiguientes.<br \/>\n11.2. Ning\u00fan punto de estos t\u00e9rminos y condiciones excluir\u00e1 o limitar\u00e1 la responsabilidad del proveedor en caso de muerte o lesiones personales derivados de la negligencia del proveedor o de sus agentes y empleados.<\/p>\n<h3><strong>12 RENUNCIA<\/strong><\/h3>\n<p>Ninguna renuncia del proveedor (expresa o impl\u00edcita) a defender sus derechos relativos al presente contrato perjudicar\u00e1 su derecho a hacerlo en el futuro.<\/p>\n<h3><strong>13 FUERZA MAYOR<\/strong><\/h3>\n<p>El proveedor no ser\u00e1 responsable de los eventuales retrasos o incumplimientos en cualquiera de sus obligaciones si el retraso o el fallo en la entrega derivan de acontecimientos o circunstancias que quedan fuera de su razonable control, incluidos, pero sin limitaci\u00f3n, los casos de fuerza mayor, huelgas, bloqueos, accidentes, guerras, incendios, aver\u00edas de cualquier sistema de comunicaci\u00f3n, telecomunicaciones o inform\u00e1ticos, aver\u00edas en equipos o m\u00e1quinas o carencia o ausencia de materias primas procedentes de una fuente natural de suministro, y el proveedor tendr\u00e1 derecho a una extensi\u00f3n razonable de sus obligaciones.<\/p>\n<h3><strong>14 LIQUIDACI\u00d3N<\/strong><\/h3>\n<p>En caso de que cualquier t\u00e9rmino o disposici\u00f3n de estos t\u00e9rminos y condiciones sea considerado inv\u00e1lido, ilegal o inaplicable por cualquier motivo por cualquier tribunal de la jurisdicci\u00f3n competente, dicha disposici\u00f3n no se aplicar\u00e1, pero el resto de t\u00e9rminos y condiciones permanecer\u00e1 en vigor, como si estos t\u00e9rminos y condiciones se hubieran acordado con la disposici\u00f3n ilegal o inaplicable eliminada.<\/p>\n<h3><strong>15 CAMBIOS EN LOS T\u00c9RMINOS Y CONDICIONES<\/strong><\/h3>\n<p>El proveedor tendr\u00e1 derecho a modificar estos t\u00e9rminos y condiciones en cualquier momento, pero este derecho no influir\u00e1 en los t\u00e9rminos y condiciones existentes, aceptados por el comprador en el momento de la compra.<\/p>\n<h3><strong>16 LEY APLICABLE Y JURISDICCI\u00d3N<\/strong><\/h3>\n<p>Estos t\u00e9rminos y condiciones se regir\u00e1n y se interpretar\u00e1n de acuerdo con la ley italiana y las partes se someten a la jurisdicci\u00f3n de los tribunales italianos.<\/p>\n<h3><strong>17 RESOLUCI\u00d3N DE LITIGIOS EN L\u00cdNEA<\/strong><\/h3>\n<p>El consumidor residente en Europa debe ser consciente del hecho de que la Comisi\u00f3n Europea ha creado una plataforma en l\u00ednea que proporciona una herramienta alternativa de resoluci\u00f3n de disputas. Esta herramienta puede ser utilizada por el consumidor europeo para resolver de forma extrajudicial cualquier disputa relacionada y \/ o derivada de contratos de compraventa de bienes y servicios celebrados online. En consecuencia, si eres un consumidor europeo, puedes utilizar esta plataforma para la resoluci\u00f3n de cualquier disputa que surja del contrato online celebrado con el Titular. La plataforma est\u00e1 disponible en el siguiente enlace (http:\/\/ec.europa.eu\/consumers\/odr\/). El Propietario est\u00e1 disponible para responder cualquier pregunta enviada por correo electr\u00f3nico a la direcci\u00f3n de correo electr\u00f3nico info@delphos.com<\/p>\n<\/header>\n","protected":false},"excerpt":{"rendered":"<p>Terms and conditions 1 DEFINICIONES 1.1 \u00abComprador\u00bb significa la persona u organizaci\u00f3n que compra o acuerda comprar los bienes y\/o servicios al proveedor; 1.2 \u00abConsumidor\u00bb se refiere a una persona que compra bienes y servicios para uso personal. 1.3 \u00abContrato\u00bb significa el contrato entre el proveedor y el comprador para la compraventa de bienes y\/o [&#8230;]\n","protected":false},"author":337,"featured_media":0,"parent":0,"menu_order":0,"comment_status":"closed","ping_status":"closed","template":"","meta":{"_acf_changed":false,"footnotes":""},"class_list":["post-3976","page","type-page","status-publish","hentry"],"acf":[],"_links":{"self":[{"href":"https:\/\/www.delphos.com\/es\/wp-json\/wp\/v2\/pages\/3976","targetHints":{"allow":["GET"]}}],"collection":[{"href":"https:\/\/www.delphos.com\/es\/wp-json\/wp\/v2\/pages"}],"about":[{"href":"https:\/\/www.delphos.com\/es\/wp-json\/wp\/v2\/types\/page"}],"author":[{"embeddable":true,"href":"https:\/\/www.delphos.com\/es\/wp-json\/wp\/v2\/users\/337"}],"replies":[{"embeddable":true,"href":"https:\/\/www.delphos.com\/es\/wp-json\/wp\/v2\/comments?post=3976"}],"version-history":[{"count":4,"href":"https:\/\/www.delphos.com\/es\/wp-json\/wp\/v2\/pages\/3976\/revisions"}],"predecessor-version":[{"id":136884,"href":"https:\/\/www.delphos.com\/es\/wp-json\/wp\/v2\/pages\/3976\/revisions\/136884"}],"wp:attachment":[{"href":"https:\/\/www.delphos.com\/es\/wp-json\/wp\/v2\/media?parent=3976"}],"curies":[{"name":"wp","href":"https:\/\/api.w.org\/{rel}","templated":true}]}}