{"id":52537,"date":"2019-11-11T14:17:58","date_gmt":"2019-11-11T13:17:58","guid":{"rendered":"https:\/\/www.fortuny.shop\/sobre-nosotros\/palazzo-fortuny-desde-taller-a-museo\/"},"modified":"2022-03-03T18:05:18","modified_gmt":"2022-03-03T17:05:18","slug":"palazzo-fortuny-desde-taller-a-museo","status":"publish","type":"page","link":"https:\/\/www.delphos.com\/es\/sobre-nosotros\/palazzo-fortuny-desde-taller-a-museo\/","title":{"rendered":"Palazzo Fortuny: desde taller a museo"},"content":{"rendered":"\n  <div class=\"banner has-hover has-parallax\" id=\"banner-1413858549\">\n          <div class=\"banner-inner fill\">\n        <div class=\"banner-bg fill\" data-parallax=\"-1\" data-parallax-container=\".banner\" data-parallax-background>\n            <img loading=\"lazy\" decoding=\"async\" width=\"1600\" height=\"1000\" src=\"https:\/\/www.delphos.com\/wp-content\/uploads\/2019\/11\/palace-museum.jpg\" class=\"bg attachment-original size-original\" alt=\"The  Palace museum\" \/>                                    \n                    <\/div>\n\t\t\n        <div class=\"banner-layers container\">\n            <div class=\"fill banner-link\"><\/div>            \n   <div id=\"text-box-378216642\" class=\"text-box banner-layer x50 md-x50 lg-x50 y30 md-y30 lg-y30 res-text\">\n                                <div class=\"text-box-content text dark\">\n              \n              <div class=\"text-inner text-center\">\n                  \n<h1>Palazzo Fortuny<\/h1>\n<p class=\"lead\">Desde taller a museo<\/p>\n              <\/div>\n           <\/div>\n                            \n<style>\n#text-box-378216642 {\n  width: 90%;\n}\n#text-box-378216642 .text-box-content {\n  font-size: 130%;\n}\n@media (min-width:550px) {\n  #text-box-378216642 {\n    width: 60%;\n  }\n  #text-box-378216642 .text-box-content {\n    font-size: 100%;\n  }\n}\n<\/style>\n    <\/div>\n \n        <\/div>\n      <\/div>\n\n            \n<style>\n#banner-1413858549 {\n  padding-top: 500px;\n}\n#banner-1413858549 .banner-bg img {\n  object-position: 0% 73%;\n}\n<\/style>\n  <\/div>\n\n\n<div class=\"row align-center\"  id=\"row-918659579\">\n\n\t<div id=\"col-135943195\" class=\"col medium-6 small-12 large-6\"  >\n\t\t\t\t<div class=\"col-inner\"  >\n\t\t\t\n\t\t\t\n<h2>Reapertura del Museo Fortuny<\/h2>\n<p><strong>Museo abierto a partir del 9 de marzo de 2022 &#8211; de 10:00 a 17:00<\/strong><\/p>\n<p>El palacio <strong>Pesaro degli Orfei<\/strong>, que en su origen fue propiedad origen de la hom\u00f3nima familia veneciana, se convirti\u00f3 luego en el taller de <strong>Mariano Fortuny<\/strong> y su mujer. En la planta superior se encontraba el taller donde la pareja realizaba sus telas y complementos hechos a mano y donde Fortuny se dedicaba a las disciplinas que lo fascinaban: de la fotograf\u00eda y la pintura a la iluminaci\u00f3n teatral y dom\u00e9stica. Un peque\u00f1o cofre del tesoro en el coraz\u00f3n de Venecia, cuyas maravillas parec\u00edan destinadas al olvido si Henriette no lo hubiera donado a la ciudad en 1956, despu\u00e9s de la muerte de su marido. En la actualidad, el palacio Fortuny, situado en el campo San Beneto, es <strong>uno de los museos m\u00e1s sugerentes de Venecia<\/strong> y alberga peri\u00f3dicamente exposiciones.<\/p>\n<p>Consulta nuestra p\u00e1gina web para programar tu visita: <strong><a style=\"text-decoration: underline;\" href=\"https:\/\/fortuny.visitmuve.it\/en\/home\/\" target=\"_blank\" rel=\"noopener noreferrer\">https:\/\/fortuny.visitmuve.it\/en\/home\/<\/a><\/strong><\/p>\n\t\t<\/div>\n\t\t\t\t\t<\/div>\n\n\t\n\n\t<div id=\"col-1545753775\" class=\"col medium-6 small-12 large-6\"  >\n\t\t\t\t<div class=\"col-inner\"  >\n\t\t\t\n\t\t\t\n<h3 style=\"text-align: center;\">\u00daltima exposici\u00f3n<\/h3>\n\t<div class=\"img has-hover x md-x lg-x y md-y lg-y\" id=\"image_2074147047\">\n\t\t<a class=\"\" href=\"https:\/\/fortuny.visitmuve.it\/en\/mostre-en\/mostre-in-corso-en\/the-fortuny-a-family-story\/2019\/03\/18045\/exhibition-2\/\" target=\"_blank\" rel=\"noopener\" >\t\t\t\t\t\t<div class=\"img-inner image-glow dark\" >\n\t\t\t<img loading=\"lazy\" decoding=\"async\" width=\"878\" height=\"608\" src=\"https:\/\/www.delphos.com\/wp-content\/uploads\/2019\/11\/banner-exhibition-museum.jpg\" class=\"attachment-large size-large\" alt=\"Exhibition  Museum\" srcset=\"https:\/\/www.delphos.com\/wp-content\/uploads\/2019\/11\/banner-exhibition-museum.jpg 878w, https:\/\/www.delphos.com\/wp-content\/uploads\/2019\/11\/banner-exhibition-museum-800x554.jpg 800w, https:\/\/www.delphos.com\/wp-content\/uploads\/2019\/11\/banner-exhibition-museum-768x532.jpg 768w\" sizes=\"auto, (max-width: 878px) 100vw, 878px\" \/>\t\t\t\t\t\t\n\t\t\t\t\t<\/div>\n\t\t\t\t\t\t<\/a>\t\t\n<style>\n#image_2074147047 {\n  width: 100%;\n}\n<\/style>\n\t<\/div>\n\t\n\t\t<\/div>\n\t\t\t\t\t<\/div>\n\n\t\n<\/div>\n\n  <div class=\"banner has-hover has-parallax\" id=\"banner-204393442\">\n          <div class=\"banner-inner fill\">\n        <div class=\"banner-bg fill\" data-parallax=\"-1\" data-parallax-container=\".banner\" data-parallax-background>\n            <img loading=\"lazy\" decoding=\"async\" width=\"1020\" height=\"638\" src=\"https:\/\/www.delphos.com\/wp-content\/uploads\/2019\/11\/palace-museum-painting.jpg\" class=\"bg attachment-large size-large\" alt=\"The  Palace museum painting\" \/>                                    \n                    <\/div>\n\t\t\n        <div class=\"banner-layers container\">\n            <div class=\"fill banner-link\"><\/div>            \n        <\/div>\n      <\/div>\n\n            \n<style>\n#banner-204393442 {\n  padding-top: 120%;\n}\n#banner-204393442 .banner-bg img {\n  object-position: 92% 44%;\n}\n@media (min-width:550px) {\n  #banner-204393442 {\n    padding-top: 40%;\n  }\n}\n<\/style>\n  <\/div>\n\n\n","protected":false},"excerpt":{"rendered":"","protected":false},"author":337,"featured_media":0,"parent":3867,"menu_order":0,"comment_status":"closed","ping_status":"closed","template":"page-blank.php","meta":{"_acf_changed":false,"footnotes":""},"class_list":["post-52537","page","type-page","status-publish","hentry"],"acf":[],"_links":{"self":[{"href":"https:\/\/www.delphos.com\/es\/wp-json\/wp\/v2\/pages\/52537","targetHints":{"allow":["GET"]}}],"collection":[{"href":"https:\/\/www.delphos.com\/es\/wp-json\/wp\/v2\/pages"}],"about":[{"href":"https:\/\/www.delphos.com\/es\/wp-json\/wp\/v2\/types\/page"}],"author":[{"embeddable":true,"href":"https:\/\/www.delphos.com\/es\/wp-json\/wp\/v2\/users\/337"}],"replies":[{"embeddable":true,"href":"https:\/\/www.delphos.com\/es\/wp-json\/wp\/v2\/comments?post=52537"}],"version-history":[{"count":4,"href":"https:\/\/www.delphos.com\/es\/wp-json\/wp\/v2\/pages\/52537\/revisions"}],"predecessor-version":[{"id":113071,"href":"https:\/\/www.delphos.com\/es\/wp-json\/wp\/v2\/pages\/52537\/revisions\/113071"}],"up":[{"embeddable":true,"href":"https:\/\/www.delphos.com\/es\/wp-json\/wp\/v2\/pages\/3867"}],"wp:attachment":[{"href":"https:\/\/www.delphos.com\/es\/wp-json\/wp\/v2\/media?parent=52537"}],"curies":[{"name":"wp","href":"https:\/\/api.w.org\/{rel}","templated":true}]}}