{"id":83266,"date":"2020-11-18T10:57:57","date_gmt":"2020-11-18T09:57:57","guid":{"rendered":"https:\/\/www.fortuny.shop\/delphos-silk-gown-an-iconic-dress\/"},"modified":"2025-12-10T15:44:19","modified_gmt":"2025-12-10T14:44:19","slug":"tunica-delphos-un-vestido-emblematico","status":"publish","type":"page","link":"https:\/\/www.delphos.com\/es\/tunica-delphos-un-vestido-emblematico\/","title":{"rendered":"T\u00fanica Delphos, un vestido emblem\u00e1tico"},"content":{"rendered":"\n  <div class=\"banner has-hover bg-overlay-remove\" id=\"banner-128938455\">\n          <div class=\"banner-inner fill\">\n        <div class=\"banner-bg fill\" >\n            <img loading=\"lazy\" decoding=\"async\" width=\"1920\" height=\"1492\" src=\"https:\/\/www.delphos.com\/wp-content\/uploads\/2023\/04\/delphos-dress.jpg\" class=\"bg attachment-original size-original\" alt=\"\" \/>                        <div class=\"overlay\"><\/div>            \n                    <\/div>\n\t\t\n        <div class=\"banner-layers container\">\n            <div class=\"fill banner-link\"><\/div>            \n   <div id=\"text-box-2003180204\" class=\"text-box banner-layer x50 md-x50 lg-x50 y50 md-y50 lg-y50 res-text\">\n                                <div class=\"text-box-content text dark\">\n              \n              <div class=\"text-inner text-center\">\n                  \n<h2 class=\"uppercase\">T\u00fanica Delphos, un vestido emblem\u00e1tico<\/h2>\n<p style=\"text-align: center;\"><strong>El elegante y emblem\u00e1tico vestido Delphos es disponible exclusivamente en <a style=\"text-decoration: underline;\" href=\"\/?page_id=3467\">nuestras tiendas de Venecia, Par\u00eds y M\u00fanich.<\/a><\/strong><\/p>\n              <\/div>\n           <\/div>\n                            \n<style>\n#text-box-2003180204 {\n  width: 43%;\n}\n#text-box-2003180204 .text-box-content {\n  font-size: 100%;\n}\n<\/style>\n    <\/div>\n \n        <\/div>\n      <\/div>\n\n            \n<style>\n#banner-128938455 {\n  padding-top: 700px;\n}\n#banner-128938455 .overlay {\n  background-color: rgba(0, 0, 0, 0.2);\n}\n#banner-128938455 .banner-bg img {\n  object-position: 54% 36%;\n}\n<\/style>\n  <\/div>\n\n\n\n\t<section class=\"section dark\" id=\"section_400158377\">\n\t\t<div class=\"section-bg fill\" >\n\t\t\t\t\t\t\t\t\t\n\t\t\t\n\n\t\t<\/div>\n\n\t\t\n\n\t\t<div class=\"section-content relative\">\n\t\t\t\n<div class=\"row row-collapse row-full-width align-middle\"  id=\"row-64254781\">\n\n\t<div id=\"col-1880371802\" class=\"col medium-6 small-12 large-6\"  >\n\t\t\t\t<div class=\"col-inner\"  >\n\t\t\t\n\t\t\t\n\t<div class=\"img has-hover x md-x lg-x y md-y lg-y\" id=\"image_132499361\">\n\t\t\t\t\t\t\t\t<div class=\"img-inner dark\" >\n\t\t\t<img loading=\"lazy\" decoding=\"async\" width=\"1000\" height=\"1000\" src=\"https:\/\/www.delphos.com\/wp-content\/uploads\/2023\/04\/palace-museum-delphos-square.jpg\" class=\"attachment-original size-original\" alt=\"\" srcset=\"https:\/\/www.delphos.com\/wp-content\/uploads\/2023\/04\/palace-museum-delphos-square.jpg 1000w, https:\/\/www.delphos.com\/wp-content\/uploads\/2023\/04\/palace-museum-delphos-square-800x800.jpg 800w, https:\/\/www.delphos.com\/wp-content\/uploads\/2023\/04\/palace-museum-delphos-square-768x768.jpg 768w, https:\/\/www.delphos.com\/wp-content\/uploads\/2023\/04\/palace-museum-delphos-square-100x100.jpg 100w\" sizes=\"auto, (max-width: 1000px) 100vw, 1000px\" \/>\t\t\t\t\t\t\n\t\t\t\t\t<\/div>\n\t\t\t\t\t\t\t\t\n<style>\n#image_132499361 {\n  width: 100%;\n}\n<\/style>\n\t<\/div>\n\t\n\t\t<\/div>\n\t\t\t\t\t<\/div>\n\n\t\n\n\t<div id=\"col-913629451\" class=\"col medium-6 small-12 large-6\"  >\n\t\t\t\t<div class=\"col-inner text-left\"  >\n\t\t\t\n\t\t\t\n\t<div id=\"text-658290195\" class=\"text\">\n\t\t\n<h1 class=\"alt-font\">El mayor \u00e9xito del taller fundado por Mariano Fortuny y Henriette Negrin en el Palazzo Pesaro degli Orfei de Venecia fue la creaci\u00f3n del vestido Delphos en 1909, un vestido ic\u00f3nico que se considera un hito en la historia de la moda.<\/h1>\n\t\t\n<style>\n#text-658290195 {\n  font-size: 1.3rem;\n}\n<\/style>\n\t<\/div>\n\t\n\t\t<\/div>\n\t\t\t\t\n<style>\n#col-913629451 > .col-inner {\n  padding: 20px 20px 20px 20px;\n}\n<\/style>\n\t<\/div>\n\n\t\n<\/div>\n<div class=\"is-divider divider clearfix\" style=\"margin-top:2em;margin-bottom:2em;height:0px;\"><\/div>\n<div class=\"row align-middle\"  id=\"row-1665435084\">\n\n\t<div id=\"col-121309103\" class=\"col medium-6 small-12 large-6\"  >\n\t\t\t\t<div class=\"col-inner text-left\"  >\n\t\t\t\n\t\t\t\n\t<div id=\"text-2738856996\" class=\"text\">\n\t\t\n<p> Inspirado en el chit\u00f3n i\u00f3nico de la Auriga, la escultura griega descubierta en Delfos en 1896, destac\u00f3 por su forma esencial, que envolv\u00eda con delicadeza el cuerpo femenino, y consist\u00eda en cuatro o cinco telas de sat\u00e9n de seda o tafet\u00e1n caracterizadas por un plisado muy fino, que en la actualidad se sigue realizando mediante un proceso manual que permite obtener hasta cuatrocientos cincuenta pliegues en cada tela. El cuello y las mangas se ajustaban mediante cordones de seda adornados con cuentas de cristal de Murano.  <\/p>\n\t\t\n<style>\n#text-2738856996 {\n  line-height: 2;\n}\n<\/style>\n\t<\/div>\n\t\n\t\t<\/div>\n\t\t\t\t\n<style>\n#col-121309103 > .col-inner {\n  padding: 20px 0px 20px 0px;\n}\n<\/style>\n\t<\/div>\n\n\t\n\n\t<div id=\"col-68696179\" class=\"col medium-6 small-12 large-6\"  >\n\t\t\t\t<div class=\"col-inner\"  >\n\t\t\t\n\t\t\t\n\t<div class=\"img has-hover x md-x lg-x y md-y lg-y\" id=\"image_540246992\">\n\t\t\t\t\t\t\t\t<div class=\"img-inner dark\" >\n\t\t\t<img loading=\"lazy\" decoding=\"async\" width=\"1200\" height=\"1200\" src=\"https:\/\/www.delphos.com\/wp-content\/uploads\/2023\/04\/delphos-dress-plisse-1200x1200.jpg\" class=\"attachment-medium size-medium\" alt=\"\" srcset=\"https:\/\/www.delphos.com\/wp-content\/uploads\/2023\/04\/delphos-dress-plisse-1200x1200.jpg 1200w, https:\/\/www.delphos.com\/wp-content\/uploads\/2023\/04\/delphos-dress-plisse-800x800.jpg 800w, https:\/\/www.delphos.com\/wp-content\/uploads\/2023\/04\/delphos-dress-plisse-768x768.jpg 768w, https:\/\/www.delphos.com\/wp-content\/uploads\/2023\/04\/delphos-dress-plisse-100x100.jpg 100w, https:\/\/www.delphos.com\/wp-content\/uploads\/2023\/04\/delphos-dress-plisse.jpg 1519w\" sizes=\"auto, (max-width: 1200px) 100vw, 1200px\" \/>\t\t\t\t\t\t\n\t\t\t\t\t<\/div>\n\t\t\t\t\t\t\t\t\n<style>\n#image_540246992 {\n  width: 100%;\n}\n<\/style>\n\t<\/div>\n\t\n\t\t<\/div>\n\t\t\t\t\t<\/div>\n\n\t\n<\/div>\n<div class=\"row align-middle\"  id=\"row-825822144\">\n\n\t<div id=\"col-1551943930\" class=\"col medium-6 small-12 large-6\"  >\n\t\t\t\t<div class=\"col-inner\"  >\n\t\t\t\n\t\t\t\n\t<div class=\"img has-hover x md-x lg-x y md-y lg-y\" id=\"image_848284143\">\n\t\t\t\t\t\t\t\t<div class=\"img-inner dark\" >\n\t\t\t<img loading=\"lazy\" decoding=\"async\" width=\"1004\" height=\"1024\" src=\"https:\/\/www.delphos.com\/wp-content\/uploads\/2023\/04\/delphos-dress-plisse-details.jpg\" class=\"attachment-medium size-medium\" alt=\"\" srcset=\"https:\/\/www.delphos.com\/wp-content\/uploads\/2023\/04\/delphos-dress-plisse-details.jpg 1004w, https:\/\/www.delphos.com\/wp-content\/uploads\/2023\/04\/delphos-dress-plisse-details-784x800.jpg 784w, https:\/\/www.delphos.com\/wp-content\/uploads\/2023\/04\/delphos-dress-plisse-details-768x783.jpg 768w, https:\/\/www.delphos.com\/wp-content\/uploads\/2023\/04\/delphos-dress-plisse-details-800x816.jpg 800w\" sizes=\"auto, (max-width: 1004px) 100vw, 1004px\" \/>\t\t\t\t\t\t\n\t\t\t\t\t<\/div>\n\t\t\t\t\t\t\t\t\n<style>\n#image_848284143 {\n  width: 100%;\n}\n<\/style>\n\t<\/div>\n\t\n\t\t<\/div>\n\t\t\t\t\t<\/div>\n\n\t\n\n\t<div id=\"col-1369215076\" class=\"col medium-6 small-12 large-6\"  >\n\t\t\t\t<div class=\"col-inner text-left\"  >\n\t\t\t\n\t\t\t\n\t<div id=\"text-3498709693\" class=\"text\">\n\t\t\n<p>Si bien se suele pensar que Mariano Fortuny fue el dise\u00f1ador del vestido, este reconoci\u00f3 que Henriette, su esposa y musa, era la verdadera creadora de la t\u00fanica Delphos con una nota manuscrita aut\u00e9ntica en un lado de la patente..<\/p>\n\t\t\n<style>\n#text-3498709693 {\n  line-height: 2;\n}\n<\/style>\n\t<\/div>\n\t\n\t\t<\/div>\n\t\t\t\t\n<style>\n#col-1369215076 > .col-inner {\n  padding: 20px 0px 20px 0px;\n}\n<\/style>\n\t<\/div>\n\n\t\n<\/div>\n<div class=\"is-divider divider clearfix\" style=\"margin-top:2em;margin-bottom:2em;height:0px;\"><\/div>\n\t\t<\/div>\n\n\t\t\n<style>\n#section_400158377 {\n  padding-top: 0px;\n  padding-bottom: 0px;\n  background-color: rgb(0,0,0);\n}\n<\/style>\n\t<\/section>\n\t\n\n  <div class=\"banner has-hover bg-overlay-remove\" id=\"banner-1984996567\">\n          <div class=\"banner-inner fill\">\n        <div class=\"banner-bg fill\" >\n            <img loading=\"lazy\" decoding=\"async\" width=\"1600\" height=\"795\" src=\"https:\/\/www.delphos.com\/wp-content\/uploads\/2023\/04\/delphos-dress-plisse-detail.jpg\" class=\"bg attachment-original size-original\" alt=\"\" \/>                        <div class=\"overlay\"><\/div>            \n                    <\/div>\n\t\t\n        <div class=\"banner-layers container\">\n            <div class=\"fill banner-link\"><\/div>            \n        <\/div>\n      <\/div>\n\n            \n<style>\n#banner-1984996567 {\n  padding-top: 500px;\n}\n#banner-1984996567 .overlay {\n  background-color: rgba(0, 0, 0, 0.2);\n}\n#banner-1984996567 .banner-bg img {\n  object-position: 51% 81%;\n}\n<\/style>\n  <\/div>\n\n\n","protected":false},"excerpt":{"rendered":"","protected":false},"author":337,"featured_media":88894,"parent":0,"menu_order":0,"comment_status":"closed","ping_status":"closed","template":"page-blank.php","meta":{"_acf_changed":false,"footnotes":""},"class_list":["post-83266","page","type-page","status-publish","has-post-thumbnail","hentry"],"acf":[],"_links":{"self":[{"href":"https:\/\/www.delphos.com\/es\/wp-json\/wp\/v2\/pages\/83266","targetHints":{"allow":["GET"]}}],"collection":[{"href":"https:\/\/www.delphos.com\/es\/wp-json\/wp\/v2\/pages"}],"about":[{"href":"https:\/\/www.delphos.com\/es\/wp-json\/wp\/v2\/types\/page"}],"author":[{"embeddable":true,"href":"https:\/\/www.delphos.com\/es\/wp-json\/wp\/v2\/users\/337"}],"replies":[{"embeddable":true,"href":"https:\/\/www.delphos.com\/es\/wp-json\/wp\/v2\/comments?post=83266"}],"version-history":[{"count":4,"href":"https:\/\/www.delphos.com\/es\/wp-json\/wp\/v2\/pages\/83266\/revisions"}],"predecessor-version":[{"id":137022,"href":"https:\/\/www.delphos.com\/es\/wp-json\/wp\/v2\/pages\/83266\/revisions\/137022"}],"wp:featuredmedia":[{"embeddable":true,"href":"https:\/\/www.delphos.com\/es\/wp-json\/wp\/v2\/media\/88894"}],"wp:attachment":[{"href":"https:\/\/www.delphos.com\/es\/wp-json\/wp\/v2\/media?parent=83266"}],"curies":[{"name":"wp","href":"https:\/\/api.w.org\/{rel}","templated":true}]}}