{"id":89950,"date":"2021-03-15T15:21:07","date_gmt":"2021-03-15T14:21:07","guid":{"rendered":"https:\/\/www.fortuny.shop\/?page_id=89950"},"modified":"2021-03-19T16:19:56","modified_gmt":"2021-03-19T15:19:56","slug":"parfums","status":"publish","type":"page","link":"https:\/\/www.delphos.com\/es\/parfums\/","title":{"rendered":"Parfums"},"content":{"rendered":"\n\t<section class=\"section dark\" id=\"section_1132501972\">\n\t\t<div class=\"section-bg fill\" >\n\t\t\t\t\t\t\t\t\t\n\t\t\t\n\n\t\t<\/div>\n\n\t\t\n\n\t\t<div class=\"section-content relative\">\n\t\t\t\n<div class=\"row\"  id=\"row-1039792154\">\n\n\t<div id=\"col-229156813\" class=\"col small-12 large-12\"  >\n\t\t\t\t<div class=\"col-inner text-center\"  >\n\t\t\t\n\t\t\t\n\t<div id=\"text-1463902450\" class=\"text\">\n\t\t\n<h1>Parfums<\/h1>\n\t\t\n<style>\n#text-1463902450 {\n  font-size: 1.5rem;\n  text-align: center;\n}\n<\/style>\n\t<\/div>\n\t\n<div class=\"woocommerce-product-details__short-description\">\n<p style=\"text-align: center;\"><strong>Atelier Fortuny Venezia<sup>\u00ae<\/sup><\/strong> celebra a Mariano Fortuny. La luz del Sol, la Luna y las Estrellas te rodear\u00e1 en cada momento de tu d\u00eda. Las nuevas eau de parfum Fortuny<sup>\u00ae<\/sup> son intrigantes, seductoras y misteriosas. Seguro que iluminar\u00e1n tus d\u00edas y tus noches.<\/p>\n<p style=\"text-align: center;\"><strong>Ven a visitar nuestras tiendas en Venecia o Par\u00eds para comprar nuestras fragancias.<\/strong><\/p>\n<\/div>\n\t\t<\/div>\n\t\t\t\t\t<\/div>\n\n\t\n\n<style>\n#row-1039792154 > .col > .col-inner {\n  padding: 0px 0px 40px 0px;\n}\n<\/style>\n<\/div>\n<div class=\"row row-full-width\"  id=\"row-257947886\">\n\n\t<div id=\"col-550731159\" class=\"col medium-12 small-12 large-7\"  >\n\t\t\t\t<div class=\"col-inner\"  >\n\t\t\t\n\t\t\t\n\t<div class=\"img has-hover x md-x lg-x y md-y lg-y\" id=\"image_1313955618\">\n\t\t\t\t\t\t\t\t<div class=\"img-inner dark\" >\n\t\t\t<img loading=\"lazy\" decoding=\"async\" width=\"800\" height=\"1129\" src=\"https:\/\/www.delphos.com\/wp-content\/uploads\/2021\/03\/perfume.jpg\" class=\"attachment-original size-original\" alt=\"perfumes\" srcset=\"https:\/\/www.delphos.com\/wp-content\/uploads\/2021\/03\/perfume.jpg 800w, https:\/\/www.delphos.com\/wp-content\/uploads\/2021\/03\/perfume-567x800.jpg 567w, https:\/\/www.delphos.com\/wp-content\/uploads\/2021\/03\/perfume-768x1084.jpg 768w\" sizes=\"auto, (max-width: 800px) 100vw, 800px\" \/>\t\t\t\t\t\t\n\t\t\t\t\t<\/div>\n\t\t\t\t\t\t\t\t\n<style>\n#image_1313955618 {\n  width: 100%;\n}\n<\/style>\n\t<\/div>\n\t\n\t\t<\/div>\n\t\t\t\t\t<\/div>\n\n\t\n\n\t<div id=\"col-619973886\" class=\"col medium-12 small-12 large-5\"  >\n\t\t\t\t<div class=\"col-inner text-center\"  >\n\t\t\t\n\t\t\t\n\t<div class=\"img has-hover x md-x lg-x y md-y lg-y\" id=\"image_1234863618\">\n\t\t\t\t\t\t\t\t<div class=\"img-inner dark\" >\n\t\t\t<img loading=\"lazy\" decoding=\"async\" width=\"150\" height=\"50\" src=\"https:\/\/www.delphos.com\/wp-content\/uploads\/2021\/03\/logo-parfvm.png\" class=\"attachment-original size-original\" alt=\"Logo  Parfvm\" \/>\t\t\t\t\t\t\n\t\t\t\t\t<\/div>\n\t\t\t\t\t\t\t\t\n<style>\n#image_1234863618 {\n  width: 50%;\n}\n@media (min-width:550px) {\n  #image_1234863618 {\n    width: 25%;\n  }\n}\n@media (min-width:850px) {\n  #image_1234863618 {\n    width: 40%;\n  }\n}\n<\/style>\n\t<\/div>\n\t\n<div class=\"is-divider divider clearfix\" style=\"margin-top:2.5em;margin-bottom:2.5em;height:0px;\"><\/div>\n\t<div class=\"img has-hover x md-x lg-x y md-y lg-y\" id=\"image_2010837658\">\n\t\t\t\t\t\t\t\t<div class=\"img-inner dark\" >\n\t\t\t<img loading=\"lazy\" decoding=\"async\" width=\"100\" height=\"118\" src=\"https:\/\/www.delphos.com\/wp-content\/uploads\/2021\/03\/icon-sun-perfume.png\" class=\"attachment-original size-original\" alt=\"Icon  Sun perfume\" \/>\t\t\t\t\t\t\n\t\t\t\t\t<\/div>\n\t\t\t\t\t\t\t\t\n<style>\n#image_2010837658 {\n  width: 20%;\n}\n@media (min-width:550px) {\n  #image_2010837658 {\n    width: 15%;\n  }\n}\n<\/style>\n\t<\/div>\n\t\n<p>A rich and creamy accord of Bulgarian Rose, Iris, Neroli, Carnation, Jasmine, Violet, Honeysuckle and Hyacinth with nuances of Cassis and Italian Bergamot made sensuous and suggestive by a background of Vetiver, Sandalwood and delicate shadings of Musk&#8230;<\/p>\n<div class=\"is-divider divider clearfix\" style=\"margin-top:2.5em;margin-bottom:2.5em;height:0px;\"><\/div>\n\t<div class=\"img has-hover x md-x lg-x y md-y lg-y\" id=\"image_22871479\">\n\t\t\t\t\t\t\t\t<div class=\"img-inner dark\" >\n\t\t\t<img loading=\"lazy\" decoding=\"async\" width=\"100\" height=\"118\" src=\"https:\/\/www.delphos.com\/wp-content\/uploads\/2021\/03\/icon-moon-perfume.png\" class=\"attachment-original size-original\" alt=\"Icon  Moon perfume\" \/>\t\t\t\t\t\t\n\t\t\t\t\t<\/div>\n\t\t\t\t\t\t\t\t\n<style>\n#image_22871479 {\n  width: 20%;\n}\n@media (min-width:550px) {\n  #image_22871479 {\n    width: 15%;\n  }\n}\n<\/style>\n\t<\/div>\n\t\n<p>Una armon\u00eda floral cl\u00e1sica y elegante creada con las notas ricas e intensas de Gardenia, Osmanthus e Iris. Destacados frescos de Ang\u00e9lica, Bergamota Italiana y G\u00e1lbano se presentan sobre un fondo sublime de Ambar dorado, Pachul\u00ed y S\u00e1ndalo con matices evocadores de Musgo de Roble, Incienso, Almizcle Tonquin y Mirra&#8230;<\/p>\n<div class=\"is-divider divider clearfix\" style=\"margin-top:2.5em;margin-bottom:2.5em;height:0px;\"><\/div>\n\t<div class=\"img has-hover x md-x lg-x y md-y lg-y\" id=\"image_157246290\">\n\t\t\t\t\t\t\t\t<div class=\"img-inner dark\" >\n\t\t\t<img loading=\"lazy\" decoding=\"async\" width=\"100\" height=\"118\" src=\"https:\/\/www.delphos.com\/wp-content\/uploads\/2021\/03\/icon-stars-perfume.png\" class=\"attachment-original size-original\" alt=\"Icon  Stars perfume\" \/>\t\t\t\t\t\t\n\t\t\t\t\t<\/div>\n\t\t\t\t\t\t\t\t\n<style>\n#image_157246290 {\n  width: 20%;\n}\n@media (min-width:550px) {\n  #image_157246290 {\n    width: 15%;\n  }\n}\n<\/style>\n\t<\/div>\n\t\n<p>Un arom\u00e1tico arabesco de Bergamota, Mandarina y Flores de Naranja mezclado con las maderas preciosas de Vetiver, S\u00e1ndalo, B\u00e1lsamo de Benju\u00ed y toques especiados de Pimienta Negra, Nuez Moscada, Jengibre y Cardamomo sobre un sugerente fondo de \u00c1mbar, Ol\u00edbano y Vainilla Bourbon&#8230;<\/p>\n\t\t<\/div>\n\t\t\t\t\n<style>\n#col-619973886 > .col-inner {\n  padding: 0px 10px 0px 10px;\n}\n@media (min-width:550px) {\n  #col-619973886 > .col-inner {\n    padding: 0px 30px 0px 30px;\n  }\n}\n<\/style>\n\t<\/div>\n\n\t\n<\/div>\n\t\t<\/div>\n\n\t\t\n<style>\n#section_1132501972 {\n  padding-top: 30px;\n  padding-bottom: 30px;\n  background-color: rgb(0,0,0);\n}\n<\/style>\n\t<\/section>\n\t\n","protected":false},"excerpt":{"rendered":"","protected":false},"author":337,"featured_media":90060,"parent":0,"menu_order":0,"comment_status":"closed","ping_status":"closed","template":"page-blank.php","meta":{"_acf_changed":false,"footnotes":""},"class_list":["post-89950","page","type-page","status-publish","has-post-thumbnail","hentry"],"acf":[],"_links":{"self":[{"href":"https:\/\/www.delphos.com\/es\/wp-json\/wp\/v2\/pages\/89950","targetHints":{"allow":["GET"]}}],"collection":[{"href":"https:\/\/www.delphos.com\/es\/wp-json\/wp\/v2\/pages"}],"about":[{"href":"https:\/\/www.delphos.com\/es\/wp-json\/wp\/v2\/types\/page"}],"author":[{"embeddable":true,"href":"https:\/\/www.delphos.com\/es\/wp-json\/wp\/v2\/users\/337"}],"replies":[{"embeddable":true,"href":"https:\/\/www.delphos.com\/es\/wp-json\/wp\/v2\/comments?post=89950"}],"version-history":[{"count":0,"href":"https:\/\/www.delphos.com\/es\/wp-json\/wp\/v2\/pages\/89950\/revisions"}],"wp:featuredmedia":[{"embeddable":true,"href":"https:\/\/www.delphos.com\/es\/wp-json\/wp\/v2\/media\/90060"}],"wp:attachment":[{"href":"https:\/\/www.delphos.com\/es\/wp-json\/wp\/v2\/media?parent=89950"}],"curies":[{"name":"wp","href":"https:\/\/api.w.org\/{rel}","templated":true}]}}