{"id":118487,"date":"2023-01-17T18:02:36","date_gmt":"2023-01-17T17:02:36","guid":{"rendered":"https:\/\/www.venetiastudium.com\/?post_type=product&#038;p=118487"},"modified":"2024-08-06T12:12:28","modified_gmt":"2024-08-06T10:12:28","slug":"biscuit-13c55mos-40k","status":"publish","type":"product","link":"https:\/\/www.delphos.com\/es\/shop\/cojines\/mosaico-terciopelo\/biscuit-13c55mos-40k\/","title":{"rendered":"Coj\u00edn cuadrado de terciopelo estampado | Mosaico Galetta"},"content":{"rendered":"<p>Este coj\u00edn cuadrado de terciopelo estampado Mosaico tiene un distintivo dise\u00f1o geom\u00e9trico impreso a mano con metal.<\/p>\n","protected":false},"excerpt":{"rendered":"<p>Este coj\u00edn se caracteriza por su estampado geom\u00e9trico realizado a mano en metal<\/p>\n","protected":false},"featured_media":128705,"comment_status":"open","ping_status":"closed","template":"","meta":{"_acf_changed":false},"product_brand":[],"product_cat":[398,3658],"product_tag":[],"class_list":{"0":"post-118487","1":"product","2":"type-product","3":"status-publish","4":"has-post-thumbnail","6":"product_cat-cojines","7":"product_cat-mosaico-terciopelo","8":"product_shipping_class-standard-es","9":"pa_color-bisque","10":"pa_material-terciopelo-viscosa-59-algodon-41","11":"pa_print-style-mosaico-es","12":"yith_product_brand-delphos-es","14":"first","15":"instock","16":"taxable","17":"shipping-taxable","18":"purchasable","19":"product-type-variable"},"acf":[],"_links":{"self":[{"href":"https:\/\/www.delphos.com\/es\/wp-json\/wp\/v2\/product\/118487","targetHints":{"allow":["GET"]}}],"collection":[{"href":"https:\/\/www.delphos.com\/es\/wp-json\/wp\/v2\/product"}],"about":[{"href":"https:\/\/www.delphos.com\/es\/wp-json\/wp\/v2\/types\/product"}],"replies":[{"embeddable":true,"href":"https:\/\/www.delphos.com\/es\/wp-json\/wp\/v2\/comments?post=118487"}],"wp:featuredmedia":[{"embeddable":true,"href":"https:\/\/www.delphos.com\/es\/wp-json\/wp\/v2\/media\/128705"}],"wp:attachment":[{"href":"https:\/\/www.delphos.com\/es\/wp-json\/wp\/v2\/media?parent=118487"}],"wp:term":[{"taxonomy":"product_brand","embeddable":true,"href":"https:\/\/www.delphos.com\/es\/wp-json\/wp\/v2\/product_brand?post=118487"},{"taxonomy":"product_cat","embeddable":true,"href":"https:\/\/www.delphos.com\/es\/wp-json\/wp\/v2\/product_cat?post=118487"},{"taxonomy":"product_tag","embeddable":true,"href":"https:\/\/www.delphos.com\/es\/wp-json\/wp\/v2\/product_tag?post=118487"}],"curies":[{"name":"wp","href":"https:\/\/api.w.org\/{rel}","templated":true}]}}