{"id":120383,"date":"2023-02-08T14:31:32","date_gmt":"2023-02-08T13:31:32","guid":{"rendered":"https:\/\/www.venetiastudium.com\/?post_type=product&#038;p=120383"},"modified":"2024-08-30T16:44:56","modified_gmt":"2024-08-30T14:44:56","slug":"biscuit-13c55-ale-40k","status":"publish","type":"product","link":"https:\/\/www.delphos.com\/es\/shop\/cojines\/alessandrino-es\/biscuit-13c55-ale-40k\/","title":{"rendered":"Coj\u00edn cuadrado de terciopelo estampado | Alessandrino Galleta"},"content":{"rendered":"<p>La colecci\u00f3n de cojines de Delphos se elabora artesanalmente en Venecia con una cuidada selecci\u00f3n de materiales de primera calidad, sobre los que se imprimen a mano motivos geom\u00e9tricos, florales y zoomorfos que recuerdan las culturas orientales y \u00e1rabes. Son perfectos como elemento de decoraci\u00f3n para interiores cl\u00e1sicos y modernos.<\/p>\n","protected":false},"excerpt":{"rendered":"<p>La colecci\u00f3n de cojines de Delphos est\u00e1 hecha a mano en Venecia con una cuidadosa selecci\u00f3n de materiales de primera calidad.<\/p>\n","protected":false},"featured_media":128597,"comment_status":"open","ping_status":"closed","template":"","meta":{"_acf_changed":false},"product_brand":[],"product_cat":[8964,398],"product_tag":[],"class_list":{"0":"post-120383","1":"product","2":"type-product","3":"status-publish","4":"has-post-thumbnail","6":"product_cat-alessandrino-es","7":"product_cat-cojines","8":"product_shipping_class-standard-es","9":"pa_color-bisque","10":"pa_material-terciopelo-viscosa-59-algodon-41","11":"pa_print-style-alessandrino-es","12":"yith_product_brand-delphos-es","14":"first","15":"instock","16":"taxable","17":"shipping-taxable","18":"purchasable","19":"product-type-variable"},"acf":[],"_links":{"self":[{"href":"https:\/\/www.delphos.com\/es\/wp-json\/wp\/v2\/product\/120383","targetHints":{"allow":["GET"]}}],"collection":[{"href":"https:\/\/www.delphos.com\/es\/wp-json\/wp\/v2\/product"}],"about":[{"href":"https:\/\/www.delphos.com\/es\/wp-json\/wp\/v2\/types\/product"}],"replies":[{"embeddable":true,"href":"https:\/\/www.delphos.com\/es\/wp-json\/wp\/v2\/comments?post=120383"}],"wp:featuredmedia":[{"embeddable":true,"href":"https:\/\/www.delphos.com\/es\/wp-json\/wp\/v2\/media\/128597"}],"wp:attachment":[{"href":"https:\/\/www.delphos.com\/es\/wp-json\/wp\/v2\/media?parent=120383"}],"wp:term":[{"taxonomy":"product_brand","embeddable":true,"href":"https:\/\/www.delphos.com\/es\/wp-json\/wp\/v2\/product_brand?post=120383"},{"taxonomy":"product_cat","embeddable":true,"href":"https:\/\/www.delphos.com\/es\/wp-json\/wp\/v2\/product_cat?post=120383"},{"taxonomy":"product_tag","embeddable":true,"href":"https:\/\/www.delphos.com\/es\/wp-json\/wp\/v2\/product_tag?post=120383"}],"curies":[{"name":"wp","href":"https:\/\/api.w.org\/{rel}","templated":true}]}}