{"id":120771,"date":"2023-02-09T12:17:32","date_gmt":"2023-02-09T11:17:32","guid":{"rendered":"https:\/\/www.venetiastudium.com\/?post_type=product&#038;p=120771"},"modified":"2024-08-07T16:47:48","modified_gmt":"2024-08-07T14:47:48","slug":"smoke-brown-13c55-buc-39k","status":"publish","type":"product","link":"https:\/\/www.delphos.com\/es\/shop\/cojines\/bucintoro-terciopelo\/smoke-brown-13c55-buc-39k\/","title":{"rendered":"Coj\u00edn cuadrado de terciopelo estampado | Bucintoro Taupe"},"content":{"rendered":"<p>El Bucintoro era la barcaza de Estado del Dux, el l\u00edder veneciano. Este coj\u00edn de terciopelo blanco estampado tiene un dise\u00f1o regio realizado a mano en metal.<\/p>\n","protected":false},"excerpt":{"rendered":"<p>El Bucintoro era la barcaza de Estado del Dux, el l\u00edder veneciano.<\/p>\n","protected":false},"featured_media":128285,"comment_status":"open","ping_status":"closed","template":"","meta":{"_acf_changed":false},"product_brand":[],"product_cat":[3621,398],"product_tag":[],"class_list":{"0":"post-120771","1":"product","2":"type-product","3":"status-publish","4":"has-post-thumbnail","6":"product_cat-bucintoro-terciopelo","7":"product_cat-cojines","8":"product_shipping_class-standard-es","9":"pa_color-taupe-es","10":"pa_material-terciopelo-viscosa-59-algodon-41","11":"pa_print-style-bucintoro-es","12":"yith_product_brand-delphos-es","14":"first","15":"instock","16":"taxable","17":"shipping-taxable","18":"purchasable","19":"product-type-variable"},"acf":[],"_links":{"self":[{"href":"https:\/\/www.delphos.com\/es\/wp-json\/wp\/v2\/product\/120771","targetHints":{"allow":["GET"]}}],"collection":[{"href":"https:\/\/www.delphos.com\/es\/wp-json\/wp\/v2\/product"}],"about":[{"href":"https:\/\/www.delphos.com\/es\/wp-json\/wp\/v2\/types\/product"}],"replies":[{"embeddable":true,"href":"https:\/\/www.delphos.com\/es\/wp-json\/wp\/v2\/comments?post=120771"}],"wp:featuredmedia":[{"embeddable":true,"href":"https:\/\/www.delphos.com\/es\/wp-json\/wp\/v2\/media\/128285"}],"wp:attachment":[{"href":"https:\/\/www.delphos.com\/es\/wp-json\/wp\/v2\/media?parent=120771"}],"wp:term":[{"taxonomy":"product_brand","embeddable":true,"href":"https:\/\/www.delphos.com\/es\/wp-json\/wp\/v2\/product_brand?post=120771"},{"taxonomy":"product_cat","embeddable":true,"href":"https:\/\/www.delphos.com\/es\/wp-json\/wp\/v2\/product_cat?post=120771"},{"taxonomy":"product_tag","embeddable":true,"href":"https:\/\/www.delphos.com\/es\/wp-json\/wp\/v2\/product_tag?post=120771"}],"curies":[{"name":"wp","href":"https:\/\/api.w.org\/{rel}","templated":true}]}}