{"id":121641,"date":"2023-02-13T16:56:27","date_gmt":"2023-02-13T15:56:27","guid":{"rendered":"https:\/\/www.venetiastudium.com\/?post_type=product&#038;p=121641"},"modified":"2024-08-07T10:27:37","modified_gmt":"2024-08-07T08:27:37","slug":"carmine-red-13c55lab-70k","status":"publish","type":"product","link":"https:\/\/www.delphos.com\/es\/shop\/cojines\/labirinto-terciopelo\/carmine-red-13c55lab-70k\/","title":{"rendered":"Coj\u00edn cuadrado de terciopelo estampado | Labirinto Canela"},"content":{"rendered":"<p>El coj\u00edn Labirinto de Delphos est\u00e1 hecho a mano en Venecia con una cuidada selecci\u00f3n de materiales de primera calidad. Estos cojines son perfectos como elementos de decoraci\u00f3n para interiores cl\u00e1sicos o modernos.<\/p>\n","protected":false},"excerpt":{"rendered":"<p>Los cojines Labirinto de Delphos est\u00e1n hechos a mano en Venecia con una cuidadosa selecci\u00f3n de materiales de primera calidad.<\/p>\n","protected":false},"featured_media":128353,"comment_status":"open","ping_status":"closed","template":"","meta":{"_acf_changed":false},"product_brand":[],"product_cat":[398,6943],"product_tag":[],"class_list":{"0":"post-121641","1":"product","2":"type-product","3":"status-publish","4":"has-post-thumbnail","6":"product_cat-cojines","7":"product_cat-labirinto-terciopelo","8":"product_shipping_class-standard-es","9":"pa_color-canela","10":"pa_material-terciopelo-viscosa-59-algodon-41","11":"pa_print-style-labirinto-es","12":"yith_product_brand-delphos-es","14":"first","15":"instock","16":"taxable","17":"shipping-taxable","18":"purchasable","19":"product-type-variable"},"acf":[],"_links":{"self":[{"href":"https:\/\/www.delphos.com\/es\/wp-json\/wp\/v2\/product\/121641","targetHints":{"allow":["GET"]}}],"collection":[{"href":"https:\/\/www.delphos.com\/es\/wp-json\/wp\/v2\/product"}],"about":[{"href":"https:\/\/www.delphos.com\/es\/wp-json\/wp\/v2\/types\/product"}],"replies":[{"embeddable":true,"href":"https:\/\/www.delphos.com\/es\/wp-json\/wp\/v2\/comments?post=121641"}],"wp:featuredmedia":[{"embeddable":true,"href":"https:\/\/www.delphos.com\/es\/wp-json\/wp\/v2\/media\/128353"}],"wp:attachment":[{"href":"https:\/\/www.delphos.com\/es\/wp-json\/wp\/v2\/media?parent=121641"}],"wp:term":[{"taxonomy":"product_brand","embeddable":true,"href":"https:\/\/www.delphos.com\/es\/wp-json\/wp\/v2\/product_brand?post=121641"},{"taxonomy":"product_cat","embeddable":true,"href":"https:\/\/www.delphos.com\/es\/wp-json\/wp\/v2\/product_cat?post=121641"},{"taxonomy":"product_tag","embeddable":true,"href":"https:\/\/www.delphos.com\/es\/wp-json\/wp\/v2\/product_tag?post=121641"}],"curies":[{"name":"wp","href":"https:\/\/api.w.org\/{rel}","templated":true}]}}