{"id":122234,"date":"2023-02-20T17:04:48","date_gmt":"2023-02-20T16:04:48","guid":{"rendered":"https:\/\/www.venetiastudium.com\/?post_type=product&#038;p=122234"},"modified":"2024-09-26T14:10:54","modified_gmt":"2024-09-26T12:10:54","slug":"smoke-brown-13c55-gli-39k","status":"publish","type":"product","link":"https:\/\/www.delphos.com\/es\/shop\/cojines\/glicine-terciopelo\/smoke-brown-13c55-gli-39k\/","title":{"rendered":"Printed velvet square cushion | Glicine Taupe"},"content":{"rendered":"<p>El coj\u00edn Glicine de Delphos est\u00e1 hecho a mano en Venecia con una cuidada selecci\u00f3n de materiales de primera calidad. Estos cojines son perfectos como elementos de decoraci\u00f3n para interiores cl\u00e1sicos o modernos.<\/p>\n","protected":false},"excerpt":{"rendered":"<p>La colecci\u00f3n de cojines Glicine de Delphos est\u00e1 hecha a mano en Venecia con una cuidadosa selecci\u00f3n de materiales de primera calidad. <strong>Size: Medium 52 x 52cm (20.5 x 20.5\u2033)<\/strong><\/p>\n","protected":false},"featured_media":128197,"comment_status":"open","ping_status":"closed","template":"","meta":{"_acf_changed":false},"product_brand":[],"product_cat":[398,6926],"product_tag":[],"class_list":{"0":"post-122234","1":"product","2":"type-product","3":"status-publish","4":"has-post-thumbnail","6":"product_cat-cojines","7":"product_cat-glicine-terciopelo","8":"product_shipping_class-standard-es","9":"pa_color-taupe-es","10":"pa_material-terciopelo-viscosa-59-algodon-41","11":"pa_print-style-glicine-es","12":"yith_product_brand-delphos-es","14":"first","15":"instock","16":"taxable","17":"shipping-taxable","18":"purchasable","19":"product-type-variable"},"acf":[],"_links":{"self":[{"href":"https:\/\/www.delphos.com\/es\/wp-json\/wp\/v2\/product\/122234","targetHints":{"allow":["GET"]}}],"collection":[{"href":"https:\/\/www.delphos.com\/es\/wp-json\/wp\/v2\/product"}],"about":[{"href":"https:\/\/www.delphos.com\/es\/wp-json\/wp\/v2\/types\/product"}],"replies":[{"embeddable":true,"href":"https:\/\/www.delphos.com\/es\/wp-json\/wp\/v2\/comments?post=122234"}],"wp:featuredmedia":[{"embeddable":true,"href":"https:\/\/www.delphos.com\/es\/wp-json\/wp\/v2\/media\/128197"}],"wp:attachment":[{"href":"https:\/\/www.delphos.com\/es\/wp-json\/wp\/v2\/media?parent=122234"}],"wp:term":[{"taxonomy":"product_brand","embeddable":true,"href":"https:\/\/www.delphos.com\/es\/wp-json\/wp\/v2\/product_brand?post=122234"},{"taxonomy":"product_cat","embeddable":true,"href":"https:\/\/www.delphos.com\/es\/wp-json\/wp\/v2\/product_cat?post=122234"},{"taxonomy":"product_tag","embeddable":true,"href":"https:\/\/www.delphos.com\/es\/wp-json\/wp\/v2\/product_tag?post=122234"}],"curies":[{"name":"wp","href":"https:\/\/api.w.org\/{rel}","templated":true}]}}