{"id":124459,"date":"2023-04-13T12:05:48","date_gmt":"2023-04-13T10:05:48","guid":{"rendered":"https:\/\/www.venetiastudium.com\/?post_type=product&#038;p=124459"},"modified":"2024-08-06T13:54:31","modified_gmt":"2024-08-06T11:54:31","slug":"ivory-13c55-ist-24k","status":"publish","type":"product","link":"https:\/\/www.delphos.com\/es\/shop\/cojines\/istanbul-terciopelo\/ivory-13c55-ist-24k\/","title":{"rendered":"Cuscino quadrato in velluto stampato | Istanbul Marfil"},"content":{"rendered":"<p>Este coj\u00edn cuadrado de terciopelo de Estambul est\u00e1 estampado a mano con metal. Su caracter\u00edstico motivo evoca el misterio y la magia de Bizancio.<\/p>\n","protected":false},"excerpt":{"rendered":"<p>Su caracter\u00edstico motivo evoca el misterio y la magia de Bizancio.<\/p>\n","protected":false},"featured_media":128034,"comment_status":"open","ping_status":"closed","template":"","meta":{"_acf_changed":false},"product_brand":[],"product_cat":[398,3622],"product_tag":[],"class_list":{"0":"post-124459","1":"product","2":"type-product","3":"status-publish","4":"has-post-thumbnail","6":"product_cat-cojines","7":"product_cat-istanbul-terciopelo","8":"product_shipping_class-standard-es","9":"pa_color-marfil","10":"pa_material-terciopelo-viscosa-59-algodon-41","11":"pa_print-style-istambul-es","12":"yith_product_brand-delphos-es","14":"first","15":"instock","16":"taxable","17":"shipping-taxable","18":"purchasable","19":"product-type-variable"},"acf":[],"_links":{"self":[{"href":"https:\/\/www.delphos.com\/es\/wp-json\/wp\/v2\/product\/124459","targetHints":{"allow":["GET"]}}],"collection":[{"href":"https:\/\/www.delphos.com\/es\/wp-json\/wp\/v2\/product"}],"about":[{"href":"https:\/\/www.delphos.com\/es\/wp-json\/wp\/v2\/types\/product"}],"replies":[{"embeddable":true,"href":"https:\/\/www.delphos.com\/es\/wp-json\/wp\/v2\/comments?post=124459"}],"wp:featuredmedia":[{"embeddable":true,"href":"https:\/\/www.delphos.com\/es\/wp-json\/wp\/v2\/media\/128034"}],"wp:attachment":[{"href":"https:\/\/www.delphos.com\/es\/wp-json\/wp\/v2\/media?parent=124459"}],"wp:term":[{"taxonomy":"product_brand","embeddable":true,"href":"https:\/\/www.delphos.com\/es\/wp-json\/wp\/v2\/product_brand?post=124459"},{"taxonomy":"product_cat","embeddable":true,"href":"https:\/\/www.delphos.com\/es\/wp-json\/wp\/v2\/product_cat?post=124459"},{"taxonomy":"product_tag","embeddable":true,"href":"https:\/\/www.delphos.com\/es\/wp-json\/wp\/v2\/product_tag?post=124459"}],"curies":[{"name":"wp","href":"https:\/\/api.w.org\/{rel}","templated":true}]}}