{"id":131559,"date":"2023-10-26T12:29:22","date_gmt":"2023-10-26T10:29:22","guid":{"rendered":"https:\/\/www.delphos.com\/shop\/sin%20categor\u00eda\/furrowed-velvet-rounded-taupe-cushion\/"},"modified":"2024-09-26T15:14:24","modified_gmt":"2024-09-26T13:14:24","slug":"furrowed-velvet-rounded-taupe-cushion","status":"publish","type":"product","link":"https:\/\/www.delphos.com\/es\/shop\/cojines\/cojines-redondos\/furrowed-velvet-rounded-taupe-cushion\/","title":{"rendered":"Coj\u00edn redondo de terciopelo fruncido color topo"},"content":{"rendered":"<p>Este coj\u00edn de terciopelo con surcos redondeados tiene un di\u00e1metro de 40 cm, tejido de terciopelo de seda y relleno de oca 100% natural.<\/p>\n","protected":false},"excerpt":{"rendered":"<p>Este coj\u00edn tiene un di\u00e1metro de 40 cm, terciopelo de seda, 100% relleno de pluma de oca natural.<\/p>\n","protected":false},"featured_media":128948,"comment_status":"closed","ping_status":"open","template":"","meta":{"_acf_changed":false},"product_brand":[],"product_cat":[398,8982],"product_tag":[],"class_list":{"0":"post-131559","1":"product","2":"type-product","3":"status-publish","4":"has-post-thumbnail","6":"product_cat-cojines","7":"product_cat-cojines-redondos","8":"pa_color-taupe-es","9":"pa_material-terciopelo-de-seda-80-viscosa-20-seda","10":"yith_product_brand-delphos-es","12":"first","13":"instock","14":"taxable","15":"shipping-taxable","16":"purchasable","17":"product-type-simple"},"acf":[],"_links":{"self":[{"href":"https:\/\/www.delphos.com\/es\/wp-json\/wp\/v2\/product\/131559","targetHints":{"allow":["GET"]}}],"collection":[{"href":"https:\/\/www.delphos.com\/es\/wp-json\/wp\/v2\/product"}],"about":[{"href":"https:\/\/www.delphos.com\/es\/wp-json\/wp\/v2\/types\/product"}],"replies":[{"embeddable":true,"href":"https:\/\/www.delphos.com\/es\/wp-json\/wp\/v2\/comments?post=131559"}],"wp:featuredmedia":[{"embeddable":true,"href":"https:\/\/www.delphos.com\/es\/wp-json\/wp\/v2\/media\/128948"}],"wp:attachment":[{"href":"https:\/\/www.delphos.com\/es\/wp-json\/wp\/v2\/media?parent=131559"}],"wp:term":[{"taxonomy":"product_brand","embeddable":true,"href":"https:\/\/www.delphos.com\/es\/wp-json\/wp\/v2\/product_brand?post=131559"},{"taxonomy":"product_cat","embeddable":true,"href":"https:\/\/www.delphos.com\/es\/wp-json\/wp\/v2\/product_cat?post=131559"},{"taxonomy":"product_tag","embeddable":true,"href":"https:\/\/www.delphos.com\/es\/wp-json\/wp\/v2\/product_tag?post=131559"}],"curies":[{"name":"wp","href":"https:\/\/api.w.org\/{rel}","templated":true}]}}