{"id":51560,"date":"2019-08-26T18:03:43","date_gmt":"2019-08-26T16:03:43","guid":{"rendered":"https:\/\/www.fortuny.shop\/shop\/sin categor\u00eda\/cojin-cuadrado-san-marco-de-terciopelo-rojo-carmin-estampado\/"},"modified":"2019-08-26T18:03:43","modified_gmt":"2019-08-26T16:03:43","slug":"cojin-estampado-de-terciopelo-rojo-carmin-13c55-sma-14v","status":"publish","type":"product","link":"https:\/\/www.delphos.com\/es\/shop\/cojines\/san-marco-terciopelo\/cojin-estampado-de-terciopelo-rojo-carmin-13c55-sma-14v\/","title":{"rendered":"Coj\u00edn cuadrado San Marco de terciopelo rojo carm\u00edn estampado"},"content":{"rendered":"<p>San Marco es un barrio situado en el coraz\u00f3n de Venecia.<br \/>\nEl dise\u00f1o San Marco de este coj\u00edn cuadrado de terciopelo rojo carm\u00edn estampado evoca la emblem\u00e1tica bas\u00edlica de Venecia.<br \/>\nEs de terciopelo estampado a mano con metal.<\/p>\n","protected":false},"excerpt":{"rendered":"<p>San Marco es un barrio situado en el coraz\u00f3n de Venecia. El dise\u00f1o de este coj\u00edn cuadrado evoca la emblem\u00e1tica bas\u00edlica de San Marco .<\/p>\n<p><strong>Tama\u00f1o: mediano 52 x 52 cm (20.5 x 20.5&#8243;)<\/strong><\/p>\n","protected":false},"featured_media":127838,"comment_status":"open","ping_status":"closed","template":"","meta":{"_acf_changed":false},"product_brand":[],"product_cat":[398,3618],"product_tag":[],"class_list":{"0":"post-51560","1":"product","2":"type-product","3":"status-publish","4":"has-post-thumbnail","6":"product_cat-cojines","7":"product_cat-san-marco-terciopelo","8":"product_shipping_class-standard-es","9":"pa_color-canela","10":"pa_material-terciopelo-viscosa-59-algodon-41","11":"pa_print-style-san-marco-es","12":"yith_product_brand-delphos-es","14":"first","15":"instock","16":"taxable","17":"shipping-taxable","18":"purchasable","19":"product-type-variable"},"acf":[],"_links":{"self":[{"href":"https:\/\/www.delphos.com\/es\/wp-json\/wp\/v2\/product\/51560","targetHints":{"allow":["GET"]}}],"collection":[{"href":"https:\/\/www.delphos.com\/es\/wp-json\/wp\/v2\/product"}],"about":[{"href":"https:\/\/www.delphos.com\/es\/wp-json\/wp\/v2\/types\/product"}],"replies":[{"embeddable":true,"href":"https:\/\/www.delphos.com\/es\/wp-json\/wp\/v2\/comments?post=51560"}],"wp:featuredmedia":[{"embeddable":true,"href":"https:\/\/www.delphos.com\/es\/wp-json\/wp\/v2\/media\/127838"}],"wp:attachment":[{"href":"https:\/\/www.delphos.com\/es\/wp-json\/wp\/v2\/media?parent=51560"}],"wp:term":[{"taxonomy":"product_brand","embeddable":true,"href":"https:\/\/www.delphos.com\/es\/wp-json\/wp\/v2\/product_brand?post=51560"},{"taxonomy":"product_cat","embeddable":true,"href":"https:\/\/www.delphos.com\/es\/wp-json\/wp\/v2\/product_cat?post=51560"},{"taxonomy":"product_tag","embeddable":true,"href":"https:\/\/www.delphos.com\/es\/wp-json\/wp\/v2\/product_tag?post=51560"}],"curies":[{"name":"wp","href":"https:\/\/api.w.org\/{rel}","templated":true}]}}