{"id":51911,"date":"2019-08-01T17:56:03","date_gmt":"2019-08-01T15:56:03","guid":{"rendered":"https:\/\/www.fortuny.shop\/shop\/sin%20categor\u00eda\/cojin-redondo-de-terciopelo-fruncido-beis\/"},"modified":"2024-09-26T15:08:37","modified_gmt":"2024-09-26T13:08:37","slug":"redondo-beis-6c40-4","status":"publish","type":"product","link":"https:\/\/www.delphos.com\/es\/shop\/cojines\/cojines-redondos\/redondo-beis-6c40-4\/","title":{"rendered":"Coj\u00edn redondo marfil de terciopelo fruncido"},"content":{"rendered":"<p>Este coj\u00edn redondo de color beis tiene un di\u00e1metro de 40 cm, terciopelo de seda, 100% relleno de pluma de oca natural<\/p>\n","protected":false},"excerpt":{"rendered":"<p>Este coj\u00edn tiene un di\u00e1metro de 40 cm, terciopelo de seda, 100% relleno de pluma de oca natural.<\/p>\n","protected":false},"featured_media":128873,"comment_status":"open","ping_status":"closed","template":"","meta":{"_acf_changed":false},"product_brand":[],"product_cat":[398,8982],"product_tag":[],"class_list":{"0":"post-51911","1":"product","2":"type-product","3":"status-publish","4":"has-post-thumbnail","6":"product_cat-cojines","7":"product_cat-cojines-redondos","8":"pa_color-beis","9":"pa_material-terciopelo-de-seda-80-viscosa-20-seda","10":"yith_product_brand-delphos-es","12":"first","13":"instock","14":"taxable","15":"shipping-taxable","16":"purchasable","17":"product-type-simple"},"acf":[],"_links":{"self":[{"href":"https:\/\/www.delphos.com\/es\/wp-json\/wp\/v2\/product\/51911","targetHints":{"allow":["GET"]}}],"collection":[{"href":"https:\/\/www.delphos.com\/es\/wp-json\/wp\/v2\/product"}],"about":[{"href":"https:\/\/www.delphos.com\/es\/wp-json\/wp\/v2\/types\/product"}],"replies":[{"embeddable":true,"href":"https:\/\/www.delphos.com\/es\/wp-json\/wp\/v2\/comments?post=51911"}],"wp:featuredmedia":[{"embeddable":true,"href":"https:\/\/www.delphos.com\/es\/wp-json\/wp\/v2\/media\/128873"}],"wp:attachment":[{"href":"https:\/\/www.delphos.com\/es\/wp-json\/wp\/v2\/media?parent=51911"}],"wp:term":[{"taxonomy":"product_brand","embeddable":true,"href":"https:\/\/www.delphos.com\/es\/wp-json\/wp\/v2\/product_brand?post=51911"},{"taxonomy":"product_cat","embeddable":true,"href":"https:\/\/www.delphos.com\/es\/wp-json\/wp\/v2\/product_cat?post=51911"},{"taxonomy":"product_tag","embeddable":true,"href":"https:\/\/www.delphos.com\/es\/wp-json\/wp\/v2\/product_tag?post=51911"}],"curies":[{"name":"wp","href":"https:\/\/api.w.org\/{rel}","templated":true}]}}