{"id":116021,"date":"2022-05-02T16:10:44","date_gmt":"2022-05-02T14:10:44","guid":{"rendered":"https:\/\/www.fortuny.shop\/?page_id=116021"},"modified":"2022-05-03T11:20:11","modified_gmt":"2022-05-03T09:20:11","slug":"fortuny-day-2022-fr","status":"publish","type":"page","link":"https:\/\/www.delphos.com\/fr\/fortuny-day-2022-fr\/","title":{"rendered":"Fortuny Day 2022"},"content":{"rendered":"\n  <div class=\"banner has-hover has-parallax\" id=\"banner-1913237718\">\n          <div class=\"banner-inner fill\">\n        <div class=\"banner-bg fill\" data-parallax=\"-1\" data-parallax-container=\".banner\" data-parallax-background>\n            <img loading=\"lazy\" decoding=\"async\" width=\"2560\" height=\"1096\" src=\"https:\/\/www.delphos.com\/wp-content\/uploads\/2022\/05\/mariano-seppia-header4.jpg\" class=\"bg attachment-original size-original\" alt=\"\" \/>                                    \n                    <\/div>\n\t\t\n        <div class=\"banner-layers container\">\n            <div class=\"fill banner-link\"><\/div>             \t<div class=\"img has-hover x50 md-x5 lg-x0 y15 md-y15 lg-y15\" id=\"image_99383393\">\n\t\t\t\t\t\t\t\t<div class=\"img-inner dark\" >\n\t\t\t<img loading=\"lazy\" decoding=\"async\" width=\"640\" height=\"315\" src=\"https:\/\/www.delphos.com\/wp-content\/uploads\/2022\/05\/day-22-logo.png\" class=\"attachment-large size-large\" alt=\"Day logo\" \/>\t\t\t\t\t\t\n\t\t\t\t\t<\/div>\n\t\t\t\t\t\t\t\t\n<style>\n#image_99383393 {\n  width: 66%;\n}\n@media (min-width:550px) {\n  #image_99383393 {\n    width: 34%;\n  }\n}\n<\/style>\n\t<\/div>\n\t \t<div class=\"img has-hover x15 md-x5 lg-x0 y50 md-y60 lg-y70\" id=\"image_1400667047\">\n\t\t\t\t\t\t\t\t<div class=\"img-inner dark\" >\n\t\t\t<img loading=\"lazy\" decoding=\"async\" width=\"192\" height=\"122\" src=\"https:\/\/www.delphos.com\/wp-content\/uploads\/2022\/05\/day-22-logo-may11.png\" class=\"attachment-large size-large\" alt=\"May 11th  Day\" \/>\t\t\t\t\t\t\n\t\t\t\t\t<\/div>\n\t\t\t\t\t\t\t\t\n<style>\n#image_1400667047 {\n  width: 27%;\n}\n@media (min-width:550px) {\n  #image_1400667047 {\n    width: 12%;\n  }\n}\n<\/style>\n\t<\/div>\n\t    <div id=\"text-box-820323489\" class=\"text-box banner-layer x50 md-x5 lg-x0 y85 md-y90 lg-y90 res-text\">\n                                <div class=\"text-box-content text dark\">\n              \n              <div class=\"text-inner text-center\">\n                   \t<div id=\"text-12500136\" class=\"text\">\n\t\t\n<p>Mariano Fortuny est n\u00e9 \u00e0 Grenade le 11 mai 1871.<br \/>Il s&rsquo;installe \u00e0 Venise en 1889, o\u00f9 il passe le reste de sa carri\u00e8re artistique.<\/p>\n\t\t\n<style>\n#text-12500136 {\n  font-size: 1.15rem;\n  text-align: left;\n}\n<\/style>\n\t<\/div>\n\t               <\/div>\n           <\/div>\n                            \n<style>\n#text-box-820323489 {\n  width: 69%;\n}\n#text-box-820323489 .text-box-content {\n  font-size: 100%;\n}\n@media (min-width:550px) {\n  #text-box-820323489 {\n    width: 58%;\n  }\n}\n<\/style>\n    <\/div>\n          <\/div>\n      <\/div>\n\n            \n<style>\n#banner-1913237718 {\n  padding-top: 650px;\n}\n#banner-1913237718 .banner-bg img {\n  object-position: 70% 39%;\n}\n@media (min-width:550px) {\n  #banner-1913237718 {\n    padding-top: 600px;\n  }\n}\n<\/style>\n  <\/div>\n\n <div class=\"row align-center\"  id=\"row-1741189276\"> \n\t<div id=\"col-672832382\" class=\"col small-12 large-12\"  >\n\t\t\t\t<div class=\"col-inner\"  >\n\t\t\t\n\t\t\t \t<div id=\"text-3846712810\" class=\"text\">\n\t\t\n<h1 style=\"text-align: center; font-size: 2.5rem; color: #857657; margin-bottom: 2rem;\">Artiste, photographe, dessinateur<\/h1>\n<p><b>Mariano Fortuny<\/b>, fils de l\u2019artiste homonyme et de Cecilia de Madrazo y Garreta, a h\u00e9rit\u00e9 la passion de la peinture de son p\u00e8re, mais c\u2019est dans les arts appliqu\u00e9s que ses multiples talents se sont manifest\u00e9s.<\/p>\n<p class=\"p1\"><span class=\"s1\">Apr\u00e8s une enfance marqu\u00e9e par la mort pr\u00e9matur\u00e9e de son p\u00e8re et pass\u00e9e entre Paris, Biarritz et Madrid, il s\u2019installe d\u00e9finitivement \u00e0 Venise, au Palazzo Martinengo, avec sa m\u00e8re et sa s\u0153ur Luisa. C\u2019est entre 1898 et 1906 qu\u2019il entra en possession du\u00a0<b>Palazzo Pesaro degli Orfei<\/b>\u00a0\u00e0 San Beneto. Il logeait au dernier \u00e9tage du palais avec\u00a0<b>Henriette Negrin<\/b>, sa femme puis muse rencontr\u00e9e \u00e0 Paris en 1902. C\u2019est ici-m\u00eame que commen\u00e7a son aventure dans le domaine textile. Henriette partageait les m\u00eames passions et canons esth\u00e9tiques de son mari. Elle mena les premi\u00e8res exp\u00e9riences d\u2019imprim\u00e9 avec des matrices en bois afin de cr\u00e9er le\u00a0<b>ch\u00e2le de Knossos<\/b>. Comme indiqu\u00e9 par une note lat\u00e9rale autographi\u00e9e et \u00e9crite sur le brevet, Fortuny lui-m\u00eame l\u2019a reconnue comme la v\u00e9ritable cr\u00e9atrice de la\u00a0<b>robe Delphos<\/b>, inspir\u00e9e du chit\u00f4n ionique de l\u2019Aurige. Le Palazzo Orfei est devenu leur\u00a0<b>atelier<\/b>, un lieu o\u00f9 sont n\u00e9es les cr\u00e9ations r\u00e9volutionnaires, les pierres angulaires de l\u2019histoire du design et de la mode et o\u00f9 se sont r\u00e9unis amis et clients.<\/span><\/p>\n<p class=\"p1\"><span class=\"s1\">Le\u00a0<b>tissu pliss\u00e9,<\/b>\u00a0le\u00a0<b>d\u00f4me pliable,<\/b>\u00a0les<b>lampes en soie,<\/b>\u00a0un dispositif pour faire varier<b>l\u2019intensit\u00e9 des sources d\u2019\u00e9clairage<\/b>\u00a0\u2014 le premier\u00a0<b>variateur d\u2019intensit\u00e9<\/b>\u00a0\u2014 et une nouvelle m\u00e9thode de\u00a0<b>gravure des plaques photographiques<\/b>\u00a0comptent parmi les inventions du couple. La cr\u00e9ativit\u00e9 des deux artistes s\u2019est exprim\u00e9e sous diff\u00e9rentes formes au fil des ann\u00e9es, mais elle a toujours \u00e9t\u00e9 l\u2019expression d\u2019une curiosit\u00e9 sans limite qui les a incit\u00e9s \u00e0 rechercher constamment de nouvelles solutions afin d\u2019obtenir de nouveaux r\u00e9sultats.<\/span><\/p>\n<p class=\"p1\"><span class=\"s1\">Mariano Fortuny est d\u00e9c\u00e9d\u00e9 en 1949. Rest\u00e9e seule et incapable de diriger l\u2019usine de l\u2019\u00eele de Giudecca, o\u00f9 les textiles de coton ont \u00e9t\u00e9 imprim\u00e9s avec une machine con\u00e7ue par Mariano, Henriette l\u2019a vendue, ainsi que les droits de marque relatifs aux cotons et papiers peints. Toutefois, elle a gard\u00e9 pour elle-m\u00eame tous les droits pour le traitement des velours et soieries r\u00e9alis\u00e9s \u00e0 l\u2019int\u00e9rieur de son atelier au Palazzo Orfei, o\u00f9 elle a continu\u00e9 la production pendant quelques ann\u00e9es avec ses employ\u00e9s.<\/span><\/p>\n<p class=\"p1\"><span class=\"s1\"><b>Ce fut le voyage d\u2019une vie, de Grenade \u00e0 Venise.\u00a0<\/b>L\u2019h\u00e9ritage cr\u00e9atif des artistes semblait perdu, jusqu\u2019au jour o\u00f9 un curieux jeune V\u00e9nitien qui visitait fr\u00e9quemment le Palais Fortuny, alors transform\u00e9 en mus\u00e9e, d\u00e9voila les secrets de leurs joyaux: tissus, lampes, diffuseurs, robes, velours\u2026<\/span><\/p>\n<p class=\"p1\"><span class=\"s1\">Ces objets magiques qui l\u2019avaient tant fascin\u00e9 devaient \u00eatre admir\u00e9s par tout le monde, ils ne pouvaient pas dispara\u00eetre avec leurs cr\u00e9ateurs. En pr\u00e9sence d\u2019un tel tr\u00e9sor, l\u2019engouement pour la d\u00e9couverte grandit. Pendant des mois, ce jeune homme, aid\u00e9 de quelques collaborateurs, feuilleta les notes du \u00ab magicien \u00bb, analysa les tissus, observa attentivement les plis des v\u00eatements, \u00e0 la recherche de ses secrets les plus enfouis, afin de reconstruire un atelier pr\u00e9servant les technologies et m\u00e9thodes. C\u2019est en\u00a0<b>1984<\/b>\u00a0que la proc\u00e9dure de plissage et le syst\u00e8me d\u2019impression \u00e0 la main sur les soies et les velours ont finalement \u00e9t\u00e9 perfectionn\u00e9s, permettant la cr\u00e9ation d\u2019accessoires et de v\u00eatements. Voil\u00e0 comment\u00a0<b>Lino Lando refonda l\u2019atelier du Palazzo Orfei \u00e0 Venise<\/b>, poursuivant la production artisanale de soieries, de velours, de lampes, de v\u00eatements, d\u2019accessoires et de parfums.<\/span><\/p>\n<p class=\"p1\"><span class=\"s1\">La<b>collection Studio 1907<\/b>, compos\u00e9e des c\u00e9l\u00e8bres diffuseurs con\u00e7us par Mariano Fortuny, fait partie des produits propos\u00e9s. Ces objets design, choisis par des architectes et des d\u00e9corateurs d\u2019int\u00e9rieur du monde entier, sont les premiers exemples de lampes \u00e0 lumi\u00e8re diffuse, toujours in\u00e9gal\u00e9es pour la technologie et l\u2019\u00e9l\u00e9gance, id\u00e9ales pour des int\u00e9rieurs classiques, modernes et avant-gardistes.<\/span><\/p>\n<p class=\"p1\"><span class=\"s1\">Dernier point mais non le moindre, l\u2019entreprise fabrique de l\u2019ameublement comme\u00a0<b>des coussins et des tapisseries sous la marque Delphos.<\/b><\/span><\/p>\n<p class=\"p1\"><span class=\"s1\">Chaque produit est un chef-d\u2019\u0153uvre artisanal. Les c\u00e9l\u00e8bres lampes en soie et robes d\u2019inspiration grecque continuent d\u2019\u00eatre con\u00e7ues, peintes et imprim\u00e9es \u00e0 la main, avec le m\u00eame soin que Mariano Fortuny et Henriette. C\u2019est ainsi que le pr\u00e9cieux h\u00e9ritage artistique est aujourd\u2019hui v\u00e9hicul\u00e9 par l\u2019<b>Atelier Fortuny Venezia<\/b>\u00a0pour qu\u2019il perdure dans le temps.<\/span><\/p>\n\t\t\n<style>\n#text-3846712810 {\n  color: rgb(50, 50, 50);\n}\n#text-3846712810 > * {\n  color: rgb(50, 50, 50);\n}\n<\/style>\n\t<\/div>\n\t \t\t<\/div>\n\t\t\t\t\t<\/div>\n\n\t \n<style>\n#row-1741189276 > .col > .col-inner {\n  padding: 30px 0px 30px 0px;\n}\n<\/style>\n<\/div> <div class=\"row row-collapse row-full-width\"  id=\"row-1455546647\"> \n\t<div id=\"col-472689581\" class=\"col small-12 large-12\"  >\n\t\t\t\t<div class=\"col-inner\"  >\n\t\t\t\n\t\t\t \t<div id=\"text-704201929\" class=\"text\">\n\t\t\n<h1 style=\"color: #857657;\">En savoir plus sur Mariano Fortuny sur le blog<\/h1>\n\t\t\n<style>\n#text-704201929 {\n  text-align: center;\n}\n<\/style>\n\t<\/div>\n\t <div class=\"text-center\"><div class=\"is-divider divider clearfix\" ><\/div><\/div> \t\t<\/div>\n\t\t\t\t\t<\/div>\n\n\t <\/div>\n<div class=\"row row-collapse row-full-width\"  id=\"row-1059767992\"> \n\t<div id=\"col-50713595\" class=\"col small-12 large-12\"  >\n\t\t\t\t<div class=\"col-inner\"  >\n\t\t\t\n\t\t\t   <style>\n    #row-1105312783 .grid-col-1{height: 600px}\n    #row-1105312783 .grid-col-1-2{height: 300px}\n    #row-1105312783 .grid-col-1-3{height:200px}\n    #row-1105312783 .grid-col-2-3{height: 400px}\n    #row-1105312783 .grid-col-1-4{height: 150px}\n    #row-1105312783 .grid-col-3-4{height: 450px}\n\n\n        \/* Tablet *\/\n    @media (max-width: 850px){\n      #row-1105312783 .grid-col-1{height: 400px}\n      #row-1105312783 .grid-col-1-2{height: 200px}\n      #row-1105312783 .grid-col-1-3{height:133.33333333333px}\n      #row-1105312783 .grid-col-2-3{height: 266.66666666667px}\n      #row-1105312783 .grid-col-1-4{height: 100px}\n      #row-1105312783 .grid-col-3-4{height: 300px}\n    }\n    \n        \/* Mobile *\/\n    @media (max-width: 550px){\n      #row-1105312783 .grid-col-1{height: 400px}\n      #row-1105312783 .grid-col-1-2{height: 200px}\n      #row-1105312783 .grid-col-1-3{height:133.33333333333px}\n      #row-1105312783 .grid-col-2-3{height: 266.66666666667px}\n      #row-1105312783 .grid-col-1-4{height: 100px}\n      #row-1105312783 .grid-col-3-4{height: 300px}\n    }\n    \n\n  <\/style>\n  \n  \n    <div id=\"row-1105312783\" class=\"row row-full-width has-shadow row-box-shadow-1 row-grid\" data-packery-options='{\"itemSelector\": \".col\", \"gutter\": 0, \"presentageWidth\" : true}'>\n\n  <\/div> \t\t<\/div>\n\t\t\t\t\t<\/div>\n\n\t \n<style>\n#row-1059767992 > .col > .col-inner {\n  background-color: rgb(0,0,0);\n}\n<\/style>\n<\/div>\n","protected":false},"excerpt":{"rendered":"","protected":false},"author":337,"featured_media":0,"parent":0,"menu_order":0,"comment_status":"closed","ping_status":"closed","template":"page-blank.php","meta":{"_acf_changed":false,"footnotes":""},"class_list":["post-116021","page","type-page","status-publish","hentry"],"acf":[],"_links":{"self":[{"href":"https:\/\/www.delphos.com\/fr\/wp-json\/wp\/v2\/pages\/116021","targetHints":{"allow":["GET"]}}],"collection":[{"href":"https:\/\/www.delphos.com\/fr\/wp-json\/wp\/v2\/pages"}],"about":[{"href":"https:\/\/www.delphos.com\/fr\/wp-json\/wp\/v2\/types\/page"}],"author":[{"embeddable":true,"href":"https:\/\/www.delphos.com\/fr\/wp-json\/wp\/v2\/users\/337"}],"replies":[{"embeddable":true,"href":"https:\/\/www.delphos.com\/fr\/wp-json\/wp\/v2\/comments?post=116021"}],"version-history":[{"count":3,"href":"https:\/\/www.delphos.com\/fr\/wp-json\/wp\/v2\/pages\/116021\/revisions"}],"predecessor-version":[{"id":116164,"href":"https:\/\/www.delphos.com\/fr\/wp-json\/wp\/v2\/pages\/116021\/revisions\/116164"}],"wp:attachment":[{"href":"https:\/\/www.delphos.com\/fr\/wp-json\/wp\/v2\/media?parent=116021"}],"curies":[{"name":"wp","href":"https:\/\/api.w.org\/{rel}","templated":true}]}}