{"id":3864,"date":"2019-05-21T14:58:28","date_gmt":"2019-05-21T12:58:28","guid":{"rendered":"\/a-propos-de-nous\/"},"modified":"2022-01-11T10:30:02","modified_gmt":"2022-01-11T09:30:02","slug":"a-propos-de-nous","status":"publish","type":"page","link":"https:\/\/www.delphos.com\/fr\/a-propos-de-nous\/","title":{"rendered":"\u00c0 propos"},"content":{"rendered":"\n\n  <div class=\"banner has-hover has-parallax\" id=\"banner-1349924902\">\n          <div class=\"banner-inner fill\">\n        <div class=\"banner-bg fill\" data-parallax=\"-1\" data-parallax-container=\".banner\" data-parallax-background>\n            <img loading=\"lazy\" decoding=\"async\" width=\"2000\" height=\"2000\" src=\"https:\/\/www.delphos.com\/wp-content\/uploads\/2019\/07\/atelier-venice-book.jpg\" class=\"bg attachment-original size-original\" alt=\"Atelier Venice book\" \/>                        <div class=\"overlay\"><\/div>            \n                    <\/div>\n\t\t\n        <div class=\"banner-layers container\">\n            <div class=\"fill banner-link\"><\/div>            \n\n   <div id=\"text-box-1348393514\" class=\"text-box banner-layer x50 md-x50 lg-x50 y30 md-y30 lg-y30 res-text\">\n                                <div class=\"text-box-content text dark\">\n              \n              <div class=\"text-inner text-center\">\n                  \n<h1>\u00c0 propos<\/h1>\n<p class=\"lead\">Une histoire de talent cr\u00e9atif et d&rsquo;artisanat\nqui a commenc\u00e9 il y a plus de 100 ans.<\/p>\n              <\/div>\n           <\/div>\n                            \n<style>\n#text-box-1348393514 {\n  width: 90%;\n}\n#text-box-1348393514 .text-box-content {\n  font-size: 130%;\n}\n@media (min-width:550px) {\n  #text-box-1348393514 {\n    width: 60%;\n  }\n  #text-box-1348393514 .text-box-content {\n    font-size: 100%;\n  }\n}\n<\/style>\n    <\/div>\n \n\n        <\/div>\n      <\/div>\n\n            \n<style>\n#banner-1349924902 {\n  padding-top: 500px;\n}\n#banner-1349924902 .overlay {\n  background-color: rgba(0, 0, 0, 0.49);\n}\n#banner-1349924902 .banner-bg img {\n  object-position: 0% 73%;\n}\n<\/style>\n  <\/div>\n\n\n<div class=\"row align-center\"  id=\"row-1411497383\">\n\n\n\t<div id=\"col-148334772\" class=\"col medium-6 small-12 large-6\"  >\n\t\t\t\t<div class=\"col-inner\"  >\n\t\t\t\n\t\t\t\n<blockquote><span style=\"font-size: 80%; line-height: 0.8em; color: #66542a;\">La robe de Fortuny que portait ce soir-l\u00e0 Albertine me semblait comme l\u2019ombre tentatrice de cette invisible Venise. Elle \u00e9tait envahie d\u2019ornementation arabe, comme les palais de Venise dissimul\u00e9s \u00e0 la fa\u00e7on des sultanes derri\u00e8re un voile ajour\u00e9 de pierres, comme les reliures de la Biblioth\u00e8que Ambrosienne, comme les colonnes desquelles les oiseaux orientaux qui signifient alternativement la mort et la vie, se r\u00e9p\u00e9taient dans le miroitement de l\u2019\u00e9toffe, d\u2019un bleu profond qui, au fur et \u00e0 mesure que mon regard s\u2019y avan\u00e7ait, se changeait en or mall\u00e9able par ces m\u00eames transmutations qui, devant la gondole qui s&rsquo;avance, changent en m\u00e9tal flamboyant l\u2019azur du Grand Canal. Et les manches \u00e9taient doubl\u00e9es d&rsquo;un rose cerise, qui est si particuli\u00e8rement v\u00e9nitien qu&rsquo;on l\u2019appelle rose Tiepolo.<\/span><\/blockquote>\n<p style=\"text-align: right;\"><span style=\"color: #66542a;\"><em>\u00c0 la recherche du temps perdu<\/em><\/span>\n<strong><span style=\"color: #66542a;\">Marcel Proust<\/span><\/strong><\/p>\n\t\t<\/div>\n\t\t\t\t\t<\/div>\n\n\t\n\n\t<div id=\"col-183588450\" class=\"col medium-6 small-12 large-6\"  data-animate=\"fadeInUp\">\n\t\t\t\t<div class=\"col-inner\"  >\n\t\t\t\n\t\t\t\n\n\n  <div class=\"banner has-hover bg-overlay-remove-50\" id=\"banner-2045796465\">\n          <div class=\"banner-inner fill\">\n        <div class=\"banner-bg fill\" >\n            <img loading=\"lazy\" decoding=\"async\" width=\"723\" height=\"1000\" src=\"https:\/\/www.delphos.com\/wp-content\/uploads\/2019\/05\/mariano-1.jpg\" class=\"bg attachment-original size-original\" alt=\"Mariano\" \/>                        <div class=\"overlay\"><\/div>            \n                    <\/div>\n\t\t\n        <div class=\"banner-layers container\">\n            <a class=\"fill\" href=\"\/about\/mariano-fortuny\"><div class=\"fill banner-link\"><\/div><\/a>            \n\n   <div id=\"text-box-1026204356\" class=\"text-box banner-layer x50 md-x50 lg-x50 y50 md-y50 lg-y50 res-text\">\n                                <div class=\"text-box-content text dark\">\n              \n              <div class=\"text-inner text-center\">\n                  \n<h3 class=\"uppercase\">\u00c0 PROPOS DE MARIANO FORTUNY<\/h3>\n<a href=\"\/about\/mariano-fortuny\" class=\"button primary is-outline is-larger\" style=\"border-radius:99px;\">\n\t\t<span>Discover<\/span>\n\t<\/a>\n\n\n              <\/div>\n           <\/div>\n                            \n<style>\n#text-box-1026204356 {\n  width: 60%;\n}\n#text-box-1026204356 .text-box-content {\n  font-size: 100%;\n}\n<\/style>\n    <\/div>\n \n\n        <\/div>\n      <\/div>\n\n            \n<style>\n#banner-2045796465 {\n  padding-top: 60%;\n}\n#banner-2045796465 .overlay {\n  background-color: rgba(0, 0, 0, 0.4);\n}\n@media (min-width:550px) {\n  #banner-2045796465 {\n    padding-top: 580px;\n  }\n}\n@media (min-width:850px) {\n  #banner-2045796465 {\n    padding-top: 500px;\n  }\n}\n<\/style>\n  <\/div>\n\n\n\n\t\t<\/div>\n\t\t\t\t\t<\/div>\n\n\t\n\n<\/div>\n<div class=\"row align-center\"  id=\"row-1939886108\">\n\n\n\t<div id=\"col-7109263\" class=\"col small-12 large-12\"  >\n\t\t\t\t<div class=\"col-inner\"  >\n\t\t\t\n\t\t\t\n\nLa n\u00f4tre est une histoire de curiosit\u00e9 et de g\u00e9nie cr\u00e9atif qui a commenc\u00e9 en 1871 en Espagne, et plus pr\u00e9cis\u00e9ment \u00e0 Grenade. Le <b>L\u00e9onard De Vinci du XX\u00e8me si\u00e8cle<\/b> est n\u00e9 dans cette ville andalouse qui se caract\u00e9rise par ses atmosph\u00e8res orientales, h\u00e9ritage de la domination arabe. <b>Mariano Fortuny<\/b>, fils de l&rsquo;artiste homonyme et de Cecilia de Madrazo y Garreta, a h\u00e9rit\u00e9 la passion de la peinture de son p\u00e8re, mais c&rsquo;est dans les arts appliqu\u00e9s que ses multiples talents se sont manifest\u00e9s.\n<p class=\"p1\"><span class=\"s1\">Apr\u00e8s une enfance marqu\u00e9e par la mort pr\u00e9matur\u00e9e de son p\u00e8re et pass\u00e9e entre Paris, Biarritz et Madrid, il s&rsquo;installe d\u00e9finitivement \u00e0 Venise, au Palazzo Martinengo, avec sa m\u00e8re et sa s\u0153ur Luisa. C&rsquo;est entre 1898 et 1906 qu&rsquo;il entra en possession du <b>Palazzo Pesaro degli Orfei<\/b> \u00e0 San Beneto. Il logeait au dernier \u00e9tage du palais avec <b>Henriette Negrin<\/b>, sa femme puis muse rencontr\u00e9e \u00e0 Paris en 1902. C&rsquo;est ici-m\u00eame que commen\u00e7a son aventure dans le domaine textile. Henriette partageait les m\u00eames passions et canons esth\u00e9tiques de son mari. Elle mena les premi\u00e8res exp\u00e9riences d&rsquo;imprim\u00e9 avec des matrices en bois afin de cr\u00e9er le <b>ch\u00e2le de Knossos<\/b>. Comme indiqu\u00e9 par une note lat\u00e9rale autographi\u00e9e et \u00e9crite sur le brevet, Fortuny lui-m\u00eame l&rsquo;a reconnue comme la v\u00e9ritable cr\u00e9atrice de la <b>robe Delphos<\/b>, inspir\u00e9e du chit\u00f4n ionique de l&rsquo;Aurige. Le Palazzo Orfei est devenu leur <b>atelier<\/b>, un lieu o\u00f9 sont n\u00e9es les cr\u00e9ations r\u00e9volutionnaires, les pierres angulaires de l&rsquo;histoire du design et de la mode et o\u00f9 se sont r\u00e9unis amis et clients. <\/span><\/p>\n<p class=\"p1\"><span class=\"s1\">Le <b>tissu pliss\u00e9,<\/b> le <b>d\u00f4me pliable,<\/b> les<b>lampes en soie,<\/b> un dispositif pour faire varier<b>l&rsquo;intensit\u00e9 des sources d&rsquo;\u00e9clairage<\/b> \u2014 le premier <b>variateur d&rsquo;intensit\u00e9<\/b> \u2014 et une nouvelle m\u00e9thode de <b>gravure des plaques photographiques<\/b> comptent parmi les inventions du couple. La cr\u00e9ativit\u00e9 des deux artistes s&rsquo;est exprim\u00e9e sous diff\u00e9rentes formes au fil des ann\u00e9es, mais elle a toujours \u00e9t\u00e9 l&rsquo;expression d&rsquo;une curiosit\u00e9 sans limite qui les a incit\u00e9s \u00e0 rechercher constamment de nouvelles solutions afin d&rsquo;obtenir de nouveaux r\u00e9sultats. <\/span><\/p>\n\t\t<\/div>\n\t\t\t\t\t<\/div>\n\n\t\n\n<\/div>\n\n  <div class=\"banner has-hover has-parallax\" id=\"banner-1956031070\">\n          <div class=\"banner-inner fill\">\n        <div class=\"banner-bg fill\" data-parallax=\"-1\" data-parallax-container=\".banner\" data-parallax-background>\n            <img loading=\"lazy\" decoding=\"async\" width=\"1900\" height=\"792\" src=\"https:\/\/www.delphos.com\/wp-content\/uploads\/2019\/05\/production.jpg\" class=\"bg attachment-original size-original\" alt=\"Production de lampes en soie\" \/>                                    \n                    <\/div>\n\t\t\n        <div class=\"banner-layers container\">\n            <div class=\"fill banner-link\"><\/div>            \n\n        <\/div>\n      <\/div>\n\n            \n<style>\n#banner-1956031070 {\n  padding-top: 120%;\n}\n#banner-1956031070 .banner-bg img {\n  object-position: 92% 44%;\n}\n@media (min-width:550px) {\n  #banner-1956031070 {\n    padding-top: 40%;\n  }\n}\n<\/style>\n  <\/div>\n\n\n<div class=\"row align-center\"  id=\"row-831274586\">\n\n\n\t<div id=\"col-604760719\" class=\"col small-12 large-12\"  >\n\t\t\t\t<div class=\"col-inner\"  >\n\t\t\t\n\t\t\t\n<p class=\"p1\"><span class=\"s1\">Mariano Fortuny est d\u00e9c\u00e9d\u00e9 en 1949. Rest\u00e9e seule et incapable de diriger l&rsquo;usine de l&rsquo;\u00eele de Giudecca, o\u00f9 les textiles de coton ont \u00e9t\u00e9 imprim\u00e9s avec une machine con\u00e7ue par Mariano, Henriette l&rsquo;a vendue, ainsi que les droits de marque relatifs aux cotons et papiers peints. Toutefois, elle a gard\u00e9 pour elle-m\u00eame tous les droits pour le traitement des velours et soieries r\u00e9alis\u00e9s \u00e0 l&rsquo;int\u00e9rieur de son atelier au Palazzo Orfei, o\u00f9 elle a continu\u00e9 la production pendant quelques ann\u00e9es avec ses employ\u00e9s. <\/span><\/p>\n<p class=\"p1\"><span class=\"s1\"><b>Ce fut le voyage d&rsquo;une vie, de Grenade \u00e0 Venise. <\/b>L&rsquo;h\u00e9ritage cr\u00e9atif des artistes semblait perdu, jusqu&rsquo;au jour o\u00f9 un curieux jeune V\u00e9nitien qui visitait fr\u00e9quemment le Palais Fortuny, alors transform\u00e9 en mus\u00e9e, d\u00e9voila les secrets de leurs joyaux :tissus, lampes, diffuseurs, robes, velours\u2026 <\/span><\/p>\n<p class=\"p1\"><span class=\"s1\">Ces objets magiques qui l&rsquo;avaient tant fascin\u00e9 devaient \u00eatre admir\u00e9s par tout le monde, ils ne pouvaient pas dispara\u00eetre avec leurs cr\u00e9ateurs. En pr\u00e9sence d&rsquo;un tel tr\u00e9sor, l&rsquo;engouement pour la d\u00e9couverte grandit. Pendant des mois, ce jeune homme, aid\u00e9 de quelques collaborateurs, feuilleta les notes du \u00ab magicien \u00bb, analysa les tissus, observa attentivement les plis des v\u00eatements, \u00e0 la recherche de ses secrets les plus enfouis, afin de reconstruire un atelier pr\u00e9servant les technologies et m\u00e9thodes. C&rsquo;est en <b>1984<\/b> que la proc\u00e9dure de plissage et le syst\u00e8me d&rsquo;impression \u00e0 la main sur les soies et les velours ont finalement \u00e9t\u00e9 perfectionn\u00e9s, permettant la cr\u00e9ation d&rsquo;accessoires et de v\u00eatements. Voil\u00e0 comment <b>Lino Lando refonda l&rsquo;atelier du Palazzo Orfei \u00e0 Venise<\/b>, poursuivant la production artisanale de soieries, de velours, de lampes, de v\u00eatements, d&rsquo;accessoires et de parfums. <\/span><\/p>\n<p class=\"p1\"><span class=\"s1\">La<b>collection Studio 1907<\/b>, compos\u00e9e des c\u00e9l\u00e8bres diffuseurs con\u00e7us par Mariano Fortuny, fait partie des produits propos\u00e9s. Ces objets design, choisis par des architectes et des d\u00e9corateurs d&rsquo;int\u00e9rieur du monde entier, sont les premiers exemples de lampes \u00e0 lumi\u00e8re diffuse, toujours in\u00e9gal\u00e9es pour la technologie et l&rsquo;\u00e9l\u00e9gance, id\u00e9ales pour des int\u00e9rieurs classiques, modernes et avant-gardistes. <\/span><\/p>\n<p class=\"p1\"><span class=\"s1\">Dernier point mais non le moindre, l&rsquo;entreprise fabrique de l&rsquo;ameublement comme <b>des coussins et des tapisseries sous la marque Delphos.<\/b> <\/span><\/p>\n<p class=\"p1\"><span class=\"s1\">Chaque produit est un chef-d&rsquo;\u0153uvre artisanal. Les c\u00e9l\u00e8bres lampes en soie et robes d&rsquo;inspiration grecque continuent d&rsquo;\u00eatre con\u00e7ues, peintes et imprim\u00e9es \u00e0 la main, avec le m\u00eame soin que Mariano Fortuny et Henriette. C&rsquo;est ainsi que le pr\u00e9cieux h\u00e9ritage artistique est aujourd&rsquo;hui v\u00e9hicul\u00e9 par l&rsquo;<b>Atelier Fortuny Venezia<\/b> pour qu&rsquo;il perdure dans le temps. <\/span><\/p>\n\t\t<\/div>\n\t\t\t\t\t<\/div>\n\n\t\n\n<\/div>\n<div class=\"row row-small\" style=\"max-width:400px\" id=\"row-1164287709\">\n\n\n\t<div id=\"col-782806594\" class=\"col medium-6 small-6 large-6\"  >\n\t\t\t\t<div class=\"col-inner\"  >\n\t\t\t\n\t\t\t\n\n\t<div class=\"img has-hover x md-x lg-x y md-y lg-y\" id=\"image_876055225\">\n\t\t\t\t\t\t\t\t<div class=\"img-inner dark\" >\n\t\t\t<img loading=\"lazy\" decoding=\"async\" width=\"500\" height=\"500\" src=\"https:\/\/www.delphos.com\/wp-content\/uploads\/2019\/09\/logo-atelier-venezia.png\" class=\"attachment-large size-large\" alt=\"Logo Atelier  Venezia\" srcset=\"https:\/\/www.delphos.com\/wp-content\/uploads\/2019\/09\/logo-atelier-venezia.png 500w, https:\/\/www.delphos.com\/wp-content\/uploads\/2019\/09\/logo-atelier-venezia-100x100.png 100w\" sizes=\"auto, (max-width: 500px) 100vw, 500px\" \/>\t\t\t\t\t\t\n\t\t\t\t\t<\/div>\n\t\t\t\t\t\t\t\t\n<style>\n#image_876055225 {\n  width: 98%;\n}\n<\/style>\n\t<\/div>\n\t\n\n\t\t<\/div>\n\t\t\t\t\t<\/div>\n\n\t\n\n\t<div id=\"col-1781980571\" class=\"col medium-6 small-6 large-6\"  >\n\t\t\t\t<div class=\"col-inner\"  >\n\t\t\t\n\t\t\t\n\n\t<div class=\"img has-hover x md-x lg-x y md-y lg-y\" id=\"image_393890971\">\n\t\t\t\t\t\t\t\t<div class=\"img-inner dark\" >\n\t\t\t<img loading=\"lazy\" decoding=\"async\" width=\"400\" height=\"395\" src=\"https:\/\/www.delphos.com\/wp-content\/uploads\/2019\/09\/logo-delphos.jpg\" class=\"attachment-large size-large\" alt=\"Logo Delphos\" \/>\t\t\t\t\t\t\n\t\t\t\t\t<\/div>\n\t\t\t\t\t\t\t\t\n<style>\n#image_393890971 {\n  width: 100%;\n}\n<\/style>\n\t<\/div>\n\t\n\n\t\t<\/div>\n\t\t\t\t\t<\/div>\n\n\t\n\n<\/div>\n","protected":false},"excerpt":{"rendered":"","protected":false},"author":337,"featured_media":0,"parent":0,"menu_order":0,"comment_status":"closed","ping_status":"closed","template":"page-blank.php","meta":{"_acf_changed":false,"footnotes":""},"class_list":["post-3864","page","type-page","status-publish","hentry"],"acf":[],"_links":{"self":[{"href":"https:\/\/www.delphos.com\/fr\/wp-json\/wp\/v2\/pages\/3864","targetHints":{"allow":["GET"]}}],"collection":[{"href":"https:\/\/www.delphos.com\/fr\/wp-json\/wp\/v2\/pages"}],"about":[{"href":"https:\/\/www.delphos.com\/fr\/wp-json\/wp\/v2\/types\/page"}],"author":[{"embeddable":true,"href":"https:\/\/www.delphos.com\/fr\/wp-json\/wp\/v2\/users\/337"}],"replies":[{"embeddable":true,"href":"https:\/\/www.delphos.com\/fr\/wp-json\/wp\/v2\/comments?post=3864"}],"version-history":[{"count":2,"href":"https:\/\/www.delphos.com\/fr\/wp-json\/wp\/v2\/pages\/3864\/revisions"}],"predecessor-version":[{"id":106631,"href":"https:\/\/www.delphos.com\/fr\/wp-json\/wp\/v2\/pages\/3864\/revisions\/106631"}],"wp:attachment":[{"href":"https:\/\/www.delphos.com\/fr\/wp-json\/wp\/v2\/media?parent=3864"}],"curies":[{"name":"wp","href":"https:\/\/api.w.org\/{rel}","templated":true}]}}