{"id":3868,"date":"2013-08-11T19:22:53","date_gmt":"2013-08-11T17:22:53","guid":{"rendered":"\/contactez-nous\/"},"modified":"2023-05-12T14:53:40","modified_gmt":"2023-05-12T12:53:40","slug":"contactez-nous","status":"publish","type":"page","link":"https:\/\/www.delphos.com\/fr\/contactez-nous\/","title":{"rendered":"Contact"},"content":{"rendered":"<div class=\"row row-collapse row-full-width\"  id=\"row-1659755286\">\n\n\t<div id=\"col-269916111\" class=\"col small-12 large-12\"  >\n\t\t\t\t<div class=\"col-inner\"  >\n\t\t\t\n\t\t\t\n\n  <div class=\"banner has-hover has-parallax\" id=\"banner-629643708\">\n          <div class=\"banner-inner fill\">\n        <div class=\"banner-bg fill\" data-parallax=\"-1\" data-parallax-container=\".banner\" data-parallax-background>\n            <img loading=\"lazy\" decoding=\"async\" width=\"1800\" height=\"1202\" src=\"https:\/\/www.delphos.com\/wp-content\/uploads\/2019\/08\/lamps-silk-cesendello-on-a-rod-and-cushions.jpg\" class=\"bg attachment-original size-original\" alt=\"lamps silk Cesendello on a rod and cushions\" \/>                        <div class=\"overlay\"><\/div>            \n                    <\/div>\n\t\t\n        <div class=\"banner-layers container\">\n            <div class=\"fill banner-link\"><\/div>            \n   <div id=\"text-box-667938381\" class=\"text-box banner-layer x50 md-x50 lg-x50 y50 md-y50 lg-y50 res-text\">\n                                <div class=\"text-box-content text dark\">\n              \n              <div class=\"text-inner text-center\">\n                  \n<h1>Nous contacter<\/h1>\n              <\/div>\n           <\/div>\n                            \n<style>\n#text-box-667938381 {\n  width: 60%;\n}\n#text-box-667938381 .text-box-content {\n  font-size: 100%;\n}\n<\/style>\n    <\/div>\n \n        <\/div>\n      <\/div>\n\n            \n<style>\n#banner-629643708 {\n  padding-top: 60%;\n}\n#banner-629643708 .overlay {\n  background-color: rgba(0, 0, 0, 0.17);\n}\n#banner-629643708 .banner-bg img {\n  object-position: 2% 81%;\n}\n@media (min-width:550px) {\n  #banner-629643708 {\n    padding-top: 500px;\n  }\n}\n<\/style>\n  <\/div>\n\n\n\t\t<\/div>\n\t\t\t\t\t<\/div>\n\n\t\n<\/div>\n<div class=\"is-divider divider clearfix\" style=\"margin-top:0.0em;margin-bottom:0.0em;max-width:0px;height:30px;\"><\/div>\n<div class=\"row\"  id=\"row-1598292534\">\n\n\t<div id=\"col-1959590555\" class=\"col medium-6 small-12 large-6\"  >\n\t\t\t\t<div class=\"col-inner\"  >\n\t\t\t\n\t\t\t\n<div class=\"container section-title-container\" ><h3 class=\"section-title section-title-normal\"><b aria-hidden=\"true\"><\/b><span class=\"section-title-main\" >Rester en contact<\/span><b aria-hidden=\"true\"><\/b><\/h3><\/div>\n<p>Pour toute demande concernant nos magasins, produits et prix, pour des informations g\u00e9n\u00e9rales sur la marque Delphos, ou si vous avez besoin d&rsquo;aide pour votre commande ou vos achats ant\u00e9rieurs, veuillez nous contacter.<\/p>\n<p class=\"lead\">Nos coordonn\u00e9es<\/p>\n<p><strong>Delphos S.r.l.<\/strong><\/p>\n<p><i class=\"icon-phone\"><\/i>\u00a0t. +39 041 523 6953<br \/><i class=\"icon-phone\"><\/i>\u00a0f. +39 041 522 7353<\/p>\n<p><i class=\"icon-map-pin-fill\"><\/i>\u00a0S.Marco 2425, 30124 Venise, Italie<\/p>\n<p><i class=\"icon-envelop\"><\/i>\u00a0<a style=\"text-decoration: underline;\" href=\"mailto:info@fortuny.shop\">info@fortuny.shop<\/a><\/p>\n\t\t<\/div>\n\t\t\t\t\t<\/div>\n\n\t\n\n\t<div id=\"col-1942706311\" class=\"col medium-6 small-12 large-6\"  >\n\t\t\t\t<div class=\"col-inner\"  >\n\t\t\t\n\t\t\t\n<div class=\"container section-title-container\" ><h3 class=\"section-title section-title-normal\"><b aria-hidden=\"true\"><\/b><span class=\"section-title-main\" >Envoyez-nous un e-mail<\/span><b aria-hidden=\"true\"><\/b><\/h3><\/div>\n\n<div class=\"wpcf7 no-js\" id=\"wpcf7-f4128-o1\" lang=\"fr-FR\" dir=\"ltr\" data-wpcf7-id=\"4128\">\n<div class=\"screen-reader-response\"><p role=\"status\" aria-live=\"polite\" aria-atomic=\"true\"><\/p> <ul><\/ul><\/div>\n<form action=\"\/fr\/wp-json\/wp\/v2\/pages\/3868#wpcf7-f4128-o1\" method=\"post\" class=\"wpcf7-form init\" aria-label=\"Formulaire de contact\" novalidate=\"novalidate\" data-status=\"init\">\n<fieldset class=\"hidden-fields-container\"><input type=\"hidden\" name=\"_wpcf7\" value=\"4128\" \/><input type=\"hidden\" name=\"_wpcf7_version\" value=\"6.1.5\" \/><input type=\"hidden\" name=\"_wpcf7_locale\" value=\"fr_FR\" \/><input type=\"hidden\" name=\"_wpcf7_unit_tag\" value=\"wpcf7-f4128-o1\" \/><input type=\"hidden\" name=\"_wpcf7_container_post\" value=\"0\" \/><input type=\"hidden\" name=\"_wpcf7_posted_data_hash\" value=\"\" \/>\n<\/fieldset>\n<div class=\"form-flat\">\n\t<p><span class=\"wpcf7-form-control-wrap\" data-name=\"contact-name\"><input size=\"40\" maxlength=\"400\" class=\"wpcf7-form-control wpcf7-text wpcf7-validates-as-required\" aria-required=\"true\" aria-invalid=\"false\" placeholder=\"Nom*\" value=\"\" type=\"text\" name=\"contact-name\" \/><\/span>\n\t<\/p>\n\t<p><span class=\"wpcf7-form-control-wrap\" data-name=\"contact-email\"><input size=\"40\" maxlength=\"400\" class=\"wpcf7-form-control wpcf7-email wpcf7-validates-as-required wpcf7-text wpcf7-validates-as-email\" aria-required=\"true\" aria-invalid=\"false\" placeholder=\"E-mail*\" value=\"\" type=\"email\" name=\"contact-email\" \/><\/span>\n\t<\/p>\n\t<p><span class=\"wpcf7-form-control-wrap\" data-name=\"contact-country\"><input size=\"40\" maxlength=\"400\" class=\"wpcf7-form-control wpcf7-text wpcf7-validates-as-required\" aria-required=\"true\" aria-invalid=\"false\" placeholder=\"Pays*\" value=\"\" type=\"text\" name=\"contact-country\" \/><\/span>\n\t<\/p>\n\t<p><span class=\"wpcf7-form-control-wrap\" data-name=\"contact-type\"><select class=\"wpcf7-form-control wpcf7-select wpcf7-validates-as-required\" aria-required=\"true\" aria-invalid=\"false\" name=\"contact-type\"><option value=\"Type de contact*\">Type de contact*<\/option><option value=\"Particulier\">Particulier<\/option><option value=\"D\u00e9corateur d&#039;int\u00e9rieur\">D\u00e9corateur d&#039;int\u00e9rieur<\/option><option value=\"Architecte\">Architecte<\/option><option value=\"Revendeur\">Revendeur<\/option><option value=\"Autre\">Autre<\/option><\/select><\/span>\n\t<\/p>\n\t<p><span class=\"wpcf7-form-control-wrap\" data-name=\"contact-message\"><textarea cols=\"40\" rows=\"10\" maxlength=\"2000\" minlength=\"10\" class=\"wpcf7-form-control wpcf7-textarea wpcf7-validates-as-required\" aria-required=\"true\" aria-invalid=\"false\" placeholder=\"Message*\" name=\"contact-message\"><\/textarea><\/span>\n\t<\/p>\n\t<div class=\"smaller-txt\" style=\"color: #666; margin: 10px 0; text-align: center;\">\n\t\t<p>En cliquant sur J'autorise, vous d\u00e9clarez accepter notre <a href=\"https:\/\/www.iubenda.com\/privacy-policy\/29621114\" target=\"_blank\" title=\"Politique de confidentialit\u00e9\" target=\"_blank\" style=\"text-decoration: underline\" target=\"_blank\">politique de confidentialit\u00e9<\/a>, Google reCAPTCHA APIs <a href=\"https:\/\/policies.google.com\/terms\" target=\"_blank\" title=\"Google Terms of use\" target=\"_blank\" style=\"text-decoration: underline\" target=\"_blank\">Conditions d'utilisation<\/a> et d'\u00eatre contact\u00e9 par e-mail par Delphos.\n\t\t<\/p>\n\t<\/div>\n\t<p><div class=\"cf7-cf-turnstile\" style=\"margin-top: 0px; margin-bottom: -15px;\"> <div id=\"cf-turnstile-cf7-3443453121\" class=\"cf-turnstile\" data-callback=\"turnstileCF7Callback\" data-sitekey=\"0x4AAAAAAAj16Qj2x-3D7U1Q\" data-theme=\"light\" data-language=\"auto\" data-size=\"normal\" data-retry=\"auto\" data-retry-interval=\"1000\" data-refresh-expired=\"auto\" data-action=\"contact-form-7\" data-appearance=\"always\"><\/div> <style>.wpcf7-submit { pointer-events: none; opacity: 0.5; }<\/style> <script>document.addEventListener(\"DOMContentLoaded\", function() { setTimeout(function(){ var e=document.getElementById(\"cf-turnstile-cf7-3443453121\"); e&&!e.innerHTML.trim()&&(turnstile.remove(\"#cf-turnstile-cf7-3443453121\"), turnstile.render(\"#cf-turnstile-cf7-3443453121\", {sitekey:\"0x4AAAAAAAj16Qj2x-3D7U1Q\"})); }, 100); });<\/script> <br class=\"cf-turnstile-br cf-turnstile-br-cf7-3443453121\"> <style>#cf-turnstile-cf7-3443453121 { margin-left: -15px; }<\/style> <script>document.addEventListener(\"DOMContentLoaded\",function(){document.querySelectorAll('.wpcf7-form').forEach(function(e){e.addEventListener('submit',function(){if(document.getElementById('cf-turnstile-cf7-3443453121')){setTimeout(function(){turnstile.reset('#cf-turnstile-cf7-3443453121');},1000)}})})});<\/script> <\/div><br\/><input class=\"wpcf7-form-control wpcf7-submit has-spinner button\" type=\"submit\" value=\"Soumettre\" \/>\n\t<\/p>\n<\/div><div class=\"wpcf7-response-output\" aria-hidden=\"true\"><\/div>\n<\/form>\n<\/div>\n\n\t\t<\/div>\n\t\t\t\t\t<\/div>\n\n\t\n<\/div>\n\n\t<script type=\"text\/javascript\">\n  jQuery( document ).ready(function() {\n    function initialize() {\n        var styles = {\n            'flatsome':  [{\n            \"featureType\": \"administrative\",\n            \"stylers\": [\n              { \"visibility\": \"on\" }\n            ]\n          },\n          {\n            \"featureType\": \"road\",\n            \"stylers\": [\n              { \"visibility\": \"on\" },\n              { \"hue\": \"\" }\n            ]\n          },\n          {\n            \"stylers\": [\n\t\t\t  { \"visibility\": \"on\" },\n\t\t\t  { \"hue\": \"\" },\n\t\t\t  { \"saturation\": -30 }\n            ]\n          }\n        ]};\n\n        var myLatlng = new google.maps.LatLng(45.4325823, 12.3315333);\n        var myOptions = {\n            zoom: 14,\n            center: myLatlng,\n            mapTypeId: google.maps.MapTypeId.ROADMAP,\n            disableDefaultUI: true,\n            mapTypeId: 'flatsome',\n            draggable: true,\n            zoomControl: false,\n            zoomControlOptions: {\n              position: google.maps.ControlPosition.TOP_LEFT\n            },\n      \t\t\tmapTypeControl: false,\n            mapTypeControlOptions: {\n              position: google.maps.ControlPosition.TOP_LEFT\n            },\n      \t\t\tstreetViewControl: false,\n            streetViewControlOptions: {\n              position: google.maps.ControlPosition.TOP_LEFT\n            },\n            scrollwheel: false,\n            disableDoubleClickZoom: true\n        }\n        var map = new google.maps.Map(document.getElementById(\"map-3104087770-inner\"), myOptions);\n        var styledMapType = new google.maps.StyledMapType(styles['flatsome'], {name: 'flatsome'});\n        map.mapTypes.set('flatsome', styledMapType);\n\n        var marker = new google.maps.Marker({\n            position: myLatlng,\n            map: map,\n            title:\"\"\n        });\n    }\n\n    \/\/ Required to proceed\n    if (!(typeof google === 'object' && typeof google.maps === 'object')) {\n      return\n    }\n\n    initialize()\n    google.maps.event.addDomListener(window, 'resize', initialize);\n    });\n    <\/script>\n\n    <div class=\"google-map relative mb\" id=\"map-3104087770\">\n        <div class=\"map-height\" id=\"map-3104087770-inner\"><\/div>\n        <div id=\"map_overlay_top\"><\/div>\n        <div id=\"map_overlay_bottom\"><\/div>\n                  <div class=\"map_inner map-inner last-reset absolute x95 md-x95 lg-x95 y95 md-y95 lg-y95\">\n              \n<p><em>Si\u00e8ge:<\/em><\/p>\n<p><strong>Delphos Srl<\/strong><br \/>San Marco, 2425 &#8211; 30124 Venice<\/p>\n<p>Tel. +39 041 523 6953 <br \/><a href=\"mailto:info@fortuny.shop\">info@fortuny.shop<\/a><\/p>\n         <\/div>\n       \n       \n<style>\n#map-3104087770 .map-inner {\n  background-color: #fff;\n  max-width: 100%;\n}\n#map-3104087770 .map-height {\n  height: 620px;\n}\n@media (min-width:550px) {\n  #map-3104087770 .map-inner {\n    max-width: 30%;\n  }\n  #map-3104087770 .map-height {\n    height: 400px;\n  }\n}\n<\/style>\n    <\/div>\n\n\t\n","protected":false},"excerpt":{"rendered":"","protected":false},"author":337,"featured_media":0,"parent":0,"menu_order":0,"comment_status":"closed","ping_status":"closed","template":"page-blank.php","meta":{"_acf_changed":false,"footnotes":""},"class_list":["post-3868","page","type-page","status-publish","hentry"],"acf":[],"_links":{"self":[{"href":"https:\/\/www.delphos.com\/fr\/wp-json\/wp\/v2\/pages\/3868","targetHints":{"allow":["GET"]}}],"collection":[{"href":"https:\/\/www.delphos.com\/fr\/wp-json\/wp\/v2\/pages"}],"about":[{"href":"https:\/\/www.delphos.com\/fr\/wp-json\/wp\/v2\/types\/page"}],"author":[{"embeddable":true,"href":"https:\/\/www.delphos.com\/fr\/wp-json\/wp\/v2\/users\/337"}],"replies":[{"embeddable":true,"href":"https:\/\/www.delphos.com\/fr\/wp-json\/wp\/v2\/comments?post=3868"}],"version-history":[{"count":3,"href":"https:\/\/www.delphos.com\/fr\/wp-json\/wp\/v2\/pages\/3868\/revisions"}],"predecessor-version":[{"id":125159,"href":"https:\/\/www.delphos.com\/fr\/wp-json\/wp\/v2\/pages\/3868\/revisions\/125159"}],"wp:attachment":[{"href":"https:\/\/www.delphos.com\/fr\/wp-json\/wp\/v2\/media?parent=3868"}],"curies":[{"name":"wp","href":"https:\/\/api.w.org\/{rel}","templated":true}]}}