{"id":3977,"date":"2019-05-23T15:29:28","date_gmt":"2019-05-23T13:29:28","guid":{"rendered":"https:\/\/www.fortuny.it\/?page_id=3977"},"modified":"2025-10-27T14:07:00","modified_gmt":"2025-10-27T13:07:00","slug":"termes-et-conditions-de-vente","status":"publish","type":"page","link":"https:\/\/www.delphos.com\/fr\/termes-et-conditions-de-vente\/","title":{"rendered":"Termes et conditions de vente"},"content":{"rendered":"<header class=\"entry-header text-center\">\r\n<h1 class=\"entry-title wp-block-heading\">Termes et conditions de vente<\/h1>\r\n<div class=\"is-divider medium\">\u00a0<\/div>\r\n<\/header>\r\n<p>&nbsp;<\/p>\r\n<h3><strong>1 D\u00c9FINITIONS<\/strong><\/h3>\r\n<p>1.1 Le terme \u00abAcheteur\u00bb d\u00e9signe la personne ou l&rsquo;organisation qui ach\u00e8te ou accepte d&rsquo;acheter les Biens et\/ou Services au Fournisseur;<\/p>\r\n<p>1.2 Le terme \u00ab consommateur \u00bb d\u00e9signe une personne qui ach\u00e8te des biens et des services pour son usage personnel.<\/p>\r\n<p>1.3 Le terme \u00abContrat\u00bb d\u00e9signe le contrat entre le Fournisseur et l&rsquo;Acheteur pour la vente et l&rsquo;achat de Biens et\/ou Services incorporant ces Termes et Conditions;<\/p>\r\n<p>1.4 Le terme \u00abBiens\u00bb d\u00e9signe les articles que l&rsquo;Acheteur s&rsquo;engage \u00e0 acheter aupr\u00e8s du Fournisseur;<\/p>\r\n<p>1.5 Le terme \u00abServices\u00bb d\u00e9signe les services que l&rsquo;Acheteur s&rsquo;engage \u00e0 acheter aupr\u00e8s du Fournisseur;<\/p>\r\n<p>1.6\u00a0 Le terme \u00abFournisseur\u00bb d\u00e9signe Fortuny Srl de San Marco 2425, Venise (Italie) qui poss\u00e8de et exploite <span style=\"color: #333333;\">DELPHOS.COM et tous leurs sous-domaines<\/span>;<\/p>\r\n<p>1.7 Le terme \u00abConditions g\u00e9n\u00e9rales\u00bb d\u00e9signe les conditions g\u00e9n\u00e9rales de vente \u00e9nonc\u00e9es dans le pr\u00e9sent accord et toutes les conditions particuli\u00e8res convenues par \u00e9crit par le Fournisseur;<\/p>\r\n<p>1.8\u00a0 Le terme \u00abSite Internet\u00bb signifie <span style=\"color: #333333;\">DELPHOS.COM<\/span><span style=\"color: #333333;\">\u00a0et tous leurs sous-domaines.<\/span><\/p>\r\n<p>&nbsp;<\/p>\r\n<h3><strong>2 CONDITIONS G\u00c9N\u00c9RALES<\/strong><\/h3>\r\n<p>2.1 Aucune disposition des pr\u00e9sentes conditions g\u00e9n\u00e9rales n&rsquo;affecte les droits statutaires de l&rsquo;acheteur en tant que consommateur.<\/p>\r\n<p>2.2 Les pr\u00e9sentes Conditions G\u00e9n\u00e9rales s&rsquo;appliquent \u00e0 tous les contrats de vente de biens et\/ou de services par le fournisseur \u00e0 l&rsquo;acheteur et pr\u00e9valent sur toute autre documentation ou communication de l&rsquo;acheteur.<\/p>\r\n<p>2.3 L&rsquo;acceptation de la livraison des biens sera consid\u00e9r\u00e9e comme une preuve concluante de l&rsquo;acceptation par l&rsquo;acheteur des pr\u00e9sentes Conditions G\u00e9n\u00e9rales.<\/p>\r\n<p>2.4 Toute modification de ces Conditions g\u00e9n\u00e9rales (y compris les conditions particuli\u00e8res stipul\u00e9es entre les parties) sera inapplicable sauf accord \u00e9crit du Fournisseur.<\/p>\r\n<p>2.5 Toutes les conditions particuli\u00e8res applicables \u00e0 la fourniture des Services sont \u00e9nonc\u00e9es \u00e0 l&rsquo;annexe du pr\u00e9sent accord.<\/p>\r\n<p>2.6 Toute r\u00e9clamation doit \u00eatre effectu\u00e9e \u00e0 l&rsquo;adresse du Fournisseur indiqu\u00e9e \u00e0 la clause 1.6.<\/p>\r\n<p>&nbsp;<\/p>\r\n<h3><strong>3 COMMANDE<\/strong><\/h3>\r\n<p>3.1 Toutes les commandes de Biens et\/ou Services seront consid\u00e9r\u00e9es comme une offre de l&rsquo;Acheteur d&rsquo;acheter des Biens et\/ou Services conform\u00e9ment aux pr\u00e9sentes Conditions G\u00e9n\u00e9rales et sont soumises \u00e0 l&rsquo;acceptation du Fournisseur.Le Fournisseur peut choisir de ne pas accepter une commande pour quelque motif que ce soit.<\/p>\r\n<p>3.2 Lorsque les biens command\u00e9s par l&rsquo;acheteur ne sont pas disponibles en stock, l&rsquo;acheteur sera inform\u00e9 et aura la possibilit\u00e9 d&rsquo;attendre le retour en stock des biens ou d&rsquo;annuler la commande et de recevoir un remboursement complet dans les 28 jours suivant la demande de remboursement.<\/p>\r\n<p>&nbsp;<\/p>\r\n<h3><strong>4 PRIX ET PAIEMENT<\/strong><\/h3>\r\n<p>4.1 Le prix des biens et\/ou services sera celui indiqu\u00e9 sur le site Internet.Le prix indiqu\u00e9 est hors TVA.Le cas \u00e9ch\u00e9ant, le prix exclut les frais de livraison.<\/p>\r\n<p>4.2 Le prix d&rsquo;achat total, y compris la TVA et les frais de livraison, le cas \u00e9ch\u00e9ant, sera affich\u00e9 dans le panier de l&rsquo;acheteur avant de confirmer la commande.<\/p>\r\n<p>4.3 Une fois la commande effectu\u00e9e, le fournisseur confirmera par e-mail les d\u00e9tails, la description et le prix des biens et\/ou services ainsi que les informations sur le droit d&rsquo;annuler si l&rsquo;acheteur est un consommateur.<\/p>\r\n<p>4.4 Le paiement du prix major\u00e9 de la TVA et des frais de livraison, le cas \u00e9ch\u00e9ant, doit \u00eatre effectu\u00e9 par carte de cr\u00e9dit.<\/p>\r\n<p>4.5 Le cas \u00e9ch\u00e9ant, si un paiement n&rsquo;est pas pay\u00e9 \u00e0 temps ou si un paiement est rejet\u00e9 ou refus\u00e9, le montant d\u00fb sera consid\u00e9r\u00e9 comme impay\u00e9 et le fournisseur aura le droit de cesser ou de suspendre imm\u00e9diatement la fourniture de tout service ou de nouvelles livraisons de biens jusqu&rsquo;\u00e0 ce que le paiement soit effectu\u00e9.<\/p>\r\n<p>&nbsp;<\/p>\r\n<h3><strong>5 PERFORMANCE DES SERVICES<\/strong><\/h3>\r\n<p>5.1 Le Fournisseur commencera \u00e0 ex\u00e9cuter les services imm\u00e9diatement apr\u00e8s l&rsquo;acceptation de la commande.<\/p>\r\n<p>5.2 Le fournisseur doit ex\u00e9cuter les services avec tout le soin et les comp\u00e9tences raisonnables.Cependant, le cas \u00e9ch\u00e9ant, le fournisseur ne garantit pas que les services seront ininterrompus, s\u00e9curis\u00e9s ou exempts d&rsquo;erreurs ou que toutes les donn\u00e9es g\u00e9n\u00e9r\u00e9es, stock\u00e9es, transmises ou utilis\u00e9es via ou en relation avec les services seront compl\u00e8tes, pr\u00e9cises, s\u00e9curis\u00e9es, mises \u00e0 jour, re\u00e7ues ou livr\u00e9es correctement ou pas du tout.Le fournisseur peut \u00eatre amen\u00e9 \u00e0 suspendre les services pour r\u00e9paration, maintenance ou am\u00e9lioration.Si tel est le cas, le fournisseur les r\u00e9tablira aussi rapidement que raisonnablement possible.<\/p>\r\n<p>&nbsp;<\/p>\r\n<h3><strong>6 DROITS DU FOURNISSEUR<\/strong><\/h3>\r\n<p>6.1 Le fournisseur se r\u00e9serve le droit de mettre \u00e0 jour p\u00e9riodiquement les prix sur le site Internet, qui ne peuvent \u00eatre garantis dans le temps.Le fournisseur mettra tout en \u0153uvre pour s&rsquo;assurer que les prix sont corrects au moment o\u00f9 l&rsquo;acheteur passe une commande.<\/p>\r\n<p>6.2 Le fournisseur se r\u00e9serve le droit de retirer \u00e0 tout moment tout bien et\/ou service du site Internet.<\/p>\r\n<p>6.3 Le fournisseur ne sera en aucun tenu responsable envers qui que ce soit de retirer des biens et\/ou services du site Internet ou d&rsquo;avoir refus\u00e9 de traiter une commande.<\/p>\r\n<p>&nbsp;<\/p>\r\n<h3><strong>7 \u00c2GE DE CONSENTEMENT<\/strong><\/h3>\r\n<p>7.1 Lorsque des biens et\/ou services ne peuvent \u00eatre achet\u00e9s que par des personnes d&rsquo;un certain \u00e2ge, il sera demand\u00e9 \u00e0 l&rsquo;acheteur lors de la commande de d\u00e9clarer qu&rsquo;il a l&rsquo;\u00e2ge l\u00e9gal pour acheter les biens et\/ou services.<\/p>\r\n<p>7.2 Si le fournisseur d\u00e9couvre que l&rsquo;acheteur n&rsquo;est pas l\u00e9galement autoris\u00e9 \u00e0 commander certains biens et\/ou services, le fournisseur aura le droit d&rsquo;annuler la commande imm\u00e9diatement, sans pr\u00e9avis.<\/p>\r\n<p>&nbsp;<\/p>\r\n<h3><strong>8 LIVRAISON<\/strong><\/h3>\r\n<p>8.1 Les biens livr\u00e9s en Italie seront normalement livr\u00e9s dans les 30 jours ouvrables suivant l&rsquo;acceptation de la commande.<\/p>\r\n<p>8.2 Les biens livr\u00e9s en dehors d&rsquo;Italie seront normalement livr\u00e9s dans les 30 jours ouvrables suivant l&rsquo;acceptation de la commande.<\/p>\r\n<p>8.3 Lorsqu&rsquo;une date de livraison sp\u00e9cifique a \u00e9t\u00e9 convenue et lorsque cette date de livraison ne peut \u00eatre respect\u00e9e, l&rsquo;acheteur sera inform\u00e9 et aura la possibilit\u00e9 de convenir d&rsquo;une nouvelle date de livraison ou de recevoir un remboursement complet.<\/p>\r\n<p>8.4 Le fournisseur doit raisonnablement faire le n\u00e9cessaire pour respecter toute date convenue pour la livraison. Dans tous les cas, le d\u00e9lai de livraison n&rsquo;est pas une condition essentielle et le fournisseur ne sera pas tenu responsable des pertes, co\u00fbts, dommages ou d\u00e9penses encourus par l&rsquo;acheteur ou tout tiers r\u00e9sultant directement ou indirectement de tout manquement au respect de toute date de livraison estim\u00e9e.<\/p>\r\n<p>8.5 La livraison des biens doit \u00eatre effectu\u00e9e \u00e0 l&rsquo;adresse de l&rsquo;acheteur indiqu\u00e9e dans la commande et l&rsquo;acheteur doit prendre toutes les dispositions n\u00e9cessaires pour prendre livraison des biens chaque fois qu&rsquo;ils sont remis pour livraison.<\/p>\r\n<p>8.6 Les risques li\u00e9s aux biens seront transf\u00e9r\u00e9s \u00e0 l&rsquo;acheteur lors de la livraison des biens ou, si l&rsquo;acheteur ne prend pas livraison selon la date convenue, au moment o\u00f9 la livraison a \u00e9t\u00e9 tent\u00e9e.<\/p>\r\n<p>8.7 Le titre des biens ne sera transf\u00e9r\u00e9 \u00e0 l&rsquo;acheteur qu&rsquo;apr\u00e8s paiement int\u00e9gral du prix.<\/p>\r\n<p>&nbsp;<\/p>\r\n<h3><strong>9 ANNULATION ET RETOUR<\/strong><\/h3>\r\n<div>\r\n<p>Nous acceptons les retours, mais veuillez obtenir l\u2019autorisation de notre service client avant de nous renvoyer des articles.<\/p>\r\n<p>Contactez-nous \u00e0\u00a0<a href=\"mailto:info@delphos.com\">info@delphos.com<\/a>\u00a0en indiquant les informations suivantes:<\/p>\r\n<ul>\r\n<li>Nom et adresse compl\u00e8te<\/li>\r\n<li>Num\u00e9ro de commande<\/li>\r\n<li>Articles \u00e0 retourner<\/li>\r\n<li>Raison du retour<\/li>\r\n<\/ul>\r\n<p>Veuillez noter:<\/p>\r\n<ul>\r\n<li>Nous ne pouvons \u00eatre tenus responsables de toute marchandise manquante ou endommag\u00e9e si nous ne sommes pas inform\u00e9s dans les 24 heures suivant la r\u00e9ception de votre commande. Veuillez contr\u00f4ler votre commande d\u00e8s sa r\u00e9ception.<\/li>\r\n<li>Les lampes sont fabriqu\u00e9es sur commande et ne sont pas retournables.<\/li>\r\n<li>Les articles sold\u00e9s ne sont pas \u00e9ligibles au retour. Les produits de vente d\u00e9fectueux seront r\u00e9par\u00e9s ou remplac\u00e9s \u00e0 notre discr\u00e9tion.<\/li>\r\n<li>Les articles qui ont \u00e9t\u00e9 install\u00e9s ou qui ne sont pas dans leur emballage d\u2019origine ne sont pas remboursables.<\/li>\r\n<li>Nous cr\u00e9diterons votre compte une fois que nous aurons inspect\u00e9 votre article et valid\u00e9 le retour.<\/li>\r\n<\/ul>\r\n<\/div>\r\n<p>&nbsp;<\/p>\r\n<h3><strong>10 BONS CADEAUX<\/strong><\/h3>\r\n<p>En plus de ces conditions g\u00e9n\u00e9rales, les conditions suivantes s&rsquo;appliquent \u00e0 la vente de bons cadeaux.<\/p>\r\n<p>10.1 Les bons cadeaux seront exp\u00e9di\u00e9s dans un d\u00e9lai d&rsquo;une semaine \u00e0 compter de l&rsquo;acceptation de la commande et seront livr\u00e9s par e-mail.Le paiement doit \u00eatre effectu\u00e9 par carte de cr\u00e9dit.<\/p>\r\n<p>10.2 L&rsquo;acheteur doit informer le fournisseur de toute anomalie dans une livraison dans les plus brefs d\u00e9lais mais en tout \u00e9tat de cause dans les 7 jours suivant la livraison des bons.<\/p>\r\n<p>10.3 Le risque de perte, de destruction ou de d\u00e9t\u00e9rioration des bons reste \u00e0 la charge du fournisseur jusqu&rsquo;\u00e0 la livraison \u00e0 l&rsquo;acheteur o\u00f9 le risque sera alors transf\u00e9r\u00e9 \u00e0 l&rsquo;acheteur.<\/p>\r\n<p>10.4 Les bons cadeaux peuvent \u00eatre \u00e9chang\u00e9s contre des biens sur www.delphos.com. Les bons ne peuvent pas \u00eatre \u00e9chang\u00e9s contre de l&rsquo;argent en tout ou en partie.Les bons ne sont pas vendus sur une base de vente ou de retour et aucun retour ne sera autoris\u00e9 sauf s&rsquo;il peut \u00eatre d\u00e9montr\u00e9 que le fournisseur a commis une erreur en ex\u00e9cutant la commande de l&rsquo;acheteur.<\/p>\r\n<p>10.5 Les bons cadeaux ont une validit\u00e9 d&rsquo;1 an \u00e0 compter de la date d&rsquo;achat et ne peuvent \u00eatre renouvel\u00e9s une fois expir\u00e9s.Les bons ne peuvent pas \u00eatre remplac\u00e9s s&rsquo;ils sont perdus ou endommag\u00e9s.<\/p>\r\n<p>&nbsp;<\/p>\r\n<h3><strong>11 LIMITATION DE RESPONSABILIT\u00c9<\/strong><\/h3>\r\n<p>11.1 Sauf si la loi peut impliquer que l&rsquo;acheteur traite en tant que consommateur, en cas de violation des pr\u00e9sentes conditions g\u00e9n\u00e9rales par le fournisseur, les recours de l&rsquo;acheteur seront limit\u00e9s aux dommages et int\u00e9r\u00eats qui ne d\u00e9passeront en aucun cas le prix des biens et\/ou services. Le fournisseur ne sera en aucun cas tenu responsable de toute perte ou dommage indirect, accidentel ou cons\u00e9cutif.<\/p>\r\n<p>11.2 Aucune disposition dans les pr\u00e9sentes conditions g\u00e9n\u00e9rales n&rsquo;exclut ni ne limite la responsabilit\u00e9 du fournisseur en cas de d\u00e9c\u00e8s ou de blessure r\u00e9sultant de la n\u00e9gligence du fournisseur ou de ses agents ou employ\u00e9s.<\/p>\r\n<p>&nbsp;<\/p>\r\n<h3><strong>12 RENONCIATION<\/strong><\/h3>\r\n<p>Aucune renonciation du fournisseur (expresse ou implicite) \u00e0 faire valoir ses droits en vertu du pr\u00e9sent contrat ne porte atteinte \u00e0 ses droits de le faire \u00e0 l&rsquo;avenir.<\/p>\r\n<p>&nbsp;<\/p>\r\n<h3><strong>13\u00a0 FORCE MAJEURE<\/strong><\/h3>\r\n<p>Le fournisseur ne sera pas responsable de tout retard ou manquement \u00e0 l&rsquo;ex\u00e9cution de l&rsquo;une de ses obligations si le retard ou l&rsquo;\u00e9chec r\u00e9sulte d&rsquo;\u00e9v\u00e9nements ou de circonstances hors de son contr\u00f4le raisonnable, y compris mais sans s&rsquo;y limiter, cas de force majeure, gr\u00e8ves, lock-out, accidents, guerre, incendie, d\u00e9faillance de tout syst\u00e8me de communication, de t\u00e9l\u00e9communications ou informatique, panne d&rsquo;une usine ou d&rsquo;une machine ou p\u00e9nurie ou indisponibilit\u00e9 de mati\u00e8res premi\u00e8res provenant d&rsquo;une source naturelle d&rsquo;approvisionnement. Le fournisseur a droit \u00e0 une extension raisonnable de ses obligations.<\/p>\r\n<p>&nbsp;<\/p>\r\n<h3><strong>14 S\u00c9V\u00c9RANCE<\/strong><\/h3>\r\n<p>Si une clause ou une disposition des pr\u00e9sentes conditions g\u00e9n\u00e9rales est jug\u00e9e invalide, ill\u00e9gale ou inapplicable pour quelque motif que ce soit par un tribunal comp\u00e9tent, cette disposition sera supprim\u00e9e et le reste des dispositions des pr\u00e9sentes continuera de s&rsquo;appliquer et de faire effet comme si ces conditions avaient \u00e9t\u00e9 convenues et la disposition ill\u00e9gale ou inapplicable invalide avait \u00e9t\u00e9 supprim\u00e9e.<\/p>\r\n<p>&nbsp;<\/p>\r\n<h3><strong>15 MODIFICATIONS DES CONDITIONS G\u00c9N\u00c9RALES<\/strong><\/h3>\r\n<p>Le fournisseur a le droit de modifier ces conditions g\u00e9n\u00e9rales \u00e0 tout moment, mais ce droit n&rsquo;affecte pas les conditions g\u00e9n\u00e9rales existantes accept\u00e9es par l&rsquo;acheteur lors de l&rsquo;achat.<\/p>\r\n<p>&nbsp;<\/p>\r\n<h3><strong>16 L\u00c9GISLATION APPLICABLE ET JURIDICTION COMP\u00c9TENTE<\/strong><\/h3>\r\n<p>Ces conditions g\u00e9n\u00e9rales sont r\u00e9gies et interpr\u00e9t\u00e9es conform\u00e9ment au droit italien et les parties se soumettent par la pr\u00e9sente \u00e0 la juridiction exclusive des tribunaux italiens.<\/p>\r\n<p>&nbsp;<\/p>\r\n<h3><strong>17 R\u00c8GLEMENT EN LIGNE DES LITIGES<\/strong><\/h3>\r\n<p>Le consommateur r\u00e9sidant en Europe doit \u00eatre conscient du fait que la Commission europ\u00e9enne a mis en place une plateforme en ligne qui fournit un outil alternatif de r\u00e9solution des litiges. Cet outil peut \u00eatre utilis\u00e9 par le consommateur europ\u00e9en pour r\u00e9soudre de mani\u00e8re non judiciaire tout litige relatif et\/ou d\u00e9rivant de contrats de vente de biens et de services conclus en ligne. Par cons\u00e9quent, si vous \u00eates un consommateur europ\u00e9en, vous pouvez utiliser cette plateforme pour la r\u00e9solution de tout litige d\u00e9coulant du contrat en ligne conclu avec le Propri\u00e9taire. La plateforme est disponible sur le lien suivant (http:\/\/ec.europa.eu\/consumers\/odr\/). Le responsable du traitement est disponible pour r\u00e9pondre \u00e0 toute question envoy\u00e9e par courrier \u00e9lectronique \u00e0 l&rsquo;adresse \u00e9lectronique info@delphos.com<\/p>\r\n\r\n\r\n","protected":false},"excerpt":{"rendered":"<p>Termes et conditions de vente \u00a0 &nbsp; 1 D\u00c9FINITIONS 1.1 Le terme \u00abAcheteur\u00bb d\u00e9signe la personne ou l&rsquo;organisation qui ach\u00e8te ou accepte d&rsquo;acheter les Biens et\/ou Services au Fournisseur; 1.2 Le terme \u00ab consommateur \u00bb d\u00e9signe une personne qui ach\u00e8te des biens et des services pour son usage personnel. 1.3 Le terme \u00abContrat\u00bb d\u00e9signe le [&#8230;]\n","protected":false},"author":337,"featured_media":0,"parent":0,"menu_order":0,"comment_status":"closed","ping_status":"closed","template":"","meta":{"_acf_changed":false,"footnotes":""},"class_list":["post-3977","page","type-page","status-publish","hentry"],"acf":[],"_links":{"self":[{"href":"https:\/\/www.delphos.com\/fr\/wp-json\/wp\/v2\/pages\/3977","targetHints":{"allow":["GET"]}}],"collection":[{"href":"https:\/\/www.delphos.com\/fr\/wp-json\/wp\/v2\/pages"}],"about":[{"href":"https:\/\/www.delphos.com\/fr\/wp-json\/wp\/v2\/types\/page"}],"author":[{"embeddable":true,"href":"https:\/\/www.delphos.com\/fr\/wp-json\/wp\/v2\/users\/337"}],"replies":[{"embeddable":true,"href":"https:\/\/www.delphos.com\/fr\/wp-json\/wp\/v2\/comments?post=3977"}],"version-history":[{"count":3,"href":"https:\/\/www.delphos.com\/fr\/wp-json\/wp\/v2\/pages\/3977\/revisions"}],"predecessor-version":[{"id":136880,"href":"https:\/\/www.delphos.com\/fr\/wp-json\/wp\/v2\/pages\/3977\/revisions\/136880"}],"wp:attachment":[{"href":"https:\/\/www.delphos.com\/fr\/wp-json\/wp\/v2\/media?parent=3977"}],"curies":[{"name":"wp","href":"https:\/\/api.w.org\/{rel}","templated":true}]}}