{"id":78220,"date":"2020-10-30T16:48:37","date_gmt":"2020-10-30T15:48:37","guid":{"rendered":"https:\/\/www.fortuny.shop\/?page_id=78220"},"modified":"2021-04-01T15:16:38","modified_gmt":"2021-04-01T13:16:38","slug":"tenture-murale-personnalisee-demander-un-devis","status":"publish","type":"page","link":"https:\/\/www.delphos.com\/fr\/tenture-murale-personnalisee-demander-un-devis\/","title":{"rendered":"Tapisserie personnalis\u00e9e: demander un devis"},"content":{"rendered":"<div class=\"row\"  id=\"row-1748676178\">\n\n\t<div id=\"col-1827172555\" class=\"col small-12 large-12\"  >\n\t\t\t\t<div class=\"col-inner\"  >\n\t\t\t\n\t\t\t\n<a href=\"\/?product_cat=furnishing\/tapestry\" class=\"button primary is-outline is-small\" style=\"border-radius:99px;padding:0px 5px 0px 14px;\">\n\t<i class=\"icon-angle-left\" aria-hidden=\"true\"><\/i>\t<span><\/span>\n\t<\/a>\n\n<h1 style=\"text-align: center;font-size: 2.5em;margin-bottom: 0.1em;margin-top: -60px\">Tapisserie personnalis\u00e9e<\/h1>\n<h3 style=\"text-align: center\">Demander un devis<\/h3>\n<hr>\n\t\t<\/div>\n\t\t\t\t\t<\/div>\n\n\t\n<\/div>\n<div class=\"row\"  id=\"row-507207440\">\n\n\t<div id=\"col-235565904\" class=\"col medium-6 small-12 large-6\"  >\n\t\t\t\t<div class=\"col-inner\"  >\n\t\t\t\n\t\t\t\n<p>Remplissez le formulaire avec les informations requises pour recevoir un devis gratuit.<\/p>\n\n<div class=\"wpcf7 no-js\" id=\"wpcf7-f78313-o1\" lang=\"fr-FR\" dir=\"ltr\" data-wpcf7-id=\"78313\">\n<div class=\"screen-reader-response\"><p role=\"status\" aria-live=\"polite\" aria-atomic=\"true\"><\/p> <ul><\/ul><\/div>\n<form action=\"\/fr\/wp-json\/wp\/v2\/pages\/78220#wpcf7-f78313-o1\" method=\"post\" class=\"wpcf7-form init\" aria-label=\"Formulaire de contact\" enctype=\"multipart\/form-data\" novalidate=\"novalidate\" data-status=\"init\">\n<fieldset class=\"hidden-fields-container\"><input type=\"hidden\" name=\"_wpcf7\" value=\"78313\" \/><input type=\"hidden\" name=\"_wpcf7_version\" value=\"6.1.5\" \/><input type=\"hidden\" name=\"_wpcf7_locale\" value=\"fr_FR\" \/><input type=\"hidden\" name=\"_wpcf7_unit_tag\" value=\"wpcf7-f78313-o1\" \/><input type=\"hidden\" name=\"_wpcf7_container_post\" value=\"0\" \/><input type=\"hidden\" name=\"_wpcf7_posted_data_hash\" value=\"\" \/>\n<\/fieldset>\n<div class=\"form-flat\">\n\t<p><span class=\"wpcf7-form-control-wrap\" data-name=\"tapestry-name\"><input size=\"40\" maxlength=\"400\" class=\"wpcf7-form-control wpcf7-text wpcf7-validates-as-required\" aria-required=\"true\" aria-invalid=\"false\" placeholder=\"Name*\" value=\"\" type=\"text\" name=\"tapestry-name\" \/><\/span>\n\t<\/p>\n\t<p><span class=\"wpcf7-form-control-wrap\" data-name=\"tapestry-email\"><input size=\"40\" maxlength=\"400\" class=\"wpcf7-form-control wpcf7-email wpcf7-validates-as-required wpcf7-text wpcf7-validates-as-email\" aria-required=\"true\" aria-invalid=\"false\" placeholder=\"Email*\" value=\"\" type=\"email\" name=\"tapestry-email\" \/><\/span>\n\t<\/p>\n\t<p><span class=\"wpcf7-form-control-wrap\" data-name=\"tapestry-tel\"><input size=\"40\" maxlength=\"400\" class=\"wpcf7-form-control wpcf7-tel wpcf7-validates-as-required wpcf7-text wpcf7-validates-as-tel\" aria-required=\"true\" aria-invalid=\"false\" placeholder=\"Num\u00e9ro de t\u00e9l\u00e9phone*\" value=\"\" type=\"tel\" name=\"tapestry-tel\" \/><\/span>\n\t<\/p>\n\t<p><span class=\"wpcf7-form-control-wrap\" data-name=\"tapestry-country\"><input size=\"40\" maxlength=\"400\" class=\"wpcf7-form-control wpcf7-text wpcf7-validates-as-required\" aria-required=\"true\" aria-invalid=\"false\" placeholder=\"Pays*\" value=\"\" type=\"text\" name=\"tapestry-country\" \/><\/span>\n\t<\/p>\n\t<p><span class=\"wpcf7-form-control-wrap\" data-name=\"contact-type\"><select class=\"wpcf7-form-control wpcf7-select\" aria-invalid=\"false\" name=\"contact-type\"><option value=\"Type de contact*\">Type de contact*<\/option><option value=\"Particulier\">Particulier<\/option><option value=\"D\u00e9corateur d&#039;int\u00e9rieur\">D\u00e9corateur d&#039;int\u00e9rieur<\/option><option value=\"Architecte\">Architecte<\/option><option value=\"Revendeur\">Revendeur<\/option><option value=\"Autre\">Autre<\/option><\/select><\/span>\n\t<\/p>\n\t<p><label style=\"margin-top: 30px;\">Type de tenture murale:<\/label><br \/>\n<span class=\"wpcf7-form-control-wrap\" data-name=\"radio-tapestry-mount\"><span class=\"wpcf7-form-control wpcf7-radio\"><span class=\"wpcf7-list-item first\"><input type=\"radio\" name=\"radio-tapestry-mount\" value=\"Mont\u00e9 sur le mur\" \/><span class=\"wpcf7-list-item-label\">Mont\u00e9 sur le mur<\/span><\/span><span class=\"wpcf7-list-item\"><input type=\"radio\" name=\"radio-tapestry-mount\" value=\"Mont\u00e9 au plafond\" \/><span class=\"wpcf7-list-item-label\">Mont\u00e9 au plafond<\/span><\/span><span class=\"wpcf7-list-item\"><input type=\"radio\" name=\"radio-tapestry-mount\" value=\"Chemin de table\" \/><span class=\"wpcf7-list-item-label\">Chemin de table<\/span><\/span><span class=\"wpcf7-list-item last\"><input type=\"radio\" name=\"radio-tapestry-mount\" value=\"T\u00eate de lit\" \/><span class=\"wpcf7-list-item-label\">T\u00eate de lit<\/span><\/span><\/span><\/span>\n\t<\/p>\n\t<p><label style=\"margin-top: 30px;\">Style de la tapisserie:<\/label><br \/>\n<span class=\"wpcf7-form-control-wrap\" data-name=\"radio-tapestry-bands\"><span class=\"wpcf7-form-control wpcf7-radio\"><span class=\"wpcf7-list-item first\"><input type=\"radio\" name=\"radio-tapestry-bands\" value=\"Motif unique\" \/><span class=\"wpcf7-list-item-label\">Motif unique<\/span><\/span><span class=\"wpcf7-list-item last\"><input type=\"radio\" name=\"radio-tapestry-bands\" value=\"Motif central + bordures\" \/><span class=\"wpcf7-list-item-label\">Motif central + bordures<\/span><\/span><\/span><\/span>\n\t<\/p>\n\t<div style=\"width: 48%; float: left;\">\n\t\t<p><label style=\"margin-top: 30px;\">Largeur totale:<\/label>\n\t\t<\/p>\n\t\t<div style=\"width: 48%; float: left;\">\n\t\t\t<p><span class=\"wpcf7-form-control-wrap\" data-name=\"tapestry-width\"><input class=\"wpcf7-form-control wpcf7-number wpcf7-validates-as-number\" aria-invalid=\"false\" value=\"\" type=\"number\" name=\"tapestry-width\" \/><\/span>\n\t\t\t<\/p>\n\t\t<\/div>\n\t\t<div style=\"width: 48%; float: right;\">\n\t\t\t<p><span class=\"wpcf7-form-control-wrap\" data-name=\"tapestry-cm-inches1\"><select class=\"wpcf7-form-control wpcf7-select\" aria-invalid=\"false\" name=\"tapestry-cm-inches1\"><option value=\"cm\">cm<\/option><option value=\"pouces\">pouces<\/option><\/select><\/span>\n\t\t\t<\/p>\n\t\t<\/div>\n\t<\/div>\n\t<div style=\"width: 48%; float: right;\">\n\t\t<p><label style=\"margin-top: 30px;\">Hauteur totale:<\/label>\n\t\t<\/p>\n\t\t<div style=\"width: 47%; float: left;\">\n\t\t\t<p><span class=\"wpcf7-form-control-wrap\" data-name=\"tapestry-height\"><input class=\"wpcf7-form-control wpcf7-number wpcf7-validates-as-number\" aria-invalid=\"false\" value=\"\" type=\"number\" name=\"tapestry-height\" \/><\/span>\n\t\t\t<\/p>\n\t\t<\/div>\n\t\t<div style=\"width: 48%; float: right;\">\n\t\t\t<p><span class=\"wpcf7-form-control-wrap\" data-name=\"tapestry-cm-inches2\"><select class=\"wpcf7-form-control wpcf7-select\" aria-invalid=\"false\" name=\"tapestry-cm-inches2\"><option value=\"cm\">cm<\/option><option value=\"pouces\">pouces<\/option><\/select><\/span>\n\t\t\t<\/p>\n\t\t<\/div>\n\t<\/div>\n\t<p><label style=\"margin-top: 30px;\">T\u00e9l\u00e9chargez une image ou un dessin (facultatif):<\/label><br \/>\n<span class=\"wpcf7-form-control-wrap\" data-name=\"tapestry-file\"><input size=\"40\" class=\"wpcf7-form-control wpcf7-file\" accept=\".pdf,.jpg,.gif,.png,.docx,.doc\" aria-invalid=\"false\" type=\"file\" name=\"tapestry-file\" \/><\/span>\n\t<\/p>\n\t<p><label style=\"margin-top: 30px;\">Message:<\/label><br \/>\n<span class=\"wpcf7-form-control-wrap\" data-name=\"tapestry-message\"><textarea cols=\"40\" rows=\"10\" maxlength=\"2000\" class=\"wpcf7-form-control wpcf7-textarea\" aria-invalid=\"false\" placeholder=\"Quelques informations suppl\u00e9mentaires que nous pouvons trouver utiles...\" name=\"tapestry-message\"><\/textarea><\/span><br \/>\n[recaptcha]\n\t<\/p>\n\t<div class=\"smaller-txt\" style=\"color: #666; margin-bottom: 10px; text-align: center;\">\n\t\t<p>En cliquant sur le bouton \u00abSoumettre\u00bb, vous acceptez nos conditions de <a href=\"https:\/\/www.iubenda.com\/privacy-policy\/65899639\" target=\"_blank\" title=\"Privacy Policy\" style=\"text-decoration: underline\">politique de confidentialit\u00e9<\/a> et les <a href=\"https:\/\/policies.google.com\/terms\" target=\"_blank\" title=\"Google Terms of use\" style=\"text-decoration: underline\">conditions d'utilisation des API Google reCAPTCHA<\/a>.\n\t\t<\/p>\n\t<\/div>\n\t<p><div class=\"cf7-cf-turnstile\" style=\"margin-top: 0px; margin-bottom: -15px;\"> <div id=\"cf-turnstile-cf7-1371562970\" class=\"cf-turnstile\" data-callback=\"turnstileCF7Callback\" data-sitekey=\"0x4AAAAAAAj16Qj2x-3D7U1Q\" data-theme=\"light\" data-language=\"auto\" data-size=\"normal\" data-retry=\"auto\" data-retry-interval=\"1000\" data-refresh-expired=\"auto\" data-action=\"contact-form-7\" data-appearance=\"always\"><\/div> <style>.wpcf7-submit { pointer-events: none; opacity: 0.5; }<\/style> <script>document.addEventListener(\"DOMContentLoaded\", function() { setTimeout(function(){ var e=document.getElementById(\"cf-turnstile-cf7-1371562970\"); e&&!e.innerHTML.trim()&&(turnstile.remove(\"#cf-turnstile-cf7-1371562970\"), turnstile.render(\"#cf-turnstile-cf7-1371562970\", {sitekey:\"0x4AAAAAAAj16Qj2x-3D7U1Q\"})); }, 100); });<\/script> <br class=\"cf-turnstile-br cf-turnstile-br-cf7-1371562970\"> <style>#cf-turnstile-cf7-1371562970 { margin-left: -15px; }<\/style> <script>document.addEventListener(\"DOMContentLoaded\",function(){document.querySelectorAll('.wpcf7-form').forEach(function(e){e.addEventListener('submit',function(){if(document.getElementById('cf-turnstile-cf7-1371562970')){setTimeout(function(){turnstile.reset('#cf-turnstile-cf7-1371562970');},1000)}})})});<\/script> <\/div><br\/><input class=\"wpcf7-form-control wpcf7-submit has-spinner button\" type=\"submit\" value=\"Soumettre\" \/>\n\t<\/p>\n<\/div><div class=\"wpcf7-response-output\" aria-hidden=\"true\"><\/div>\n<\/form>\n<\/div>\n\n\t\t<\/div>\n\t\t\t\t\t<\/div>\n\n\t\n\n\t<div id=\"col-601357986\" class=\"col medium-6 small-12 large-6\"  >\n\t\t\t\t<div class=\"col-inner\"  >\n\t\t\t\n\t\t\t\n\n\t<section class=\"section has-parallax\" id=\"section_1415986343\">\n\t\t<div class=\"section-bg fill\" data-parallax-container=\".section\" data-parallax-background data-parallax=\"-1\">\n\t\t\t<img loading=\"lazy\" decoding=\"async\" width=\"648\" height=\"886\" src=\"https:\/\/www.delphos.com\/wp-content\/uploads\/2020\/11\/delphos-velvet-tapestry-table-runners.jpg\" class=\"bg attachment-original size-original\" alt=\"Delphos velvet   Tapestry Table Runners\" \/>\t\t\t\t\t\t\n\t\t\t\n\n\t\t<\/div>\n\n\t\t\n\n\t\t<div class=\"section-content relative\">\n\t\t\t\n\t\t<\/div>\n\n\t\t\n<style>\n#section_1415986343 {\n  padding-top: 30px;\n  padding-bottom: 30px;\n  min-height: 330px;\n}\n#section_1415986343 .section-bg img {\n  object-position: 100% 21%;\n}\n@media (min-width:550px) {\n  #section_1415986343 {\n    min-height: 1100px;\n  }\n}\n<\/style>\n\t<\/section>\n\t\n\t<div id=\"text-962445580\" class=\"text\">\n\t\t\n<p>Ce ne sont pas des produits de la marque Fortuny.<\/p>\n\t\t\n<style>\n#text-962445580 {\n  text-align: center;\n}\n<\/style>\n\t<\/div>\n\t\n\t\t<\/div>\n\t\t\t\t\t<\/div>\n\n\t\n<\/div>\n","protected":false},"excerpt":{"rendered":"","protected":false},"author":337,"featured_media":0,"parent":0,"menu_order":0,"comment_status":"closed","ping_status":"closed","template":"","meta":{"_acf_changed":false,"footnotes":""},"class_list":["post-78220","page","type-page","status-publish","hentry"],"acf":[],"_links":{"self":[{"href":"https:\/\/www.delphos.com\/fr\/wp-json\/wp\/v2\/pages\/78220","targetHints":{"allow":["GET"]}}],"collection":[{"href":"https:\/\/www.delphos.com\/fr\/wp-json\/wp\/v2\/pages"}],"about":[{"href":"https:\/\/www.delphos.com\/fr\/wp-json\/wp\/v2\/types\/page"}],"author":[{"embeddable":true,"href":"https:\/\/www.delphos.com\/fr\/wp-json\/wp\/v2\/users\/337"}],"replies":[{"embeddable":true,"href":"https:\/\/www.delphos.com\/fr\/wp-json\/wp\/v2\/comments?post=78220"}],"version-history":[{"count":0,"href":"https:\/\/www.delphos.com\/fr\/wp-json\/wp\/v2\/pages\/78220\/revisions"}],"wp:attachment":[{"href":"https:\/\/www.delphos.com\/fr\/wp-json\/wp\/v2\/media?parent=78220"}],"curies":[{"name":"wp","href":"https:\/\/api.w.org\/{rel}","templated":true}]}}