{"id":83263,"date":"2020-11-18T10:57:57","date_gmt":"2020-11-18T09:57:57","guid":{"rendered":"https:\/\/www.fortuny.shop\/delphos-silk-gown-an-iconic-dress\/"},"modified":"2025-12-10T15:43:28","modified_gmt":"2025-12-10T14:43:28","slug":"delphos-une-robe-iconique","status":"publish","type":"page","link":"https:\/\/www.delphos.com\/fr\/delphos-une-robe-iconique\/","title":{"rendered":"Delphos, une robe iconique"},"content":{"rendered":"\n  <div class=\"banner has-hover bg-overlay-remove\" id=\"banner-998035434\">\n          <div class=\"banner-inner fill\">\n        <div class=\"banner-bg fill\" >\n            <img loading=\"lazy\" decoding=\"async\" width=\"1920\" height=\"1492\" src=\"https:\/\/www.delphos.com\/wp-content\/uploads\/2023\/04\/delphos-dress.jpg\" class=\"bg attachment-original size-original\" alt=\"\" \/>                        <div class=\"overlay\"><\/div>            \n                    <\/div>\n\t\t\n        <div class=\"banner-layers container\">\n            <div class=\"fill banner-link\"><\/div>            \n   <div id=\"text-box-65172140\" class=\"text-box banner-layer x50 md-x50 lg-x50 y50 md-y50 lg-y50 res-text\">\n                                <div class=\"text-box-content text dark\">\n              \n              <div class=\"text-inner text-center\">\n                  \n<h2 class=\"uppercase\">Delphos, une robe iconique<\/h2>\n<p style=\"text-align: center;\"><strong>La robe Delphos, \u00e9l\u00e9gante et iconique, est vendue exclusivement dans <a style=\"text-decoration: underline;\" href=\"\/?page_id=3467\">nos magasins de Venise, de Paris ou de Munich.<\/a><\/strong><\/p>\n              <\/div>\n           <\/div>\n                            \n<style>\n#text-box-65172140 {\n  width: 43%;\n}\n#text-box-65172140 .text-box-content {\n  font-size: 100%;\n}\n<\/style>\n    <\/div>\n \n        <\/div>\n      <\/div>\n\n            \n<style>\n#banner-998035434 {\n  padding-top: 700px;\n}\n#banner-998035434 .overlay {\n  background-color: rgba(0, 0, 0, 0.2);\n}\n#banner-998035434 .banner-bg img {\n  object-position: 54% 36%;\n}\n<\/style>\n  <\/div>\n\n\n\n\t<section class=\"section dark\" id=\"section_974654056\">\n\t\t<div class=\"section-bg fill\" >\n\t\t\t\t\t\t\t\t\t\n\t\t\t\n\n\t\t<\/div>\n\n\t\t\n\n\t\t<div class=\"section-content relative\">\n\t\t\t\n<div class=\"row row-collapse row-full-width align-middle\"  id=\"row-1494811808\">\n\n\t<div id=\"col-594551903\" class=\"col medium-6 small-12 large-6\"  >\n\t\t\t\t<div class=\"col-inner\"  >\n\t\t\t\n\t\t\t\n\t<div class=\"img has-hover x md-x lg-x y md-y lg-y\" id=\"image_1631519199\">\n\t\t\t\t\t\t\t\t<div class=\"img-inner dark\" >\n\t\t\t<img loading=\"lazy\" decoding=\"async\" width=\"1000\" height=\"1000\" src=\"https:\/\/www.delphos.com\/wp-content\/uploads\/2023\/04\/palace-museum-delphos-square.jpg\" class=\"attachment-original size-original\" alt=\"\" srcset=\"https:\/\/www.delphos.com\/wp-content\/uploads\/2023\/04\/palace-museum-delphos-square.jpg 1000w, https:\/\/www.delphos.com\/wp-content\/uploads\/2023\/04\/palace-museum-delphos-square-800x800.jpg 800w, https:\/\/www.delphos.com\/wp-content\/uploads\/2023\/04\/palace-museum-delphos-square-768x768.jpg 768w, https:\/\/www.delphos.com\/wp-content\/uploads\/2023\/04\/palace-museum-delphos-square-100x100.jpg 100w\" sizes=\"auto, (max-width: 1000px) 100vw, 1000px\" \/>\t\t\t\t\t\t\n\t\t\t\t\t<\/div>\n\t\t\t\t\t\t\t\t\n<style>\n#image_1631519199 {\n  width: 100%;\n}\n<\/style>\n\t<\/div>\n\t\n\t\t<\/div>\n\t\t\t\t\t<\/div>\n\n\t\n\n\t<div id=\"col-1755660236\" class=\"col medium-6 small-12 large-6\"  >\n\t\t\t\t<div class=\"col-inner text-left\"  >\n\t\t\t\n\t\t\t\n\t<div id=\"text-1961884580\" class=\"text\">\n\t\t\n<h1 class=\"alt-font\">Le plus grand succ\u00e8s de l&rsquo;atelier fond\u00e9 par Mariano Fortuny et Henriette Negrin au Palazzo Pesaro degli Orfei \u00e0 Venise fut la cr\u00e9ation de la robe Delphos en 1909, une robe embl\u00e9matique consid\u00e9r\u00e9e comme un jalon dans l&rsquo;histoire de la mode.<\/h1>\n\t\t\n<style>\n#text-1961884580 {\n  font-size: 1.3rem;\n}\n<\/style>\n\t<\/div>\n\t\n\t\t<\/div>\n\t\t\t\t\n<style>\n#col-1755660236 > .col-inner {\n  padding: 20px 20px 20px 20px;\n}\n<\/style>\n\t<\/div>\n\n\t\n<\/div>\n<div class=\"is-divider divider clearfix\" style=\"margin-top:2em;margin-bottom:2em;height:0px;\"><\/div>\n<div class=\"row align-middle\"  id=\"row-1660749800\">\n\n\t<div id=\"col-160887312\" class=\"col medium-6 small-12 large-6\"  >\n\t\t\t\t<div class=\"col-inner text-left\"  >\n\t\t\t\n\t\t\t\n\t<div id=\"text-1608010010\" class=\"text\">\n\t\t\n<p>Inspir\u00e9e du chit\u00f4n ionique de l\u2019Aurige, une sculpture grecque d\u00e9couverte \u00e0 Delphes en 1896, elle a marqu\u00e9 les esprits pour sa forme essentielle, qui enveloppait en douceur et en l\u00e9g\u00e8ret\u00e9 le corps de la femme, et qui se composait de quatre ou cinq tissus de satin de soie ou de taffetas caract\u00e9ris\u00e9s par un plissage tr\u00e8s fin qui se fait encore aujourd\u2019hui gr\u00e2ce \u00e0 un processus manuel avec lequel jusqu\u2019\u00e0 quatre cent cinquante plis pour chaque tissu peut \u00eatre obtenu.<\/p>\n\t\t\n<style>\n#text-1608010010 {\n  line-height: 2;\n}\n<\/style>\n\t<\/div>\n\t\n\t\t<\/div>\n\t\t\t\t\n<style>\n#col-160887312 > .col-inner {\n  padding: 20px 0px 20px 0px;\n}\n<\/style>\n\t<\/div>\n\n\t\n\n\t<div id=\"col-663940337\" class=\"col medium-6 small-12 large-6\"  >\n\t\t\t\t<div class=\"col-inner\"  >\n\t\t\t\n\t\t\t\n\t<div class=\"img has-hover x md-x lg-x y md-y lg-y\" id=\"image_1082401129\">\n\t\t\t\t\t\t\t\t<div class=\"img-inner dark\" >\n\t\t\t<img loading=\"lazy\" decoding=\"async\" width=\"1200\" height=\"1200\" src=\"https:\/\/www.delphos.com\/wp-content\/uploads\/2023\/04\/delphos-dress-plisse-1200x1200.jpg\" class=\"attachment-medium size-medium\" alt=\"\" srcset=\"https:\/\/www.delphos.com\/wp-content\/uploads\/2023\/04\/delphos-dress-plisse-1200x1200.jpg 1200w, https:\/\/www.delphos.com\/wp-content\/uploads\/2023\/04\/delphos-dress-plisse-800x800.jpg 800w, https:\/\/www.delphos.com\/wp-content\/uploads\/2023\/04\/delphos-dress-plisse-768x768.jpg 768w, https:\/\/www.delphos.com\/wp-content\/uploads\/2023\/04\/delphos-dress-plisse-100x100.jpg 100w, https:\/\/www.delphos.com\/wp-content\/uploads\/2023\/04\/delphos-dress-plisse.jpg 1519w\" sizes=\"auto, (max-width: 1200px) 100vw, 1200px\" \/>\t\t\t\t\t\t\n\t\t\t\t\t<\/div>\n\t\t\t\t\t\t\t\t\n<style>\n#image_1082401129 {\n  width: 100%;\n}\n<\/style>\n\t<\/div>\n\t\n\t\t<\/div>\n\t\t\t\t\t<\/div>\n\n\t\n<\/div>\n<div class=\"row align-middle\"  id=\"row-2004814592\">\n\n\t<div id=\"col-1290759762\" class=\"col medium-6 small-12 large-6\"  >\n\t\t\t\t<div class=\"col-inner\"  >\n\t\t\t\n\t\t\t\n\t<div class=\"img has-hover x md-x lg-x y md-y lg-y\" id=\"image_438230441\">\n\t\t\t\t\t\t\t\t<div class=\"img-inner dark\" >\n\t\t\t<img loading=\"lazy\" decoding=\"async\" width=\"1004\" height=\"1024\" src=\"https:\/\/www.delphos.com\/wp-content\/uploads\/2023\/04\/delphos-dress-plisse-details.jpg\" class=\"attachment-medium size-medium\" alt=\"\" srcset=\"https:\/\/www.delphos.com\/wp-content\/uploads\/2023\/04\/delphos-dress-plisse-details.jpg 1004w, https:\/\/www.delphos.com\/wp-content\/uploads\/2023\/04\/delphos-dress-plisse-details-784x800.jpg 784w, https:\/\/www.delphos.com\/wp-content\/uploads\/2023\/04\/delphos-dress-plisse-details-768x783.jpg 768w, https:\/\/www.delphos.com\/wp-content\/uploads\/2023\/04\/delphos-dress-plisse-details-800x816.jpg 800w\" sizes=\"auto, (max-width: 1004px) 100vw, 1004px\" \/>\t\t\t\t\t\t\n\t\t\t\t\t<\/div>\n\t\t\t\t\t\t\t\t\n<style>\n#image_438230441 {\n  width: 100%;\n}\n<\/style>\n\t<\/div>\n\t\n\t\t<\/div>\n\t\t\t\t\t<\/div>\n\n\t\n\n\t<div id=\"col-757989720\" class=\"col medium-6 small-12 large-6\"  >\n\t\t\t\t<div class=\"col-inner text-left\"  >\n\t\t\t\n\t\t\t\n\t<div id=\"text-908822030\" class=\"text\">\n\t\t\n<p>Le d\u00e9collet\u00e9 et les manches pouvaient varier au moyen d\u2019un cordon de soie enrichi de perles de verre de Murano. Bien que Mariano Fortuny soit g\u00e9n\u00e9ralement consid\u00e9r\u00e9 comme le cr\u00e9ateur de la robe, sa femme et muse, Henriette a \u00e9t\u00e9 reconnue comme la v\u00e9ritable cr\u00e9atrice de la robe Delphos, comme l\u2019atteste une note \u00e9crite sur le brevet.<\/p>\n\t\t\n<style>\n#text-908822030 {\n  line-height: 2;\n}\n<\/style>\n\t<\/div>\n\t\n\t\t<\/div>\n\t\t\t\t\n<style>\n#col-757989720 > .col-inner {\n  padding: 20px 0px 20px 0px;\n}\n<\/style>\n\t<\/div>\n\n\t\n<\/div>\n<div class=\"is-divider divider clearfix\" style=\"margin-top:2em;margin-bottom:2em;height:0px;\"><\/div>\n\t\t<\/div>\n\n\t\t\n<style>\n#section_974654056 {\n  padding-top: 0px;\n  padding-bottom: 0px;\n  background-color: rgb(0,0,0);\n}\n<\/style>\n\t<\/section>\n\t\n\n  <div class=\"banner has-hover bg-overlay-remove\" id=\"banner-1665280488\">\n          <div class=\"banner-inner fill\">\n        <div class=\"banner-bg fill\" >\n            <img loading=\"lazy\" decoding=\"async\" width=\"1600\" height=\"795\" src=\"https:\/\/www.delphos.com\/wp-content\/uploads\/2023\/04\/delphos-dress-plisse-detail.jpg\" class=\"bg attachment-original size-original\" alt=\"\" \/>                        <div class=\"overlay\"><\/div>            \n                    <\/div>\n\t\t\n        <div class=\"banner-layers container\">\n            <div class=\"fill banner-link\"><\/div>            \n        <\/div>\n      <\/div>\n\n            \n<style>\n#banner-1665280488 {\n  padding-top: 500px;\n}\n#banner-1665280488 .overlay {\n  background-color: rgba(0, 0, 0, 0.2);\n}\n#banner-1665280488 .banner-bg img {\n  object-position: 51% 81%;\n}\n<\/style>\n  <\/div>\n\n\n","protected":false},"excerpt":{"rendered":"","protected":false},"author":337,"featured_media":88891,"parent":0,"menu_order":0,"comment_status":"closed","ping_status":"closed","template":"page-blank.php","meta":{"_acf_changed":false,"footnotes":""},"class_list":["post-83263","page","type-page","status-publish","has-post-thumbnail","hentry"],"acf":[],"_links":{"self":[{"href":"https:\/\/www.delphos.com\/fr\/wp-json\/wp\/v2\/pages\/83263","targetHints":{"allow":["GET"]}}],"collection":[{"href":"https:\/\/www.delphos.com\/fr\/wp-json\/wp\/v2\/pages"}],"about":[{"href":"https:\/\/www.delphos.com\/fr\/wp-json\/wp\/v2\/types\/page"}],"author":[{"embeddable":true,"href":"https:\/\/www.delphos.com\/fr\/wp-json\/wp\/v2\/users\/337"}],"replies":[{"embeddable":true,"href":"https:\/\/www.delphos.com\/fr\/wp-json\/wp\/v2\/comments?post=83263"}],"version-history":[{"count":5,"href":"https:\/\/www.delphos.com\/fr\/wp-json\/wp\/v2\/pages\/83263\/revisions"}],"predecessor-version":[{"id":137019,"href":"https:\/\/www.delphos.com\/fr\/wp-json\/wp\/v2\/pages\/83263\/revisions\/137019"}],"wp:featuredmedia":[{"embeddable":true,"href":"https:\/\/www.delphos.com\/fr\/wp-json\/wp\/v2\/media\/88891"}],"wp:attachment":[{"href":"https:\/\/www.delphos.com\/fr\/wp-json\/wp\/v2\/media?parent=83263"}],"curies":[{"name":"wp","href":"https:\/\/api.w.org\/{rel}","templated":true}]}}