{"id":89951,"date":"2021-03-15T15:21:07","date_gmt":"2021-03-15T14:21:07","guid":{"rendered":"https:\/\/www.fortuny.shop\/?page_id=89951"},"modified":"2021-03-19T16:40:01","modified_gmt":"2021-03-19T15:40:01","slug":"parfums","status":"publish","type":"page","link":"https:\/\/www.delphos.com\/fr\/parfums\/","title":{"rendered":"Parfums"},"content":{"rendered":"\n\t<section class=\"section dark\" id=\"section_1683454875\">\n\t\t<div class=\"section-bg fill\" >\n\t\t\t\t\t\t\t\t\t\n\t\t\t\n\n\t\t<\/div>\n\n\t\t\n\n\t\t<div class=\"section-content relative\">\n\t\t\t\n<div class=\"row\"  id=\"row-1942542880\">\n\n\t<div id=\"col-892768761\" class=\"col small-12 large-12\"  >\n\t\t\t\t<div class=\"col-inner text-center\"  >\n\t\t\t\n\t\t\t\n\t<div id=\"text-1676577543\" class=\"text\">\n\t\t\n<h1>Parfums<\/h1>\n\t\t\n<style>\n#text-1676577543 {\n  font-size: 1.5rem;\n  text-align: center;\n}\n<\/style>\n\t<\/div>\n\t\n<div class=\"woocommerce-product-details__short-description\">\n<p style=\"text-align: center;\"><strong>Atelier Fortuny Venezia<sup>\u00ae<\/sup><\/strong> c\u00e9l\u00e8bre Mariano Fortuny. La lumi\u00e8re du Soleil, de la Lune et des Etoiles vous enveloppera \u00e0 chaque moment de votre journ\u00e9e. Les nouvelles eaux de parfum Fortuny<sup>\u00ae<\/sup> sont fascinantes, s\u00e9duisantes et myst\u00e9rieuses. Elles illumineront vos jours et vos nuits.<\/p>\n<p style=\"text-align: center;\"><strong>Rendez-vous \u00e0 nos magasins de Venise et de Paris pour acqu\u00e9rir nos parfums.<\/strong><\/p>\n<\/div>\n\t\t<\/div>\n\t\t\t\t\t<\/div>\n\n\t\n\n<style>\n#row-1942542880 > .col > .col-inner {\n  padding: 0px 0px 40px 0px;\n}\n<\/style>\n<\/div>\n<div class=\"row row-full-width\"  id=\"row-600925681\">\n\n\t<div id=\"col-131279519\" class=\"col medium-12 small-12 large-7\"  >\n\t\t\t\t<div class=\"col-inner\"  >\n\t\t\t\n\t\t\t\n\t<div class=\"img has-hover x md-x lg-x y md-y lg-y\" id=\"image_1594597116\">\n\t\t\t\t\t\t\t\t<div class=\"img-inner dark\" >\n\t\t\t<img loading=\"lazy\" decoding=\"async\" width=\"800\" height=\"1129\" src=\"https:\/\/www.delphos.com\/wp-content\/uploads\/2021\/03\/perfume.jpg\" class=\"attachment-original size-original\" alt=\"perfumes\" srcset=\"https:\/\/www.delphos.com\/wp-content\/uploads\/2021\/03\/perfume.jpg 800w, https:\/\/www.delphos.com\/wp-content\/uploads\/2021\/03\/perfume-567x800.jpg 567w, https:\/\/www.delphos.com\/wp-content\/uploads\/2021\/03\/perfume-768x1084.jpg 768w\" sizes=\"auto, (max-width: 800px) 100vw, 800px\" \/>\t\t\t\t\t\t\n\t\t\t\t\t<\/div>\n\t\t\t\t\t\t\t\t\n<style>\n#image_1594597116 {\n  width: 100%;\n}\n<\/style>\n\t<\/div>\n\t\n\t\t<\/div>\n\t\t\t\t\t<\/div>\n\n\t\n\n\t<div id=\"col-1330719805\" class=\"col medium-12 small-12 large-5\"  >\n\t\t\t\t<div class=\"col-inner text-center\"  >\n\t\t\t\n\t\t\t\n\t<div class=\"img has-hover x md-x lg-x y md-y lg-y\" id=\"image_2123984170\">\n\t\t\t\t\t\t\t\t<div class=\"img-inner dark\" >\n\t\t\t<img loading=\"lazy\" decoding=\"async\" width=\"150\" height=\"50\" src=\"https:\/\/www.delphos.com\/wp-content\/uploads\/2021\/03\/logo-parfvm.png\" class=\"attachment-original size-original\" alt=\"Logo  Parfvm\" \/>\t\t\t\t\t\t\n\t\t\t\t\t<\/div>\n\t\t\t\t\t\t\t\t\n<style>\n#image_2123984170 {\n  width: 50%;\n}\n@media (min-width:550px) {\n  #image_2123984170 {\n    width: 25%;\n  }\n}\n@media (min-width:850px) {\n  #image_2123984170 {\n    width: 40%;\n  }\n}\n<\/style>\n\t<\/div>\n\t\n<div class=\"is-divider divider clearfix\" style=\"margin-top:2.5em;margin-bottom:2.5em;height:0px;\"><\/div>\n\t<div class=\"img has-hover x md-x lg-x y md-y lg-y\" id=\"image_1308428014\">\n\t\t\t\t\t\t\t\t<div class=\"img-inner dark\" >\n\t\t\t<img loading=\"lazy\" decoding=\"async\" width=\"100\" height=\"118\" src=\"https:\/\/www.delphos.com\/wp-content\/uploads\/2021\/03\/icon-sun-perfume.png\" class=\"attachment-original size-original\" alt=\"Icon  Sun perfume\" \/>\t\t\t\t\t\t\n\t\t\t\t\t<\/div>\n\t\t\t\t\t\t\t\t\n<style>\n#image_1308428014 {\n  width: 20%;\n}\n@media (min-width:550px) {\n  #image_1308428014 {\n    width: 15%;\n  }\n}\n<\/style>\n\t<\/div>\n\t\n<p>Un accord riche et suave de rose bulgare, iris, neroli, oeillet, jasmin, violette, ch\u00e8vrefeuille, jacinthe avec quelques nuances de cassis et bergamote d\u2019Italie, rendues sensuelles et suggestives par des notes de fond de v\u00e9tiver, bois de santal et de touches d\u00e9licates de musc\u2026<\/p>\n<div class=\"is-divider divider clearfix\" style=\"margin-top:2.5em;margin-bottom:2.5em;height:0px;\"><\/div>\n\t<div class=\"img has-hover x md-x lg-x y md-y lg-y\" id=\"image_18549681\">\n\t\t\t\t\t\t\t\t<div class=\"img-inner dark\" >\n\t\t\t<img loading=\"lazy\" decoding=\"async\" width=\"100\" height=\"118\" src=\"https:\/\/www.delphos.com\/wp-content\/uploads\/2021\/03\/icon-moon-perfume.png\" class=\"attachment-original size-original\" alt=\"Icon  Moon perfume\" \/>\t\t\t\t\t\t\n\t\t\t\t\t<\/div>\n\t\t\t\t\t\t\t\t\n<style>\n#image_18549681 {\n  width: 20%;\n}\n@media (min-width:550px) {\n  #image_18549681 {\n    width: 15%;\n  }\n}\n<\/style>\n\t<\/div>\n\t\n<p>Une harmonie florale classique et \u00e9l\u00e9gante cr\u00e9\u00e9e avec les notes riches et intenses de gardenia, osmanthus et iris. Des notes d\u2019ang\u00e9lique, de bergamote d\u2019Italie et de galbanum rafra\u00eechissent un fond sublime d\u2019ambre dor\u00e9, de patchouly et de bois de santal avec des nuances \u00e9vocatrices de mousse de ch\u00eane, d\u2019encens, de musc et de myrrhe\u2026<\/p>\n<div class=\"is-divider divider clearfix\" style=\"margin-top:2.5em;margin-bottom:2.5em;height:0px;\"><\/div>\n\t<div class=\"img has-hover x md-x lg-x y md-y lg-y\" id=\"image_964335942\">\n\t\t\t\t\t\t\t\t<div class=\"img-inner dark\" >\n\t\t\t<img loading=\"lazy\" decoding=\"async\" width=\"100\" height=\"118\" src=\"https:\/\/www.delphos.com\/wp-content\/uploads\/2021\/03\/icon-stars-perfume.png\" class=\"attachment-original size-original\" alt=\"Icon  Stars perfume\" \/>\t\t\t\t\t\t\n\t\t\t\t\t<\/div>\n\t\t\t\t\t\t\t\t\n<style>\n#image_964335942 {\n  width: 20%;\n}\n@media (min-width:550px) {\n  #image_964335942 {\n    width: 15%;\n  }\n}\n<\/style>\n\t<\/div>\n\t\n<p>Une arabesque aromatique de fleurs de bergamote, de mandarine et d&rsquo;oranger m\u00eal\u00e9e aux bois pr\u00e9cieux de v\u00e9tiver, de santal, de benjoin et aux accents \u00e9pic\u00e9s de poivre noir, de noix de muscade, de gingembre et de cardamome sur un fond suggestif d\u2019ambre, d\u2019olibanum et de vanille bourbon\u2026<\/p>\n\t\t<\/div>\n\t\t\t\t\n<style>\n#col-1330719805 > .col-inner {\n  padding: 0px 10px 0px 10px;\n}\n@media (min-width:550px) {\n  #col-1330719805 > .col-inner {\n    padding: 0px 30px 0px 30px;\n  }\n}\n<\/style>\n\t<\/div>\n\n\t\n<\/div>\n\t\t<\/div>\n\n\t\t\n<style>\n#section_1683454875 {\n  padding-top: 30px;\n  padding-bottom: 30px;\n  background-color: rgb(0,0,0);\n}\n<\/style>\n\t<\/section>\n\t\n","protected":false},"excerpt":{"rendered":"","protected":false},"author":337,"featured_media":90057,"parent":0,"menu_order":0,"comment_status":"closed","ping_status":"closed","template":"page-blank.php","meta":{"_acf_changed":false,"footnotes":""},"class_list":["post-89951","page","type-page","status-publish","has-post-thumbnail","hentry"],"acf":[],"_links":{"self":[{"href":"https:\/\/www.delphos.com\/fr\/wp-json\/wp\/v2\/pages\/89951","targetHints":{"allow":["GET"]}}],"collection":[{"href":"https:\/\/www.delphos.com\/fr\/wp-json\/wp\/v2\/pages"}],"about":[{"href":"https:\/\/www.delphos.com\/fr\/wp-json\/wp\/v2\/types\/page"}],"author":[{"embeddable":true,"href":"https:\/\/www.delphos.com\/fr\/wp-json\/wp\/v2\/users\/337"}],"replies":[{"embeddable":true,"href":"https:\/\/www.delphos.com\/fr\/wp-json\/wp\/v2\/comments?post=89951"}],"version-history":[{"count":0,"href":"https:\/\/www.delphos.com\/fr\/wp-json\/wp\/v2\/pages\/89951\/revisions"}],"wp:featuredmedia":[{"embeddable":true,"href":"https:\/\/www.delphos.com\/fr\/wp-json\/wp\/v2\/media\/90057"}],"wp:attachment":[{"href":"https:\/\/www.delphos.com\/fr\/wp-json\/wp\/v2\/media?parent=89951"}],"curies":[{"name":"wp","href":"https:\/\/api.w.org\/{rel}","templated":true}]}}