{"id":90940,"date":"2021-04-12T17:47:01","date_gmt":"2021-04-12T15:47:01","guid":{"rendered":"https:\/\/www.fortuny.shop\/?page_id=90940"},"modified":"2023-10-26T18:14:57","modified_gmt":"2023-10-26T16:14:57","slug":"made-to-measure-curtains","status":"publish","type":"page","link":"https:\/\/www.delphos.com\/fr\/made-to-measure-curtains\/","title":{"rendered":"Made to measure curtains: request a quote"},"content":{"rendered":"<div class=\"row\"  id=\"row-422209923\">\n\n\t<div id=\"col-1790209055\" class=\"col small-12 large-12\"  >\n\t\t\t\t<div class=\"col-inner\"  >\n\t\t\t\n\t\t\t\n<a href=\"\/shop\" class=\"button primary is-outline is-small\" style=\"border-radius:99px;padding:0px 5px 0px 14px;\">\n\t<i class=\"icon-angle-left\" aria-hidden=\"true\"><\/i>\t<span><\/span>\n\t<\/a>\n\n<h1 style=\"text-align: center; font-size: 2.5em; margin-bottom: 0.1em; margin-top: -60px;\">Made to measure curtains<\/h1>\n<h3 style=\"text-align: center;\">Request a quote<\/h3>\n<hr \/>\n\t\t<\/div>\n\t\t\t\t\t<\/div>\n\n\t\n<\/div>\n<div class=\"row\"  id=\"row-339569488\">\n\n\t<div id=\"col-1044469812\" class=\"col medium-6 small-12 large-6\"  >\n\t\t\t\t<div class=\"col-inner\"  >\n\t\t\t\n\t\t\t\n<p>You can order our exclusive <strong>made to measure velvet curtains<\/strong> in a wide range of colors and hand printed pattern. Delphos made to measure curtains are tailor made to your exact requirements. Your order will be crafted by skilled artisans at our factory in Venice and sent directly to your home. Provide measurements and preferred pattern and we will send you our quotation:<\/p>\n\n<div class=\"wpcf7 no-js\" id=\"wpcf7-f90966-o1\" lang=\"fr-FR\" dir=\"ltr\" data-wpcf7-id=\"90966\">\n<div class=\"screen-reader-response\"><p role=\"status\" aria-live=\"polite\" aria-atomic=\"true\"><\/p> <ul><\/ul><\/div>\n<form action=\"\/fr\/wp-json\/wp\/v2\/pages\/90940#wpcf7-f90966-o1\" method=\"post\" class=\"wpcf7-form init\" aria-label=\"Formulaire de contact\" enctype=\"multipart\/form-data\" novalidate=\"novalidate\" data-status=\"init\">\n<fieldset class=\"hidden-fields-container\"><input type=\"hidden\" name=\"_wpcf7\" value=\"90966\" \/><input type=\"hidden\" name=\"_wpcf7_version\" value=\"6.1.5\" \/><input type=\"hidden\" name=\"_wpcf7_locale\" value=\"fr_FR\" \/><input type=\"hidden\" name=\"_wpcf7_unit_tag\" value=\"wpcf7-f90966-o1\" \/><input type=\"hidden\" name=\"_wpcf7_container_post\" value=\"0\" \/><input type=\"hidden\" name=\"_wpcf7_posted_data_hash\" value=\"\" \/>\n<\/fieldset>\n<div class=\"form-flat\">\n\t<p><span class=\"wpcf7-form-control-wrap\" data-name=\"curtain-name\"><input size=\"40\" maxlength=\"400\" class=\"wpcf7-form-control wpcf7-text wpcf7-validates-as-required\" aria-required=\"true\" aria-invalid=\"false\" placeholder=\"Name*\" value=\"\" type=\"text\" name=\"curtain-name\" \/><\/span>\n\t<\/p>\n\t<p><span class=\"wpcf7-form-control-wrap\" data-name=\"curtain-email\"><input size=\"40\" maxlength=\"400\" class=\"wpcf7-form-control wpcf7-email wpcf7-validates-as-required wpcf7-text wpcf7-validates-as-email\" aria-required=\"true\" aria-invalid=\"false\" placeholder=\"Email*\" value=\"\" type=\"email\" name=\"curtain-email\" \/><\/span>\n\t<\/p>\n\t<p><span class=\"wpcf7-form-control-wrap\" data-name=\"curtain-tel\"><input size=\"40\" maxlength=\"400\" class=\"wpcf7-form-control wpcf7-tel wpcf7-validates-as-required wpcf7-text wpcf7-validates-as-tel\" aria-required=\"true\" aria-invalid=\"false\" placeholder=\"Num\u00e9ro de t\u00e9l\u00e9phone*\" value=\"\" type=\"tel\" name=\"curtain-tel\" \/><\/span>\n\t<\/p>\n\t<p><span class=\"wpcf7-form-control-wrap\" data-name=\"curtain-country\"><input size=\"40\" maxlength=\"400\" class=\"wpcf7-form-control wpcf7-text wpcf7-validates-as-required\" aria-required=\"true\" aria-invalid=\"false\" placeholder=\"Pays*\" value=\"\" type=\"text\" name=\"curtain-country\" \/><\/span>\n\t<\/p>\n\t<p><span class=\"wpcf7-form-control-wrap\" data-name=\"contact-type\"><select class=\"wpcf7-form-control wpcf7-select\" aria-invalid=\"false\" name=\"contact-type\"><option value=\"Type de contact*\">Type de contact*<\/option><option value=\"Particulier\">Particulier<\/option><option value=\"D\u00e9corateur d&#039;int\u00e9rieur\">D\u00e9corateur d&#039;int\u00e9rieur<\/option><option value=\"Architecte\">Architecte<\/option><option value=\"Revendeur\">Revendeur<\/option><option value=\"Autre\">Autre<\/option><\/select><\/span>\n\t<\/p>\n\t<p><label style=\"margin-top: 30px;\">Style du rideau:<\/label><br \/>\n<span class=\"wpcf7-form-control-wrap\" data-name=\"radio-curtain-bands\"><span class=\"wpcf7-form-control wpcf7-radio\"><span class=\"wpcf7-list-item first\"><input type=\"radio\" name=\"radio-curtain-bands\" value=\"Motif unique\" \/><span class=\"wpcf7-list-item-label\">Motif unique<\/span><\/span><span class=\"wpcf7-list-item last\"><input type=\"radio\" name=\"radio-curtain-bands\" value=\"Motif central + bordures\" \/><span class=\"wpcf7-list-item-label\">Motif central + bordures<\/span><\/span><\/span><\/span>\n\t<\/p>\n\t<div style=\"width: 48%; float: left;\">\n\t\t<p><label style=\"margin-top: 30px;\">Largeur totale:<\/label>\n\t\t<\/p>\n\t\t<div style=\"width: 48%; float: left;\">\n\t\t\t<p><span class=\"wpcf7-form-control-wrap\" data-name=\"curtain-width\"><input class=\"wpcf7-form-control wpcf7-number wpcf7-validates-as-number\" aria-invalid=\"false\" value=\"\" type=\"number\" name=\"curtain-width\" \/><\/span>\n\t\t\t<\/p>\n\t\t<\/div>\n\t\t<div style=\"width: 48%; float: right;\">\n\t\t\t<p><span class=\"wpcf7-form-control-wrap\" data-name=\"curtain-cm-inches1\"><select class=\"wpcf7-form-control wpcf7-select\" aria-invalid=\"false\" name=\"curtain-cm-inches1\"><option value=\"cm\">cm<\/option><option value=\"pouces\">pouces<\/option><\/select><\/span>\n\t\t\t<\/p>\n\t\t<\/div>\n\t<\/div>\n\t<div style=\"width: 48%; float: right;\">\n\t\t<p><label style=\"margin-top: 30px;\">Hauteur totale:<\/label>\n\t\t<\/p>\n\t\t<div style=\"width: 47%; float: left;\">\n\t\t\t<p><span class=\"wpcf7-form-control-wrap\" data-name=\"curtain-drop\"><input class=\"wpcf7-form-control wpcf7-number wpcf7-validates-as-number\" aria-invalid=\"false\" value=\"\" type=\"number\" name=\"curtain-drop\" \/><\/span>\n\t\t\t<\/p>\n\t\t<\/div>\n\t\t<div style=\"width: 48%; float: right;\">\n\t\t\t<p><span class=\"wpcf7-form-control-wrap\" data-name=\"curtain-cm-inches2\"><select class=\"wpcf7-form-control wpcf7-select\" aria-invalid=\"false\" name=\"curtain-cm-inches2\"><option value=\"cm\">cm<\/option><option value=\"pouces\">pouces<\/option><\/select><\/span>\n\t\t\t<\/p>\n\t\t<\/div>\n\t<\/div>\n\t<p><label style=\"margin-top: 30px;\">T\u00e9l\u00e9chargez une image ou un dessin (facultatif):<\/label><br \/>\n<span class=\"wpcf7-form-control-wrap\" data-name=\"curtain-file\"><input size=\"40\" class=\"wpcf7-form-control wpcf7-file\" accept=\".pdf,.jpg,.gif,.png,.docx,.doc\" aria-invalid=\"false\" type=\"file\" name=\"curtain-file\" \/><\/span>\n\t<\/p>\n\t<p><label style=\"margin-top: 30px;\">Message:<\/label><br \/>\n<span class=\"wpcf7-form-control-wrap\" data-name=\"curtain-message\"><textarea cols=\"40\" rows=\"10\" maxlength=\"2000\" class=\"wpcf7-form-control wpcf7-textarea\" aria-invalid=\"false\" placeholder=\"Quelques informations suppl\u00e9mentaires que nous pouvons trouver utiles...\" name=\"curtain-message\"><\/textarea><\/span>\n\t<\/p>\n\t<div class=\"smaller-txt\" style=\"color: #666; margin-bottom: 10px; text-align: center;\">\n\t\t<p>En cliquant sur le bouton \u00abSoumettre\u00bb, vous acceptez nos conditions de <a href=\"https:\/\/www.iubenda.com\/privacy-policy\/65899639\" target=\"_blank\" title=\"Privacy Policy\" style=\"text-decoration: underline\">politique de confidentialit\u00e9<\/a> et les <a href=\"https:\/\/policies.google.com\/terms\" target=\"_blank\" title=\"Google Terms of use\" style=\"text-decoration: underline\">conditions d'utilisation des API Google reCAPTCHA<\/a>.\n\t\t<\/p>\n\t<\/div>\n\t<p><div class=\"cf7-cf-turnstile\" style=\"margin-top: 0px; margin-bottom: -15px;\"> <div id=\"cf-turnstile-cf7-4247511956\" class=\"cf-turnstile\" data-callback=\"turnstileCF7Callback\" data-sitekey=\"0x4AAAAAAAj16Qj2x-3D7U1Q\" data-theme=\"light\" data-language=\"auto\" data-size=\"normal\" data-retry=\"auto\" data-retry-interval=\"1000\" data-refresh-expired=\"auto\" data-action=\"contact-form-7\" data-appearance=\"always\"><\/div> <style>.wpcf7-submit { pointer-events: none; opacity: 0.5; }<\/style> <script>document.addEventListener(\"DOMContentLoaded\", function() { setTimeout(function(){ var e=document.getElementById(\"cf-turnstile-cf7-4247511956\"); e&&!e.innerHTML.trim()&&(turnstile.remove(\"#cf-turnstile-cf7-4247511956\"), turnstile.render(\"#cf-turnstile-cf7-4247511956\", {sitekey:\"0x4AAAAAAAj16Qj2x-3D7U1Q\"})); }, 100); });<\/script> <br class=\"cf-turnstile-br cf-turnstile-br-cf7-4247511956\"> <style>#cf-turnstile-cf7-4247511956 { margin-left: -15px; }<\/style> <script>document.addEventListener(\"DOMContentLoaded\",function(){document.querySelectorAll('.wpcf7-form').forEach(function(e){e.addEventListener('submit',function(){if(document.getElementById('cf-turnstile-cf7-4247511956')){setTimeout(function(){turnstile.reset('#cf-turnstile-cf7-4247511956');},1000)}})})});<\/script> <\/div><br\/><input class=\"wpcf7-form-control wpcf7-submit has-spinner button\" type=\"submit\" value=\"Soumettre\" \/>\n\t<\/p>\n<\/div><div class=\"wpcf7-response-output\" aria-hidden=\"true\"><\/div>\n<\/form>\n<\/div>\n\n<p><strong>Returns<\/strong><br \/>\nPlease note that as our fabric will be cut specifically to your requirements, we are unable to accept returns or cancellations once an order has been placed.<\/p>\n\t\t<\/div>\n\t\t\t\t\t<\/div>\n\n\t\n\n\t<div id=\"col-1361349311\" class=\"col medium-6 small-12 large-6\"  >\n\t\t\t\t<div class=\"col-inner\"  >\n\t\t\t\n\t\t\t\n\n\t<section class=\"section dark has-parallax\" id=\"section_355666956\">\n\t\t<div class=\"section-bg fill\" data-parallax-container=\".section\" data-parallax-background data-parallax=\"-1\">\n\t\t\t<img loading=\"lazy\" decoding=\"async\" width=\"589\" height=\"886\" src=\"https:\/\/www.delphos.com\/wp-content\/uploads\/2021\/03\/bedcover-custom-made-web.jpg\" class=\"bg attachment-original size-original\" alt=\"bed covers\" \/>\t\t\t\t\t\t\n\t\t\t\n\n\t\t<\/div>\n\n\t\t\n\n\t\t<div class=\"section-content relative\">\n\t\t\t\n\t\t<\/div>\n\n\t\t\n<style>\n#section_355666956 {\n  padding-top: 30px;\n  padding-bottom: 30px;\n  min-height: 465px;\n}\n#section_355666956 .section-bg img {\n  object-position: 0% 49%;\n}\n@media (min-width:550px) {\n  #section_355666956 {\n    min-height: 1000px;\n  }\n}\n<\/style>\n\t<\/section>\n\t\n\t<div id=\"text-4263904916\" class=\"text\">\n\t\t\n<p>These are not Fortuny brand curtains.<br \/>\n\t\t\n<style>\n#text-4263904916 {\n  text-align: center;\n}\n<\/style>\n\t<\/div>\n\t\n\t\t<\/div>\n\t\t\t\t\t<\/div>\n\n\t\n<\/div>\n","protected":false},"excerpt":{"rendered":"","protected":false},"author":337,"featured_media":0,"parent":0,"menu_order":0,"comment_status":"closed","ping_status":"closed","template":"","meta":{"_acf_changed":false,"footnotes":""},"class_list":["post-90940","page","type-page","status-publish","hentry"],"acf":[],"_links":{"self":[{"href":"https:\/\/www.delphos.com\/fr\/wp-json\/wp\/v2\/pages\/90940","targetHints":{"allow":["GET"]}}],"collection":[{"href":"https:\/\/www.delphos.com\/fr\/wp-json\/wp\/v2\/pages"}],"about":[{"href":"https:\/\/www.delphos.com\/fr\/wp-json\/wp\/v2\/types\/page"}],"author":[{"embeddable":true,"href":"https:\/\/www.delphos.com\/fr\/wp-json\/wp\/v2\/users\/337"}],"replies":[{"embeddable":true,"href":"https:\/\/www.delphos.com\/fr\/wp-json\/wp\/v2\/comments?post=90940"}],"version-history":[{"count":3,"href":"https:\/\/www.delphos.com\/fr\/wp-json\/wp\/v2\/pages\/90940\/revisions"}],"predecessor-version":[{"id":128862,"href":"https:\/\/www.delphos.com\/fr\/wp-json\/wp\/v2\/pages\/90940\/revisions\/128862"}],"wp:attachment":[{"href":"https:\/\/www.delphos.com\/fr\/wp-json\/wp\/v2\/media?parent=90940"}],"curies":[{"name":"wp","href":"https:\/\/api.w.org\/{rel}","templated":true}]}}