{"id":118717,"date":"2023-01-18T12:38:36","date_gmt":"2023-01-18T11:38:36","guid":{"rendered":"https:\/\/www.venetiastudium.com\/?post_type=product&#038;p=118717"},"modified":"2024-08-06T11:12:10","modified_gmt":"2024-08-06T09:12:10","slug":"orange-13c55mos-66k","status":"publish","type":"product","link":"https:\/\/www.delphos.com\/fr\/shop\/coussins\/mosaico-velour\/orange-13c55mos-66k\/","title":{"rendered":"Coussin carr\u00e9 en velours imprim\u00e9 | Mosaico Orange"},"content":{"rendered":"<p>Ce coussin carr\u00e9 en velours imprim\u00e9 Mosaico pr\u00e9sente un motif g\u00e9om\u00e9trique distinctif imprim\u00e9 \u00e0 la main avec du m\u00e9tal.<\/p>\n","protected":false},"excerpt":{"rendered":"<p>Ce coussin a un design g\u00e9om\u00e9trique distinctif imprim\u00e9 \u00e0 la main avec du m\u00e9tal.<\/p>\n","protected":false},"featured_media":128670,"comment_status":"open","ping_status":"closed","template":"","meta":{"_acf_changed":false},"product_brand":[],"product_cat":[396,3302],"product_tag":[],"class_list":{"0":"post-118717","1":"product","2":"type-product","3":"status-publish","4":"has-post-thumbnail","6":"product_cat-coussins","7":"product_cat-mosaico-velour","8":"product_shipping_class-standard-fr","9":"pa_color-orange-fr","10":"pa_material-velours-viscose-59-coton-41","11":"pa_print-style-mosaico-fr","12":"yith_product_brand-delphos-fr","14":"first","15":"instock","16":"taxable","17":"shipping-taxable","18":"purchasable","19":"product-type-variable"},"acf":[],"_links":{"self":[{"href":"https:\/\/www.delphos.com\/fr\/wp-json\/wp\/v2\/product\/118717","targetHints":{"allow":["GET"]}}],"collection":[{"href":"https:\/\/www.delphos.com\/fr\/wp-json\/wp\/v2\/product"}],"about":[{"href":"https:\/\/www.delphos.com\/fr\/wp-json\/wp\/v2\/types\/product"}],"replies":[{"embeddable":true,"href":"https:\/\/www.delphos.com\/fr\/wp-json\/wp\/v2\/comments?post=118717"}],"wp:featuredmedia":[{"embeddable":true,"href":"https:\/\/www.delphos.com\/fr\/wp-json\/wp\/v2\/media\/128670"}],"wp:attachment":[{"href":"https:\/\/www.delphos.com\/fr\/wp-json\/wp\/v2\/media?parent=118717"}],"wp:term":[{"taxonomy":"product_brand","embeddable":true,"href":"https:\/\/www.delphos.com\/fr\/wp-json\/wp\/v2\/product_brand?post=118717"},{"taxonomy":"product_cat","embeddable":true,"href":"https:\/\/www.delphos.com\/fr\/wp-json\/wp\/v2\/product_cat?post=118717"},{"taxonomy":"product_tag","embeddable":true,"href":"https:\/\/www.delphos.com\/fr\/wp-json\/wp\/v2\/product_tag?post=118717"}],"curies":[{"name":"wp","href":"https:\/\/api.w.org\/{rel}","templated":true}]}}