{"id":118939,"date":"2023-01-18T16:32:53","date_gmt":"2023-01-18T15:32:53","guid":{"rendered":"https:\/\/www.venetiastudium.com\/?post_type=product&#038;p=118939"},"modified":"2024-09-23T14:54:26","modified_gmt":"2024-09-23T12:54:26","slug":"ivory-13c55-hel24c","status":"publish","type":"product","link":"https:\/\/www.delphos.com\/fr\/shop\/coussins\/helianthus-velour\/ivory-13c55-hel24c\/","title":{"rendered":"Coussin carr\u00e9 en velours imprim\u00e9 | Helianthus Ivory"},"content":{"rendered":"<p>Helianthus signifie tournesol en latin et ce coussin carr\u00e9 en velours imprim\u00e9 pr\u00e9sente un motif de feuille captivant imprim\u00e9 \u00e0 la main avec du m\u00e9tal.<\/p>\n","protected":false},"excerpt":{"rendered":"<p>Helianthus est le mot latin pour tournesol, et le design de ce coussin a un motif de feuille captivant imprim\u00e9 \u00e0 la main avec du m\u00e9tal.<\/p>\n","protected":false},"featured_media":128789,"comment_status":"open","ping_status":"closed","template":"","meta":{"_acf_changed":false},"product_brand":[],"product_cat":[396,3233],"product_tag":[],"class_list":{"0":"post-118939","1":"product","2":"type-product","3":"status-publish","4":"has-post-thumbnail","6":"product_cat-coussins","7":"product_cat-helianthus-velour","8":"product_shipping_class-standard-fr","9":"pa_color-ivoire","10":"pa_material-velours-viscose-59-coton-41","11":"pa_print-style-helianthus-fr","12":"yith_product_brand-delphos-fr","14":"first","15":"instock","16":"taxable","17":"shipping-taxable","18":"purchasable","19":"product-type-variable"},"acf":[],"_links":{"self":[{"href":"https:\/\/www.delphos.com\/fr\/wp-json\/wp\/v2\/product\/118939","targetHints":{"allow":["GET"]}}],"collection":[{"href":"https:\/\/www.delphos.com\/fr\/wp-json\/wp\/v2\/product"}],"about":[{"href":"https:\/\/www.delphos.com\/fr\/wp-json\/wp\/v2\/types\/product"}],"replies":[{"embeddable":true,"href":"https:\/\/www.delphos.com\/fr\/wp-json\/wp\/v2\/comments?post=118939"}],"wp:featuredmedia":[{"embeddable":true,"href":"https:\/\/www.delphos.com\/fr\/wp-json\/wp\/v2\/media\/128789"}],"wp:attachment":[{"href":"https:\/\/www.delphos.com\/fr\/wp-json\/wp\/v2\/media?parent=118939"}],"wp:term":[{"taxonomy":"product_brand","embeddable":true,"href":"https:\/\/www.delphos.com\/fr\/wp-json\/wp\/v2\/product_brand?post=118939"},{"taxonomy":"product_cat","embeddable":true,"href":"https:\/\/www.delphos.com\/fr\/wp-json\/wp\/v2\/product_cat?post=118939"},{"taxonomy":"product_tag","embeddable":true,"href":"https:\/\/www.delphos.com\/fr\/wp-json\/wp\/v2\/product_tag?post=118939"}],"curies":[{"name":"wp","href":"https:\/\/api.w.org\/{rel}","templated":true}]}}