{"id":118999,"date":"2023-01-18T16:37:38","date_gmt":"2023-01-18T15:37:38","guid":{"rendered":"https:\/\/www.venetiastudium.com\/?post_type=product&#038;p=118999"},"modified":"2024-09-23T14:50:53","modified_gmt":"2024-09-23T12:50:53","slug":"smoke-brown-13c55-hel39c","status":"publish","type":"product","link":"https:\/\/www.delphos.com\/fr\/shop\/coussins\/helianthus-velour\/smoke-brown-13c55-hel39c\/","title":{"rendered":"Coussin carr\u00e9 en velours imprim\u00e9 &#8211; Helianthus Taupe"},"content":{"rendered":"<p>Helianthus signifie tournesol en latin et ce coussin carr\u00e9 en velours imprim\u00e9 pr\u00e9sente un motif de feuille captivant imprim\u00e9 \u00e0 la main avec du m\u00e9tal.<\/p>\n","protected":false},"excerpt":{"rendered":"<p>Helianthus est le mot latin pour tournesol, et le design de ce coussin a un motif de feuille captivant imprim\u00e9 \u00e0 la main avec du m\u00e9tal.<\/p>\n","protected":false},"featured_media":128775,"comment_status":"open","ping_status":"closed","template":"","meta":{"_acf_changed":false},"product_brand":[],"product_cat":[396,3233],"product_tag":[],"class_list":{"0":"post-118999","1":"product","2":"type-product","3":"status-publish","4":"has-post-thumbnail","6":"product_cat-coussins","7":"product_cat-helianthus-velour","8":"product_shipping_class-standard-fr","9":"pa_color-taupe-fr","10":"pa_material-velours-viscose-59-coton-41","11":"pa_print-style-helianthus-fr","12":"yith_product_brand-delphos-fr","14":"first","15":"instock","16":"taxable","17":"shipping-taxable","18":"purchasable","19":"product-type-variable"},"acf":[],"_links":{"self":[{"href":"https:\/\/www.delphos.com\/fr\/wp-json\/wp\/v2\/product\/118999","targetHints":{"allow":["GET"]}}],"collection":[{"href":"https:\/\/www.delphos.com\/fr\/wp-json\/wp\/v2\/product"}],"about":[{"href":"https:\/\/www.delphos.com\/fr\/wp-json\/wp\/v2\/types\/product"}],"replies":[{"embeddable":true,"href":"https:\/\/www.delphos.com\/fr\/wp-json\/wp\/v2\/comments?post=118999"}],"wp:featuredmedia":[{"embeddable":true,"href":"https:\/\/www.delphos.com\/fr\/wp-json\/wp\/v2\/media\/128775"}],"wp:attachment":[{"href":"https:\/\/www.delphos.com\/fr\/wp-json\/wp\/v2\/media?parent=118999"}],"wp:term":[{"taxonomy":"product_brand","embeddable":true,"href":"https:\/\/www.delphos.com\/fr\/wp-json\/wp\/v2\/product_brand?post=118999"},{"taxonomy":"product_cat","embeddable":true,"href":"https:\/\/www.delphos.com\/fr\/wp-json\/wp\/v2\/product_cat?post=118999"},{"taxonomy":"product_tag","embeddable":true,"href":"https:\/\/www.delphos.com\/fr\/wp-json\/wp\/v2\/product_tag?post=118999"}],"curies":[{"name":"wp","href":"https:\/\/api.w.org\/{rel}","templated":true}]}}