{"id":120697,"date":"2023-02-09T11:57:50","date_gmt":"2023-02-09T10:57:50","guid":{"rendered":"https:\/\/www.venetiastudium.com\/?post_type=product&#038;p=120697"},"modified":"2024-08-07T11:09:32","modified_gmt":"2024-08-07T09:09:32","slug":"dark-olive-green-13c55-buc-22k","status":"publish","type":"product","link":"https:\/\/www.delphos.com\/fr\/shop\/coussins\/bucintoro-velour\/dark-olive-green-13c55-buc-22k\/","title":{"rendered":"Coussin carr\u00e9 en velours imprim\u00e9 | Bucintoro Vert Olive"},"content":{"rendered":"<p>Le Bucintoro ( Bucentaure ) \u00e9tait un bateau de parade du doge, le chef de Venise. Ce coussin carr\u00e9 en velours blanc a un design royal imprim\u00e9 \u00e0 la main avec du m\u00e9tal.<\/p>\n","protected":false},"excerpt":{"rendered":"<p>Le Bucintoro \u00e9tait la p\u00e9niche d&rsquo;\u00c9tat du doge, le dirigeant de Venise.<\/p>\n","protected":false},"featured_media":128291,"comment_status":"open","ping_status":"closed","template":"","meta":{"_acf_changed":false},"product_brand":[],"product_cat":[3306,396],"product_tag":[],"class_list":{"0":"post-120697","1":"product","2":"type-product","3":"status-publish","4":"has-post-thumbnail","6":"product_cat-bucintoro-velour","7":"product_cat-coussins","8":"product_shipping_class-standard-fr","9":"pa_color-olive-verte","10":"pa_material-velours-viscose-59-coton-41","11":"pa_print-style-bucintoro-fr","12":"yith_product_brand-delphos-fr","14":"first","15":"instock","16":"taxable","17":"shipping-taxable","18":"purchasable","19":"product-type-variable"},"acf":[],"_links":{"self":[{"href":"https:\/\/www.delphos.com\/fr\/wp-json\/wp\/v2\/product\/120697","targetHints":{"allow":["GET"]}}],"collection":[{"href":"https:\/\/www.delphos.com\/fr\/wp-json\/wp\/v2\/product"}],"about":[{"href":"https:\/\/www.delphos.com\/fr\/wp-json\/wp\/v2\/types\/product"}],"replies":[{"embeddable":true,"href":"https:\/\/www.delphos.com\/fr\/wp-json\/wp\/v2\/comments?post=120697"}],"wp:featuredmedia":[{"embeddable":true,"href":"https:\/\/www.delphos.com\/fr\/wp-json\/wp\/v2\/media\/128291"}],"wp:attachment":[{"href":"https:\/\/www.delphos.com\/fr\/wp-json\/wp\/v2\/media?parent=120697"}],"wp:term":[{"taxonomy":"product_brand","embeddable":true,"href":"https:\/\/www.delphos.com\/fr\/wp-json\/wp\/v2\/product_brand?post=120697"},{"taxonomy":"product_cat","embeddable":true,"href":"https:\/\/www.delphos.com\/fr\/wp-json\/wp\/v2\/product_cat?post=120697"},{"taxonomy":"product_tag","embeddable":true,"href":"https:\/\/www.delphos.com\/fr\/wp-json\/wp\/v2\/product_tag?post=120697"}],"curies":[{"name":"wp","href":"https:\/\/api.w.org\/{rel}","templated":true}]}}