{"id":121085,"date":"2023-02-13T12:56:53","date_gmt":"2023-02-13T11:56:53","guid":{"rendered":"https:\/\/www.venetiastudium.com\/?post_type=product&#038;p=121085"},"modified":"2024-11-11T10:13:56","modified_gmt":"2024-11-11T09:13:56","slug":"biscuit-13c55-ist-40k","status":"publish","type":"product","link":"https:\/\/www.delphos.com\/fr\/shop\/coussins\/istanbul-velour\/biscuit-13c55-ist-40k\/","title":{"rendered":"Coussin carr\u00e9 en velours imprim\u00e9 | Istanbul Biscuit"},"content":{"rendered":"<p>Ce coussin carr\u00e9 en velours d&rsquo;Istanbul est imprim\u00e9 \u00e0 la main avec du m\u00e9tal. Le motif distinctif \u00e9voque le myst\u00e8re et la magie de Byzance.<\/p>\n","protected":false},"excerpt":{"rendered":"<p>Le motif distinctif \u00e9voque le myst\u00e8re et la magie de Byzance.<\/p>\n","protected":false},"featured_media":128071,"comment_status":"open","ping_status":"closed","template":"","meta":{"_acf_changed":false},"product_brand":[],"product_cat":[396,3303],"product_tag":[],"class_list":{"0":"post-121085","1":"product","2":"type-product","3":"status-publish","4":"has-post-thumbnail","6":"product_cat-coussins","7":"product_cat-istanbul-velour","8":"product_shipping_class-standard-fr","9":"pa_color-biscuit-fr","10":"pa_material-velours-viscose-59-coton-41","11":"pa_print-style-istambul-fr","12":"yith_product_brand-delphos-fr","14":"first","15":"instock","16":"taxable","17":"shipping-taxable","18":"purchasable","19":"product-type-variable"},"acf":[],"_links":{"self":[{"href":"https:\/\/www.delphos.com\/fr\/wp-json\/wp\/v2\/product\/121085","targetHints":{"allow":["GET"]}}],"collection":[{"href":"https:\/\/www.delphos.com\/fr\/wp-json\/wp\/v2\/product"}],"about":[{"href":"https:\/\/www.delphos.com\/fr\/wp-json\/wp\/v2\/types\/product"}],"replies":[{"embeddable":true,"href":"https:\/\/www.delphos.com\/fr\/wp-json\/wp\/v2\/comments?post=121085"}],"wp:featuredmedia":[{"embeddable":true,"href":"https:\/\/www.delphos.com\/fr\/wp-json\/wp\/v2\/media\/128071"}],"wp:attachment":[{"href":"https:\/\/www.delphos.com\/fr\/wp-json\/wp\/v2\/media?parent=121085"}],"wp:term":[{"taxonomy":"product_brand","embeddable":true,"href":"https:\/\/www.delphos.com\/fr\/wp-json\/wp\/v2\/product_brand?post=121085"},{"taxonomy":"product_cat","embeddable":true,"href":"https:\/\/www.delphos.com\/fr\/wp-json\/wp\/v2\/product_cat?post=121085"},{"taxonomy":"product_tag","embeddable":true,"href":"https:\/\/www.delphos.com\/fr\/wp-json\/wp\/v2\/product_tag?post=121085"}],"curies":[{"name":"wp","href":"https:\/\/api.w.org\/{rel}","templated":true}]}}