{"id":121806,"date":"2023-02-14T14:26:47","date_gmt":"2023-02-14T13:26:47","guid":{"rendered":"https:\/\/www.venetiastudium.com\/?post_type=product&#038;p=121806"},"modified":"2024-08-06T10:51:55","modified_gmt":"2024-08-06T08:51:55","slug":"dark-brown-114k","status":"publish","type":"product","link":"https:\/\/www.delphos.com\/fr\/shop\/coussins\/mosaico-velour\/dark-brown-114k\/","title":{"rendered":"Coussin carr\u00e9 en velours imprim\u00e9 | Mosaico Cacao"},"content":{"rendered":"<p>This Mosaico printed velvet square cushion has a distinctive geometric design hand printed with metal.<\/p>\n","protected":false},"excerpt":{"rendered":"<p>Ce coussin a un design g\u00e9om\u00e9trique distinctif imprim\u00e9 \u00e0 la main avec du m\u00e9tal.<\/p>\n","protected":false},"featured_media":128630,"comment_status":"open","ping_status":"closed","template":"","meta":{"_acf_changed":false},"product_brand":[],"product_cat":[396,3302],"product_tag":[],"class_list":{"0":"post-121806","1":"product","2":"type-product","3":"status-publish","4":"has-post-thumbnail","6":"product_cat-coussins","7":"product_cat-mosaico-velour","8":"product_shipping_class-standard-fr","9":"pa_color-cocoa-fr","10":"pa_material-velours-viscose-59-coton-41","11":"pa_print-style-mosaico-fr","12":"yith_product_brand-delphos-fr","14":"first","15":"instock","16":"taxable","17":"shipping-taxable","18":"purchasable","19":"product-type-variable"},"acf":[],"_links":{"self":[{"href":"https:\/\/www.delphos.com\/fr\/wp-json\/wp\/v2\/product\/121806","targetHints":{"allow":["GET"]}}],"collection":[{"href":"https:\/\/www.delphos.com\/fr\/wp-json\/wp\/v2\/product"}],"about":[{"href":"https:\/\/www.delphos.com\/fr\/wp-json\/wp\/v2\/types\/product"}],"replies":[{"embeddable":true,"href":"https:\/\/www.delphos.com\/fr\/wp-json\/wp\/v2\/comments?post=121806"}],"wp:featuredmedia":[{"embeddable":true,"href":"https:\/\/www.delphos.com\/fr\/wp-json\/wp\/v2\/media\/128630"}],"wp:attachment":[{"href":"https:\/\/www.delphos.com\/fr\/wp-json\/wp\/v2\/media?parent=121806"}],"wp:term":[{"taxonomy":"product_brand","embeddable":true,"href":"https:\/\/www.delphos.com\/fr\/wp-json\/wp\/v2\/product_brand?post=121806"},{"taxonomy":"product_cat","embeddable":true,"href":"https:\/\/www.delphos.com\/fr\/wp-json\/wp\/v2\/product_cat?post=121806"},{"taxonomy":"product_tag","embeddable":true,"href":"https:\/\/www.delphos.com\/fr\/wp-json\/wp\/v2\/product_tag?post=121806"}],"curies":[{"name":"wp","href":"https:\/\/api.w.org\/{rel}","templated":true}]}}