{"id":121983,"date":"2023-02-14T15:34:51","date_gmt":"2023-02-14T14:34:51","guid":{"rendered":"https:\/\/www.venetiastudium.com\/?post_type=product&#038;p=121983"},"modified":"2024-09-24T12:34:57","modified_gmt":"2024-09-24T10:34:57","slug":"smoke-brown-13c55ott-39k","status":"publish","type":"product","link":"https:\/\/www.delphos.com\/fr\/shop\/coussins\/ottomano-velour\/smoke-brown-13c55ott-39k\/","title":{"rendered":"Coussin carr\u00e9 en velours imprim\u00e9 | Ottomano Taupe"},"content":{"rendered":"<p>Ce coussin carr\u00e9 en velours imprim\u00e9 Ottomano est imprim\u00e9 \u00e0 la main avec du m\u00e9tal. Le motif distinctif \u00e9voque le myst\u00e8re et la magie de Byzance.<\/p>\n","protected":false},"excerpt":{"rendered":"<p>Le motif distinctif \u00e9voque le myst\u00e8re et la magie de Byzance.<\/p>\n","protected":false},"featured_media":127952,"comment_status":"open","ping_status":"closed","template":"","meta":{"_acf_changed":false},"product_brand":[],"product_cat":[396,3231],"product_tag":[],"class_list":{"0":"post-121983","1":"product","2":"type-product","3":"status-publish","4":"has-post-thumbnail","6":"product_cat-coussins","7":"product_cat-ottomano-velour","8":"product_shipping_class-standard-fr","9":"pa_color-taupe-fr","10":"pa_material-velours-viscose-59-coton-41","11":"pa_print-style-ottomano-fr","12":"yith_product_brand-delphos-fr","14":"first","15":"instock","16":"taxable","17":"shipping-taxable","18":"purchasable","19":"product-type-variable"},"acf":[],"_links":{"self":[{"href":"https:\/\/www.delphos.com\/fr\/wp-json\/wp\/v2\/product\/121983","targetHints":{"allow":["GET"]}}],"collection":[{"href":"https:\/\/www.delphos.com\/fr\/wp-json\/wp\/v2\/product"}],"about":[{"href":"https:\/\/www.delphos.com\/fr\/wp-json\/wp\/v2\/types\/product"}],"replies":[{"embeddable":true,"href":"https:\/\/www.delphos.com\/fr\/wp-json\/wp\/v2\/comments?post=121983"}],"wp:featuredmedia":[{"embeddable":true,"href":"https:\/\/www.delphos.com\/fr\/wp-json\/wp\/v2\/media\/127952"}],"wp:attachment":[{"href":"https:\/\/www.delphos.com\/fr\/wp-json\/wp\/v2\/media?parent=121983"}],"wp:term":[{"taxonomy":"product_brand","embeddable":true,"href":"https:\/\/www.delphos.com\/fr\/wp-json\/wp\/v2\/product_brand?post=121983"},{"taxonomy":"product_cat","embeddable":true,"href":"https:\/\/www.delphos.com\/fr\/wp-json\/wp\/v2\/product_cat?post=121983"},{"taxonomy":"product_tag","embeddable":true,"href":"https:\/\/www.delphos.com\/fr\/wp-json\/wp\/v2\/product_tag?post=121983"}],"curies":[{"name":"wp","href":"https:\/\/api.w.org\/{rel}","templated":true}]}}