{"id":122388,"date":"2023-02-21T15:49:48","date_gmt":"2023-02-21T14:49:48","guid":{"rendered":"https:\/\/www.venetiastudium.com\/?post_type=product&#038;p=122388"},"modified":"2024-09-26T10:50:39","modified_gmt":"2024-09-26T08:50:39","slug":"carmine-red-13c55-gli-70k","status":"publish","type":"product","link":"https:\/\/www.delphos.com\/fr\/shop\/coussins\/glicine-velour\/carmine-red-13c55-gli-70k\/","title":{"rendered":"Coussin carr\u00e9 en velours imprim\u00e9 | Glicine Cannelle"},"content":{"rendered":"<p>Le coussin Glicine de Delphos est fabriqu\u00e9 \u00e0 la main \u00e0 Venise avec une s\u00e9lection minutieuse de mat\u00e9riaux de premi\u00e8re qualit\u00e9. Ces coussins sont parfaits comme \u00e9l\u00e9ments d&rsquo;ameublement pour les int\u00e9rieurs classiques ou modernes.<\/p>\n","protected":false},"excerpt":{"rendered":"<p>La collection de coussins Glicine de Delphos est fabriqu\u00e9e \u00e0 la main \u00e0 Venise avec une s\u00e9lection minutieuse de mat\u00e9riaux de premi\u00e8re qualit\u00e9.<\/p>\n","protected":false},"featured_media":128170,"comment_status":"open","ping_status":"closed","template":"","meta":{"_acf_changed":false},"product_brand":[],"product_cat":[396,6923],"product_tag":[],"class_list":{"0":"post-122388","1":"product","2":"type-product","3":"status-publish","4":"has-post-thumbnail","6":"product_cat-coussins","7":"product_cat-glicine-velour","8":"product_shipping_class-standard-fr","9":"pa_color-cannelle","10":"pa_material-velours-viscose-59-coton-41","11":"pa_print-style-glicine-fr","12":"yith_product_brand-delphos-fr","14":"first","15":"instock","16":"taxable","17":"shipping-taxable","18":"purchasable","19":"product-type-variable"},"acf":[],"_links":{"self":[{"href":"https:\/\/www.delphos.com\/fr\/wp-json\/wp\/v2\/product\/122388","targetHints":{"allow":["GET"]}}],"collection":[{"href":"https:\/\/www.delphos.com\/fr\/wp-json\/wp\/v2\/product"}],"about":[{"href":"https:\/\/www.delphos.com\/fr\/wp-json\/wp\/v2\/types\/product"}],"replies":[{"embeddable":true,"href":"https:\/\/www.delphos.com\/fr\/wp-json\/wp\/v2\/comments?post=122388"}],"wp:featuredmedia":[{"embeddable":true,"href":"https:\/\/www.delphos.com\/fr\/wp-json\/wp\/v2\/media\/128170"}],"wp:attachment":[{"href":"https:\/\/www.delphos.com\/fr\/wp-json\/wp\/v2\/media?parent=122388"}],"wp:term":[{"taxonomy":"product_brand","embeddable":true,"href":"https:\/\/www.delphos.com\/fr\/wp-json\/wp\/v2\/product_brand?post=122388"},{"taxonomy":"product_cat","embeddable":true,"href":"https:\/\/www.delphos.com\/fr\/wp-json\/wp\/v2\/product_cat?post=122388"},{"taxonomy":"product_tag","embeddable":true,"href":"https:\/\/www.delphos.com\/fr\/wp-json\/wp\/v2\/product_tag?post=122388"}],"curies":[{"name":"wp","href":"https:\/\/api.w.org\/{rel}","templated":true}]}}