{"id":123631,"date":"2023-04-12T15:02:21","date_gmt":"2023-04-12T13:02:21","guid":{"rendered":"https:\/\/www.venetiastudium.com\/?post_type=product&#038;p=123631"},"modified":"2024-08-07T11:05:01","modified_gmt":"2024-08-07T09:05:01","slug":"ivory-13c55buc-24k","status":"publish","type":"product","link":"https:\/\/www.delphos.com\/fr\/shop\/coussins\/bucintoro-velour\/ivory-13c55buc-24k\/","title":{"rendered":"Coussin carr\u00e9 en velours imprim\u00e9 | Bucintoro Ivoire"},"content":{"rendered":"<p>Le Bucintoro ( Bucentaure ) \u00e9tait un bateau de parade du doge, le chef de Venise. Ce coussin carr\u00e9 en velours blanc a un design royal imprim\u00e9 \u00e0 la main avec du m\u00e9tal.<\/p>\n","protected":false},"excerpt":{"rendered":"<p>Le Bucintoro ( Bucentaure ) \u00e9tait un bateau de parade du doge, le chef de Venise.<\/p>\n","protected":false},"featured_media":128255,"comment_status":"open","ping_status":"closed","template":"","meta":{"_acf_changed":false},"product_brand":[],"product_cat":[3306,396],"product_tag":[],"class_list":{"0":"post-123631","1":"product","2":"type-product","3":"status-publish","4":"has-post-thumbnail","6":"product_cat-bucintoro-velour","7":"product_cat-coussins","8":"product_shipping_class-standard-fr","9":"pa_color-ivoire","10":"pa_material-velours-viscose-59-coton-41","11":"pa_print-style-bucintoro-fr","12":"yith_product_brand-delphos-fr","14":"first","15":"instock","16":"taxable","17":"shipping-taxable","18":"purchasable","19":"product-type-variable"},"acf":[],"_links":{"self":[{"href":"https:\/\/www.delphos.com\/fr\/wp-json\/wp\/v2\/product\/123631","targetHints":{"allow":["GET"]}}],"collection":[{"href":"https:\/\/www.delphos.com\/fr\/wp-json\/wp\/v2\/product"}],"about":[{"href":"https:\/\/www.delphos.com\/fr\/wp-json\/wp\/v2\/types\/product"}],"replies":[{"embeddable":true,"href":"https:\/\/www.delphos.com\/fr\/wp-json\/wp\/v2\/comments?post=123631"}],"wp:featuredmedia":[{"embeddable":true,"href":"https:\/\/www.delphos.com\/fr\/wp-json\/wp\/v2\/media\/128255"}],"wp:attachment":[{"href":"https:\/\/www.delphos.com\/fr\/wp-json\/wp\/v2\/media?parent=123631"}],"wp:term":[{"taxonomy":"product_brand","embeddable":true,"href":"https:\/\/www.delphos.com\/fr\/wp-json\/wp\/v2\/product_brand?post=123631"},{"taxonomy":"product_cat","embeddable":true,"href":"https:\/\/www.delphos.com\/fr\/wp-json\/wp\/v2\/product_cat?post=123631"},{"taxonomy":"product_tag","embeddable":true,"href":"https:\/\/www.delphos.com\/fr\/wp-json\/wp\/v2\/product_tag?post=123631"}],"curies":[{"name":"wp","href":"https:\/\/api.w.org\/{rel}","templated":true}]}}