{"id":124796,"date":"2023-04-13T17:40:44","date_gmt":"2023-04-13T15:40:44","guid":{"rendered":"https:\/\/www.venetiastudium.com\/?post_type=product&#038;p=124796"},"modified":"2024-09-24T14:27:55","modified_gmt":"2024-09-24T12:27:55","slug":"blue-13c55-sma-61k","status":"publish","type":"product","link":"https:\/\/www.delphos.com\/fr\/shop\/coussins\/san-marco-velour\/blue-13c55-sma-61k\/","title":{"rendered":"Coussin carr\u00e9 en velours imprim\u00e9 San Marco Bleu"},"content":{"rendered":"<p>San Marco est un quartier situ\u00e9 au c\u0153ur de Venise. Le design de ce coussin carr\u00e9 en velours imprim\u00e9 San Marco \u00e9voque l&#8217;embl\u00e9matique basilique San Marco. Ce coussin en velours est imprim\u00e9 \u00e0 la main avec du m\u00e9tal.<\/p>\n","protected":false},"excerpt":{"rendered":"<p>San Marco est un quartier situ\u00e9 au c\u0153ur de Venise. Le design de ce coussin \u00e9voque l&#8217;embl\u00e9matique basilique Saint-Marc. <strong>Taille: Moyen 52 x 52 cm (20.5 x 20.5&Prime;)<\/strong><\/p>\n","protected":false},"featured_media":127729,"comment_status":"open","ping_status":"closed","template":"","meta":{"_acf_changed":false},"product_brand":[],"product_cat":[396,3175],"product_tag":[],"class_list":{"0":"post-124796","1":"product","2":"type-product","3":"status-publish","4":"has-post-thumbnail","6":"product_cat-coussins","7":"product_cat-san-marco-velour","8":"product_shipping_class-standard-fr","9":"pa_color-blue-bleu","10":"pa_material-velours-viscose-59-coton-41","11":"pa_print-style-san-marco-fr","12":"yith_product_brand-delphos-fr","14":"first","15":"instock","16":"taxable","17":"shipping-taxable","18":"purchasable","19":"product-type-variable"},"acf":[],"_links":{"self":[{"href":"https:\/\/www.delphos.com\/fr\/wp-json\/wp\/v2\/product\/124796","targetHints":{"allow":["GET"]}}],"collection":[{"href":"https:\/\/www.delphos.com\/fr\/wp-json\/wp\/v2\/product"}],"about":[{"href":"https:\/\/www.delphos.com\/fr\/wp-json\/wp\/v2\/types\/product"}],"replies":[{"embeddable":true,"href":"https:\/\/www.delphos.com\/fr\/wp-json\/wp\/v2\/comments?post=124796"}],"wp:featuredmedia":[{"embeddable":true,"href":"https:\/\/www.delphos.com\/fr\/wp-json\/wp\/v2\/media\/127729"}],"wp:attachment":[{"href":"https:\/\/www.delphos.com\/fr\/wp-json\/wp\/v2\/media?parent=124796"}],"wp:term":[{"taxonomy":"product_brand","embeddable":true,"href":"https:\/\/www.delphos.com\/fr\/wp-json\/wp\/v2\/product_brand?post=124796"},{"taxonomy":"product_cat","embeddable":true,"href":"https:\/\/www.delphos.com\/fr\/wp-json\/wp\/v2\/product_cat?post=124796"},{"taxonomy":"product_tag","embeddable":true,"href":"https:\/\/www.delphos.com\/fr\/wp-json\/wp\/v2\/product_tag?post=124796"}],"curies":[{"name":"wp","href":"https:\/\/api.w.org\/{rel}","templated":true}]}}