{"id":124840,"date":"2023-04-14T14:52:09","date_gmt":"2023-04-14T12:52:09","guid":{"rendered":"https:\/\/www.venetiastudium.com\/?post_type=product&#038;p=124840"},"modified":"2024-08-07T09:20:13","modified_gmt":"2024-08-07T07:20:13","slug":"smoke-brown-13c55lab-39k","status":"publish","type":"product","link":"https:\/\/www.delphos.com\/fr\/shop\/coussins\/labirinto-velour\/smoke-brown-13c55lab-39k\/","title":{"rendered":"Coussin carr\u00e9 en velours imprim\u00e9 | Labirinto Taupe"},"content":{"rendered":"<p>Le coussin Labirinto de Delphos est fabriqu\u00e9 \u00e0 la main \u00e0 Venise avec une s\u00e9lection minutieuse de mat\u00e9riaux de premi\u00e8re qualit\u00e9. Ces coussins sont parfaits comme \u00e9l\u00e9ments d&rsquo;ameublement pour les int\u00e9rieurs classiques ou modernes. <\/p>\n","protected":false},"excerpt":{"rendered":"<p>Les coussins Labirinto de Delphos sont fabriqu\u00e9s \u00e0 la main \u00e0 Venise avec une s\u00e9lection minutieuse de mat\u00e9riaux de premi\u00e8re qualit\u00e9.<\/p>\n","protected":false},"featured_media":128326,"comment_status":"open","ping_status":"closed","template":"","meta":{"_acf_changed":false},"product_brand":[],"product_cat":[396,6940],"product_tag":[],"class_list":{"0":"post-124840","1":"product","2":"type-product","3":"status-publish","4":"has-post-thumbnail","6":"product_cat-coussins","7":"product_cat-labirinto-velour","8":"product_shipping_class-standard-fr","9":"pa_color-taupe-fr","10":"pa_material-velours-viscose-59-coton-41","11":"pa_print-style-labirinto-fr","12":"yith_product_brand-delphos-fr","14":"first","15":"instock","16":"taxable","17":"shipping-taxable","18":"purchasable","19":"product-type-variable"},"acf":[],"_links":{"self":[{"href":"https:\/\/www.delphos.com\/fr\/wp-json\/wp\/v2\/product\/124840","targetHints":{"allow":["GET"]}}],"collection":[{"href":"https:\/\/www.delphos.com\/fr\/wp-json\/wp\/v2\/product"}],"about":[{"href":"https:\/\/www.delphos.com\/fr\/wp-json\/wp\/v2\/types\/product"}],"replies":[{"embeddable":true,"href":"https:\/\/www.delphos.com\/fr\/wp-json\/wp\/v2\/comments?post=124840"}],"wp:featuredmedia":[{"embeddable":true,"href":"https:\/\/www.delphos.com\/fr\/wp-json\/wp\/v2\/media\/128326"}],"wp:attachment":[{"href":"https:\/\/www.delphos.com\/fr\/wp-json\/wp\/v2\/media?parent=124840"}],"wp:term":[{"taxonomy":"product_brand","embeddable":true,"href":"https:\/\/www.delphos.com\/fr\/wp-json\/wp\/v2\/product_brand?post=124840"},{"taxonomy":"product_cat","embeddable":true,"href":"https:\/\/www.delphos.com\/fr\/wp-json\/wp\/v2\/product_cat?post=124840"},{"taxonomy":"product_tag","embeddable":true,"href":"https:\/\/www.delphos.com\/fr\/wp-json\/wp\/v2\/product_tag?post=124840"}],"curies":[{"name":"wp","href":"https:\/\/api.w.org\/{rel}","templated":true}]}}