{"id":131550,"date":"2023-10-26T12:29:27","date_gmt":"2023-10-26T10:29:27","guid":{"rendered":"https:\/\/www.delphos.com\/shop\/non%20class\u00e9\/furrowed-velvet-rounded-marron-glace-cushion\/"},"modified":"2024-09-26T14:17:39","modified_gmt":"2024-09-26T12:17:39","slug":"furrowed-velvet-rounded-marron-glace-cushion","status":"publish","type":"product","link":"https:\/\/www.delphos.com\/fr\/shop\/coussins\/coussins-ronds\/furrowed-velvet-rounded-marron-glace-cushion\/","title":{"rendered":"Furrowed velvet round marron glac\u00e9 cushion"},"content":{"rendered":"<p>Ce coussin arrondi en velours sillonn\u00e9 a un diam\u00e8tre de 40 cm, un tissu en velours de soie et un rembourrage en oie 100 % naturelle.<\/p>\n","protected":false},"excerpt":{"rendered":"<p>Ce coussin a un diam\u00e8tre de 40 cm, velours de soie et rembourr\u00e9 100 % \u00e0 la plume d\u2019oie naturelle.<\/p>\n","protected":false},"featured_media":128960,"comment_status":"closed","ping_status":"open","template":"","meta":{"_acf_changed":false},"product_brand":[],"product_cat":[396,8979],"product_tag":[],"class_list":{"0":"post-131550","1":"product","2":"type-product","3":"status-publish","4":"has-post-thumbnail","6":"product_cat-coussins","7":"product_cat-coussins-ronds","8":"pa_color-marron-glace-fr","9":"pa_material-velours-de-soie-80-viscose-20-soie","10":"yith_product_brand-delphos-fr","12":"first","13":"instock","14":"taxable","15":"shipping-taxable","16":"purchasable","17":"product-type-simple"},"acf":[],"_links":{"self":[{"href":"https:\/\/www.delphos.com\/fr\/wp-json\/wp\/v2\/product\/131550","targetHints":{"allow":["GET"]}}],"collection":[{"href":"https:\/\/www.delphos.com\/fr\/wp-json\/wp\/v2\/product"}],"about":[{"href":"https:\/\/www.delphos.com\/fr\/wp-json\/wp\/v2\/types\/product"}],"replies":[{"embeddable":true,"href":"https:\/\/www.delphos.com\/fr\/wp-json\/wp\/v2\/comments?post=131550"}],"wp:featuredmedia":[{"embeddable":true,"href":"https:\/\/www.delphos.com\/fr\/wp-json\/wp\/v2\/media\/128960"}],"wp:attachment":[{"href":"https:\/\/www.delphos.com\/fr\/wp-json\/wp\/v2\/media?parent=131550"}],"wp:term":[{"taxonomy":"product_brand","embeddable":true,"href":"https:\/\/www.delphos.com\/fr\/wp-json\/wp\/v2\/product_brand?post=131550"},{"taxonomy":"product_cat","embeddable":true,"href":"https:\/\/www.delphos.com\/fr\/wp-json\/wp\/v2\/product_cat?post=131550"},{"taxonomy":"product_tag","embeddable":true,"href":"https:\/\/www.delphos.com\/fr\/wp-json\/wp\/v2\/product_tag?post=131550"}],"curies":[{"name":"wp","href":"https:\/\/api.w.org\/{rel}","templated":true}]}}