{"id":45544,"date":"2019-08-26T18:03:43","date_gmt":"2019-08-26T16:03:43","guid":{"rendered":"https:\/\/www.fortuny.shop\/shop\/non%20class\u00e9\/coussin-carre-en-velours-rouge-carmin-imprime-san-marco\/"},"modified":"2024-09-24T14:38:28","modified_gmt":"2024-09-24T12:38:28","slug":"coussin-carre-imprime-velours-rouge-carmin-13c55-sma-14v","status":"publish","type":"product","link":"https:\/\/www.delphos.com\/fr\/shop\/coussins\/san-marco-velour\/coussin-carre-imprime-velours-rouge-carmin-13c55-sma-14v\/","title":{"rendered":"Coussin carr\u00e9 en velours imprim\u00e9 &#8211; San Marco Cannelle"},"content":{"rendered":"<p>San Marco est un quartier situ\u00e9 au c\u0153ur de Venise. Le design de ce coussin carr\u00e9 en velours imprim\u00e9 San Marco \u00e9voque l&#8217;embl\u00e9matique basilique San Marco. Ce coussin en velours est imprim\u00e9 \u00e0 la main avec du m\u00e9tal.<\/p>\n","protected":false},"excerpt":{"rendered":"<p>San Marco est un quartier situ\u00e9 au c\u0153ur de Venise. Le design de ce coussin \u00e9voque l&#8217;embl\u00e9matique basilique Saint-Marc. <strong>Taille: Moyen 52 x 52 cm (20.5 x 20.5&Prime;)<\/strong><\/p>\n","protected":false},"featured_media":127835,"comment_status":"open","ping_status":"closed","template":"","meta":{"_acf_changed":false},"product_brand":[],"product_cat":[396,3175],"product_tag":[],"class_list":{"0":"post-45544","1":"product","2":"type-product","3":"status-publish","4":"has-post-thumbnail","6":"product_cat-coussins","7":"product_cat-san-marco-velour","8":"product_shipping_class-standard-fr","9":"pa_color-cannelle","10":"pa_material-velours-viscose-59-coton-41","11":"pa_print-style-san-marco-fr","12":"yith_product_brand-delphos-fr","14":"first","15":"instock","16":"taxable","17":"shipping-taxable","18":"purchasable","19":"product-type-variable"},"acf":[],"_links":{"self":[{"href":"https:\/\/www.delphos.com\/fr\/wp-json\/wp\/v2\/product\/45544","targetHints":{"allow":["GET"]}}],"collection":[{"href":"https:\/\/www.delphos.com\/fr\/wp-json\/wp\/v2\/product"}],"about":[{"href":"https:\/\/www.delphos.com\/fr\/wp-json\/wp\/v2\/types\/product"}],"replies":[{"embeddable":true,"href":"https:\/\/www.delphos.com\/fr\/wp-json\/wp\/v2\/comments?post=45544"}],"wp:featuredmedia":[{"embeddable":true,"href":"https:\/\/www.delphos.com\/fr\/wp-json\/wp\/v2\/media\/127835"}],"wp:attachment":[{"href":"https:\/\/www.delphos.com\/fr\/wp-json\/wp\/v2\/media?parent=45544"}],"wp:term":[{"taxonomy":"product_brand","embeddable":true,"href":"https:\/\/www.delphos.com\/fr\/wp-json\/wp\/v2\/product_brand?post=45544"},{"taxonomy":"product_cat","embeddable":true,"href":"https:\/\/www.delphos.com\/fr\/wp-json\/wp\/v2\/product_cat?post=45544"},{"taxonomy":"product_tag","embeddable":true,"href":"https:\/\/www.delphos.com\/fr\/wp-json\/wp\/v2\/product_tag?post=45544"}],"curies":[{"name":"wp","href":"https:\/\/api.w.org\/{rel}","templated":true}]}}